{"id":5287,"date":"2026-04-06T19:37:32","date_gmt":"2026-04-06T17:37:32","guid":{"rendered":"https:\/\/acans.com\/ofertas\/parceiros-institucionais\/"},"modified":"2026-04-12T17:57:31","modified_gmt":"2026-04-12T15:57:31","slug":"parceiros-institucionais","status":"publish","type":"page","link":"https:\/\/acans.com\/pt-pt\/ofertas\/parceiros-institucionais\/","title":{"rendered":"parceiros institucionais"},"content":{"rendered":"\n<style type=\"text\/css\" data-created_by=\"avia_inline_auto\" id=\"style-css-av-h7148s-13e0416bc2e61b710e6a108906901fe4\">\n.avia-section.av-h7148s-13e0416bc2e61b710e6a108906901fe4{\nbackground-repeat:no-repeat;\nbackground-image:url(https:\/\/acans.com\/wp-content\/uploads\/2026\/04\/BG-FINAL-OFFRES.png);\nbackground-position:100% 0%;\nbackground-attachment:fixed;\n}\n<\/style>\n<div id='av_section_1'  class='avia-section av-h7148s-13e0416bc2e61b710e6a108906901fe4 main_color avia-section-default avia-no-border-styling  avia-builder-el-0  el_before_av_section  avia-builder-el-first  aeg-hero avia-full-stretch avia-bg-style-fixed av-minimum-height av-minimum-height-custom av-height-custom  container_wrap sidebar_right'  data-section-bg-repeat='stretch' data-av_minimum_height_px='700'><div class='container av-section-cont-open' style='height:700px'><main  role=\"main\" itemprop=\"mainContentOfPage\"  class='template-page content  av-content-small alpha units'><div class='post-entry post-entry-type-page post-entry-5287'><div class='entry-content-wrapper clearfix'>\n<div  class='flex_column av-f8kw8c-fe7c1ddd4a28ccd32f8b578f2901ae6d av_three_fifth  avia-builder-el-1  el_before_av_two_fifth  avia-builder-el-first  first flex_column_div  '     ><p>\n<style type=\"text\/css\" data-created_by=\"avia_inline_auto\" id=\"style-css-av-mnnhmu90-1ccffca2b4786d0c65f7b2a1cc95df05\">\n#top .av-special-heading.av-mnnhmu90-1ccffca2b4786d0c65f7b2a1cc95df05{\npadding-bottom:10px;\n}\nbody .av-special-heading.av-mnnhmu90-1ccffca2b4786d0c65f7b2a1cc95df05 .av-special-heading-tag .heading-char{\nfont-size:25px;\n}\n.av-special-heading.av-mnnhmu90-1ccffca2b4786d0c65f7b2a1cc95df05 .av-subheading{\nfont-size:15px;\n}\n<\/style>\n<div  class='av-special-heading av-mnnhmu90-1ccffca2b4786d0c65f7b2a1cc95df05 av-special-heading-h2 blockquote modern-quote  avia-builder-el-2  el_before_av_textblock  avia-builder-el-first  acans-title-hero'><h2 class='av-special-heading-tag '  itemprop=\"headline\"  >Parceiros institucionais<\/h2><div class=\"special-heading-border\"><div class=\"special-heading-inner-border\"><\/div><\/div><\/div><br \/>\n<section  class='av_textblock_section av-mnnhnbe8-6905c4a28ba9d629f2db268fb01356ef '   itemscope=\"itemscope\" itemtype=\"https:\/\/schema.org\/CreativeWork\" ><div class='avia_textblock acans-kicker'  itemprop=\"text\" ><p class=\"p1\">Um parceiro estrat\u00e9gico para as suas ambi\u00e7\u00f5es institucionais<\/p>\n<\/div><\/section><br \/>\n<section  class='av_textblock_section av-mnnkqtto-216c8bd9ef267393beae424788a6d403 '   itemscope=\"itemscope\" itemtype=\"https:\/\/schema.org\/CreativeWork\" ><div class='avia_textblock'  itemprop=\"text\" ><p>As suas solu\u00e7\u00f5es s\u00f3 t\u00eam valor se forem apresentadas por profissionais capazes de as compreender, de as apresentar corretamente e de documentar a sua distribui\u00e7\u00e3o.<\/p>\n<\/div><\/section><\/p><\/div><div  class='flex_column av-4ymws-b698ea60a6b8812c1bd83e9dcc221631 av_two_fifth  avia-builder-el-5  el_after_av_three_fifth  avia-builder-el-last  flex_column_div  '     ><\/div><\/div><\/div><\/main><!-- close content main element --><\/div><\/div><div id='av_section_2'  class='avia-section av-cwzf6k-c36d92fb322bea0c2b2290f7fbd4c895 main_color avia-section-default avia-no-border-styling  avia-builder-el-6  el_after_av_section  el_before_av_section  avia-bg-style-scroll container_wrap sidebar_right'  ><div class='container av-section-cont-open' ><div class='template-page content  av-content-small alpha units'><div class='post-entry post-entry-type-page post-entry-5287'><div class='entry-content-wrapper clearfix'>\n<section  class='av_textblock_section av-mnnho8dr-59aa79cf61d94034d15f72603c0683e7 '   itemscope=\"itemscope\" itemtype=\"https:\/\/schema.org\/CreativeWork\" ><div class='avia_textblock'  itemprop=\"text\" ><p class=\"p1\">\u00c9 desta forma que a ACANS EURO GROUP constr\u00f3i a sua rela\u00e7\u00e3o com os intervenientes institucionais. O nosso papel \u00e9 constituir uma interface estruturada entre as suas ambi\u00e7\u00f5es de desenvolvimento e uma rede de profissionais do patrim\u00f3nio selecionados, com apoio e inseridos num quadro de legibilidade. <\/p>\n<blockquote>\n<p class=\"p1\">A oferta institucional do Grupo destina-se a promotores, investidores, seguradoras e operadores que desejam estabelecer parcerias de distribui\u00e7\u00e3o num ambiente rigoroso, documentado e sustent\u00e1vel.<\/p>\n<\/blockquote>\n<\/div><\/section>\n<\/p>\n<\/div><\/div><\/div><!-- close content main div --><\/div><\/div>\n<style type=\"text\/css\" data-created_by=\"avia_inline_auto\" id=\"style-css-av-1195rvg-76fbbabbbe4d203a8871b2ef60bb527f\">\n.avia-section.av-1195rvg-76fbbabbbe4d203a8871b2ef60bb527f{\nbackground-repeat:no-repeat;\nbackground-image:url(https:\/\/acans.com\/wp-content\/uploads\/2026\/04\/BG-FINAL-OFFRES.png);\nbackground-position:50% 50%;\nbackground-attachment:fixed;\n}\n<\/style>\n<div id='av_section_3'  class='avia-section av-1195rvg-76fbbabbbe4d203a8871b2ef60bb527f main_color avia-section-default avia-no-border-styling  avia-builder-el-8  el_after_av_section  el_before_av_section  avia-full-stretch avia-bg-style-fixed container_wrap sidebar_right'  data-section-bg-repeat='stretch'><div class='container av-section-cont-open' ><div class='template-page content  av-content-small alpha units'><div class='post-entry post-entry-type-page post-entry-5287'><div class='entry-content-wrapper clearfix'>\n\n<style type=\"text\/css\" data-created_by=\"avia_inline_auto\" id=\"style-css-av-mnnrho53-12f1bd125147f0ebe97e5debe3f4e450\">\n#top .av-special-heading.av-mnnrho53-12f1bd125147f0ebe97e5debe3f4e450{\npadding-bottom:10px;\n}\nbody .av-special-heading.av-mnnrho53-12f1bd125147f0ebe97e5debe3f4e450 .av-special-heading-tag .heading-char{\nfont-size:25px;\n}\n.av-special-heading.av-mnnrho53-12f1bd125147f0ebe97e5debe3f4e450 .av-subheading{\nfont-size:15px;\n}\n<\/style>\n<div  class='av-special-heading av-mnnrho53-12f1bd125147f0ebe97e5debe3f4e450 av-special-heading-h2 blockquote modern-quote  avia-builder-el-9  el_before_av_one_fourth  avia-builder-el-first  aeg-section-title'><h2 class='av-special-heading-tag '  itemprop=\"headline\"  >O que representamos para si<\/h2><div class=\"special-heading-border\"><div class=\"special-heading-inner-border\"><\/div><\/div><\/div>\n<div class='flex_column_table av-109yub0-d1e55733206284a0bc80991185e6569e sc-av_one_fourth av-equal-height-column-flextable'>\n<style type=\"text\/css\" data-created_by=\"avia_inline_auto\" id=\"style-css-av-109yub0-d1e55733206284a0bc80991185e6569e\">\n.flex_column.av-109yub0-d1e55733206284a0bc80991185e6569e{\nwidth:22%;\nmargin-left:0;\npadding:15px 15px 15px 15px;\nbackground-color:rgba(255,255,255,0.7);\n}\n#top .flex_column_table.av-equal-height-column-flextable.av-109yub0-d1e55733206284a0bc80991185e6569e .av-flex-placeholder{\nwidth:4%;\n}\n<\/style>\n<div  class='flex_column av-109yub0-d1e55733206284a0bc80991185e6569e av_one_fourth  avia-builder-el-10  el_after_av_heading  el_before_av_one_fourth  first flex_column_table_cell av-equal-height-column av-align-top av-animated-generic fade-in  '     ><p>\n<style type=\"text\/css\" data-created_by=\"avia_inline_auto\" id=\"style-css-av-mnnrkazf-f14a2511b0f455194cc1443e34a57bde\">\n#top .av-special-heading.av-mnnrkazf-f14a2511b0f455194cc1443e34a57bde{\nmargin:0px 0 0 0;\npadding-bottom:10px;\n}\nbody .av-special-heading.av-mnnrkazf-f14a2511b0f455194cc1443e34a57bde .av-special-heading-tag .heading-char{\nfont-size:25px;\n}\n.av-special-heading.av-mnnrkazf-f14a2511b0f455194cc1443e34a57bde .av-subheading{\nfont-size:15px;\n}\n<\/style>\n<div  class='av-special-heading av-mnnrkazf-f14a2511b0f455194cc1443e34a57bde av-special-heading-h3 blockquote modern-quote  avia-builder-el-11  el_before_av_textblock  avia-builder-el-first  acans-title-s'><h3 class='av-special-heading-tag '  itemprop=\"headline\"  >Acesso qualificado<\/h3><div class=\"special-heading-border\"><div class=\"special-heading-inner-border\"><\/div><\/div><\/div><br \/>\n<section  class='av_textblock_section av-mnnrjli4-e166bc1c42a63b90c97e7f68e5afadf2 '   itemscope=\"itemscope\" itemtype=\"https:\/\/schema.org\/CreativeWork\" ><div class='avia_textblock acans-text-body acans-panel-line'  itemprop=\"text\" ><p>A profissionais de qualidade, estruturados e com apoio<\/p>\n<p>Um acesso a um ecossistema de distribui\u00e7\u00e3o baseado na qualidade dos profissionais, na estrutura\u00e7\u00e3o das pr\u00e1ticas e na capacidade de estabelecer uma rela\u00e7\u00e3o duradoura.<\/p>\n<\/div><\/section><\/p><\/div><div class='av-flex-placeholder'><\/div>\n<style type=\"text\/css\" data-created_by=\"avia_inline_auto\" id=\"style-css-av-yf7pyk-60c7a55189ef7d82459cff34e87938ee\">\n.flex_column.av-yf7pyk-60c7a55189ef7d82459cff34e87938ee{\nwidth:22%;\nmargin-left:0;\npadding:15px 15px 15px 15px;\nbackground-color:rgba(255,255,255,0.7);\n}\n#top .flex_column_table.av-equal-height-column-flextable.av-yf7pyk-60c7a55189ef7d82459cff34e87938ee .av-flex-placeholder{\nwidth:4%;\n}\n<\/style>\n<div  class='flex_column av-yf7pyk-60c7a55189ef7d82459cff34e87938ee av_one_fourth  avia-builder-el-13  el_after_av_one_fourth  el_before_av_one_fourth  flex_column_table_cell av-equal-height-column av-align-top av-animated-generic fade-in  '     ><p>\n<style type=\"text\/css\" data-created_by=\"avia_inline_auto\" id=\"style-css-av-mnnroaqi-104d8a49e16f12ab68cbd7062d39f3cb\">\n#top .av-special-heading.av-mnnroaqi-104d8a49e16f12ab68cbd7062d39f3cb{\nmargin:0px 0 0 0;\npadding-bottom:10px;\n}\nbody .av-special-heading.av-mnnroaqi-104d8a49e16f12ab68cbd7062d39f3cb .av-special-heading-tag .heading-char{\nfont-size:25px;\n}\n.av-special-heading.av-mnnroaqi-104d8a49e16f12ab68cbd7062d39f3cb .av-subheading{\nfont-size:15px;\n}\n<\/style>\n<div  class='av-special-heading av-mnnroaqi-104d8a49e16f12ab68cbd7062d39f3cb av-special-heading-h3 blockquote modern-quote  avia-builder-el-14  el_before_av_textblock  avia-builder-el-first  acans-title-s'><h3 class='av-special-heading-tag '  itemprop=\"headline\"  >Compliance partilhada<\/h3><div class=\"special-heading-border\"><div class=\"special-heading-inner-border\"><\/div><\/div><\/div><br \/>\n<section  class='av_textblock_section av-mnnrp3b3-08f4707bae9f273ae7f140f025492f9a '   itemscope=\"itemscope\" itemtype=\"https:\/\/schema.org\/CreativeWork\" ><div class='avia_textblock acans-text-body acans-panel-line'  itemprop=\"text\" ><p>Elevados padr\u00f5es documentados em cada etapa<\/p>\n<p>Uma abordagem comum aos desafios de rastreabilidade, documenta\u00e7\u00e3o, POG e ESG, conforme o caso, a fim de garantir as rela\u00e7\u00f5es comerciais e refor\u00e7ar a sua legibilidade<\/p>\n<\/div><\/section><\/p><\/div><div class='av-flex-placeholder'><\/div>\n<style type=\"text\/css\" data-created_by=\"avia_inline_auto\" id=\"style-css-av-wjh0r0-a3539d1c43b90e51bddc0526591de941\">\n.flex_column.av-wjh0r0-a3539d1c43b90e51bddc0526591de941{\nwidth:22%;\nmargin-left:0;\npadding:15px 15px 15px 15px;\nbackground-color:rgba(255,255,255,0.7);\n}\n#top .flex_column_table.av-equal-height-column-flextable.av-wjh0r0-a3539d1c43b90e51bddc0526591de941 .av-flex-placeholder{\nwidth:4%;\n}\n<\/style>\n<div  class='flex_column av-wjh0r0-a3539d1c43b90e51bddc0526591de941 av_one_fourth  avia-builder-el-16  el_after_av_one_fourth  el_before_av_one_fourth  flex_column_table_cell av-equal-height-column av-align-top av-animated-generic fade-in  '     ><p>\n<style type=\"text\/css\" data-created_by=\"avia_inline_auto\" id=\"style-css-av-34n3do-d3adfd96d9a962272851b354e54da1f2\">\n#top .av-special-heading.av-34n3do-d3adfd96d9a962272851b354e54da1f2{\nmargin:0px 0 0 0;\npadding-bottom:10px;\n}\nbody .av-special-heading.av-34n3do-d3adfd96d9a962272851b354e54da1f2 .av-special-heading-tag .heading-char{\nfont-size:25px;\n}\n.av-special-heading.av-34n3do-d3adfd96d9a962272851b354e54da1f2 .av-subheading{\nfont-size:15px;\n}\n<\/style>\n<div  class='av-special-heading av-34n3do-d3adfd96d9a962272851b354e54da1f2 av-special-heading-h3 blockquote modern-quote  avia-builder-el-17  el_before_av_textblock  avia-builder-el-first  acans-title-s'><h3 class='av-special-heading-tag '  itemprop=\"headline\"  >Grupo europeu<\/h3><div class=\"special-heading-border\"><div class=\"special-heading-inner-border\"><\/div><\/div><\/div><br \/>\n<section  class='av_textblock_section av-tk9huk-10f4df1bc0ba8bfe169083f890556c1b '   itemscope=\"itemscope\" itemtype=\"https:\/\/schema.org\/CreativeWork\" ><div class='avia_textblock acans-text-body acans-panel-line'  itemprop=\"text\" ><p>Uma capacidade de implementa\u00e7\u00e3o e uma presen\u00e7a europeia operacional coerente<\/p>\n<p>Pela sua presen\u00e7a em Fran\u00e7a, Luxemburgo, Su\u00ed\u00e7a e, este ano, em Portugal e Espanha, a ACANS EURO GROUP oferece aos seus parceiros institucionais uma base operacional compat\u00edvel com uma l\u00f3gica de desenvolvimento europeu<\/p>\n<\/div><\/section><\/p><\/div><div class='av-flex-placeholder'><\/div>\n<style type=\"text\/css\" data-created_by=\"avia_inline_auto\" id=\"style-css-av-a2ja4-af43d055d5728afa31daa8c3557b07fb\">\n.flex_column.av-a2ja4-af43d055d5728afa31daa8c3557b07fb{\nwidth:22%;\nmargin-left:0;\npadding:15px 15px 15px 15px;\nbackground-color:rgba(255,255,255,0.7);\n}\n#top .flex_column_table.av-equal-height-column-flextable.av-a2ja4-af43d055d5728afa31daa8c3557b07fb .av-flex-placeholder{\nwidth:4%;\n}\n<\/style>\n<div  class='flex_column av-a2ja4-af43d055d5728afa31daa8c3557b07fb av_one_fourth  avia-builder-el-19  el_after_av_one_fourth  avia-builder-el-last  flex_column_table_cell av-equal-height-column av-align-top av-animated-generic fade-in  '     ><p>\n<style type=\"text\/css\" data-created_by=\"avia_inline_auto\" id=\"style-css-av-qfppng-95eadc3b19e301040b2f5f8445c422b5\">\n#top .av-special-heading.av-qfppng-95eadc3b19e301040b2f5f8445c422b5{\nmargin:0px 0 0 0;\npadding-bottom:10px;\n}\nbody .av-special-heading.av-qfppng-95eadc3b19e301040b2f5f8445c422b5 .av-special-heading-tag .heading-char{\nfont-size:25px;\n}\n.av-special-heading.av-qfppng-95eadc3b19e301040b2f5f8445c422b5 .av-subheading{\nfont-size:15px;\n}\n<\/style>\n<div  class='av-special-heading av-qfppng-95eadc3b19e301040b2f5f8445c422b5 av-special-heading-h3 blockquote modern-quote  avia-builder-el-20  el_before_av_textblock  avia-builder-el-first  acans-title-s'><h3 class='av-special-heading-tag '  itemprop=\"headline\"  >Co-constru\u00e7\u00e3o<\/h3><div class=\"special-heading-border\"><div class=\"special-heading-inner-border\"><\/div><\/div><\/div><br \/>\n<section  class='av_textblock_section av-ntqnj0-c334d412669e6468217a287ac54e77e0 '   itemscope=\"itemscope\" itemtype=\"https:\/\/schema.org\/CreativeWork\" ><div class='avia_textblock acans-text-body acans-panel-line'  itemprop=\"text\" ><p>Co-constru\u00e7\u00e3o de solu\u00e7\u00f5es e estrutura\u00e7\u00e3o pensada para o terreno<\/p>\n<p>Trabalhamos com os nossos parceiros na estrutura\u00e7\u00e3o de solu\u00e7\u00f5es adaptadas ao seu setor, \u00e0 sua l\u00f3gica de distribui\u00e7\u00e3o e \u00e0s expectativas concretas dos profissionais.<\/p>\n<\/div><\/section><\/p><\/div><\/div><!--close column table wrapper. Autoclose: 1 -->\n\n<\/div><\/div><\/div><!-- close content main div --><\/div><\/div><div id='av_section_4'  class='avia-section av-1xn62k-0c41b2881703ad6453b82902516ea9d2 main_color avia-section-default avia-no-border-styling  avia-builder-el-22  el_after_av_section  el_before_av_section  acans-section-tight acans-surface-white avia-bg-style-scroll container_wrap sidebar_right'  ><div class='container av-section-cont-open' ><div class='template-page content  av-content-small alpha units'><div class='post-entry post-entry-type-page post-entry-5287'><div class='entry-content-wrapper clearfix'>\n\n<style type=\"text\/css\" data-created_by=\"avia_inline_auto\" id=\"style-css-av-mnnhsonj-aa82ae277377e18afb515442c3c1b39e\">\n#top .av-special-heading.av-mnnhsonj-aa82ae277377e18afb515442c3c1b39e{\npadding-bottom:10px;\n}\nbody .av-special-heading.av-mnnhsonj-aa82ae277377e18afb515442c3c1b39e .av-special-heading-tag .heading-char{\nfont-size:25px;\n}\n.av-special-heading.av-mnnhsonj-aa82ae277377e18afb515442c3c1b39e .av-subheading{\nfont-size:15px;\n}\n<\/style>\n<div  class='av-special-heading av-mnnhsonj-aa82ae277377e18afb515442c3c1b39e av-special-heading-h2 blockquote modern-quote  avia-builder-el-23  el_before_av_textblock  avia-builder-el-first '><h2 class='av-special-heading-tag '  itemprop=\"headline\"  >Uma l\u00f3gica de sele\u00e7\u00e3o e apoio que permite uma l\u00f3gica de volume<\/h2><div class=\"special-heading-border\"><div class=\"special-heading-inner-border\"><\/div><\/div><\/div>\n<section  class='av_textblock_section av-mnnhszcz-7dfc6f141e1acc2c9d7dd825242d4e33 '   itemscope=\"itemscope\" itemtype=\"https:\/\/schema.org\/CreativeWork\" ><div class='avia_textblock acans-title-xl'  itemprop=\"text\" ><p class=\"p1\">N\u00e3o pensamos apenas em acesso comercial. Pensamos na qualidade da rela\u00e7\u00e3o, na capacidade de execu\u00e7\u00e3o e na robustez do quadro em que a solu\u00e7\u00e3o ser\u00e1 distribu\u00edda. <\/p>\n<\/div><\/section>\n\n<\/div><\/div><\/div><!-- close content main div --><\/div><\/div>\n<style type=\"text\/css\" data-created_by=\"avia_inline_auto\" id=\"style-css-av-mnns49qy-c8f1df787d8d6c820bc1c7da5fd1ae04\">\n.avia-section.av-mnns49qy-c8f1df787d8d6c820bc1c7da5fd1ae04{\nbackground-repeat:no-repeat;\nbackground-image:url(https:\/\/acans.com\/wp-content\/uploads\/2026\/04\/BG-FINAL-OFFRES.png);\nbackground-position:50% 100%;\nbackground-attachment:fixed;\n}\n<\/style>\n<div id='av_section_5'  class='avia-section av-mnns49qy-c8f1df787d8d6c820bc1c7da5fd1ae04 main_color avia-section-default avia-no-border-styling  avia-builder-el-25  el_after_av_section  avia-builder-el-last  avia-full-stretch avia-bg-style-fixed container_wrap sidebar_right'  data-section-bg-repeat='stretch'><div class='container av-section-cont-open' ><div class='template-page content  av-content-small alpha units'><div class='post-entry post-entry-type-page post-entry-5287'><div class='entry-content-wrapper clearfix'><\/div><\/div><\/div><!-- close content main div --><\/div><\/div><div id='after_section_5'  class='main_color av_default_container_wrap container_wrap sidebar_right'  ><div class='container av-section-cont-open' ><div class='template-page content  av-content-small alpha units'><div class='post-entry post-entry-type-page post-entry-5287'><div class='entry-content-wrapper clearfix'>\n","protected":false},"excerpt":{"rendered":"","protected":false},"author":1,"featured_media":0,"parent":4776,"menu_order":0,"comment_status":"closed","ping_status":"closed","template":"","meta":{"footnotes":""},"class_list":["post-5287","page","type-page","status-publish","hentry"],"_links":{"self":[{"href":"https:\/\/acans.com\/pt-pt\/wp-json\/wp\/v2\/pages\/5287","targetHints":{"allow":["GET"]}}],"collection":[{"href":"https:\/\/acans.com\/pt-pt\/wp-json\/wp\/v2\/pages"}],"about":[{"href":"https:\/\/acans.com\/pt-pt\/wp-json\/wp\/v2\/types\/page"}],"author":[{"embeddable":true,"href":"https:\/\/acans.com\/pt-pt\/wp-json\/wp\/v2\/users\/1"}],"replies":[{"embeddable":true,"href":"https:\/\/acans.com\/pt-pt\/wp-json\/wp\/v2\/comments?post=5287"}],"version-history":[{"count":0,"href":"https:\/\/acans.com\/pt-pt\/wp-json\/wp\/v2\/pages\/5287\/revisions"}],"up":[{"embeddable":true,"href":"https:\/\/acans.com\/pt-pt\/wp-json\/wp\/v2\/pages\/4776"}],"wp:attachment":[{"href":"https:\/\/acans.com\/pt-pt\/wp-json\/wp\/v2\/media?parent=5287"}],"curies":[{"name":"wp","href":"https:\/\/api.w.org\/{rel}","templated":true}]}}