{"id":5283,"date":"2026-04-06T19:38:12","date_gmt":"2026-04-06T17:38:12","guid":{"rendered":"https:\/\/acans.com\/ofertas\/profissionais-de-consultoria\/"},"modified":"2026-04-12T17:57:21","modified_gmt":"2026-04-12T15:57:21","slug":"profissionais-de-consultoria","status":"publish","type":"page","link":"https:\/\/acans.com\/pt-pt\/ofertas\/profissionais-de-consultoria\/","title":{"rendered":"profissionais de consultoria"},"content":{"rendered":"\n<style type=\"text\/css\" data-created_by=\"avia_inline_auto\" id=\"style-css-av-g5it4u-765e4aae07a7a6170e3ccbc5c41ac862\">\n.avia-section.av-g5it4u-765e4aae07a7a6170e3ccbc5c41ac862{\nbackground-repeat:no-repeat;\nbackground-image:url(https:\/\/acans.com\/wp-content\/uploads\/2026\/04\/BG-FINAL-OFFRES.png);\nbackground-position:100% 0%;\nbackground-attachment:fixed;\n}\n<\/style>\n<div id='av_section_1'  class='avia-section av-g5it4u-765e4aae07a7a6170e3ccbc5c41ac862 main_color avia-section-default avia-no-border-styling  avia-builder-el-0  el_before_av_section  avia-builder-el-first  aeg-hero avia-full-stretch avia-bg-style-fixed av-minimum-height av-minimum-height-custom av-height-custom  container_wrap sidebar_right'  data-section-bg-repeat='stretch' data-av_minimum_height_px='700'><div class='container av-section-cont-open' style='height:700px'><main  role=\"main\" itemprop=\"mainContentOfPage\"  class='template-page content  av-content-small alpha units'><div class='post-entry post-entry-type-page post-entry-5283'><div class='entry-content-wrapper clearfix'>\n<div  class='flex_column av-eqdo9q-7ecf0b29f5ff3da4af1edc2322aa14bc av_three_fifth  avia-builder-el-1  el_before_av_two_fifth  avia-builder-el-first  first flex_column_div  '     ><p>\n<style type=\"text\/css\" data-created_by=\"avia_inline_auto\" id=\"style-css-av-mnnshcnw-acafbdfbcd310fca1cceaaa87f10a69e\">\n#top .av-special-heading.av-mnnshcnw-acafbdfbcd310fca1cceaaa87f10a69e{\npadding-bottom:10px;\n}\nbody .av-special-heading.av-mnnshcnw-acafbdfbcd310fca1cceaaa87f10a69e .av-special-heading-tag .heading-char{\nfont-size:25px;\n}\n.av-special-heading.av-mnnshcnw-acafbdfbcd310fca1cceaaa87f10a69e .av-subheading{\nfont-size:15px;\n}\n<\/style>\n<div  class='av-special-heading av-mnnshcnw-acafbdfbcd310fca1cceaaa87f10a69e av-special-heading-h2 blockquote modern-quote  avia-builder-el-2  el_before_av_textblock  avia-builder-el-first  acans-title-hero'><h2 class='av-special-heading-tag '  itemprop=\"headline\"  >Profissionais de Consultoria<\/h2><div class=\"special-heading-border\"><div class=\"special-heading-inner-border\"><\/div><\/div><\/div><br \/>\n<section  class='av_textblock_section av-mnnshn8j-773fbd2102c1783659516efbf46a4a27 '   itemscope=\"itemscope\" itemtype=\"https:\/\/schema.org\/CreativeWork\" ><div class='avia_textblock acans-kicker'  itemprop=\"text\" ><p class=\"p1\">Uma infraestrutura completa para profissionais de gest\u00e3o de patrim\u00f3nio que querem ir mais longe<\/p>\n<\/div><\/section><br \/>\n<section  class='av_textblock_section av-mnnsilxe-b1c3065e2af5ccd10b665febaa6bbd9d '   itemscope=\"itemscope\" itemtype=\"https:\/\/schema.org\/CreativeWork\" ><div class='avia_textblock'  itemprop=\"text\" ><p class=\"p1\">O nosso papel n\u00e3o \u00e9 substituir a sua expertise, mas fornecer-lhe a infraestrutura, o enquadramento e os acessos que permitem refor\u00e7\u00e1-la.<\/p>\n<\/div><\/section><\/p><\/div><div  class='flex_column av-cns9vy-d26e93d489349a031a99c9256017bce1 av_two_fifth  avia-builder-el-5  el_after_av_three_fifth  avia-builder-el-last  flex_column_div  '     ><\/div><\/div><\/div><\/main><!-- close content main element --><\/div><\/div><div id='av_section_2'  class='avia-section av-cak8ji-bf3c303d257def58ba0fe42b12028063 main_color avia-section-default avia-no-border-styling  avia-builder-el-6  el_after_av_section  el_before_av_section  acans-section-tight acans-surface-white avia-bg-style-scroll container_wrap sidebar_right'  ><div class='container av-section-cont-open' ><div class='template-page content  av-content-small alpha units'><div class='post-entry post-entry-type-page post-entry-5283'><div class='entry-content-wrapper clearfix'>\n<section  class='av_textblock_section av-mnnh7f7r-bd6da6dc01dcd48f3932a191bc34ad79 '   itemscope=\"itemscope\" itemtype=\"https:\/\/schema.org\/CreativeWork\" ><div class='avia_textblock'  itemprop=\"text\" ><p class=\"p1\">\u00c9 CGP, CIF ou mediador. Domina a sua profiss\u00e3o, os seus clientes e as suas recomenda\u00e7\u00f5es. <\/p>\n<p class=\"p1\">A solidez de uma empresa n\u00e3o depende apenas da qualidade das suas recomenda\u00e7\u00f5es. Depende tamb\u00e9m da sua capacidade de se estruturar, de se proteger, de documentar as suas pr\u00e1ticas e de aceder \u00e0s solu\u00e7\u00f5es adequadas num quadro independente, leg\u00edvel e defens\u00e1vel. <\/p>\n<blockquote>\n<p class=\"p1\">\u00c9 esta infraestrutura que colocamos \u00e0 disposi\u00e7\u00e3o.<\/p>\n<\/blockquote>\n<\/div><\/section>\n<\/p>\n<\/div><\/div><\/div><!-- close content main div --><\/div><\/div>\n<style type=\"text\/css\" data-created_by=\"avia_inline_auto\" id=\"style-css-av-a6d6ji-13de5075d171d795e656cf508b8cab6a\">\n.avia-section.av-a6d6ji-13de5075d171d795e656cf508b8cab6a{\nbackground-repeat:no-repeat;\nbackground-image:url(https:\/\/acans.com\/wp-content\/uploads\/2026\/04\/BG-FINAL-OFFRES.png);\nbackground-position:50% 50%;\nbackground-attachment:fixed;\n}\n<\/style>\n<div id='av_section_3'  class='avia-section av-a6d6ji-13de5075d171d795e656cf508b8cab6a main_color avia-section-default avia-no-border-styling  avia-builder-el-8  el_after_av_section  el_before_av_section  avia-full-stretch avia-bg-style-fixed container_wrap sidebar_right'  data-section-bg-repeat='stretch'><div class='container av-section-cont-open' ><div class='template-page content  av-content-small alpha units'><div class='post-entry post-entry-type-page post-entry-5283'><div class='entry-content-wrapper clearfix'>\n\n<style type=\"text\/css\" data-created_by=\"avia_inline_auto\" id=\"style-css-av-mnnsjvui-a26bb92352af651b975cf399a72863e2\">\n#top .av-special-heading.av-mnnsjvui-a26bb92352af651b975cf399a72863e2{\npadding-bottom:10px;\n}\nbody .av-special-heading.av-mnnsjvui-a26bb92352af651b975cf399a72863e2 .av-special-heading-tag .heading-char{\nfont-size:25px;\n}\n.av-special-heading.av-mnnsjvui-a26bb92352af651b975cf399a72863e2 .av-subheading{\nfont-size:15px;\n}\n<\/style>\n<div  class='av-special-heading av-mnnsjvui-a26bb92352af651b975cf399a72863e2 av-special-heading-h2 blockquote modern-quote  avia-builder-el-9  el_before_av_one_third  avia-builder-el-first  aeg-section-title'><h2 class='av-special-heading-tag '  itemprop=\"headline\"  >O que lhe propomos<\/h2><div class=\"special-heading-border\"><div class=\"special-heading-inner-border\"><\/div><\/div><\/div>\n<div class='flex_column_table av-xanla-51d6ff6b375d675f0ae1c8e599f48ccd sc-av_one_third av-equal-height-column-flextable'>\n<style type=\"text\/css\" data-created_by=\"avia_inline_auto\" id=\"style-css-av-xanla-51d6ff6b375d675f0ae1c8e599f48ccd\">\n.flex_column.av-xanla-51d6ff6b375d675f0ae1c8e599f48ccd{\nwidth:30.666666666667%;\nmargin-left:0;\npadding:15px 15px 15px 15px;\nbackground-color:rgba(255,255,255,0.7);\n}\n#top .flex_column_table.av-equal-height-column-flextable.av-xanla-51d6ff6b375d675f0ae1c8e599f48ccd .av-flex-placeholder{\nwidth:4%;\n}\n<\/style>\n<div  class='flex_column av-xanla-51d6ff6b375d675f0ae1c8e599f48ccd av_one_third  avia-builder-el-10  el_after_av_heading  el_before_av_one_third  first flex_column_table_cell av-equal-height-column av-align-top av-animated-generic fade-in  '     ><p>\n<style type=\"text\/css\" data-created_by=\"avia_inline_auto\" id=\"style-css-av-mnnska5r-7ba92d2965ce83dd8a092af3092d27c7\">\n#top .av-special-heading.av-mnnska5r-7ba92d2965ce83dd8a092af3092d27c7{\nmargin:0px 0 0 0;\npadding-bottom:10px;\n}\nbody .av-special-heading.av-mnnska5r-7ba92d2965ce83dd8a092af3092d27c7 .av-special-heading-tag .heading-char{\nfont-size:25px;\n}\n.av-special-heading.av-mnnska5r-7ba92d2965ce83dd8a092af3092d27c7 .av-subheading{\nfont-size:15px;\n}\n<\/style>\n<div  class='av-special-heading av-mnnska5r-7ba92d2965ce83dd8a092af3092d27c7 av-special-heading-h3 blockquote modern-quote  avia-builder-el-11  el_before_av_textblock  avia-builder-el-first  acans-title-s'><h3 class='av-special-heading-tag '  itemprop=\"headline\"  >Acesso a compliance orientada<\/h3><div class=\"special-heading-border\"><div class=\"special-heading-inner-border\"><\/div><\/div><\/div><br \/>\n<section  class='av_textblock_section av-mnnsl767-3e128c4bb5698b3e9bc0ca468ac0f2c9 '   itemscope=\"itemscope\" itemtype=\"https:\/\/schema.org\/CreativeWork\" ><div class='avia_textblock acans-text-body acans-panel-line'  itemprop=\"text\" ><p>Um enquadramento de trabalho que resiste ao controlo<\/p>\n<p>Um apoio \u00e0 gest\u00e3o da compliance, um mapeamento de riscos operacional, uma documenta\u00e7\u00e3o regulamentar mantida ao longo do tempo e um ambiente de prova audit\u00e1vel.<\/p>\n<\/div><\/section><\/p><\/div><div class='av-flex-placeholder'><\/div>\n<style type=\"text\/css\" data-created_by=\"avia_inline_auto\" id=\"style-css-av-tgeqm-4f4ab1e1b473160001b72bdd05e7cd1b\">\n.flex_column.av-tgeqm-4f4ab1e1b473160001b72bdd05e7cd1b{\nwidth:30.666666666667%;\nmargin-left:0;\npadding:15px 15px 15px 15px;\nbackground-color:rgba(255,255,255,0.7);\n}\n#top .flex_column_table.av-equal-height-column-flextable.av-tgeqm-4f4ab1e1b473160001b72bdd05e7cd1b .av-flex-placeholder{\nwidth:4%;\n}\n<\/style>\n<div  class='flex_column av-tgeqm-4f4ab1e1b473160001b72bdd05e7cd1b av_one_third  avia-builder-el-13  el_after_av_one_third  el_before_av_one_third  flex_column_table_cell av-equal-height-column av-align-top av-animated-generic fade-in  '     ><p>\n<style type=\"text\/css\" data-created_by=\"avia_inline_auto\" id=\"style-css-av-mnnsmf9o-bddd14953b2654cecf3e640f5a2b3272\">\n#top .av-special-heading.av-mnnsmf9o-bddd14953b2654cecf3e640f5a2b3272{\nmargin:0px 0 0 0;\npadding-bottom:10px;\n}\nbody .av-special-heading.av-mnnsmf9o-bddd14953b2654cecf3e640f5a2b3272 .av-special-heading-tag .heading-char{\nfont-size:25px;\n}\n.av-special-heading.av-mnnsmf9o-bddd14953b2654cecf3e640f5a2b3272 .av-subheading{\nfont-size:15px;\n}\n<\/style>\n<div  class='av-special-heading av-mnnsmf9o-bddd14953b2654cecf3e640f5a2b3272 av-special-heading-h3 blockquote modern-quote  avia-builder-el-14  el_before_av_textblock  avia-builder-el-first  acans-title-s'><h3 class='av-special-heading-tag '  itemprop=\"headline\"  >Acesso privilegiado imobili\u00e1rio<\/h3><div class=\"special-heading-border\"><div class=\"special-heading-inner-border\"><\/div><\/div><\/div><br \/>\n<section  class='av_textblock_section av-mnnsnujm-1aff46e5d317819166d01adb442fc0f6 '   itemscope=\"itemscope\" itemtype=\"https:\/\/schema.org\/CreativeWork\" ><div class='avia_textblock acans-text-body acans-panel-line'  itemprop=\"text\" ><p>Acesso privilegiado Imobili\u00e1rio<br \/>\nUma arquitetura aberta, estruturada e fundamentada<\/p>\n<p>Uma sele\u00e7\u00e3o de oportunidades imobili\u00e1rias apresentadas num quadro rigoroso, a fim de enriquecer a sua oferta sem ter de internalizar sozinho o conjunto dos trabalhos de sele\u00e7\u00e3o e estrutura\u00e7\u00e3o.<\/p>\n<\/div><\/section><\/p><\/div><div class='av-flex-placeholder'><\/div>\n<style type=\"text\/css\" data-created_by=\"avia_inline_auto\" id=\"style-css-av-5r1l26-72eda497add715302ab34ada003edb18\">\n.flex_column.av-5r1l26-72eda497add715302ab34ada003edb18{\nwidth:30.666666666667%;\nmargin-left:0;\npadding:15px 15px 15px 15px;\nbackground-color:rgba(255,255,255,0.7);\n}\n#top .flex_column_table.av-equal-height-column-flextable.av-5r1l26-72eda497add715302ab34ada003edb18 .av-flex-placeholder{\nwidth:4%;\n}\n<\/style>\n<div  class='flex_column av-5r1l26-72eda497add715302ab34ada003edb18 av_one_third  avia-builder-el-16  el_after_av_one_third  avia-builder-el-last  flex_column_table_cell av-equal-height-column av-align-top av-animated-generic fade-in  '     ><p>\n<style type=\"text\/css\" data-created_by=\"avia_inline_auto\" id=\"style-css-av-mnnspp90-cc5d3c68e2c11498832c0e1b957cd297\">\n#top .av-special-heading.av-mnnspp90-cc5d3c68e2c11498832c0e1b957cd297{\nmargin:0px 0 0 0;\npadding-bottom:10px;\n}\nbody .av-special-heading.av-mnnspp90-cc5d3c68e2c11498832c0e1b957cd297 .av-special-heading-tag .heading-char{\nfont-size:25px;\n}\n.av-special-heading.av-mnnspp90-cc5d3c68e2c11498832c0e1b957cd297 .av-subheading{\nfont-size:15px;\n}\n<\/style>\n<div  class='av-special-heading av-mnnspp90-cc5d3c68e2c11498832c0e1b957cd297 av-special-heading-h3 blockquote modern-quote  avia-builder-el-17  el_before_av_textblock  avia-builder-el-first  acans-title-s'><h3 class='av-special-heading-tag '  itemprop=\"headline\"  >Acesso privilegiado Seguros<\/h3><div class=\"special-heading-border\"><div class=\"special-heading-inner-border\"><\/div><\/div><\/div><br \/>\n<section  class='av_textblock_section av-47fp5q-e72a40566ca4e1ed6dc12aaefb0a3f2b '   itemscope=\"itemscope\" itemtype=\"https:\/\/schema.org\/CreativeWork\" ><div class='avia_textblock acans-text-body acans-panel-line'  itemprop=\"text\" ><p class=\"p1\">Solu\u00e7\u00f5es referenciadas numa l\u00f3gica de coer\u00eancia<\/p>\n<p class=\"p1\">Uma sele\u00e7\u00e3o independente de solu\u00e7\u00f5es de seguro, prote\u00e7\u00e3o, previd\u00eancia e capitaliza\u00e7\u00e3o, junto de companhias rigorosamente referenciadas.<\/p>\n<\/div><\/section><\/p><\/div><\/div><!--close column table wrapper. Autoclose: 1 -->\n\n<\/div><\/div><\/div><!-- close content main div --><\/div><\/div><div id='av_section_4'  class='avia-section av-2hwz7y-5062424d34d05674e6bd3d3bb54a7a9b main_color avia-section-default avia-no-border-styling  avia-builder-el-19  el_after_av_section  el_before_av_section  acans-section-tight acans-surface-white avia-bg-style-scroll container_wrap sidebar_right'  ><div class='container av-section-cont-open' ><div class='template-page content  av-content-small alpha units'><div class='post-entry post-entry-type-page post-entry-5283'><div class='entry-content-wrapper clearfix'>\n\n<style type=\"text\/css\" data-created_by=\"avia_inline_auto\" id=\"style-css-av-mnnhbqvv-f62fc90772f9a3a6198c56556d4653ee\">\n#top .av-special-heading.av-mnnhbqvv-f62fc90772f9a3a6198c56556d4653ee{\npadding-bottom:10px;\n}\nbody .av-special-heading.av-mnnhbqvv-f62fc90772f9a3a6198c56556d4653ee .av-special-heading-tag .heading-char{\nfont-size:25px;\n}\n.av-special-heading.av-mnnhbqvv-f62fc90772f9a3a6198c56556d4653ee .av-subheading{\nfont-size:15px;\n}\n<\/style>\n<div  class='av-special-heading av-mnnhbqvv-f62fc90772f9a3a6198c56556d4653ee av-special-heading-h2 blockquote modern-quote  avia-builder-el-20  el_before_av_textblock  avia-builder-el-first  acans-title-m'><h2 class='av-special-heading-tag '  itemprop=\"headline\"  >Um enquadramento robusto ao servi\u00e7o da sua autonomia<\/h2><div class=\"special-heading-border\"><div class=\"special-heading-inner-border\"><\/div><\/div><\/div>\n<section  class='av_textblock_section av-mnnhc1bv-f7e835f633867fbaf60e2f177016fb1a '   itemscope=\"itemscope\" itemtype=\"https:\/\/schema.org\/CreativeWork\" ><div class='avia_textblock acans-text-body acans-text-muted'  itemprop=\"text\" ><p class=\"p1\">A nossa abordagem n\u00e3o tem por objetivo uniformizar as pr\u00e1ticas. Visa dar aos profissionais os meios para desenvolver a sua atividade em melhores condi\u00e7\u00f5es de seguran\u00e7a, legibilidade e execu\u00e7\u00e3o. <\/p>\n<\/div><\/section>\n\n<\/div><\/div><\/div><!-- close content main div --><\/div><\/div>\n<style type=\"text\/css\" data-created_by=\"avia_inline_auto\" id=\"style-css-av-9ltfi-23511a80f9a062c9959ca5c8205c8760\">\n.avia-section.av-9ltfi-23511a80f9a062c9959ca5c8205c8760{\nbackground-repeat:no-repeat;\nbackground-image:url(https:\/\/acans.com\/wp-content\/uploads\/2026\/04\/BG-FINAL-OFFRES.png);\nbackground-position:50% 100%;\nbackground-attachment:fixed;\n}\n<\/style>\n<div id='av_section_5'  class='avia-section av-9ltfi-23511a80f9a062c9959ca5c8205c8760 main_color avia-section-default avia-no-border-styling  avia-builder-el-22  el_after_av_section  avia-builder-el-last  avia-full-stretch avia-bg-style-fixed container_wrap sidebar_right'  data-section-bg-repeat='stretch'><div class='container av-section-cont-open' ><div class='template-page content  av-content-small alpha units'><div class='post-entry post-entry-type-page post-entry-5283'><div class='entry-content-wrapper clearfix'><\/div><\/div><\/div><!-- close content main div --><\/div><\/div><div id='after_section_5'  class='main_color av_default_container_wrap container_wrap sidebar_right'  ><div class='container av-section-cont-open' ><div class='template-page content  av-content-small alpha units'><div class='post-entry post-entry-type-page post-entry-5283'><div class='entry-content-wrapper clearfix'>\n","protected":false},"excerpt":{"rendered":"","protected":false},"author":1,"featured_media":0,"parent":4776,"menu_order":0,"comment_status":"closed","ping_status":"closed","template":"","meta":{"footnotes":""},"class_list":["post-5283","page","type-page","status-publish","hentry"],"_links":{"self":[{"href":"https:\/\/acans.com\/pt-pt\/wp-json\/wp\/v2\/pages\/5283","targetHints":{"allow":["GET"]}}],"collection":[{"href":"https:\/\/acans.com\/pt-pt\/wp-json\/wp\/v2\/pages"}],"about":[{"href":"https:\/\/acans.com\/pt-pt\/wp-json\/wp\/v2\/types\/page"}],"author":[{"embeddable":true,"href":"https:\/\/acans.com\/pt-pt\/wp-json\/wp\/v2\/users\/1"}],"replies":[{"embeddable":true,"href":"https:\/\/acans.com\/pt-pt\/wp-json\/wp\/v2\/comments?post=5283"}],"version-history":[{"count":0,"href":"https:\/\/acans.com\/pt-pt\/wp-json\/wp\/v2\/pages\/5283\/revisions"}],"up":[{"embeddable":true,"href":"https:\/\/acans.com\/pt-pt\/wp-json\/wp\/v2\/pages\/4776"}],"wp:attachment":[{"href":"https:\/\/acans.com\/pt-pt\/wp-json\/wp\/v2\/media?parent=5283"}],"curies":[{"name":"wp","href":"https:\/\/api.w.org\/{rel}","templated":true}]}}