{"id":4988,"date":"2026-03-28T07:53:48","date_gmt":"2026-03-28T06:53:48","guid":{"rendered":"https:\/\/acans.com\/acans-compliance\/"},"modified":"2026-04-12T17:52:33","modified_gmt":"2026-04-12T15:52:33","slug":"acans-compliance","status":"publish","type":"page","link":"https:\/\/acans.com\/pt-pt\/filiais\/acans-compliance\/","title":{"rendered":"Acans Compliance"},"content":{"rendered":"\n<style type=\"text\/css\" data-created_by=\"avia_inline_auto\" id=\"style-css-av-mnkadfd0-37d4c3cf1b0b28e120be46dfab6acbac\">\n.avia-section.av-mnkadfd0-37d4c3cf1b0b28e120be46dfab6acbac{\nbackground-repeat:no-repeat;\nbackground-image:url(https:\/\/acans.com\/wp-content\/uploads\/2026\/04\/BG-ACANS-COMPLIANCE.png);\nbackground-position:100% 0%;\nbackground-attachment:fixed;\n}\n<\/style>\n<div id='av_section_1'  class='avia-section av-mnkadfd0-37d4c3cf1b0b28e120be46dfab6acbac main_color avia-section-default avia-no-border-styling  avia-builder-el-0  el_before_av_section  avia-builder-el-first  acans-hero avia-full-stretch avia-bg-style-fixed av-minimum-height av-minimum-height-custom av-height-custom  container_wrap sidebar_right'  data-section-bg-repeat='stretch' data-av_minimum_height_px='400'><div class='container av-section-cont-open' style='height:400px'><main  role=\"main\" itemprop=\"mainContentOfPage\"  class='template-page content  av-content-small alpha units'><div class='post-entry post-entry-type-page post-entry-4988'><div class='entry-content-wrapper clearfix'>\n<div class='flex_column_table av-1sz4yrr-3f56e900a20cc7412fde900a2431caeb sc-av_three_fourth av-equal-height-column-flextable'>\n<style type=\"text\/css\" data-created_by=\"avia_inline_auto\" id=\"style-css-av-1sz4yrr-3f56e900a20cc7412fde900a2431caeb\">\n.flex_column.av-1sz4yrr-3f56e900a20cc7412fde900a2431caeb{\npadding:0px 0px 0px 0px;\n}\n<\/style>\n<div  class='flex_column av-1sz4yrr-3f56e900a20cc7412fde900a2431caeb av_three_fourth  avia-builder-el-1  el_before_av_one_fourth  avia-builder-el-first  first flex_column_table_cell av-equal-height-column av-align-top av-zero-column-padding  '     ><p>\n<style type=\"text\/css\" data-created_by=\"avia_inline_auto\" id=\"style-css-av-mnkacai1-19b22b049b9b374a5b6e41807647d339\">\n#top .av-special-heading.av-mnkacai1-19b22b049b9b374a5b6e41807647d339{\npadding-bottom:10px;\n}\nbody .av-special-heading.av-mnkacai1-19b22b049b9b374a5b6e41807647d339 .av-special-heading-tag .heading-char{\nfont-size:25px;\n}\n.av-special-heading.av-mnkacai1-19b22b049b9b374a5b6e41807647d339 .av-subheading{\nfont-size:15px;\n}\n<\/style>\n<div  class='av-special-heading av-mnkacai1-19b22b049b9b374a5b6e41807647d339 av-special-heading-h3 blockquote modern-quote  avia-builder-el-2  el_before_av_textblock  avia-builder-el-first  acans-title-xl'><h3 class='av-special-heading-tag '  itemprop=\"headline\"  >ACANS COMPLIANCE<\/h3><div class=\"special-heading-border\"><div class=\"special-heading-inner-border\"><\/div><\/div><\/div><br \/>\n<section  class='av_textblock_section av-1rry6jr-8f43e60ad2a64c715141db8fe2b8aa98 '   itemscope=\"itemscope\" itemtype=\"https:\/\/schema.org\/CreativeWork\" ><div class='avia_textblock acans-kicker'  itemprop=\"text\" ><p>A compliance que se coordena e se defende<\/p>\n<\/div><\/section><br \/>\n<section  class='av_textblock_section av-1pt2yev-aef7c5c6ca7c90210b5d78576c5efcdb '   itemscope=\"itemscope\" itemtype=\"https:\/\/schema.org\/CreativeWork\" ><div class='avia_textblock acans-lead'  itemprop=\"text\" ><p>A verdadeira quest\u00e3o j\u00e1 n\u00e3o \u00e9: \u201cest\u00e1 em conformidade?\u201d<br \/>\n\u00c9 agora: \u201cpode demonstrar, a qualquer momento, porqu\u00ea, como e em que \u00e2mbito agiu?\u201d<\/p>\n<\/div><\/section><br \/>\n\n<style type=\"text\/css\" data-created_by=\"avia_inline_auto\" id=\"style-css-av-1o57e3r-5d8d82171d34d00930e45ed9ed98cb1a\">\n#top .hr.hr-invisible.av-1o57e3r-5d8d82171d34d00930e45ed9ed98cb1a{\nheight:50px;\n}\n<\/style>\n<div  class='hr av-1o57e3r-5d8d82171d34d00930e45ed9ed98cb1a hr-invisible  avia-builder-el-5  el_after_av_textblock  el_before_av_buttonrow '><span class='hr-inner '><span class=\"hr-inner-style\"><\/span><\/span><\/div><br \/>\n<div  class='avia-buttonrow-wrap av-1n6916f-b303174244c5fa0ea4431ef35c064b45 avia-buttonrow-left  avia-builder-el-6  el_after_av_hr  avia-builder-el-last '>\n\n<style type=\"text\/css\" data-created_by=\"avia_inline_auto\" id=\"style-css-av-1l0abif-1f0acf9bb29f9d78cbeaaa88f7e14231\">\n#top #wrap_all .avia-button.av-1l0abif-1f0acf9bb29f9d78cbeaaa88f7e14231{\nmargin-bottom:5px;\nmargin-right:5px;\n}\n<\/style>\n<a href='https:\/\/acans.com\/pt-pt\/contacto\/'  class='avia-button av-1l0abif-1f0acf9bb29f9d78cbeaaa88f7e14231 avia-icon_select-no avia-size-small avia-color-theme-color'   aria-label=\"Tornar-se Parceiro\"><span class='avia_iconbox_title' >Tornar-se Parceiro<\/span><\/a>\n\n<style type=\"text\/css\" data-created_by=\"avia_inline_auto\" id=\"style-css-av-1jabb5j-bdd244cf427b8355ca43d9af63d0675c\">\n#top #wrap_all .avia-button.av-1jabb5j-bdd244cf427b8355ca43d9af63d0675c{\nmargin-bottom:5px;\nmargin-right:5px;\n}\n<\/style>\n<a href='https:\/\/acans.com\/pt-pt\/contacto\/'  class='avia-button av-1jabb5j-bdd244cf427b8355ca43d9af63d0675c avia-icon_select-no avia-size-small avia-color-theme-color'   aria-label=\"Aceder \u00e0s nossas ofertas\"><span class='avia_iconbox_title' >Aceder \u00e0s nossas ofertas<\/span><\/a>\n<\/div><\/p><\/div><div class='av-flex-placeholder'><\/div>\n<style type=\"text\/css\" data-created_by=\"avia_inline_auto\" id=\"style-css-av-1h9ga53-9fa9ac6eda73e9300fe1ee7652d2bf77\">\n.flex_column.av-1h9ga53-9fa9ac6eda73e9300fe1ee7652d2bf77{\npadding:0px 0px 0px 0px;\n}\n<\/style>\n<div  class='flex_column av-1h9ga53-9fa9ac6eda73e9300fe1ee7652d2bf77 av_one_fourth  avia-builder-el-7  el_after_av_three_fourth  avia-builder-el-last  flex_column_table_cell av-equal-height-column av-align-top av-zero-column-padding  '     ><p>\n<style type=\"text\/css\" data-created_by=\"avia_inline_auto\" id=\"style-css-av-mnkadtg1-2c75c3b97fb4d69eb7e0a90d26d742a9\">\n.avia-image-container.av-mnkadtg1-2c75c3b97fb4d69eb7e0a90d26d742a9 img.avia_image{\nbox-shadow:none;\n}\n.avia-image-container.av-mnkadtg1-2c75c3b97fb4d69eb7e0a90d26d742a9 .av-image-caption-overlay-center{\ncolor:#ffffff;\n}\n<\/style>\n<div  class='avia-image-container av-mnkadtg1-2c75c3b97fb4d69eb7e0a90d26d742a9 av-styling- avia-align-  avia-builder-el-8  el_before_av_textblock  avia-builder-el-first '   itemprop=\"image\" itemscope=\"itemscope\" itemtype=\"https:\/\/schema.org\/ImageObject\" ><div class=\"avia-image-container-inner\"><div class=\"avia-image-overlay-wrap\"><img decoding=\"async\" fetchpriority=\"high\" class='wp-image-4813 avia-img-lazy-loading-not-4813 avia_image ' src=\"https:\/\/acans.com\/wp-content\/uploads\/2026\/04\/ACANS-Group-Portraits_4-2_NB-845x684.jpg\" alt='' title='ACANS Group - Portraits_4-2_NB'  height=\"684\" width=\"845\"  itemprop=\"thumbnailUrl\" srcset=\"https:\/\/acans.com\/wp-content\/uploads\/2026\/04\/ACANS-Group-Portraits_4-2_NB-845x684.jpg 845w, https:\/\/acans.com\/wp-content\/uploads\/2026\/04\/ACANS-Group-Portraits_4-2_NB-495x400.jpg 495w\" sizes=\"(max-width: 845px) 100vw, 845px\" \/><\/div><\/div><\/div><br \/>\n\n<style type=\"text\/css\" data-created_by=\"avia_inline_auto\" id=\"style-css-av-56wgxj-1caa5b34cc367092b4e3d3a150ac11ab\">\n.av_textblock_section.av-56wgxj-1caa5b34cc367092b4e3d3a150ac11ab{\nbackground-color:rgba(255,255,255,0.5);\n}\n<\/style>\n<section  class='av_textblock_section av-56wgxj-1caa5b34cc367092b4e3d3a150ac11ab '   itemscope=\"itemscope\" itemtype=\"https:\/\/schema.org\/CreativeWork\" ><div class='avia_textblock'  itemprop=\"text\" ><blockquote>\n<p>Thilo FIRCHOW<br \/>\nPresidente &#8211; S\u00f3cio<\/p>\n<\/blockquote>\n<\/div><\/section><\/p><\/div><\/div><!--close column table wrapper. Autoclose: 1 -->\n\n<\/div><\/div><\/main><!-- close content main element --><\/div><\/div><div id='av_section_2'  class='avia-section av-1e8cdtj-ddd5ce8b72191eede4398739888e4036 main_color avia-section-no-padding avia-no-border-styling  avia-builder-el-10  el_after_av_section  el_before_av_section  acans-section acans-surface-white avia-bg-style-scroll container_wrap sidebar_right'  ><div class='container av-section-cont-open' ><div class='template-page content  av-content-small alpha units'><div class='post-entry post-entry-type-page post-entry-4988'><div class='entry-content-wrapper clearfix'>\n<div  class='flex_column av-1ckxbnb-387e71a5da450176e8166f3a1776a518 av_one_full  avia-builder-el-11  el_before_av_one_half  avia-builder-el-first  first flex_column_div  '     ><p>\n<style type=\"text\/css\" data-created_by=\"avia_inline_auto\" id=\"style-css-av-1bakihj-b45ccb384785451ccfb4b31ff46e8170\">\n#top .av-special-heading.av-1bakihj-b45ccb384785451ccfb4b31ff46e8170{\npadding-bottom:10px;\n}\nbody .av-special-heading.av-1bakihj-b45ccb384785451ccfb4b31ff46e8170 .av-special-heading-tag .heading-char{\nfont-size:25px;\n}\n.av-special-heading.av-1bakihj-b45ccb384785451ccfb4b31ff46e8170 .av-subheading{\nfont-size:15px;\n}\n<\/style>\n<div  class='av-special-heading av-1bakihj-b45ccb384785451ccfb4b31ff46e8170 av-special-heading-h3 blockquote modern-quote  avia-builder-el-12  el_before_av_textblock  avia-builder-el-first  acans-title-m'><h3 class='av-special-heading-tag '  itemprop=\"headline\"  >A consolida\u00e7\u00e3o estrat\u00e9gica ao servi\u00e7o do seu desenvolvimento<\/h3><div class=\"special-heading-border\"><div class=\"special-heading-inner-border\"><\/div><\/div><\/div><br \/>\n<section  class='av_textblock_section av-1a0iuk7-8d573894378226cb2e25abda37838641 '   itemscope=\"itemscope\" itemtype=\"https:\/\/schema.org\/CreativeWork\" ><div class='avia_textblock acans-lead acans-lead-wide'  itemprop=\"text\" ><p>Num universo criativo onde o POG, a rastreabilidade, o LCB-FT, o dever de consultoria, o RGPD, a DORA e a press\u00e3o probat\u00f3ria exp\u00f5em diretamente os profissionais, a compliance j\u00e1 n\u00e3o pode ser decorativa. Deve ser organizada como uma capacidade de governan\u00e7a e de coordena\u00e7\u00e3o, constantemente recordada pelas Autoridades de tutela. <\/p>\n<p>Respons\u00e1vel por deontologia junto de organiza\u00e7\u00f5es p\u00fablicas e privadas, a ACANS COMPLIANCE implementa uma dupla compet\u00eancia, universit\u00e1ria e jurisdicional, que consiste em propor um m\u00e9todo \u201creflexivo\u201d. Partimos das pr\u00e1ticas reais dos intervenientes para revelar os seus pontos fortes e fragilidades, a fim de os transformar em decis\u00f5es estruturadas e juridicamente sustent\u00e1veis. <\/p>\n<blockquote>\n<p>Na ACANS, n\u00e3o lhe transmitimos regras abstratas, mas sim uma capacidade de se pensar em situa\u00e7\u00e3o<\/p>\n<\/blockquote>\n<\/div><\/section><\/p><\/div><div  class='flex_column av-18etilz-7b75e6e9c020144104e0ce86b25624e4 av_one_half  avia-builder-el-14  el_after_av_one_full  el_before_av_one_half  acans-panel-line first flex_column_div  column-top-margin'     ><p>\n<style type=\"text\/css\" data-created_by=\"avia_inline_auto\" id=\"style-css-av-169olh3-cdfce9acb62573efd6a71f6f2ae2073c\">\n#top .av-special-heading.av-169olh3-cdfce9acb62573efd6a71f6f2ae2073c{\npadding-bottom:10px;\n}\nbody .av-special-heading.av-169olh3-cdfce9acb62573efd6a71f6f2ae2073c .av-special-heading-tag .heading-char{\nfont-size:25px;\n}\n.av-special-heading.av-169olh3-cdfce9acb62573efd6a71f6f2ae2073c .av-subheading{\nfont-size:15px;\n}\n<\/style>\n<div  class='av-special-heading av-169olh3-cdfce9acb62573efd6a71f6f2ae2073c av-special-heading-h3 blockquote modern-quote  avia-builder-el-15  el_before_av_textblock  avia-builder-el-first  acans-title-m'><h3 class='av-special-heading-tag '  itemprop=\"headline\"  >Uma oferta \u2018control ready\u2019<\/h3><div class=\"special-heading-border\"><div class=\"special-heading-inner-border\"><\/div><\/div><\/div><br \/>\n<section  class='av_textblock_section av-14oymo7-a8299f3965f692fc1f8dc9add2185a38 '   itemscope=\"itemscope\" itemtype=\"https:\/\/schema.org\/CreativeWork\" ><div class='avia_textblock'  itemprop=\"text\" ><p>A ACANS COMPLIANCE acompanha as empresas para construir uma compliance opon\u00edvel, \u00fatil ao neg\u00f3cio e explor\u00e1vel ao longo do tempo.<\/p>\n<p>N\u00e3o nos limitamos \u00e0 auditoria de documenta\u00e7\u00e3o.<\/p>\n<p>Estruturamos consigo um mapeamento vivo dos riscos, procedimentos com controlo de vers\u00f5es, registos com carimbo temporal, um cofre-forte probat\u00f3rio, KPIs orientados para a prova, uma documenta\u00e7\u00e3o POG coerente, uma l\u00f3gica \u201cPlan, Do, Check, Act\u201d (PDCA) de atualiza\u00e7\u00e3o cont\u00ednua e, quando necess\u00e1rio, uma capacidade de rea\u00e7\u00e3o imediata em situa\u00e7\u00f5es sens\u00edveis.<\/p>\n<\/div><\/section><\/p><\/div><div  class='flex_column av-3yl6dj-4678105544726dd9bc674c5976127a82 av_one_half  avia-builder-el-17  el_after_av_one_half  el_before_av_textblock  acans-panel-line flex_column_div  column-top-margin'     ><p>\n<style type=\"text\/css\" data-created_by=\"avia_inline_auto\" id=\"style-css-av-10y0ip3-0bae562c7a0da36155bc1fb9e5621057\">\n#top .av-special-heading.av-10y0ip3-0bae562c7a0da36155bc1fb9e5621057{\npadding-bottom:10px;\n}\nbody .av-special-heading.av-10y0ip3-0bae562c7a0da36155bc1fb9e5621057 .av-special-heading-tag .heading-char{\nfont-size:25px;\n}\n.av-special-heading.av-10y0ip3-0bae562c7a0da36155bc1fb9e5621057 .av-subheading{\nfont-size:15px;\n}\n<\/style>\n<div  class='av-special-heading av-10y0ip3-0bae562c7a0da36155bc1fb9e5621057 av-special-heading-h3 blockquote modern-quote  avia-builder-el-18  el_before_av_textblock  avia-builder-el-first  acans-title-m'><h3 class='av-special-heading-tag '  itemprop=\"headline\"  >O que nos distingue<\/h3><div class=\"special-heading-border\"><div class=\"special-heading-inner-border\"><\/div><\/div><\/div><br \/>\n<section  class='av_textblock_section av-zvrmsn-b56b9736a607aff18b457a16b582f783 '   itemscope=\"itemscope\" itemtype=\"https:\/\/schema.org\/CreativeWork\" ><div class='avia_textblock'  itemprop=\"text\" ><p>O que nos distingue baseia-se em quatro pontos fortes:<\/p>\n<ol>\n<li>Uma abordagem ex ante do risco fundada na prova \u201cinspection ready\u201d;<\/li>\n<li>Uma l\u00f3gica \u201ctrial process\u201d pensada para argumentar sob controlo ou em contencioso;<\/li>\n<li>Uma equipa de peritos de alto n\u00edvel para acompanhar o seu desenvolvimento de compet\u00eancias: advogados, antigos reguladores e magistrados, especialistas do setor financeiro e digital; \u00e9 a nossa raz\u00e3o de ser: \u201cproteger, alertar e socorrer ao servi\u00e7o de uma finan\u00e7a sustent\u00e1vel\u201d;<\/li>\n<li>Uma certifica\u00e7\u00e3o &#8220;Engag\u00e9e RSE&#8221; baseada na norma ISO 26000 com a Afnor certification e a Responsibility Europe.<\/li>\n<\/ol>\n<\/div><\/section><\/p><\/div>\n<style type=\"text\/css\" data-created_by=\"avia_inline_auto\" id=\"style-css-av-mnkb1k1g-381a6fb2d2d252bc3bf07b392c08f718\">\n#top .av_textblock_section.av-mnkb1k1g-381a6fb2d2d252bc3bf07b392c08f718 .avia_textblock{\npadding:0PX 0PX 0PX 0PX;\n}\n<\/style>\n<section  class='av_textblock_section av-mnkb1k1g-381a6fb2d2d252bc3bf07b392c08f718 '   itemscope=\"itemscope\" itemtype=\"https:\/\/schema.org\/CreativeWork\" ><div class='avia_textblock'  itemprop=\"text\" ><blockquote>\n<p>A ACANS COMPLIANCE n\u00e3o se contenta em vender compliance. Instala um quadro de confian\u00e7a que protege a empresa e refor\u00e7a a sua credibilidade junto dos seus clientes e dos seus parceiros. <\/p>\n<\/blockquote>\n<\/div><\/section>\n<\/div><\/div><\/div><!-- close content main div --><\/div><\/div>\n<style type=\"text\/css\" data-created_by=\"avia_inline_auto\" id=\"style-css-av-yaqb1j-b21d2da1e760d3baef881e1643c7be2e\">\n.avia-section.av-yaqb1j-b21d2da1e760d3baef881e1643c7be2e{\nbackground-repeat:no-repeat;\nbackground-image:url(https:\/\/acans.com\/wp-content\/uploads\/2026\/04\/BG-ACANS-COMPLIANCE.png);\nbackground-position:100% 50%;\nbackground-attachment:fixed;\n}\n<\/style>\n<div id='av_section_3'  class='avia-section av-yaqb1j-b21d2da1e760d3baef881e1643c7be2e main_color avia-section-no-padding avia-no-border-styling  avia-builder-el-21  el_after_av_section  el_before_av_section  acans-section acans-section-divider avia-full-stretch avia-bg-style-fixed container_wrap sidebar_right'  data-section-bg-repeat='stretch'><div class='container av-section-cont-open' ><div class='template-page content  av-content-small alpha units'><div class='post-entry post-entry-type-page post-entry-4988'><div class='entry-content-wrapper clearfix'>\n<div  class='flex_column av-ww96dj-67f43ed8265640cec1285bfef32b4970 av_one_third  avia-builder-el-22  el_before_av_one_third  avia-builder-el-first  acans-panel-line first flex_column_div  '     ><section  class='av_textblock_section av-31646v-2341259419d5835d7066f33c4e34cbab '   itemscope=\"itemscope\" itemtype=\"https:\/\/schema.org\/CreativeWork\" ><div class='avia_textblock'  itemprop=\"text\" ><p><strong><span style=\"color: #1b6b73;\">POSICIONAMENTO<\/span><\/strong><\/p>\n<p class=\"text-size-chat leading-relaxed extension:leading-normal my-2\"><span class=\"_inlineMarkdown_3nxm6_25 inline-markdown text-size-chat-sm font-mono blend bg-token-text-code-block-background rounded-sm px-1.5 py-0.5 leading-none extension:bg-token-foreground\/10 electron:bg-token-list-hover-background\/60\">Uma oferta leg\u00edvel, sustentada por uma especializa\u00e7\u00e3o clara e uma capacidade de responder a desafios espec\u00edficos no seu dom\u00ednio de interven\u00e7\u00e3o.<\/span><\/p>\n<\/div><\/section><\/div><div  class='flex_column av-slah1j-4dc9cbbce2679741df2da7dde7f3647a av_one_third  avia-builder-el-24  el_after_av_one_third  el_before_av_one_third  acans-panel-line flex_column_div  '     ><section  class='av_textblock_section av-r436fb-59bb9e77684de7d95c8ace03bd5cc26b '   itemscope=\"itemscope\" itemtype=\"https:\/\/schema.org\/CreativeWork\" ><div class='avia_textblock'  itemprop=\"text\" ><p><strong><span style=\"color: #1b6b73;\">DIRE\u00c7\u00c3O<\/span><\/strong><\/p>\n<p>Uma entidade encarnada por uma dire\u00e7\u00e3o identificada, ao servi\u00e7o de uma vis\u00e3o de longo prazo, dos elevados padr\u00f5es operacionais e do desenvolvimento da filial.<\/p>\n<\/div><\/section><\/div><div  class='flex_column av-q0bmxj-ebc74e9e58a38880cea62c893e837e95 av_one_third  avia-builder-el-26  el_after_av_one_third  avia-builder-el-last  acans-panel-line flex_column_div  '     ><section  class='av_textblock_section av-o9wjvb-01d46c2192e01fd486742b200d0f6e81 '   itemscope=\"itemscope\" itemtype=\"https:\/\/schema.org\/CreativeWork\" ><div class='avia_textblock'  itemprop=\"text\" ><p><strong><span style=\"color: #1b6b73;\">DESENVOLVIMENTO<\/span><\/strong><\/p>\n<p>Uma trajet\u00f3ria fundada na coer\u00eancia estrat\u00e9gica, na qualidade de execu\u00e7\u00e3o e na integra\u00e7\u00e3o na ambi\u00e7\u00e3o europeia do grupo.<\/p>\n<\/div><\/section><\/div>\n<\/p>\n<\/div><\/div><\/div><!-- close content main div --><\/div><\/div><div id='av_section_4'  class='avia-section av-mhglcn-cf5c7907d5858317984f9f9b26a02ebb main_color avia-section-default avia-no-border-styling  avia-builder-el-28  el_after_av_section  el_before_av_section  acans-section-tight avia-bg-style-scroll container_wrap sidebar_right'  ><div class='container av-section-cont-open' ><div class='template-page content  av-content-small alpha units'><div class='post-entry post-entry-type-page post-entry-4988'><div class='entry-content-wrapper clearfix'>\n<div  class='flex_column av-l7u59j-358dc2d66d15b318465921fb8eea4a72 av_one_half  avia-builder-el-29  el_before_av_one_half  avia-builder-el-first  acans-panel-line first flex_column_div  '     ><section  class='av_textblock_section av-j22xnr-d2894846454cc50024a4270edfbb3759 '   itemscope=\"itemscope\" itemtype=\"https:\/\/schema.org\/CreativeWork\" ><div class='avia_textblock'  itemprop=\"text\" ><p>UMA ORGANIZA\u00c7\u00c3O DE GRUPO<\/p>\n<p>A din\u00e2mica do grupo repousa sobre uma articula\u00e7\u00e3o clara entre vis\u00e3o de conjunto, expertises especializadas e bases operacionais.<\/p>\n<\/div><\/section><\/div><div  class='flex_column av-i38v1z-070dc978d74ce5796f115e7d141f06b7 av_one_half  avia-builder-el-31  el_after_av_one_half  avia-builder-el-last  acans-panel-line flex_column_div  '     ><section  class='av_textblock_section av-fif64n-d2914d128018c3509d0254daf0f6ebf1 '   itemscope=\"itemscope\" itemtype=\"https:\/\/schema.org\/CreativeWork\" ><div class='avia_textblock'  itemprop=\"text\" ><p>ENTIDADES COMPLEMENTARES<\/p>\n<p>Cada filial contribui para a identidade de conjunto atrav\u00e9s do seu posicionamento, do seu executivo, da sua especialidade e da sua capacidade de responder a desafios espec\u00edficos.<\/p>\n<\/div><\/section><\/div>\n\n<\/div><\/div><\/div><!-- close content main div --><\/div><\/div>\n<style type=\"text\/css\" data-created_by=\"avia_inline_auto\" id=\"style-css-av-ekfymv-2d1710c3233260f13d572fc103a6e3bd\">\n.avia-section.av-ekfymv-2d1710c3233260f13d572fc103a6e3bd{\nbackground-repeat:no-repeat;\nbackground-image:url(https:\/\/acans.com\/wp-content\/uploads\/2026\/04\/BG-ACANS-COMPLIANCE.png);\nbackground-position:100% 100%;\nbackground-attachment:fixed;\n}\n<\/style>\n<div id='av_section_5'  class='avia-section av-ekfymv-2d1710c3233260f13d572fc103a6e3bd main_color avia-section-no-padding avia-no-border-styling  avia-builder-el-33  el_after_av_section  avia-builder-el-last  avia-full-stretch avia-bg-style-fixed container_wrap sidebar_right'  data-section-bg-repeat='stretch'><div class='container av-section-cont-open' ><div class='template-page content  av-content-small alpha units'><div class='post-entry post-entry-type-page post-entry-4988'><div class='entry-content-wrapper clearfix'>\n<section  class='av_textblock_section av-c5k6br-8c00feb25c159fd4f96165b906f46dae '   itemscope=\"itemscope\" itemtype=\"https:\/\/schema.org\/CreativeWork\" ><div class='avia_textblock acans-kicker'  itemprop=\"text\" ><p class=\"acans-kicker\">Contacto e atividade<\/p>\n<\/div><\/section>\n\n<style type=\"text\/css\" data-created_by=\"avia_inline_auto\" id=\"style-css-av-bgweg7-244e746b1004f871704ef647d0e760cb\">\n#top .av-special-heading.av-bgweg7-244e746b1004f871704ef647d0e760cb{\npadding-bottom:10px;\n}\nbody .av-special-heading.av-bgweg7-244e746b1004f871704ef647d0e760cb .av-special-heading-tag .heading-char{\nfont-size:25px;\n}\n.av-special-heading.av-bgweg7-244e746b1004f871704ef647d0e760cb .av-subheading{\nfont-size:15px;\n}\n<\/style>\n<div  class='av-special-heading av-bgweg7-244e746b1004f871704ef647d0e760cb av-special-heading-h3 blockquote modern-quote  avia-builder-el-35  el_after_av_textblock  el_before_av_textblock '><h3 class='av-special-heading-tag '  itemprop=\"headline\"  >Falar com a equipa ACANS COMPLIANCE<\/h3><div class=\"special-heading-border\"><div class=\"special-heading-inner-border\"><\/div><\/div><\/div>\n<section  class='av_textblock_section av-9w306v-11aa0c6a6cb188458a88a811543966fc '   itemscope=\"itemscope\" itemtype=\"https:\/\/schema.org\/CreativeWork\" ><div class='avia_textblock acans-lead'  itemprop=\"text\" ><p class=\"text-size-chat leading-relaxed extension:leading-normal my-2\"><span class=\"_inlineMarkdown_3nxm6_25 inline-markdown text-size-chat-sm font-mono blend bg-token-text-code-block-background rounded-sm px-1.5 py-0.5 leading-none extension:bg-token-foreground\/10 electron:bg-token-list-hover-background\/60\">Para qualquer pedido de informa\u00e7\u00e3o, de apresenta\u00e7\u00e3o ou de apresenta\u00e7\u00f5es estrat\u00e9gicas, a nossa equipa est\u00e1 \u00e0 sua disposi\u00e7\u00e3o.<\/span><\/p>\n<\/div><\/section>\n<div  class='avia-buttonrow-wrap av-6xomo7-a93508c204ca030c4904557d1974abcf avia-buttonrow-left  avia-builder-el-37  el_after_av_textblock  el_before_av_hr '>\n\n<style type=\"text\/css\" data-created_by=\"avia_inline_auto\" id=\"style-css-av-6bbdh3-2178c4a23eb9499adae60ab2caa08ca3\">\n#top #wrap_all .avia-button.av-6bbdh3-2178c4a23eb9499adae60ab2caa08ca3{\nmargin-bottom:5px;\nmargin-right:5px;\n}\n<\/style>\n<a href='https:\/\/acans.com\/pt-pt\/contacto\/'  class='avia-button av-6bbdh3-2178c4a23eb9499adae60ab2caa08ca3 avia-icon_select-no avia-size-small avia-color-theme-color'   aria-label=\"Tornar-se Parceiro\"><span class='avia_iconbox_title' >Tornar-se Parceiro<\/span><\/a>\n\n<style type=\"text\/css\" data-created_by=\"avia_inline_auto\" id=\"style-css-av-3s4eqv-2f7f6d2c8180b80949c42fe862af13e2\">\n#top #wrap_all .avia-button.av-3s4eqv-2f7f6d2c8180b80949c42fe862af13e2{\nmargin-bottom:5px;\nmargin-right:5px;\n}\n<\/style>\n<a href='https:\/\/acans.com\/pt-pt\/filiais\/'  class='avia-button av-3s4eqv-2f7f6d2c8180b80949c42fe862af13e2 avia-icon_select-no avia-size-small avia-color-theme-color'   aria-label=\"Outras filiais\"><span class='avia_iconbox_title' >Outras filiais<\/span><\/a>\n<\/div>\n\n<style type=\"text\/css\" data-created_by=\"avia_inline_auto\" id=\"style-css-av-28zvuf-ca4fc9c4784799a662ba2a9fd576e749\">\n#top .hr.hr-invisible.av-28zvuf-ca4fc9c4784799a662ba2a9fd576e749{\nheight:50px;\n}\n<\/style>\n<div  class='hr av-28zvuf-ca4fc9c4784799a662ba2a9fd576e749 hr-invisible  avia-builder-el-38  el_after_av_buttonrow  avia-builder-el-last '><span class='hr-inner '><span class=\"hr-inner-style\"><\/span><\/span><\/div>\n<\/div><\/div><\/div><!-- close content main div --><\/div><\/div><div id='after_section_5'  class='main_color av_default_container_wrap container_wrap sidebar_right'  ><div class='container av-section-cont-open' ><div class='template-page content  av-content-small alpha units'><div class='post-entry post-entry-type-page post-entry-4988'><div class='entry-content-wrapper clearfix'>\n","protected":false},"excerpt":{"rendered":"","protected":false},"author":1,"featured_media":0,"parent":4994,"menu_order":0,"comment_status":"closed","ping_status":"closed","template":"","meta":{"footnotes":""},"class_list":["post-4988","page","type-page","status-publish","hentry"],"_links":{"self":[{"href":"https:\/\/acans.com\/pt-pt\/wp-json\/wp\/v2\/pages\/4988","targetHints":{"allow":["GET"]}}],"collection":[{"href":"https:\/\/acans.com\/pt-pt\/wp-json\/wp\/v2\/pages"}],"about":[{"href":"https:\/\/acans.com\/pt-pt\/wp-json\/wp\/v2\/types\/page"}],"author":[{"embeddable":true,"href":"https:\/\/acans.com\/pt-pt\/wp-json\/wp\/v2\/users\/1"}],"replies":[{"embeddable":true,"href":"https:\/\/acans.com\/pt-pt\/wp-json\/wp\/v2\/comments?post=4988"}],"version-history":[{"count":0,"href":"https:\/\/acans.com\/pt-pt\/wp-json\/wp\/v2\/pages\/4988\/revisions"}],"up":[{"embeddable":true,"href":"https:\/\/acans.com\/pt-pt\/wp-json\/wp\/v2\/pages\/4994"}],"wp:attachment":[{"href":"https:\/\/acans.com\/pt-pt\/wp-json\/wp\/v2\/media?parent=4988"}],"curies":[{"name":"wp","href":"https:\/\/api.w.org\/{rel}","templated":true}]}}