{"id":4941,"date":"2026-03-28T07:55:22","date_gmt":"2026-03-28T06:55:22","guid":{"rendered":"https:\/\/acans.com\/acans-assurance\/"},"modified":"2026-04-12T17:52:33","modified_gmt":"2026-04-12T15:52:33","slug":"acans-assurance","status":"publish","type":"page","link":"https:\/\/acans.com\/pt-pt\/filiais\/acans-assurance\/","title":{"rendered":"Acans Assurance"},"content":{"rendered":"\n<style type=\"text\/css\" data-created_by=\"avia_inline_auto\" id=\"style-css-av-1ktcmbd-ddff591fb8091c6f16ea3209ad0d0d92\">\n.avia-section.av-1ktcmbd-ddff591fb8091c6f16ea3209ad0d0d92{\nbackground-repeat:no-repeat;\nbackground-image:url(https:\/\/acans.com\/wp-content\/uploads\/2026\/04\/BG-ACANS-ASSURANCE.png);\nbackground-position:100% 0%;\nbackground-attachment:fixed;\n}\n<\/style>\n<div id='av_section_1'  class='avia-section av-1ktcmbd-ddff591fb8091c6f16ea3209ad0d0d92 main_color avia-section-default avia-no-border-styling  avia-builder-el-0  el_before_av_section  avia-builder-el-first  acans-hero avia-full-stretch avia-bg-style-fixed av-minimum-height av-minimum-height-custom av-height-custom  container_wrap sidebar_right'  data-section-bg-repeat='stretch' data-av_minimum_height_px='400'><div class='container av-section-cont-open' style='height:400px'><main  role=\"main\" itemprop=\"mainContentOfPage\"  class='template-page content  av-content-small alpha units'><div class='post-entry post-entry-type-page post-entry-4941'><div class='entry-content-wrapper clearfix'>\n<div class='flex_column_table av-1k0rduh-266268233b33945755f9b844d1e4570e sc-av_three_fourth av-equal-height-column-flextable'><div  class='flex_column av-1k0rduh-266268233b33945755f9b844d1e4570e av_three_fourth  avia-builder-el-1  avia-builder-el-no-sibling  first flex_column_table_cell av-equal-height-column av-align-top  '     ><p>\n<style type=\"text\/css\" data-created_by=\"avia_inline_auto\" id=\"style-css-av-mnkc3x36-b4e3b7766a70a68c71a4a153bc600831\">\n#top .av-special-heading.av-mnkc3x36-b4e3b7766a70a68c71a4a153bc600831{\npadding-bottom:10px;\n}\nbody .av-special-heading.av-mnkc3x36-b4e3b7766a70a68c71a4a153bc600831 .av-special-heading-tag .heading-char{\nfont-size:25px;\n}\n.av-special-heading.av-mnkc3x36-b4e3b7766a70a68c71a4a153bc600831 .av-subheading{\nfont-size:15px;\n}\n<\/style>\n<div  class='av-special-heading av-mnkc3x36-b4e3b7766a70a68c71a4a153bc600831 av-special-heading-h3 blockquote modern-quote  avia-builder-el-2  el_before_av_textblock  avia-builder-el-first  acans-title-xl'><h3 class='av-special-heading-tag '  itemprop=\"headline\"  >ACANS ASSURANCE<\/h3><div class=\"special-heading-border\"><div class=\"special-heading-inner-border\"><\/div><\/div><\/div><br \/>\n<section  class='av_textblock_section av-mnkc4uxi-e95eafad928d65cc44d8d7f016db01f7 '   itemscope=\"itemscope\" itemtype=\"https:\/\/schema.org\/CreativeWork\" ><div class='avia_textblock acans-kicker'  itemprop=\"text\" ><p>Solu\u00e7\u00f5es de seguros \u00e0 medida, em total independ\u00eancia<\/p>\n<\/div><\/section><br \/>\n<section  class='av_textblock_section av-mnkc5b0h-7c033a017c2a8f4e75bc0735666017dd '   itemscope=\"itemscope\" itemtype=\"https:\/\/schema.org\/CreativeWork\" ><div class='avia_textblock acans-lead'  itemprop=\"text\" ><p>Cada situa\u00e7\u00e3o patrimonial \u00e9 singular. Os dispositivos de seguros que a acompanham devem s\u00ea-lo tamb\u00e9m.<\/p>\n<\/div><\/section><br \/>\n\n<style type=\"text\/css\" data-created_by=\"avia_inline_auto\" id=\"style-css-av-5gg9h5-3305609eecdef6b6bac4eb6cc386704f\">\n#top .hr.hr-invisible.av-5gg9h5-3305609eecdef6b6bac4eb6cc386704f{\nheight:50px;\n}\n<\/style>\n<div  class='hr av-5gg9h5-3305609eecdef6b6bac4eb6cc386704f hr-invisible  avia-builder-el-5  el_after_av_textblock  el_before_av_buttonrow '><span class='hr-inner '><span class=\"hr-inner-style\"><\/span><\/span><\/div><br \/>\n<div  class='avia-buttonrow-wrap av-1g2laax-a34bf751d1412d9e477d298a0ab7402e avia-buttonrow-left  avia-builder-el-6  el_after_av_hr  avia-builder-el-last '>\n\n<style type=\"text\/css\" data-created_by=\"avia_inline_auto\" id=\"style-css-av-1eoly2h-982fc4022508ebcf0f608df06fba5cd6\">\n#top #wrap_all .avia-button.av-1eoly2h-982fc4022508ebcf0f608df06fba5cd6{\nmargin-bottom:5px;\nmargin-right:5px;\n}\n<\/style>\n<a href='https:\/\/acans.com\/pt-pt\/contacto\/'  class='avia-button av-1eoly2h-982fc4022508ebcf0f608df06fba5cd6 avia-icon_select-no avia-size-small avia-color-theme-color'   aria-label=\"Tornar-se Parceiro\"><span class='avia_iconbox_title' >Tornar-se Parceiro<\/span><\/a>\n\n<style type=\"text\/css\" data-created_by=\"avia_inline_auto\" id=\"style-css-av-1dkyh6h-dbf002dd887ff24fe075563a02809ebe\">\n#top #wrap_all .avia-button.av-1dkyh6h-dbf002dd887ff24fe075563a02809ebe{\nmargin-bottom:5px;\nmargin-right:5px;\n}\n<\/style>\n<a href='https:\/\/acans.com\/pt-pt\/contacto\/'  class='avia-button av-1dkyh6h-dbf002dd887ff24fe075563a02809ebe avia-icon_select-no avia-size-small avia-color-theme-color'   aria-label=\"Aceder \u00e0s nossas ofertas\"><span class='avia_iconbox_title' >Aceder \u00e0s nossas ofertas<\/span><\/a>\n<\/div><\/p><\/div><\/div><!--close column table wrapper. Autoclose: 1 --><\/div><\/div><\/main><!-- close content main element --><\/div><\/div><div id='av_section_2'  class='avia-section av-16vgf2h-6c4677e8b03de2fb0c6307bd67c413b4 main_color avia-section-no-padding avia-no-border-styling  avia-builder-el-7  el_after_av_section  el_before_av_section  acans-section acans-surface-white avia-bg-style-scroll container_wrap sidebar_right'  ><div class='container av-section-cont-open' ><div class='template-page content  av-content-small alpha units'><div class='post-entry post-entry-type-page post-entry-4941'><div class='entry-content-wrapper clearfix'>\n<div  class='flex_column av-15a50nt-ce6824b14644178522aa71d8842a3903 av_one_full  avia-builder-el-8  el_before_av_one_half  avia-builder-el-first  first flex_column_div  '     ><p>\n<style type=\"text\/css\" data-created_by=\"avia_inline_auto\" id=\"style-css-av-12oe3qx-22e44717fe329d20db2a26f858d4ec12\">\n#top .av-special-heading.av-12oe3qx-22e44717fe329d20db2a26f858d4ec12{\npadding-bottom:10px;\n}\nbody .av-special-heading.av-12oe3qx-22e44717fe329d20db2a26f858d4ec12 .av-special-heading-tag .heading-char{\nfont-size:25px;\n}\n.av-special-heading.av-12oe3qx-22e44717fe329d20db2a26f858d4ec12 .av-subheading{\nfont-size:15px;\n}\n<\/style>\n<div  class='av-special-heading av-12oe3qx-22e44717fe329d20db2a26f858d4ec12 av-special-heading-h3 blockquote modern-quote  avia-builder-el-9  el_before_av_textblock  avia-builder-el-first  acans-title-m'><h3 class='av-special-heading-tag '  itemprop=\"headline\"  >A seguran\u00e7a de um corretor especializado ao seu lado<\/h3><div class=\"special-heading-border\"><div class=\"special-heading-inner-border\"><\/div><\/div><\/div><br \/>\n<section  class='av_textblock_section av-mnkc6qg7-5e8e15fc6ddb0fcb842ff0c97144727f '   itemscope=\"itemscope\" itemtype=\"https:\/\/schema.org\/CreativeWork\" ><div class='avia_textblock acans-lead acans-lead-wide'  itemprop=\"text\" ><p>A ACANS ASSURANCE acompanha os profissionais de gest\u00e3o patrimonial, particulares e executivos de empresas na estrutura\u00e7\u00e3o de dispositivos adaptados aos seus desafios financeiros, familiares e profissionais. Enquanto corretor independente, a ACANS ASSURANCE seleciona para cada situa\u00e7\u00e3o as solu\u00e7\u00f5es mais pertinentes junto de companhias rigorosamente referenciadas \u2014 sem gama cativa, sem quota de companhia, sem conflito de interesses. <\/p>\n<p>A nossa abordagem assenta numa an\u00e1lise pr\u00e9via das necessidades e dos riscos, para construir respostas precisas em mat\u00e9ria de prote\u00e7\u00e3o, previd\u00eancia e otimiza\u00e7\u00e3o patrimonial.<\/p>\n<\/div><\/section><\/p><\/div><div  class='flex_column av-11en5mh-ea0aecb89c5f9428cf8c9ec4550a90f0 av_one_half  avia-builder-el-11  el_after_av_one_full  el_before_av_one_half  acans-panel-line first flex_column_div  column-top-margin'     ><p>\n<style type=\"text\/css\" data-created_by=\"avia_inline_auto\" id=\"style-css-av-mnkc9fzq-cfa37749e2001f7d5b744a5382d46807\">\n#top .av-special-heading.av-mnkc9fzq-cfa37749e2001f7d5b744a5382d46807{\npadding-bottom:10px;\n}\nbody .av-special-heading.av-mnkc9fzq-cfa37749e2001f7d5b744a5382d46807 .av-special-heading-tag .heading-char{\nfont-size:25px;\n}\n.av-special-heading.av-mnkc9fzq-cfa37749e2001f7d5b744a5382d46807 .av-subheading{\nfont-size:15px;\n}\n<\/style>\n<div  class='av-special-heading av-mnkc9fzq-cfa37749e2001f7d5b744a5382d46807 av-special-heading-h3 blockquote modern-quote  avia-builder-el-12  el_before_av_textblock  avia-builder-el-first  acans-title-m'><h3 class='av-special-heading-tag '  itemprop=\"headline\"  >Uma oferta para os seus clientes privados<\/h3><div class=\"special-heading-border\"><div class=\"special-heading-inner-border\"><\/div><\/div><\/div><br \/>\n<section  class='av_textblock_section av-mnkc7umw-aa98ae7546138d5d10d7c45ccbe3527e '   itemscope=\"itemscope\" itemtype=\"https:\/\/schema.org\/CreativeWork\" ><div class='avia_textblock'  itemprop=\"text\" ><p><strong>Seguros de pessoas<\/strong><\/p>\n<p>Contratos individuais, familiares ou coletivos de sa\u00fade e de prote\u00e7\u00e3o social, constru\u00eddos de acordo com o perfil e a situa\u00e7\u00e3o de cada cliente.<\/p>\n<p><strong>Previd\u00eancia e prote\u00e7\u00e3o financeira<\/strong><\/p>\n<p>Prote\u00e7\u00e3o dos executivos, dos colaboradores e das suas fam\u00edlias contra as consequ\u00eancias financeiras de um acidente, de uma incapacidade de trabalho ou de um falecimento.<\/p>\n<p><strong>Reforma e constitui\u00e7\u00e3o de capital<\/strong><\/p>\n<p>Estrat\u00e9gias de poupan\u00e7a e de constitui\u00e7\u00e3o de capital constru\u00eddas de acordo com o horizonte de investimento e os objetivos patrimoniais do cliente.<\/p>\n<\/div><\/section><\/p><\/div><div  class='flex_column av-zhdstl-27728429a9be3a8cb916efb8684ccfdb av_one_half  avia-builder-el-14  el_after_av_one_half  avia-builder-el-last  acans-panel-line flex_column_div  column-top-margin'     ><p>\n<style type=\"text\/css\" data-created_by=\"avia_inline_auto\" id=\"style-css-av-mnkcaggs-e065870d76c032601ee85c79c4d332e9\">\n#top .av-special-heading.av-mnkcaggs-e065870d76c032601ee85c79c4d332e9{\npadding-bottom:10px;\n}\nbody .av-special-heading.av-mnkcaggs-e065870d76c032601ee85c79c4d332e9 .av-special-heading-tag .heading-char{\nfont-size:25px;\n}\n.av-special-heading.av-mnkcaggs-e065870d76c032601ee85c79c4d332e9 .av-subheading{\nfont-size:15px;\n}\n<\/style>\n<div  class='av-special-heading av-mnkcaggs-e065870d76c032601ee85c79c4d332e9 av-special-heading-h3 blockquote modern-quote  avia-builder-el-15  el_before_av_textblock  avia-builder-el-first  acans-title-m'><h3 class='av-special-heading-tag '  itemprop=\"headline\"  >Uma oferta para os seus clientes corporativos<\/h3><div class=\"special-heading-border\"><div class=\"special-heading-inner-border\"><\/div><\/div><\/div><br \/>\n<section  class='av_textblock_section av-mnkcca9v-02ba55ec172ea6e08a18fa8be44d7cf1 '   itemscope=\"itemscope\" itemtype=\"https:\/\/schema.org\/CreativeWork\" ><div class='avia_textblock'  itemprop=\"text\" ><p><strong>Consultoria em estrat\u00e9gia social das empresas<\/strong><\/p>\n<p>Estrutura\u00e7\u00e3o e otimiza\u00e7\u00e3o dos dispositivos de prote\u00e7\u00e3o social numa l\u00f3gica de atratividade, de prote\u00e7\u00e3o e de coer\u00eancia a longo prazo.<\/p>\n<p><strong>Responsabilidade e prote\u00e7\u00e3o de bens<\/strong><\/p>\n<p>Coberturas de responsabilidade civil e de prote\u00e7\u00e3o de bens, calibradas para limitar a exposi\u00e7\u00e3o financeira em caso de incidente ou de lit\u00edgio.<\/p>\n<p><strong>Reforma e seguros coletivos<\/strong><\/p>\n<p>Estrat\u00e9gias de poupan\u00e7a e de constitui\u00e7\u00e3o de capital constru\u00eddas de acordo com o horizonte de investimento e os objetivos patrimoniais do cliente.<\/p>\n<\/div><\/section><\/p><\/div>\n<\/p>\n<\/div><\/div><\/div><!-- close content main div --><\/div><\/div>\n<style type=\"text\/css\" data-created_by=\"avia_inline_auto\" id=\"style-css-av-xhus7d-a46701af58fc008b67356e14b9f729ee\">\n.avia-section.av-xhus7d-a46701af58fc008b67356e14b9f729ee{\nbackground-repeat:no-repeat;\nbackground-image:url(https:\/\/acans.com\/wp-content\/uploads\/2026\/04\/BG-ACANS-ASSURANCE.png);\nbackground-position:100% 50%;\nbackground-attachment:fixed;\n}\n<\/style>\n<div id='av_section_3'  class='avia-section av-xhus7d-a46701af58fc008b67356e14b9f729ee main_color avia-section-no-padding avia-no-border-styling  avia-builder-el-17  el_after_av_section  el_before_av_section  acans-section acans-section-divider avia-full-stretch avia-bg-style-fixed container_wrap sidebar_right'  data-section-bg-repeat='stretch'><div class='container av-section-cont-open' ><div class='template-page content  av-content-small alpha units'><div class='post-entry post-entry-type-page post-entry-4941'><div class='entry-content-wrapper clearfix'>\n<div  class='flex_column av-wwywax-4605ccf8473c7c1e085f26b2df382f46 av_one_third  avia-builder-el-18  el_before_av_one_third  avia-builder-el-first  acans-panel-line first flex_column_div  '     ><section  class='av_textblock_section av-u3wkd5-e9ad59354329d3ba3b97f793e3a774ed '   itemscope=\"itemscope\" itemtype=\"https:\/\/schema.org\/CreativeWork\" ><div class='avia_textblock'  itemprop=\"text\" ><p><strong><span style=\"color: #1b6b73;\">POSICIONAMENTO<\/span><\/strong><\/p>\n<p class=\"text-size-chat leading-relaxed extension:leading-normal my-2\"><span class=\"_inlineMarkdown_3nxm6_25 inline-markdown text-size-chat-sm font-mono blend bg-token-text-code-block-background rounded-sm px-1.5 py-0.5 leading-none extension:bg-token-foreground\/10 electron:bg-token-list-hover-background\/60\">Uma oferta clara, sustentada por uma especializa\u00e7\u00e3o definida e uma capacidade de responder a desafios espec\u00edficos no seu dom\u00ednio de interven\u00e7\u00e3o.<\/span><\/p>\n<\/div><\/section><\/div><div  class='flex_column av-sudz61-5bc83259e927da55ccdc6805c6315e9d av_one_third  avia-builder-el-20  el_after_av_one_third  el_before_av_one_third  acans-panel-line flex_column_div  '     ><section  class='av_textblock_section av-rkq12h-0fce3e7d6d383cfe3ec528c641c1ecd2 '   itemscope=\"itemscope\" itemtype=\"https:\/\/schema.org\/CreativeWork\" ><div class='avia_textblock'  itemprop=\"text\" ><p><strong><span style=\"color: #1b6b73;\">DIRE\u00c7\u00c3O<\/span><\/strong><\/p>\n<p>Uma entidade representada por uma dire\u00e7\u00e3o identificada, ao servi\u00e7o de uma vis\u00e3o de longo prazo, de elevados padr\u00f5es operacionais e do desenvolvimento da filial.<\/p>\n<\/div><\/section><\/div><div  class='flex_column av-pfxr6h-52f30ebc5e2ef1cea2b19b0214743f6b av_one_third  avia-builder-el-22  el_after_av_one_third  avia-builder-el-last  acans-panel-line flex_column_div  '     ><section  class='av_textblock_section av-no9vgp-fdab815b05ff7e1d4253d8906f0a1256 '   itemscope=\"itemscope\" itemtype=\"https:\/\/schema.org\/CreativeWork\" ><div class='avia_textblock'  itemprop=\"text\" ><p><strong><span style=\"color: #1b6b73;\">DESENVOLVIMENTO<\/span><\/strong><\/p>\n<p>Uma trajet\u00f3ria fundada na coer\u00eancia estrat\u00e9gica, na qualidade de execu\u00e7\u00e3o e na integra\u00e7\u00e3o na ambi\u00e7\u00e3o europeia do grupo.<\/p>\n<\/div><\/section><\/div>\n\n<\/div><\/div><\/div><!-- close content main div --><\/div><\/div><div id='av_section_4'  class='avia-section av-m9syih-93684af2c2187e54fb2d1e64f3c89edc main_color avia-section-default avia-no-border-styling  avia-builder-el-24  el_after_av_section  el_before_av_section  acans-section-tight avia-bg-style-scroll container_wrap sidebar_right'  ><div class='container av-section-cont-open' ><div class='template-page content  av-content-small alpha units'><div class='post-entry post-entry-type-page post-entry-4941'><div class='entry-content-wrapper clearfix'>\n<div  class='flex_column av-l19iqx-cad502ee3570540117253f2749f6842f av_one_half  avia-builder-el-25  el_before_av_one_half  avia-builder-el-first  acans-panel-line first flex_column_div  '     ><section  class='av_textblock_section av-1uz4jt-5f958c5e816ff2b6bd8325a1e4ba883b '   itemscope=\"itemscope\" itemtype=\"https:\/\/schema.org\/CreativeWork\" ><div class='avia_textblock'  itemprop=\"text\" ><p>UMA ORGANIZA\u00c7\u00c3O DE GRUPO<\/p>\n<p>A din\u00e2mica do grupo assenta numa articula\u00e7\u00e3o clara entre vis\u00e3o de conjunto, expertises especializadas e ancoragens operacionais.<\/p>\n<\/div><\/section><\/div><div  class='flex_column av-gwnaq1-f78f566118084c7f68422e11695d2311 av_one_half  avia-builder-el-27  el_after_av_one_half  avia-builder-el-last  acans-panel-line flex_column_div  '     ><section  class='av_textblock_section av-gckzmx-987ca139e02b47879a53c82d90ba8d37 '   itemscope=\"itemscope\" itemtype=\"https:\/\/schema.org\/CreativeWork\" ><div class='avia_textblock'  itemprop=\"text\" ><p>ENTIDADES COMPLEMENTARES<\/p>\n<p>Cada filial contribui para a identidade de conjunto atrav\u00e9s do seu posicionamento, do seu dirigente, da sua especialidade e da sua capacidade de responder a desafios espec\u00edficos.<\/p>\n<\/div><\/section><\/div>\n\n<\/div><\/div><\/div><!-- close content main div --><\/div><\/div>\n<style type=\"text\/css\" data-created_by=\"avia_inline_auto\" id=\"style-css-av-dw2wk9-22af78b58be70efb3237ab9218f4c090\">\n.avia-section.av-dw2wk9-22af78b58be70efb3237ab9218f4c090{\nbackground-repeat:no-repeat;\nbackground-image:url(https:\/\/acans.com\/wp-content\/uploads\/2026\/04\/BG-ACANS-ASSURANCE.png);\nbackground-position:100% 100%;\nbackground-attachment:fixed;\n}\n<\/style>\n<div id='av_section_5'  class='avia-section av-dw2wk9-22af78b58be70efb3237ab9218f4c090 main_color avia-section-no-padding avia-no-border-styling  avia-builder-el-29  el_after_av_section  avia-builder-el-last  avia-full-stretch avia-bg-style-fixed container_wrap sidebar_right'  data-section-bg-repeat='stretch'><div class='container av-section-cont-open' ><div class='template-page content  av-content-small alpha units'><div class='post-entry post-entry-type-page post-entry-4941'><div class='entry-content-wrapper clearfix'>\n<section  class='av_textblock_section av-cd0b3t-1a9a931d793fd3e7423f03c13708a0d5 '   itemscope=\"itemscope\" itemtype=\"https:\/\/schema.org\/CreativeWork\" ><div class='avia_textblock acans-kicker'  itemprop=\"text\" ><p class=\"acans-kicker\">Contacto e atividade<\/p>\n<\/div><\/section>\n\n<style type=\"text\/css\" data-created_by=\"avia_inline_auto\" id=\"style-css-av-ai06op-f456808faabfcf7ae1deaab1cbacd0ed\">\n#top .av-special-heading.av-ai06op-f456808faabfcf7ae1deaab1cbacd0ed{\npadding-bottom:10px;\n}\nbody .av-special-heading.av-ai06op-f456808faabfcf7ae1deaab1cbacd0ed .av-special-heading-tag .heading-char{\nfont-size:25px;\n}\n.av-special-heading.av-ai06op-f456808faabfcf7ae1deaab1cbacd0ed .av-subheading{\nfont-size:15px;\n}\n<\/style>\n<div  class='av-special-heading av-ai06op-f456808faabfcf7ae1deaab1cbacd0ed av-special-heading-h3 blockquote modern-quote  avia-builder-el-31  el_after_av_textblock  el_before_av_textblock '><h3 class='av-special-heading-tag '  itemprop=\"headline\"  >Contactar a equipa ACANS ASSURANCE<\/h3><div class=\"special-heading-border\"><div class=\"special-heading-inner-border\"><\/div><\/div><\/div>\n<section  class='av_textblock_section av-x64tl-2bd2b18ffe409b4d3e175f000a347b77 '   itemscope=\"itemscope\" itemtype=\"https:\/\/schema.org\/CreativeWork\" ><div class='avia_textblock acans-lead'  itemprop=\"text\" ><p class=\"text-size-chat leading-relaxed extension:leading-normal my-2\"><span class=\"_inlineMarkdown_3nxm6_25 inline-markdown text-size-chat-sm font-mono blend bg-token-text-code-block-background rounded-sm px-1.5 py-0.5 leading-none extension:bg-token-foreground\/10 electron:bg-token-list-hover-background\/60\">Para qualquer pedido de informa\u00e7\u00e3o, de apresenta\u00e7\u00e3o ou de apresenta\u00e7\u00f5es estrat\u00e9gicas, a nossa equipa est\u00e1 \u00e0 sua disposi\u00e7\u00e3o.<\/span><\/p>\n<\/div><\/section>\n<div  class='avia-buttonrow-wrap av-77f2ex-e3ecb587a8583a4ef458101ddc02e137 avia-buttonrow-left  avia-builder-el-33  el_after_av_textblock  el_before_av_hr '>\n\n<style type=\"text\/css\" data-created_by=\"avia_inline_auto\" id=\"style-css-av-jjy7t-912a498b12a53ab462e7dcf8a6a54e28\">\n#top #wrap_all .avia-button.av-jjy7t-912a498b12a53ab462e7dcf8a6a54e28{\nmargin-bottom:5px;\nmargin-right:5px;\n}\n<\/style>\n<a href='https:\/\/acans.com\/pt-pt\/contacto\/'  class='avia-button av-jjy7t-912a498b12a53ab462e7dcf8a6a54e28 avia-icon_select-no avia-size-small avia-color-theme-color'   aria-label=\"Tornar-se Parceiro\"><span class='avia_iconbox_title' >Tornar-se Parceiro<\/span><\/a>\n\n<style type=\"text\/css\" data-created_by=\"avia_inline_auto\" id=\"style-css-av-3o4dk9-efecf9d37e614373a61a375801768f3a\">\n#top #wrap_all .avia-button.av-3o4dk9-efecf9d37e614373a61a375801768f3a{\nmargin-bottom:5px;\nmargin-right:5px;\n}\n<\/style>\n<a href='https:\/\/acans.com\/pt-pt\/filiais\/'  class='avia-button av-3o4dk9-efecf9d37e614373a61a375801768f3a avia-icon_select-no avia-size-small avia-color-theme-color'   aria-label=\"Outras filiais\"><span class='avia_iconbox_title' >Outras filiais<\/span><\/a>\n<\/div>\n\n<style type=\"text\/css\" data-created_by=\"avia_inline_auto\" id=\"style-css-av-341urd-85d4ee5d1a8e88a4f205f7a4894d47ef\">\n#top .hr.hr-invisible.av-341urd-85d4ee5d1a8e88a4f205f7a4894d47ef{\nheight:50px;\n}\n<\/style>\n<div  class='hr av-341urd-85d4ee5d1a8e88a4f205f7a4894d47ef hr-invisible  avia-builder-el-34  el_after_av_buttonrow  avia-builder-el-last '><span class='hr-inner '><span class=\"hr-inner-style\"><\/span><\/span><\/div>\n<\/div><\/div><\/div><!-- close content main div --><\/div><\/div><div id='after_section_5'  class='main_color av_default_container_wrap container_wrap sidebar_right'  ><div class='container av-section-cont-open' ><div class='template-page content  av-content-small alpha units'><div class='post-entry post-entry-type-page post-entry-4941'><div class='entry-content-wrapper clearfix'>\n","protected":false},"excerpt":{"rendered":"","protected":false},"author":1,"featured_media":0,"parent":4994,"menu_order":0,"comment_status":"closed","ping_status":"closed","template":"","meta":{"footnotes":""},"class_list":["post-4941","page","type-page","status-publish","hentry"],"_links":{"self":[{"href":"https:\/\/acans.com\/pt-pt\/wp-json\/wp\/v2\/pages\/4941","targetHints":{"allow":["GET"]}}],"collection":[{"href":"https:\/\/acans.com\/pt-pt\/wp-json\/wp\/v2\/pages"}],"about":[{"href":"https:\/\/acans.com\/pt-pt\/wp-json\/wp\/v2\/types\/page"}],"author":[{"embeddable":true,"href":"https:\/\/acans.com\/pt-pt\/wp-json\/wp\/v2\/users\/1"}],"replies":[{"embeddable":true,"href":"https:\/\/acans.com\/pt-pt\/wp-json\/wp\/v2\/comments?post=4941"}],"version-history":[{"count":0,"href":"https:\/\/acans.com\/pt-pt\/wp-json\/wp\/v2\/pages\/4941\/revisions"}],"up":[{"embeddable":true,"href":"https:\/\/acans.com\/pt-pt\/wp-json\/wp\/v2\/pages\/4994"}],"wp:attachment":[{"href":"https:\/\/acans.com\/pt-pt\/wp-json\/wp\/v2\/media?parent=4941"}],"curies":[{"name":"wp","href":"https:\/\/api.w.org\/{rel}","templated":true}]}}