{"id":4804,"date":"2026-04-05T09:29:53","date_gmt":"2026-04-05T07:29:53","guid":{"rendered":"https:\/\/acans.com\/comite-de-compliance\/"},"modified":"2026-04-12T17:48:35","modified_gmt":"2026-04-12T15:48:35","slug":"comite-de-compliance","status":"publish","type":"page","link":"https:\/\/acans.com\/pt-pt\/comite-de-compliance\/","title":{"rendered":"Comit\u00e9 de compliance"},"content":{"rendered":"\n<style type=\"text\/css\" data-created_by=\"avia_inline_auto\" id=\"style-css-av-6i80ou-5676c0eb5626506f7792de8668a16d06\">\n.avia-section.av-6i80ou-5676c0eb5626506f7792de8668a16d06{\nbackground-repeat:no-repeat;\nbackground-image:url(https:\/\/acans.com\/wp-content\/uploads\/2026\/04\/BG2-ACANS-COMITTEE.png);\nbackground-position:100% 50%;\nbackground-attachment:fixed;\n}\n<\/style>\n<div id='av_section_1'  class='avia-section av-6i80ou-5676c0eb5626506f7792de8668a16d06 main_color avia-section-default avia-no-border-styling  avia-builder-el-0  el_before_av_section  avia-builder-el-first  acans-hero avia-full-stretch avia-bg-style-fixed av-minimum-height av-minimum-height-custom av-height-custom  container_wrap sidebar_right'  data-section-bg-repeat='stretch' data-av_minimum_height_px='400'><div class='container av-section-cont-open' style='height:400px'><main  role=\"main\" itemprop=\"mainContentOfPage\"  class='template-page content  av-content-small alpha units'><div class='post-entry post-entry-type-page post-entry-4804'><div class='entry-content-wrapper clearfix'>\n<div class='flex_column_table av-1r4ni8u-2fbdfc2b2356408069ccddc2c683e47c sc-av_one_full av-equal-height-column-flextable'><div  class='flex_column av-1r4ni8u-2fbdfc2b2356408069ccddc2c683e47c av_one_full  avia-builder-el-1  avia-builder-el-no-sibling  first flex_column_table_cell av-equal-height-column av-align-top  '     ><p>\n<style type=\"text\/css\" data-created_by=\"avia_inline_auto\" id=\"style-css-av-mnlg1qe1-993b83c01d24897b42bfb345393b4854\">\n#top .av-special-heading.av-mnlg1qe1-993b83c01d24897b42bfb345393b4854{\npadding-bottom:10px;\n}\nbody .av-special-heading.av-mnlg1qe1-993b83c01d24897b42bfb345393b4854 .av-special-heading-tag .heading-char{\nfont-size:25px;\n}\n.av-special-heading.av-mnlg1qe1-993b83c01d24897b42bfb345393b4854 .av-subheading{\nfont-size:15px;\n}\n<\/style>\n<div  class='av-special-heading av-mnlg1qe1-993b83c01d24897b42bfb345393b4854 av-special-heading-h3 blockquote modern-quote  avia-builder-el-2  el_before_av_textblock  avia-builder-el-first  acans-title-hero'><h3 class='av-special-heading-tag '  itemprop=\"headline\"  >Comit\u00e9 de compliance<\/h3><div class=\"special-heading-border\"><div class=\"special-heading-inner-border\"><\/div><\/div><\/div><br \/>\n<section  class='av_textblock_section av-mnlg49od-3e6517f23cf3d116f8d3478fc0b4a6cd '   itemscope=\"itemscope\" itemtype=\"https:\/\/schema.org\/CreativeWork\" ><div class='avia_textblock acans-kicker'  itemprop=\"text\" ><p class=\"p1\">Apoiar, propor, controlar<\/p>\n<\/div><\/section><br \/>\n<section  class='av_textblock_section av-mnlg5wth-8c7781cdefce2f56f4a8a297523d63d0 '   itemscope=\"itemscope\" itemtype=\"https:\/\/schema.org\/CreativeWork\" ><div class='avia_textblock acans-lead'  itemprop=\"text\" ><p class=\"p1\">O papel do nosso Comit\u00e9 de compliance consiste em fornecer aos executivos do grupo uma expertise aprofundada, an\u00e1lises rigorosas e recomenda\u00e7\u00f5es baseadas em dados comprovados para orientar as suas decis\u00f5es estrat\u00e9gicas e operacionais.<\/p>\n<\/div><\/section><\/p><\/div><\/div><!--close column table wrapper. Autoclose: 1 -->\n\n<\/div><\/div><\/main><!-- close content main element --><\/div><\/div><div id='av_section_2'  class='avia-section av-2tzuy6-5fbb407f11eaf8d4317f798ed7295cf7 main_color avia-section-default avia-no-border-styling  avia-builder-el-5  el_after_av_section  el_before_av_section  avia-bg-style-fixed container_wrap sidebar_right'  ><div class='container av-section-cont-open' ><div class='template-page content  av-content-small alpha units'><div class='post-entry post-entry-type-page post-entry-4804'><div class='entry-content-wrapper clearfix'>\n<div  class='flex_column av-1jjzem6-320136b4bd2439d2cd870713cc31f627 av_one_full  avia-builder-el-6  avia-builder-el-no-sibling  first flex_column_div  '     ><p>\n<style type=\"text\/css\" data-created_by=\"avia_inline_auto\" id=\"style-css-av-1glyj7i-c1c627f4d958c7a184175fde37d5bfd7\">\n#top .av-special-heading.av-1glyj7i-c1c627f4d958c7a184175fde37d5bfd7{\nmargin:0px 0px 0px 0px;\npadding-bottom:10px;\n}\nbody .av-special-heading.av-1glyj7i-c1c627f4d958c7a184175fde37d5bfd7 .av-special-heading-tag .heading-char{\nfont-size:25px;\n}\n.av-special-heading.av-1glyj7i-c1c627f4d958c7a184175fde37d5bfd7 .av-subheading{\nfont-size:15px;\n}\n<\/style>\n<div  class='av-special-heading av-1glyj7i-c1c627f4d958c7a184175fde37d5bfd7 av-special-heading-h2 blockquote modern-quote  avia-builder-el-7  el_before_av_textblock  avia-builder-el-first  acans-title-m'><h2 class='av-special-heading-tag '  itemprop=\"headline\"  >Uma governan\u00e7a de constru\u00e7\u00e3o<\/h2><div class=\"special-heading-border\"><div class=\"special-heading-inner-border\"><\/div><\/div><\/div><br \/>\n<section  class='av_textblock_section av-1dulace-28ac3e0a89c68a4793428cae2e87ed0f '   itemscope=\"itemscope\" itemtype=\"https:\/\/schema.org\/CreativeWork\" ><div class='avia_textblock acans-text-body'  itemprop=\"text\" ><p class=\"p1\">O ACANS EURO GROUP re\u00fane executivos com perfis e expertise complementares, empenhados na estrutura\u00e7\u00e3o, desenvolvimento e supervis\u00e3o das atividades do grupo. Esta organiza\u00e7\u00e3o permite articular a vis\u00e3o estrat\u00e9gica, a coordena\u00e7\u00e3o operacional e o dom\u00ednio dos equil\u00edbrios pr\u00f3prios de cada neg\u00f3cio. <\/p>\n<p class=\"p1\">Para al\u00e9m das responsabilidades individuais, esta governan\u00e7a baseia-se numa l\u00f3gica de coordena\u00e7\u00e3o estreita entre os executivos e as filiais, a fim de garantir a coer\u00eancia das decis\u00f5es, a qualidade da execu\u00e7\u00e3o e a solidez do desenvolvimento empreendido.<\/p>\n<\/div><\/section><\/p><\/div>\n\n<\/div><\/div><\/div><!-- close content main div --><\/div><\/div>\n<style type=\"text\/css\" data-created_by=\"avia_inline_auto\" id=\"style-css-av-lr5gq6-bc3f407e3076bf21cb824b5af3223946\">\n.avia-section.av-lr5gq6-bc3f407e3076bf21cb824b5af3223946{\nbackground-repeat:no-repeat;\nbackground-image:url(https:\/\/acans.com\/wp-content\/uploads\/2026\/04\/BG2-ACANS-COMITTEE.png);\nbackground-position:100% 50%;\nbackground-attachment:fixed;\n}\n<\/style>\n<div id='av_section_3'  class='avia-section av-lr5gq6-bc3f407e3076bf21cb824b5af3223946 main_color avia-section-default avia-no-border-styling  avia-builder-el-9  el_after_av_section  el_before_av_section  avia-bg-style-fixed container_wrap sidebar_right'  data-section-bg-repeat='no-repeat'><div class='container av-section-cont-open' ><div class='template-page content  av-content-small alpha units'><div class='post-entry post-entry-type-page post-entry-4804'><div class='entry-content-wrapper clearfix'>\n<div class='flex_column_table av-ktajjy-e9d8ed2ed45e8a09439ca57eac564bf5 sc-av_one_third av-equal-height-column-flextable'>\n<style type=\"text\/css\" data-created_by=\"avia_inline_auto\" id=\"style-css-av-ktajjy-e9d8ed2ed45e8a09439ca57eac564bf5\">\n.flex_column.av-ktajjy-e9d8ed2ed45e8a09439ca57eac564bf5{\npadding:15px 15px 15px 15px;\nbackground-color:rgba(255,255,255,0.7);\n}\n<\/style>\n<div  class='flex_column av-ktajjy-e9d8ed2ed45e8a09439ca57eac564bf5 av_one_third  avia-builder-el-10  el_before_av_one_third  avia-builder-el-first  first flex_column_table_cell av-equal-height-column av-align-top  '     ><p>\n<style type=\"text\/css\" data-created_by=\"avia_inline_auto\" id=\"style-css-av-1ws33y-6f33989558e4fb4a2b1fbd151130af52\">\n#top .av-special-heading.av-1ws33y-6f33989558e4fb4a2b1fbd151130af52{\nmargin:0px 0 0 0;\npadding-bottom:10px;\n}\nbody .av-special-heading.av-1ws33y-6f33989558e4fb4a2b1fbd151130af52 .av-special-heading-tag .heading-char{\nfont-size:25px;\n}\n.av-special-heading.av-1ws33y-6f33989558e4fb4a2b1fbd151130af52 .av-subheading{\nfont-size:15px;\n}\n<\/style>\n<div  class='av-special-heading av-1ws33y-6f33989558e4fb4a2b1fbd151130af52 av-special-heading-h3 blockquote modern-quote  avia-builder-el-11  el_before_av_textblock  avia-builder-el-first  acans-title-s'><h3 class='av-special-heading-tag '  itemprop=\"headline\"  >Consultoria estrat\u00e9gica<\/h3><div class=\"special-heading-border\"><div class=\"special-heading-inner-border\"><\/div><\/div><\/div><br \/>\n<section  class='av_textblock_section av-mnlj72sf-bc3e7f6b27506359d8ff16af5ab9b9d5 '   itemscope=\"itemscope\" itemtype=\"https:\/\/schema.org\/CreativeWork\" ><div class='avia_textblock acans-text-body acans-panel-line'  itemprop=\"text\" ><p>O papel do nosso Comit\u00e9 de compliance consiste em fornecer aos executivos do ACANS EURO GROUP uma expertise aprofundada, an\u00e1lises rigorosas e recomenda\u00e7\u00f5es baseadas em dados comprovados para orientar as suas decis\u00f5es estrat\u00e9gicas e operacionais.<\/p>\n<\/div><\/section><\/p><\/div><div class='av-flex-placeholder'><\/div>\n<style type=\"text\/css\" data-created_by=\"avia_inline_auto\" id=\"style-css-av-az0zgu-f1b22a09f857ff18b406e54faf856ae0\">\n.flex_column.av-az0zgu-f1b22a09f857ff18b406e54faf856ae0{\npadding:15px 15px 15px 15px;\nbackground-color:rgba(255,255,255,0.7);\n}\n<\/style>\n<div  class='flex_column av-az0zgu-f1b22a09f857ff18b406e54faf856ae0 av_one_third  avia-builder-el-13  el_after_av_one_third  el_before_av_one_third  flex_column_table_cell av-equal-height-column av-align-top  '     ><p>\n<style type=\"text\/css\" data-created_by=\"avia_inline_auto\" id=\"style-css-av-8xj0u6-d0d027af1d5aacd44c53cae249b5e0e1\">\n#top .av-special-heading.av-8xj0u6-d0d027af1d5aacd44c53cae249b5e0e1{\npadding-bottom:10px;\n}\nbody .av-special-heading.av-8xj0u6-d0d027af1d5aacd44c53cae249b5e0e1 .av-special-heading-tag .heading-char{\nfont-size:25px;\n}\n.av-special-heading.av-8xj0u6-d0d027af1d5aacd44c53cae249b5e0e1 .av-subheading{\nfont-size:15px;\n}\n<\/style>\n<div  class='av-special-heading av-8xj0u6-d0d027af1d5aacd44c53cae249b5e0e1 av-special-heading-h3 blockquote modern-quote  avia-builder-el-14  el_before_av_textblock  avia-builder-el-first  acans-title-s'><h3 class='av-special-heading-tag '  itemprop=\"headline\"  >Inova\u00e7\u00e3o e Investiga\u00e7\u00e3o<\/h3><div class=\"special-heading-border\"><div class=\"special-heading-inner-border\"><\/div><\/div><\/div><br \/>\n<section  class='av_textblock_section av-7udrta-51bb5873b46e62c442e229e5001ee0f5 '   itemscope=\"itemscope\" itemtype=\"https:\/\/schema.org\/CreativeWork\" ><div class='avia_textblock acans-text-body acans-panel-line'  itemprop=\"text\" ><p>O Comit\u00e9 poder\u00e1 contribuir para o desenvolvimento de novas abordagens, como a integra\u00e7\u00e3o da intelig\u00eancia artificial, participar na elabora\u00e7\u00e3o dos diferentes modelos de avalia\u00e7\u00e3o de riscos, bem como na pol\u00edtica da nossa oferta de produtos, e trazer o benef\u00edcio de uma vis\u00e3o externa de primeiro plano.<\/p>\n<\/div><\/section><\/p><\/div><div class='av-flex-placeholder'><\/div>\n<style type=\"text\/css\" data-created_by=\"avia_inline_auto\" id=\"style-css-av-5ac5ou-d5d8e977db8157145c8f69c3c88dc60a\">\n.flex_column.av-5ac5ou-d5d8e977db8157145c8f69c3c88dc60a{\npadding:15px 15px 15px 15px;\nbackground-color:rgba(255,255,255,0.7);\n}\n<\/style>\n<div  class='flex_column av-5ac5ou-d5d8e977db8157145c8f69c3c88dc60a av_one_third  avia-builder-el-16  el_after_av_one_third  avia-builder-el-last  flex_column_table_cell av-equal-height-column av-align-top  '     ><p>\n<style type=\"text\/css\" data-created_by=\"avia_inline_auto\" id=\"style-css-av-4isfj2-c12caf5992b7cf64380f1e6998ac4c50\">\n#top .av-special-heading.av-4isfj2-c12caf5992b7cf64380f1e6998ac4c50{\npadding-bottom:10px;\n}\nbody .av-special-heading.av-4isfj2-c12caf5992b7cf64380f1e6998ac4c50 .av-special-heading-tag .heading-char{\nfont-size:25px;\n}\n.av-special-heading.av-4isfj2-c12caf5992b7cf64380f1e6998ac4c50 .av-subheading{\nfont-size:15px;\n}\n<\/style>\n<div  class='av-special-heading av-4isfj2-c12caf5992b7cf64380f1e6998ac4c50 av-special-heading-h3 blockquote modern-quote  avia-builder-el-17  el_before_av_textblock  avia-builder-el-first  acans-title-s'><h3 class='av-special-heading-tag '  itemprop=\"headline\"  >Compliance e Regula\u00e7\u00e3o<\/h3><div class=\"special-heading-border\"><div class=\"special-heading-inner-border\"><\/div><\/div><\/div><br \/>\n<section  class='av_textblock_section av-24z83y-36256a0f5d845846f192555ab106171b '   itemscope=\"itemscope\" itemtype=\"https:\/\/schema.org\/CreativeWork\" ><div class='avia_textblock acans-text-body acans-panel-line'  itemprop=\"text\" ><p>O Comit\u00e9 assegurar\u00e1 que as pr\u00e1ticas cumprem as normas regulamentares, propondo simultaneamente ajustamentos face \u00e0s evolu\u00e7\u00f5es legais ou econ\u00f3micas.<\/p>\n<\/div><\/section><\/p><\/div><\/div><!--close column table wrapper. Autoclose: 1 -->\n\n<\/div><\/div><\/div><!-- close content main div --><\/div><\/div><div id='av_section_4'  class='avia-section av-1q13gta-37304b94515138084f71327c766d2248 main_color avia-section-default avia-no-border-styling  avia-builder-el-19  el_after_av_section  el_before_av_section  avia-bg-style-scroll container_wrap sidebar_right'  ><div class='container av-section-cont-open' ><div class='template-page content  av-content-small alpha units'><div class='post-entry post-entry-type-page post-entry-4804'><div class='entry-content-wrapper clearfix'>\n<div  class='flex_column av-1buhh9q-9adead58dbe2d24aa9293bdc9e5e83e0 av_one_full  avia-builder-el-20  el_before_av_one_fifth  avia-builder-el-first  first flex_column_div  '     ><style type=\"text\/css\" data-created_by=\"avia_inline_auto\" id=\"style-css-av-mnlg7wx6-16e22bed1e80e9c2e2d45fc9650009d4\">\n#top .av-special-heading.av-mnlg7wx6-16e22bed1e80e9c2e2d45fc9650009d4{\nmargin:0px 0px 0px 0px;\npadding-bottom:10px;\n}\nbody .av-special-heading.av-mnlg7wx6-16e22bed1e80e9c2e2d45fc9650009d4 .av-special-heading-tag .heading-char{\nfont-size:25px;\n}\n.av-special-heading.av-mnlg7wx6-16e22bed1e80e9c2e2d45fc9650009d4 .av-subheading{\nfont-size:15px;\n}\n<\/style>\n<div  class='av-special-heading av-mnlg7wx6-16e22bed1e80e9c2e2d45fc9650009d4 av-special-heading-h2 blockquote modern-quote  avia-builder-el-21  avia-builder-el-no-sibling  acans-title-m'><h2 class='av-special-heading-tag '  itemprop=\"headline\"  >Membros do Comit\u00e9<\/h2><div class=\"special-heading-border\"><div class=\"special-heading-inner-border\"><\/div><\/div><\/div><\/div><div  class='flex_column av-huo0u-2b955fd56fb72e4018cc90e787dda594 av_one_fifth  avia-builder-el-22  el_after_av_one_full  el_before_av_four_fifth  first flex_column_div  column-top-margin'     ><section  class='avia-team-member av-mnlg6xdh-f8399be25ed9a8b1e8da69c634136dc9  avia-builder-el-23  avia-builder-el-no-sibling '  itemscope=\"itemscope\" itemtype=\"https:\/\/schema.org\/Person\" ><div class=\"team-img-container\"><img decoding=\"async\" fetchpriority=\"high\" class='wp-image-4813 avia-img-lazy-loading-not-4813 avia_image avia_image_team' src=\"https:\/\/acans.com\/wp-content\/uploads\/2026\/04\/ACANS-Group-Portraits_4-2_NB-scaled.jpg\" alt=''  itemprop=\"image\"   height=\"2560\" width=\"1920\" srcset=\"https:\/\/acans.com\/wp-content\/uploads\/2026\/04\/ACANS-Group-Portraits_4-2_NB-scaled.jpg 1920w, https:\/\/acans.com\/wp-content\/uploads\/2026\/04\/ACANS-Group-Portraits_4-2_NB-225x300.jpg 225w, https:\/\/acans.com\/wp-content\/uploads\/2026\/04\/ACANS-Group-Portraits_4-2_NB-773x1030.jpg 773w, https:\/\/acans.com\/wp-content\/uploads\/2026\/04\/ACANS-Group-Portraits_4-2_NB-768x1024.jpg 768w, https:\/\/acans.com\/wp-content\/uploads\/2026\/04\/ACANS-Group-Portraits_4-2_NB-1152x1536.jpg 1152w, https:\/\/acans.com\/wp-content\/uploads\/2026\/04\/ACANS-Group-Portraits_4-2_NB-1536x2048.jpg 1536w, https:\/\/acans.com\/wp-content\/uploads\/2026\/04\/ACANS-Group-Portraits_4-2_NB-1125x1500.jpg 1125w, https:\/\/acans.com\/wp-content\/uploads\/2026\/04\/ACANS-Group-Portraits_4-2_NB-529x705.jpg 529w\" sizes=\"(max-width: 1920px) 100vw, 1920px\" \/><\/div><span class='hidden team-member-affiliation'  itemprop=\"affiliation\" >AEG - Acans Euro Group<\/span><\/section><\/div><div  class='flex_column av-18cafvy-f7042e8d0dbf9bb2706646f6027963f4 av_four_fifth  avia-builder-el-24  el_after_av_one_fifth  el_before_av_one_fifth  flex_column_div  column-top-margin'     ><section  class='av_textblock_section av-mnlh6762-0eff90cd0253306472e51d975e2af923 '   itemscope=\"itemscope\" itemtype=\"https:\/\/schema.org\/CreativeWork\" ><div class='avia_textblock'  itemprop=\"text\" ><blockquote>\n<p>Thilo Firchow<br \/>\n<em>Presidente do Comit\u00e9<\/em><\/p>\n<\/blockquote>\n<p>Thilo \u00e9 um recente ex-magistrado, alto funcion\u00e1rio e professor universit\u00e1rio associado.<br \/>\nDesde 2019, Thilo \u00e9 Consultor em RSE e compliance, e Especialista de alto n\u00edvel em pol\u00edticas p\u00fablicas e RSE.<br \/>\nThilo \u00e9 tamb\u00e9m Encarregado de miss\u00e3o e Conselheiro especial do S\u00f3cio-gerente do ACANS EURO GROUP<\/p>\n<\/div><\/section><\/div><div class='flex_column_table av-m2mpa-c320f7c9048305859a13a116f6b45cb0 sc-av_one_fifth av-equal-height-column-flextable'><div  class='flex_column av-m2mpa-c320f7c9048305859a13a116f6b45cb0 av_one_fifth  avia-builder-el-26  el_after_av_four_fifth  el_before_av_one_fifth  first flex_column_table_cell av-equal-height-column av-align-top  '     ><\/div><div class='av-flex-placeholder'><\/div><div  class='flex_column av-4a0acu-7dd48c87750f72275c114abdb87878a0 av_one_fifth  avia-builder-el-27  el_after_av_one_fifth  el_before_av_three_fifth  flex_column_table_cell av-equal-height-column av-align-top  '     ><section  class='avia-team-member av-14x3utq-7ada67ed70ae292129b117faef6b48f6  avia-builder-el-28  avia-builder-el-no-sibling '  itemscope=\"itemscope\" itemtype=\"https:\/\/schema.org\/Person\" ><div class=\"team-img-container\"><img decoding=\"async\" fetchpriority=\"high\" class='wp-image-4810 avia-img-lazy-loading-not-4810 avia_image avia_image_team' src=\"https:\/\/acans.com\/wp-content\/uploads\/2026\/04\/Charles-Rene-Tande.png\" alt=''  itemprop=\"image\"   height=\"285\" width=\"254\" \/><\/div><span class='hidden team-member-affiliation'  itemprop=\"affiliation\" >AEG - Acans Euro Group<\/span><\/section><\/div><div class='av-flex-placeholder'><\/div><div  class='flex_column av-3vvgge-0be32ba98fd954f98c3001633893abf1 av_three_fifth  avia-builder-el-29  el_after_av_one_fifth  el_before_av_one_fifth  flex_column_table_cell av-equal-height-column av-align-top  '     ><section  class='av_textblock_section av-38g1su-9f5ae22046dc59581015639454024937 '   itemscope=\"itemscope\" itemtype=\"https:\/\/schema.org\/CreativeWork\" ><div class='avia_textblock'  itemprop=\"text\" ><blockquote>\n<p>Charles-Ren\u00e9 Tand\u00e9<br \/>\n<em>Membro permanente<\/em><\/p>\n<\/blockquote>\n<p>Presidente da CAVEC &#8211; Caisse d&#8217;Assurance Vieillesse des Experts-Comptables<br \/>\nPresidente honor\u00e1rio do Conselho Nacional da Ordem dos Contabilistas Certificados<br \/>\nPresidente honor\u00e1rio do Institut Fran\u00e7ais des Experts-Comptables<\/p>\n<\/div><\/section><\/div><\/div><!--close column table wrapper. Autoclose: 1 --><div class='flex_column_table av-2znwmm-b113485dce0877e838b95db07c00c722 sc-av_one_fifth av-equal-height-column-flextable'><div  class='flex_column av-2znwmm-b113485dce0877e838b95db07c00c722 av_one_fifth  avia-builder-el-31  el_after_av_three_fifth  el_before_av_one_fifth  first flex_column_table_cell av-equal-height-column av-align-top  '     ><\/div><div class='av-flex-placeholder'><\/div><div  class='flex_column av-2yv6oe-74451f4a4a2338edd7256054986f8008 av_one_fifth  avia-builder-el-32  el_after_av_one_fifth  el_before_av_three_fifth  flex_column_table_cell av-equal-height-column av-align-top  '     ><section  class='avia-team-member av-2rr1zy-207f37f3f8b7026d7b3428f15e61b337  avia-builder-el-33  avia-builder-el-no-sibling '  itemscope=\"itemscope\" itemtype=\"https:\/\/schema.org\/Person\" ><div class=\"team-img-container\"><img decoding=\"async\" fetchpriority=\"high\" class='wp-image-4808 avia-img-lazy-loading-not-4808 avia_image avia_image_team' src=\"https:\/\/acans.com\/wp-content\/uploads\/2026\/04\/Portrait-DH-BW.png\" alt=''  itemprop=\"image\"   height=\"285\" width=\"254\" \/><\/div><span class='hidden team-member-affiliation'  itemprop=\"affiliation\" >AEG - Acans Euro Group<\/span><\/section><\/div><div class='av-flex-placeholder'><\/div><div  class='flex_column av-9uq5j2-6ceaca1f698c0a8f0a3789ea4d258813 av_three_fifth  avia-builder-el-34  el_after_av_one_fifth  el_before_av_one_fifth  flex_column_table_cell av-equal-height-column av-align-top  '     ><section  class='av_textblock_section av-mnlis05y-80e00d77010455c45bb709dd6b9e2a78 '   itemscope=\"itemscope\" itemtype=\"https:\/\/schema.org\/CreativeWork\" ><div class='avia_textblock'  itemprop=\"text\" ><blockquote>\n<p>Dra. Dounia Harbouche<br \/>\n<em>Membro permanente<\/em><\/p>\n<\/blockquote>\n<p>Advogada na Ordem dos Advogados de Paris<br \/>\nDireito patrimonial e da intermedia\u00e7\u00e3o financeira<br \/>\n<a href=\"https:\/\/dhjuris.com\">https:\/\/dhjuris.com<\/a><\/p>\n<\/div><\/section><\/div><\/div><!--close column table wrapper. Autoclose: 1 --><div class='flex_column_table av-fw5vda-a34f0b2e9d8727ac0de85059a338280a sc-av_one_fifth av-equal-height-column-flextable'><div  class='flex_column av-fw5vda-a34f0b2e9d8727ac0de85059a338280a av_one_fifth  avia-builder-el-36  el_after_av_three_fifth  el_before_av_one_fifth  first flex_column_table_cell av-equal-height-column av-align-top  '     ><\/div><div class='av-flex-placeholder'><\/div><div  class='flex_column av-74kuge-33be70e7c64c2ee6d0ebcafb9e6456f1 av_one_fifth  avia-builder-el-37  el_after_av_one_fifth  el_before_av_three_fifth  flex_column_table_cell av-equal-height-column av-align-top  '     ><section  class='avia-team-member av-j7ja6-f422e635a5d2157c3b9ded7bb23a52ea  avia-builder-el-38  avia-builder-el-no-sibling '  itemscope=\"itemscope\" itemtype=\"https:\/\/schema.org\/Person\" ><div class=\"team-img-container\"><img decoding=\"async\" fetchpriority=\"high\" class='wp-image-4812 avia-img-lazy-loading-not-4812 avia_image avia_image_team' src=\"https:\/\/acans.com\/wp-content\/uploads\/2026\/04\/bruno-mineo.jpg\" alt=''  itemprop=\"image\"   height=\"285\" width=\"254\" \/><\/div><span class='hidden team-member-affiliation'  itemprop=\"affiliation\" >AEG - Acans Euro Group<\/span><\/section><\/div><div class='av-flex-placeholder'><\/div><div  class='flex_column av-3t35ce-cb6d11f3473b6c02fd8c696de2b76292 av_three_fifth  avia-builder-el-39  el_after_av_one_fifth  el_before_av_hr  flex_column_table_cell av-equal-height-column av-align-top  '     ><section  class='av_textblock_section av-mnlivznl-7c9e4b07d705d8ce5bd1bd49eac9d9dd '   itemscope=\"itemscope\" itemtype=\"https:\/\/schema.org\/CreativeWork\" ><div class='avia_textblock'  itemprop=\"text\" ><blockquote>\n<p>Dr. Bruno Min\u00e9o<br \/>\n<em>Membro permanente<\/em><\/p>\n<\/blockquote>\n<p>Not\u00e1rio<br \/>\nPresidente da Lexgroup<br \/>\n<a href=\"https:\/\/lexgroup.notaires.fr\">https:\/\/lexgroup.notaires.fr<\/a><\/p>\n<\/div><\/section><\/div><\/div><!--close column table wrapper. Autoclose: 1 -->\n<style type=\"text\/css\" data-created_by=\"avia_inline_auto\" id=\"style-css-av-4626m6-2cbd6c78c5cb5339aee51bf8390f6a7d\">\n#top .hr.hr-invisible.av-4626m6-2cbd6c78c5cb5339aee51bf8390f6a7d{\nheight:50px;\n}\n<\/style>\n<div  class='hr av-4626m6-2cbd6c78c5cb5339aee51bf8390f6a7d hr-invisible  avia-builder-el-41  el_after_av_three_fifth  avia-builder-el-last '><span class='hr-inner '><span class=\"hr-inner-style\"><\/span><\/span><\/div>\n<\/div><\/div><\/div><!-- close content main div --><\/div><\/div>\n<style type=\"text\/css\" data-created_by=\"avia_inline_auto\" id=\"style-css-av-37j98u-2bcc0da147b61380b605dedb496e7d6e\">\n.avia-section.av-37j98u-2bcc0da147b61380b605dedb496e7d6e{\nbackground-repeat:no-repeat;\nbackground-image:url(https:\/\/acans.com\/wp-content\/uploads\/2026\/04\/BG2-ACANS-COMITTEE.png);\nbackground-position:50% 100%;\nbackground-attachment:fixed;\n}\n<\/style>\n<div id='av_section_5'  class='avia-section av-37j98u-2bcc0da147b61380b605dedb496e7d6e main_color avia-section-default avia-no-border-styling  avia-builder-el-42  el_after_av_section  avia-builder-el-last  avia-bg-style-fixed container_wrap sidebar_right'  data-section-bg-repeat='no-repeat'><div class='container av-section-cont-open' ><div class='template-page content  av-content-small alpha units'><div class='post-entry post-entry-type-page post-entry-4804'><div class='entry-content-wrapper clearfix'><\/div><\/div><\/div><!-- close content main div --><\/div><\/div><div id='after_section_5'  class='main_color av_default_container_wrap container_wrap sidebar_right'  ><div class='container av-section-cont-open' ><div class='template-page content  av-content-small alpha units'><div class='post-entry post-entry-type-page post-entry-4804'><div class='entry-content-wrapper clearfix'><\/p>\n","protected":false},"excerpt":{"rendered":"","protected":false},"author":1,"featured_media":0,"parent":0,"menu_order":0,"comment_status":"closed","ping_status":"closed","template":"","meta":{"footnotes":""},"class_list":["post-4804","page","type-page","status-publish","hentry"],"_links":{"self":[{"href":"https:\/\/acans.com\/pt-pt\/wp-json\/wp\/v2\/pages\/4804","targetHints":{"allow":["GET"]}}],"collection":[{"href":"https:\/\/acans.com\/pt-pt\/wp-json\/wp\/v2\/pages"}],"about":[{"href":"https:\/\/acans.com\/pt-pt\/wp-json\/wp\/v2\/types\/page"}],"author":[{"embeddable":true,"href":"https:\/\/acans.com\/pt-pt\/wp-json\/wp\/v2\/users\/1"}],"replies":[{"embeddable":true,"href":"https:\/\/acans.com\/pt-pt\/wp-json\/wp\/v2\/comments?post=4804"}],"version-history":[{"count":0,"href":"https:\/\/acans.com\/pt-pt\/wp-json\/wp\/v2\/pages\/4804\/revisions"}],"wp:attachment":[{"href":"https:\/\/acans.com\/pt-pt\/wp-json\/wp\/v2\/media?parent=4804"}],"curies":[{"name":"wp","href":"https:\/\/api.w.org\/{rel}","templated":true}]}}