{"id":5382,"date":"2026-03-30T17:29:46","date_gmt":"2026-03-30T15:29:46","guid":{"rendered":"https:\/\/acans.com\/gruppo\/governance-compliance\/"},"modified":"2026-04-12T18:00:47","modified_gmt":"2026-04-12T16:00:47","slug":"governance-compliance","status":"publish","type":"page","link":"https:\/\/acans.com\/it\/gruppo\/governance-compliance\/","title":{"rendered":"GOVERNANCE &amp; COMPLIANCE"},"content":{"rendered":"\n<style type=\"text\/css\" data-created_by=\"avia_inline_auto\" id=\"style-css-av-1cz85vz-561fd522ae5a29fb0ef9e394b70f44b2\">\n.avia-section.av-1cz85vz-561fd522ae5a29fb0ef9e394b70f44b2{\nbackground-repeat:no-repeat;\nbackground-image:url(https:\/\/acans.com\/wp-content\/uploads\/2026\/04\/BG-ACANS-COMPLIANCE.png);\nbackground-position:0% 0%;\nbackground-attachment:fixed;\n}\n<\/style>\n<div id='av_section_1'  class='avia-section av-1cz85vz-561fd522ae5a29fb0ef9e394b70f44b2 main_color avia-section-no-padding avia-no-border-styling  avia-builder-el-0  el_before_av_three_fifth  avia-builder-el-first  avia-full-stretch avia-bg-style-fixed av-minimum-height av-minimum-height-custom av-height-custom  container_wrap sidebar_right'  data-section-bg-repeat='stretch' data-av_minimum_height_px='400'><div class='container av-section-cont-open' style='height:400px'><main  role=\"main\" itemprop=\"mainContentOfPage\"  class='template-page content  av-content-small alpha units'><div class='post-entry post-entry-type-page post-entry-5382'><div class='entry-content-wrapper clearfix'>\n\n<style type=\"text\/css\" data-created_by=\"avia_inline_auto\" id=\"style-css-av-mndchxat-390b31038633da0bf2ac415d6cde92ef\">\n#top .av-special-heading.av-mndchxat-390b31038633da0bf2ac415d6cde92ef{\npadding-bottom:10px;\n}\nbody .av-special-heading.av-mndchxat-390b31038633da0bf2ac415d6cde92ef .av-special-heading-tag .heading-char{\nfont-size:25px;\n}\n.av-special-heading.av-mndchxat-390b31038633da0bf2ac415d6cde92ef .av-subheading{\nfont-size:15px;\n}\n<\/style>\n<div  class='av-special-heading av-mndchxat-390b31038633da0bf2ac415d6cde92ef av-special-heading-h3 blockquote modern-quote  avia-builder-el-1  el_before_av_textblock  avia-builder-el-first  acans-title-l'><h3 class='av-special-heading-tag '  itemprop=\"headline\"  >Governance e Compliance<\/h3><div class=\"special-heading-border\"><div class=\"special-heading-inner-border\"><\/div><\/div><\/div>\n<section  class='av_textblock_section av-1btbgm7-149004ff3b4d3b334ae825647e7ca9c8 '   itemscope=\"itemscope\" itemtype=\"https:\/\/schema.org\/CreativeWork\" ><div class='avia_textblock acans-kicker'  itemprop=\"text\" ><p class=\"p1\">Uno standard elevato strutturante al centro della nostra architettura.<\/p>\n<\/div><\/section>\n<\/div><\/div><\/main><!-- close content main element --><\/div><\/div><div id='after_section_1'  class='main_color av_default_container_wrap container_wrap sidebar_right'  ><div class='container av-section-cont-open' ><div class='template-page content  av-content-small alpha units'><div class='post-entry post-entry-type-page post-entry-5382'><div class='entry-content-wrapper clearfix'>\n<div  class='flex_column av-47p47z-1e510cdffff395d31e913b5c941b15d1 av_three_fifth  avia-builder-el-3  el_after_av_section  el_before_av_two_fifth  avia-builder-el-first  first flex_column_div  '     ><p>\n<style type=\"text\/css\" data-created_by=\"avia_inline_auto\" id=\"style-css-av-mnle8nz9-b2369a5296172aa19ce60da1b7543b23\">\nbody .av-special-heading.av-mnle8nz9-b2369a5296172aa19ce60da1b7543b23 .av-special-heading-tag .heading-char{\nfont-size:25px;\n}\n.av-special-heading.av-mnle8nz9-b2369a5296172aa19ce60da1b7543b23 .av-subheading{\nfont-size:15px;\n}\n<\/style>\n<div  class='av-special-heading av-mnle8nz9-b2369a5296172aa19ce60da1b7543b23 av-special-heading-h2 blockquote modern-quote  avia-builder-el-4  el_before_av_textblock  avia-builder-el-first '><h2 class='av-special-heading-tag '  itemprop=\"headline\"  >Un controllore non si interessa alle intenzioni; esamina le prove.<\/h2><div class=\"special-heading-border\"><div class=\"special-heading-inner-border\"><\/div><\/div><\/div><br \/>\n<section  class='av_textblock_section av-mnlcw6c1-744bbf3b50e11d278371b42a9538cc02 '   itemscope=\"itemscope\" itemtype=\"https:\/\/schema.org\/CreativeWork\" ><div class='avia_textblock'  itemprop=\"text\" ><p class=\"p1\">ACANS EURO GROUP \u00e8 stato costruito su questa logica: documentare, versionare, tracciare e assumersi le responsabilit\u00e0.<\/p>\n<p class=\"p1\">All&#8217;interno del Gruppo, la governance rigorosa non \u00e8 un vincolo periferico. Costituisce al contrario uno dei fondamenti della performance sostenibile, della qualit\u00e0 di esecuzione e della solidit\u00e0 delle relazioni che intratteniamo con i nostri partner, i nostri clienti e il nostro ecosistema. <\/p>\n<p class=\"p1\">Questo standard elevato permea tutta la nostra organizzazione: i nostri processi interni, la strutturazione delle nostre offerte, i nostri schemi decisionali, i nostri sistemi di controllo e il nostro modo di interagire con i professionisti, le istituzioni e i regolatori.<\/p>\n<p class=\"p1\">Il nostro approccio si inserisce in un&#8217;interpretazione rigorosa dei principi di responsabilit\u00e0, tracciabilit\u00e0 e trasparenza, in coerenza con le linee guida ISO 26000 e con una visione ESG assunta, pragmatica e operativa.<\/p>\n<\/div><\/section><\/p><\/div>\n<div  class='flex_column av-1yu0u7-6f07def5042777670f6cb2d1b7d71dee av_two_fifth  avia-builder-el-6  el_after_av_three_fifth  el_before_av_section  avia-builder-el-last  flex_column_div  '     ><p>\n<style type=\"text\/css\" data-created_by=\"avia_inline_auto\" id=\"style-css-av-mnlekqlb-f846496e9fbfcfc00d7c4122597208dd\">\n.avia-image-container.av-mnlekqlb-f846496e9fbfcfc00d7c4122597208dd img.avia_image{\nbox-shadow:none;\n}\n.avia-image-container.av-mnlekqlb-f846496e9fbfcfc00d7c4122597208dd .av-image-caption-overlay-center{\ncolor:#ffffff;\n}\n<\/style>\n<div  class='avia-image-container av-mnlekqlb-f846496e9fbfcfc00d7c4122597208dd av-styling- avia-align-center  avia-builder-el-7  el_before_av_textblock  avia-builder-el-first '   itemprop=\"image\" itemscope=\"itemscope\" itemtype=\"https:\/\/schema.org\/ImageObject\" ><div class=\"avia-image-container-inner\"><div class=\"avia-image-overlay-wrap\"><img decoding=\"async\" fetchpriority=\"high\" class='wp-image-5383 avia-img-lazy-loading-not-5383 avia_image ' src=\"https:\/\/acans.com\/wp-content\/uploads\/2026\/03\/Groupe_3_NB-scaled.jpg\" alt='' title='Gruppo_3_NB'  height=\"1707\" width=\"2560\"  itemprop=\"thumbnailUrl\" srcset=\"https:\/\/acans.com\/wp-content\/uploads\/2026\/03\/Groupe_3_NB-scaled.jpg 2560w, https:\/\/acans.com\/wp-content\/uploads\/2026\/03\/Groupe_3_NB-300x200.jpg 300w, https:\/\/acans.com\/wp-content\/uploads\/2026\/03\/Groupe_3_NB-1030x687.jpg 1030w, https:\/\/acans.com\/wp-content\/uploads\/2026\/03\/Groupe_3_NB-768x512.jpg 768w, https:\/\/acans.com\/wp-content\/uploads\/2026\/03\/Groupe_3_NB-1536x1024.jpg 1536w, https:\/\/acans.com\/wp-content\/uploads\/2026\/03\/Groupe_3_NB-2048x1366.jpg 2048w, https:\/\/acans.com\/wp-content\/uploads\/2026\/03\/Groupe_3_NB-1500x1000.jpg 1500w, https:\/\/acans.com\/wp-content\/uploads\/2026\/03\/Groupe_3_NB-705x470.jpg 705w\" sizes=\"(max-width: 2560px) 100vw, 2560px\" \/><\/div><\/div><\/div><br \/>\n<section  class='av_textblock_section av-mnlfdj0v-3f9fbffe3e1b799e4826de5e8e2b6f22 '   itemscope=\"itemscope\" itemtype=\"https:\/\/schema.org\/CreativeWork\" ><div class='avia_textblock'  itemprop=\"text\" ><p>ACANS GOVERNANCE &amp; COMPLIANCE<\/p>\n<blockquote>\n<p>Julie Lhardit (DirCom) &#8211; S\u00e9bastien Baudry (DG)<br \/>\nPhilippe Di\u00e9 (G\u00e9rant) &#8211; Thilo Firchow (Compliance)<\/p>\n<\/blockquote>\n<\/div><\/section><\/p><\/div>\n<\/div><\/div><\/div><!-- close content main div --><\/div><\/div>\n<style type=\"text\/css\" data-created_by=\"avia_inline_auto\" id=\"style-css-av-8sojnz-85a9a6286c40eaaf003bcab07644c391\">\n.avia-section.av-8sojnz-85a9a6286c40eaaf003bcab07644c391{\nbackground-repeat:no-repeat;\nbackground-image:url(https:\/\/acans.com\/wp-content\/uploads\/2026\/04\/BG-ACANS-COMPLIANCE.png);\nbackground-position:50% 50%;\nbackground-attachment:fixed;\n}\n<\/style>\n<div id='av_section_2'  class='avia-section av-8sojnz-85a9a6286c40eaaf003bcab07644c391 main_color avia-section-default avia-no-border-styling  avia-builder-el-9  el_after_av_two_fifth  el_before_av_section  avia-bg-style-fixed container_wrap sidebar_right'  data-section-bg-repeat='no-repeat'><div class='container av-section-cont-open' ><div class='template-page content  av-content-small alpha units'><div class='post-entry post-entry-type-page post-entry-5382'><div class='entry-content-wrapper clearfix'>\n\n<style type=\"text\/css\" data-created_by=\"avia_inline_auto\" id=\"style-css-av-e21gm7-25c34324446bc6233ced38050d530071\">\n#top .av-special-heading.av-e21gm7-25c34324446bc6233ced38050d530071{\npadding-bottom:10px;\n}\nbody .av-special-heading.av-e21gm7-25c34324446bc6233ced38050d530071 .av-special-heading-tag .heading-char{\nfont-size:25px;\n}\n.av-special-heading.av-e21gm7-25c34324446bc6233ced38050d530071 .av-subheading{\nfont-size:15px;\n}\n<\/style>\n<div  class='av-special-heading av-e21gm7-25c34324446bc6233ced38050d530071 av-special-heading-h2 blockquote modern-quote  avia-builder-el-10  el_before_av_one_fourth  avia-builder-el-first  aeg-section-title'><h2 class='av-special-heading-tag '  itemprop=\"headline\"  >Principi applicati, non semplicemente esposti<\/h2><div class=\"special-heading-border\"><div class=\"special-heading-inner-border\"><\/div><\/div><\/div>\n<div class='flex_column_table av-81oytb-1a642ad1a95cf1b4bec7dcbe3951defd sc-av_one_fourth av-equal-height-column-flextable'>\n<style type=\"text\/css\" data-created_by=\"avia_inline_auto\" id=\"style-css-av-81oytb-1a642ad1a95cf1b4bec7dcbe3951defd\">\n.flex_column.av-81oytb-1a642ad1a95cf1b4bec7dcbe3951defd{\nwidth:22%;\nmargin-left:0;\npadding:15px 15px 15px 15px;\nbackground-color:rgba(255,255,255,0.7);\n}\n#top .flex_column_table.av-equal-height-column-flextable.av-81oytb-1a642ad1a95cf1b4bec7dcbe3951defd .av-flex-placeholder{\nwidth:4%;\n}\n<\/style>\n<div  class='flex_column av-81oytb-1a642ad1a95cf1b4bec7dcbe3951defd av_one_fourth  avia-builder-el-11  el_after_av_heading  el_before_av_one_fourth  first flex_column_table_cell av-equal-height-column av-align-top av-animated-generic fade-in  '     ><p>\n<style type=\"text\/css\" data-created_by=\"avia_inline_auto\" id=\"style-css-av-mnldymjt-85e64b6dc0d5cd6da6a1edb707c5b347\">\n#top .av-special-heading.av-mnldymjt-85e64b6dc0d5cd6da6a1edb707c5b347{\nmargin:0px 0 0 0;\npadding-bottom:10px;\n}\nbody .av-special-heading.av-mnldymjt-85e64b6dc0d5cd6da6a1edb707c5b347 .av-special-heading-tag .heading-char{\nfont-size:25px;\n}\n.av-special-heading.av-mnldymjt-85e64b6dc0d5cd6da6a1edb707c5b347 .av-subheading{\nfont-size:15px;\n}\n<\/style>\n<div  class='av-special-heading av-mnldymjt-85e64b6dc0d5cd6da6a1edb707c5b347 av-special-heading-h3 blockquote modern-quote  avia-builder-el-12  el_before_av_textblock  avia-builder-el-first  acans-title-s'><h3 class='av-special-heading-tag '  itemprop=\"headline\"  >Indipendenza<\/h3><div class=\"special-heading-border\"><div class=\"special-heading-inner-border\"><\/div><\/div><\/div><br \/>\n<section  class='av_textblock_section av-mnldyz1c-14d03356cef3ad64e390e00a10620ac3 '   itemscope=\"itemscope\" itemtype=\"https:\/\/schema.org\/CreativeWork\" ><div class='avia_textblock acans-text-body acans-panel-line'  itemprop=\"text\" ><p>Le nostre raccomandazioni non sono dettate n\u00e9 da legami capitalistici con i produttori, n\u00e9 da una logica di dipendenza economica.<\/p>\n<p>Sosteniamo un approccio basato sull&#8217;analisi, la coerenza nell&#8217;interesse comune della vostra societ\u00e0 e dei vostri clienti.<\/p>\n<\/div><\/section><\/p><\/div><div class='av-flex-placeholder'><\/div>\n<style type=\"text\/css\" data-created_by=\"avia_inline_auto\" id=\"style-css-av-m09in-48af27838c8a732aecc1f72a78d2a168\">\n.flex_column.av-m09in-48af27838c8a732aecc1f72a78d2a168{\nwidth:22%;\nmargin-left:0;\npadding:15px 15px 15px 15px;\nbackground-color:rgba(255,255,255,0.7);\n}\n#top .flex_column_table.av-equal-height-column-flextable.av-m09in-48af27838c8a732aecc1f72a78d2a168 .av-flex-placeholder{\nwidth:4%;\n}\n<\/style>\n<div  class='flex_column av-m09in-48af27838c8a732aecc1f72a78d2a168 av_one_fourth  avia-builder-el-14  el_after_av_one_fourth  el_before_av_one_fourth  flex_column_table_cell av-equal-height-column av-align-top av-animated-generic fade-in  '     ><p>\n<style type=\"text\/css\" data-created_by=\"avia_inline_auto\" id=\"style-css-av-mnldze5r-70d73811aec9e38ed5706685575d1023\">\n#top .av-special-heading.av-mnldze5r-70d73811aec9e38ed5706685575d1023{\nmargin:0px 0 0 0;\npadding-bottom:10px;\n}\nbody .av-special-heading.av-mnldze5r-70d73811aec9e38ed5706685575d1023 .av-special-heading-tag .heading-char{\nfont-size:25px;\n}\n.av-special-heading.av-mnldze5r-70d73811aec9e38ed5706685575d1023 .av-subheading{\nfont-size:15px;\n}\n<\/style>\n<div  class='av-special-heading av-mnldze5r-70d73811aec9e38ed5706685575d1023 av-special-heading-h3 blockquote modern-quote  avia-builder-el-15  el_before_av_textblock  avia-builder-el-first  acans-title-s'><h3 class='av-special-heading-tag '  itemprop=\"headline\"  >Tracciabilit\u00e0<\/h3><div class=\"special-heading-border\"><div class=\"special-heading-inner-border\"><\/div><\/div><\/div><br \/>\n<section  class='av_textblock_section av-mnldzon1-998214790b19687806200f8cf1e0a62f '   itemscope=\"itemscope\" itemtype=\"https:\/\/schema.org\/CreativeWork\" ><div class='avia_textblock acans-text-body acans-panel-line'  itemprop=\"text\" ><p class=\"p2\">Applichiamo alla nostra organizzazione gli stessi standard di documentazione che promuoviamo presso le vostre societ\u00e0 e i nostri partner.<\/p>\n<p class=\"p2\">Ogni decisione strutturante, ogni processo sensibile, ogni relazione significativa si inserisce in una logica di formalizzazione, documentazione e opponibilit\u00e0.<\/p>\n<\/div><\/section><\/p><\/div><div class='av-flex-placeholder'><\/div>\n<style type=\"text\/css\" data-created_by=\"avia_inline_auto\" id=\"style-css-av-4nqj9b-1fae97566133f6698d07ad57f5b3f809\">\n.flex_column.av-4nqj9b-1fae97566133f6698d07ad57f5b3f809{\nwidth:22%;\nmargin-left:0;\npadding:15px 15px 15px 15px;\nbackground-color:rgba(255,255,255,0.7);\n}\n#top .flex_column_table.av-equal-height-column-flextable.av-4nqj9b-1fae97566133f6698d07ad57f5b3f809 .av-flex-placeholder{\nwidth:4%;\n}\n<\/style>\n<div  class='flex_column av-4nqj9b-1fae97566133f6698d07ad57f5b3f809 av_one_fourth  avia-builder-el-17  el_after_av_one_fourth  el_before_av_one_fourth  flex_column_table_cell av-equal-height-column av-align-top av-animated-generic fade-in  '     ><p>\n<style type=\"text\/css\" data-created_by=\"avia_inline_auto\" id=\"style-css-av-mnle0567-4d86cc9ee706792f3d5f02425868b55c\">\n#top .av-special-heading.av-mnle0567-4d86cc9ee706792f3d5f02425868b55c{\nmargin:0px 0 0 0;\npadding-bottom:10px;\n}\nbody .av-special-heading.av-mnle0567-4d86cc9ee706792f3d5f02425868b55c .av-special-heading-tag .heading-char{\nfont-size:25px;\n}\n.av-special-heading.av-mnle0567-4d86cc9ee706792f3d5f02425868b55c .av-subheading{\nfont-size:15px;\n}\n<\/style>\n<div  class='av-special-heading av-mnle0567-4d86cc9ee706792f3d5f02425868b55c av-special-heading-h3 blockquote modern-quote  avia-builder-el-18  el_before_av_textblock  avia-builder-el-first  acans-title-s'><h3 class='av-special-heading-tag '  itemprop=\"headline\"  >Responsabilit\u00e0<\/h3><div class=\"special-heading-border\"><div class=\"special-heading-inner-border\"><\/div><\/div><\/div><br \/>\n<section  class='av_textblock_section av-mnle0g35-22fb01b51461cd6cf1b8fc57ce2ac78e '   itemscope=\"itemscope\" itemtype=\"https:\/\/schema.org\/CreativeWork\" ><div class='avia_textblock acans-text-body acans-panel-line'  itemprop=\"text\" ><p class=\"p2\">Ci assumiamo pienamente il nostro ruolo nella catena del valore dei settori del patrimonio, delle assicurazioni, dell&#8217;immobiliare e della compliance.<\/p>\n<p class=\"p2\">I nostri interventi sono concepiti per ridurre le aree di rischio, mettere in sicurezza le operazioni e stabilire relazioni a lungo termine.<\/p>\n<\/div><\/section><\/p><\/div><div class='av-flex-placeholder'><\/div>\n<style type=\"text\/css\" data-created_by=\"avia_inline_auto\" id=\"style-css-av-2phtb3-fc9e6329c7abb558f42db31a55645af4\">\n.flex_column.av-2phtb3-fc9e6329c7abb558f42db31a55645af4{\nwidth:22%;\nmargin-left:0;\npadding:15px 15px 15px 15px;\nbackground-color:rgba(255,255,255,0.7);\n}\n#top .flex_column_table.av-equal-height-column-flextable.av-2phtb3-fc9e6329c7abb558f42db31a55645af4 .av-flex-placeholder{\nwidth:4%;\n}\n<\/style>\n<div  class='flex_column av-2phtb3-fc9e6329c7abb558f42db31a55645af4 av_one_fourth  avia-builder-el-20  el_after_av_one_fourth  avia-builder-el-last  flex_column_table_cell av-equal-height-column av-align-top av-animated-generic fade-in  '     ><p>\n<style type=\"text\/css\" data-created_by=\"avia_inline_auto\" id=\"style-css-av-mnle0z3c-7c80530b80a60f87ec3f1259da0dd43a\">\n#top .av-special-heading.av-mnle0z3c-7c80530b80a60f87ec3f1259da0dd43a{\nmargin:0px 0 0 0;\npadding-bottom:10px;\n}\nbody .av-special-heading.av-mnle0z3c-7c80530b80a60f87ec3f1259da0dd43a .av-special-heading-tag .heading-char{\nfont-size:25px;\n}\n.av-special-heading.av-mnle0z3c-7c80530b80a60f87ec3f1259da0dd43a .av-subheading{\nfont-size:15px;\n}\n<\/style>\n<div  class='av-special-heading av-mnle0z3c-7c80530b80a60f87ec3f1259da0dd43a av-special-heading-h3 blockquote modern-quote  avia-builder-el-21  el_before_av_textblock  avia-builder-el-first  acans-title-s'><h3 class='av-special-heading-tag '  itemprop=\"headline\"  >Compliance normativa<\/h3><div class=\"special-heading-border\"><div class=\"special-heading-inner-border\"><\/div><\/div><\/div><br \/>\n<section  class='av_textblock_section av-mnle1ep5-a66ae712f9a0383e045357abf5767627 '   itemscope=\"itemscope\" itemtype=\"https:\/\/schema.org\/CreativeWork\" ><div class='avia_textblock acans-text-body acans-panel-line'  itemprop=\"text\" ><p class=\"p2\">La nostra organizzazione \u00e8 pensata per rispondere agli standard elevati applicabili nelle giurisdizioni in cui operiamo, in particolare in Francia, Lussemburgo, Svizzera e Portogallo.<\/p>\n<p class=\"p2\">Si evolve costantemente per integrare gli adeguamenti normativi, le aspettative del mercato e gli standard elevati di controllo.<\/p>\n<\/div><\/section><\/p><\/div><\/div><!--close column table wrapper. Autoclose: 1 --><\/div><\/div><\/div><!-- close content main div --><\/div><\/div><div id='av_section_3'  class='avia-section av-mnldiyci-b37215cf169393bc8ada45b0ee67eee6 main_color avia-section-default avia-no-border-styling  avia-builder-el-23  el_after_av_section  avia-builder-el-last  avia-bg-style-scroll container_wrap sidebar_right'  ><div class='container av-section-cont-open' ><div class='template-page content  av-content-small alpha units'><div class='post-entry post-entry-type-page post-entry-5382'><div class='entry-content-wrapper clearfix'>\n<div  class='flex_column av-wjraof-22276ab1865caf7c516f0ea6b8e184e6 av_one_full  avia-builder-el-24  avia-builder-el-no-sibling  first flex_column_div  '     ><p>\n<style type=\"text\/css\" data-created_by=\"avia_inline_auto\" id=\"style-css-av-mnlcze8i-7857dfd546ad7f94bd9edf007c966a0f\">\n#top .av-special-heading.av-mnlcze8i-7857dfd546ad7f94bd9edf007c966a0f{\npadding-bottom:10px;\n}\nbody .av-special-heading.av-mnlcze8i-7857dfd546ad7f94bd9edf007c966a0f .av-special-heading-tag .heading-char{\nfont-size:25px;\n}\n.av-special-heading.av-mnlcze8i-7857dfd546ad7f94bd9edf007c966a0f .av-subheading{\nfont-size:15px;\n}\n<\/style>\n<div  class='av-special-heading av-mnlcze8i-7857dfd546ad7f94bd9edf007c966a0f av-special-heading-h2 blockquote modern-quote  avia-builder-el-25  el_before_av_textblock  avia-builder-el-first '><h2 class='av-special-heading-tag '  itemprop=\"headline\"  >Una governance concepita come un asset strategico<\/h2><div class=\"special-heading-border\"><div class=\"special-heading-inner-border\"><\/div><\/div><\/div><br \/>\n<section  class='av_textblock_section av-vbwi9b-549fc9e025a331fe322284099aeaf902 '   itemscope=\"itemscope\" itemtype=\"https:\/\/schema.org\/CreativeWork\" ><div class='avia_textblock'  itemprop=\"text\" ><p class=\"p1\">Per ACANS EURO GROUP, la governance e la compliance non sono solo funzioni di supporto; partecipano direttamente alla qualit\u00e0 di esecuzione, al controllo dei rischi e alla credibilit\u00e0 del Gruppo nel tempo.<\/p>\n<p class=\"p1\">Costituiscono un quadro di lavoro, un metodo di governance operativa e un fattore di fiducia sostenibile.<\/p>\n<p class=\"p1\">Questa disciplina complessiva ci permette di strutturare le nostre attivit\u00e0 con standard elevati, di accompagnare i nostri partner con seriet\u00e0 e di sviluppare il Gruppo su basi solide, chiare e durature.<\/p>\n<\/div><\/section><\/p><\/div>\n<\/div><\/div><\/div><!-- close content main div --><\/div><\/div><div id='after_section_3'  class='main_color av_default_container_wrap container_wrap sidebar_right'  ><div class='container av-section-cont-open' ><div class='template-page content  av-content-small alpha units'><div class='post-entry post-entry-type-page post-entry-5382'><div class='entry-content-wrapper clearfix'><\/p>\n","protected":false},"excerpt":{"rendered":"","protected":false},"author":1,"featured_media":0,"parent":5114,"menu_order":0,"comment_status":"closed","ping_status":"closed","template":"","meta":{"footnotes":""},"class_list":["post-5382","page","type-page","status-publish","hentry"],"_links":{"self":[{"href":"https:\/\/acans.com\/it\/wp-json\/wp\/v2\/pages\/5382","targetHints":{"allow":["GET"]}}],"collection":[{"href":"https:\/\/acans.com\/it\/wp-json\/wp\/v2\/pages"}],"about":[{"href":"https:\/\/acans.com\/it\/wp-json\/wp\/v2\/types\/page"}],"author":[{"embeddable":true,"href":"https:\/\/acans.com\/it\/wp-json\/wp\/v2\/users\/1"}],"replies":[{"embeddable":true,"href":"https:\/\/acans.com\/it\/wp-json\/wp\/v2\/comments?post=5382"}],"version-history":[{"count":0,"href":"https:\/\/acans.com\/it\/wp-json\/wp\/v2\/pages\/5382\/revisions"}],"up":[{"embeddable":true,"href":"https:\/\/acans.com\/it\/wp-json\/wp\/v2\/pages\/5114"}],"wp:attachment":[{"href":"https:\/\/acans.com\/it\/wp-json\/wp\/v2\/media?parent=5382"}],"curies":[{"name":"wp","href":"https:\/\/api.w.org\/{rel}","templated":true}]}}