{"id":5299,"date":"2026-04-06T19:37:32","date_gmt":"2026-04-06T17:37:32","guid":{"rendered":"https:\/\/acans.com\/offerte\/partner-istituzionali\/"},"modified":"2026-04-12T17:57:41","modified_gmt":"2026-04-12T15:57:41","slug":"partner-istituzionali","status":"publish","type":"page","link":"https:\/\/acans.com\/it\/offerte\/partner-istituzionali\/","title":{"rendered":"partner istituzionali"},"content":{"rendered":"\n<style type=\"text\/css\" data-created_by=\"avia_inline_auto\" id=\"style-css-av-h7148s-13e0416bc2e61b710e6a108906901fe4\">\n.avia-section.av-h7148s-13e0416bc2e61b710e6a108906901fe4{\nbackground-repeat:no-repeat;\nbackground-image:url(https:\/\/acans.com\/wp-content\/uploads\/2026\/04\/BG-FINAL-OFFRES.png);\nbackground-position:100% 0%;\nbackground-attachment:fixed;\n}\n<\/style>\n<div id='av_section_1'  class='avia-section av-h7148s-13e0416bc2e61b710e6a108906901fe4 main_color avia-section-default avia-no-border-styling  avia-builder-el-0  el_before_av_section  avia-builder-el-first  aeg-hero avia-full-stretch avia-bg-style-fixed av-minimum-height av-minimum-height-custom av-height-custom  container_wrap sidebar_right'  data-section-bg-repeat='stretch' data-av_minimum_height_px='700'><div class='container av-section-cont-open' style='height:700px'><main  role=\"main\" itemprop=\"mainContentOfPage\"  class='template-page content  av-content-small alpha units'><div class='post-entry post-entry-type-page post-entry-5299'><div class='entry-content-wrapper clearfix'>\n<div  class='flex_column av-f8kw8c-fe7c1ddd4a28ccd32f8b578f2901ae6d av_three_fifth  avia-builder-el-1  el_before_av_two_fifth  avia-builder-el-first  first flex_column_div  '     ><p>\n<style type=\"text\/css\" data-created_by=\"avia_inline_auto\" id=\"style-css-av-mnnhmu90-6854b1501a9e0b95e2b56e81ba9a6d04\">\n#top .av-special-heading.av-mnnhmu90-6854b1501a9e0b95e2b56e81ba9a6d04{\npadding-bottom:10px;\n}\nbody .av-special-heading.av-mnnhmu90-6854b1501a9e0b95e2b56e81ba9a6d04 .av-special-heading-tag .heading-char{\nfont-size:25px;\n}\n.av-special-heading.av-mnnhmu90-6854b1501a9e0b95e2b56e81ba9a6d04 .av-subheading{\nfont-size:15px;\n}\n<\/style>\n<div  class='av-special-heading av-mnnhmu90-6854b1501a9e0b95e2b56e81ba9a6d04 av-special-heading-h2 blockquote modern-quote  avia-builder-el-2  el_before_av_textblock  avia-builder-el-first  acans-title-hero'><h2 class='av-special-heading-tag '  itemprop=\"headline\"  >Partner istituzionali<\/h2><div class=\"special-heading-border\"><div class=\"special-heading-inner-border\"><\/div><\/div><\/div><br \/>\n<section  class='av_textblock_section av-mnnhnbe8-6905c4a28ba9d629f2db268fb01356ef '   itemscope=\"itemscope\" itemtype=\"https:\/\/schema.org\/CreativeWork\" ><div class='avia_textblock acans-kicker'  itemprop=\"text\" ><p class=\"p1\">Un partner strategico per le tue ambizioni istituzionali<\/p>\n<\/div><\/section><br \/>\n<section  class='av_textblock_section av-mnnkqtto-216c8bd9ef267393beae424788a6d403 '   itemscope=\"itemscope\" itemtype=\"https:\/\/schema.org\/CreativeWork\" ><div class='avia_textblock'  itemprop=\"text\" ><p>Le tue soluzioni hanno valore solo se sono sostenute da professionisti in grado di comprenderle, presentarle correttamente e documentarne la distribuzione.<\/p>\n<\/div><\/section><\/p><\/div><div  class='flex_column av-4ymws-b698ea60a6b8812c1bd83e9dcc221631 av_two_fifth  avia-builder-el-5  el_after_av_three_fifth  avia-builder-el-last  flex_column_div  '     ><\/div><\/div><\/div><\/main><!-- close content main element --><\/div><\/div><div id='av_section_2'  class='avia-section av-cwzf6k-c36d92fb322bea0c2b2290f7fbd4c895 main_color avia-section-default avia-no-border-styling  avia-builder-el-6  el_after_av_section  el_before_av_section  avia-bg-style-scroll container_wrap sidebar_right'  ><div class='container av-section-cont-open' ><div class='template-page content  av-content-small alpha units'><div class='post-entry post-entry-type-page post-entry-5299'><div class='entry-content-wrapper clearfix'>\n<section  class='av_textblock_section av-mnnho8dr-59aa79cf61d94034d15f72603c0683e7 '   itemscope=\"itemscope\" itemtype=\"https:\/\/schema.org\/CreativeWork\" ><div class='avia_textblock'  itemprop=\"text\" ><p class=\"p1\">\u00c8 in questo modo che ACANS EURO GROUP costruisce la sua relazione con gli attori istituzionali. Il nostro ruolo \u00e8 creare un\u2019interfaccia strutturata tra le tue ambizioni di sviluppo e un network di professionisti del patrimonio selezionati, supportati e inseriti in un quadro di chiara leggibilit\u00e0. <\/p>\n<blockquote>\n<p class=\"p1\">L\u2019offerta istituzionale del gruppo si rivolge a promotori, investitori, assicuratori e operatori che desiderano avviare partnership di distribuzione in un ambiente rigoroso, documentato e sostenibile.<\/p>\n<\/blockquote>\n<\/div><\/section>\n<\/p>\n<\/div><\/div><\/div><!-- close content main div --><\/div><\/div>\n<style type=\"text\/css\" data-created_by=\"avia_inline_auto\" id=\"style-css-av-1195rvg-76fbbabbbe4d203a8871b2ef60bb527f\">\n.avia-section.av-1195rvg-76fbbabbbe4d203a8871b2ef60bb527f{\nbackground-repeat:no-repeat;\nbackground-image:url(https:\/\/acans.com\/wp-content\/uploads\/2026\/04\/BG-FINAL-OFFRES.png);\nbackground-position:50% 50%;\nbackground-attachment:fixed;\n}\n<\/style>\n<div id='av_section_3'  class='avia-section av-1195rvg-76fbbabbbe4d203a8871b2ef60bb527f main_color avia-section-default avia-no-border-styling  avia-builder-el-8  el_after_av_section  el_before_av_section  avia-full-stretch avia-bg-style-fixed container_wrap sidebar_right'  data-section-bg-repeat='stretch'><div class='container av-section-cont-open' ><div class='template-page content  av-content-small alpha units'><div class='post-entry post-entry-type-page post-entry-5299'><div class='entry-content-wrapper clearfix'>\n\n<style type=\"text\/css\" data-created_by=\"avia_inline_auto\" id=\"style-css-av-mnnrho53-0835f77637d410eb2f80b86d46e0eb15\">\n#top .av-special-heading.av-mnnrho53-0835f77637d410eb2f80b86d46e0eb15{\npadding-bottom:10px;\n}\nbody .av-special-heading.av-mnnrho53-0835f77637d410eb2f80b86d46e0eb15 .av-special-heading-tag .heading-char{\nfont-size:25px;\n}\n.av-special-heading.av-mnnrho53-0835f77637d410eb2f80b86d46e0eb15 .av-subheading{\nfont-size:15px;\n}\n<\/style>\n<div  class='av-special-heading av-mnnrho53-0835f77637d410eb2f80b86d46e0eb15 av-special-heading-h2 blockquote modern-quote  avia-builder-el-9  el_before_av_one_fourth  avia-builder-el-first  aeg-section-title'><h2 class='av-special-heading-tag '  itemprop=\"headline\"  >Cosa rappresentiamo per te<\/h2><div class=\"special-heading-border\"><div class=\"special-heading-inner-border\"><\/div><\/div><\/div>\n<div class='flex_column_table av-109yub0-d1e55733206284a0bc80991185e6569e sc-av_one_fourth av-equal-height-column-flextable'>\n<style type=\"text\/css\" data-created_by=\"avia_inline_auto\" id=\"style-css-av-109yub0-d1e55733206284a0bc80991185e6569e\">\n.flex_column.av-109yub0-d1e55733206284a0bc80991185e6569e{\nwidth:22%;\nmargin-left:0;\npadding:15px 15px 15px 15px;\nbackground-color:rgba(255,255,255,0.7);\n}\n#top .flex_column_table.av-equal-height-column-flextable.av-109yub0-d1e55733206284a0bc80991185e6569e .av-flex-placeholder{\nwidth:4%;\n}\n<\/style>\n<div  class='flex_column av-109yub0-d1e55733206284a0bc80991185e6569e av_one_fourth  avia-builder-el-10  el_after_av_heading  el_before_av_one_fourth  first flex_column_table_cell av-equal-height-column av-align-top av-animated-generic fade-in  '     ><p>\n<style type=\"text\/css\" data-created_by=\"avia_inline_auto\" id=\"style-css-av-mnnrkazf-91b8f90b0bcc603933532dc9eadf7115\">\n#top .av-special-heading.av-mnnrkazf-91b8f90b0bcc603933532dc9eadf7115{\nmargin:0px 0 0 0;\npadding-bottom:10px;\n}\nbody .av-special-heading.av-mnnrkazf-91b8f90b0bcc603933532dc9eadf7115 .av-special-heading-tag .heading-char{\nfont-size:25px;\n}\n.av-special-heading.av-mnnrkazf-91b8f90b0bcc603933532dc9eadf7115 .av-subheading{\nfont-size:15px;\n}\n<\/style>\n<div  class='av-special-heading av-mnnrkazf-91b8f90b0bcc603933532dc9eadf7115 av-special-heading-h3 blockquote modern-quote  avia-builder-el-11  el_before_av_textblock  avia-builder-el-first  acans-title-s'><h3 class='av-special-heading-tag '  itemprop=\"headline\"  >Accesso qualificato<\/h3><div class=\"special-heading-border\"><div class=\"special-heading-inner-border\"><\/div><\/div><\/div><br \/>\n<section  class='av_textblock_section av-mnnrjli4-e166bc1c42a63b90c97e7f68e5afadf2 '   itemscope=\"itemscope\" itemtype=\"https:\/\/schema.org\/CreativeWork\" ><div class='avia_textblock acans-text-body acans-panel-line'  itemprop=\"text\" ><p>Verso professionisti di qualit\u00e0, strutturati e supportati<\/p>\n<p>Accesso a un ecosistema di distribuzione basato sulla qualit\u00e0 dei professionisti, sulla strutturazione delle pratiche e sulla capacit\u00e0 di rendere la relazione duratura.<\/p>\n<\/div><\/section><\/p><\/div><div class='av-flex-placeholder'><\/div>\n<style type=\"text\/css\" data-created_by=\"avia_inline_auto\" id=\"style-css-av-yf7pyk-60c7a55189ef7d82459cff34e87938ee\">\n.flex_column.av-yf7pyk-60c7a55189ef7d82459cff34e87938ee{\nwidth:22%;\nmargin-left:0;\npadding:15px 15px 15px 15px;\nbackground-color:rgba(255,255,255,0.7);\n}\n#top .flex_column_table.av-equal-height-column-flextable.av-yf7pyk-60c7a55189ef7d82459cff34e87938ee .av-flex-placeholder{\nwidth:4%;\n}\n<\/style>\n<div  class='flex_column av-yf7pyk-60c7a55189ef7d82459cff34e87938ee av_one_fourth  avia-builder-el-13  el_after_av_one_fourth  el_before_av_one_fourth  flex_column_table_cell av-equal-height-column av-align-top av-animated-generic fade-in  '     ><p>\n<style type=\"text\/css\" data-created_by=\"avia_inline_auto\" id=\"style-css-av-mnnroaqi-a7d6f507e6622122801817a6f7061920\">\n#top .av-special-heading.av-mnnroaqi-a7d6f507e6622122801817a6f7061920{\nmargin:0px 0 0 0;\npadding-bottom:10px;\n}\nbody .av-special-heading.av-mnnroaqi-a7d6f507e6622122801817a6f7061920 .av-special-heading-tag .heading-char{\nfont-size:25px;\n}\n.av-special-heading.av-mnnroaqi-a7d6f507e6622122801817a6f7061920 .av-subheading{\nfont-size:15px;\n}\n<\/style>\n<div  class='av-special-heading av-mnnroaqi-a7d6f507e6622122801817a6f7061920 av-special-heading-h3 blockquote modern-quote  avia-builder-el-14  el_before_av_textblock  avia-builder-el-first  acans-title-s'><h3 class='av-special-heading-tag '  itemprop=\"headline\"  >Compliance condivisa<\/h3><div class=\"special-heading-border\"><div class=\"special-heading-inner-border\"><\/div><\/div><\/div><br \/>\n<section  class='av_textblock_section av-mnnrp3b3-08f4707bae9f273ae7f140f025492f9a '   itemscope=\"itemscope\" itemtype=\"https:\/\/schema.org\/CreativeWork\" ><div class='avia_textblock acans-text-body acans-panel-line'  itemprop=\"text\" ><p>Standard elevati documentati in ogni fase<\/p>\n<p>Un approccio comune alle sfide di tracciabilit\u00e0, documentazione, POG ed ESG a seconda dei casi, per mettere in sicurezza le relazioni commerciali e rafforzarne la leggibilit\u00e0<\/p>\n<\/div><\/section><\/p><\/div><div class='av-flex-placeholder'><\/div>\n<style type=\"text\/css\" data-created_by=\"avia_inline_auto\" id=\"style-css-av-wjh0r0-a3539d1c43b90e51bddc0526591de941\">\n.flex_column.av-wjh0r0-a3539d1c43b90e51bddc0526591de941{\nwidth:22%;\nmargin-left:0;\npadding:15px 15px 15px 15px;\nbackground-color:rgba(255,255,255,0.7);\n}\n#top .flex_column_table.av-equal-height-column-flextable.av-wjh0r0-a3539d1c43b90e51bddc0526591de941 .av-flex-placeholder{\nwidth:4%;\n}\n<\/style>\n<div  class='flex_column av-wjh0r0-a3539d1c43b90e51bddc0526591de941 av_one_fourth  avia-builder-el-16  el_after_av_one_fourth  el_before_av_one_fourth  flex_column_table_cell av-equal-height-column av-align-top av-animated-generic fade-in  '     ><p>\n<style type=\"text\/css\" data-created_by=\"avia_inline_auto\" id=\"style-css-av-34n3do-063c77dd13662b8be4b3ec6acc6a2a90\">\n#top .av-special-heading.av-34n3do-063c77dd13662b8be4b3ec6acc6a2a90{\nmargin:0px 0 0 0;\npadding-bottom:10px;\n}\nbody .av-special-heading.av-34n3do-063c77dd13662b8be4b3ec6acc6a2a90 .av-special-heading-tag .heading-char{\nfont-size:25px;\n}\n.av-special-heading.av-34n3do-063c77dd13662b8be4b3ec6acc6a2a90 .av-subheading{\nfont-size:15px;\n}\n<\/style>\n<div  class='av-special-heading av-34n3do-063c77dd13662b8be4b3ec6acc6a2a90 av-special-heading-h3 blockquote modern-quote  avia-builder-el-17  el_before_av_textblock  avia-builder-el-first  acans-title-s'><h3 class='av-special-heading-tag '  itemprop=\"headline\"  >Gruppo europeo<\/h3><div class=\"special-heading-border\"><div class=\"special-heading-inner-border\"><\/div><\/div><\/div><br \/>\n<section  class='av_textblock_section av-tk9huk-10f4df1bc0ba8bfe169083f890556c1b '   itemscope=\"itemscope\" itemtype=\"https:\/\/schema.org\/CreativeWork\" ><div class='avia_textblock acans-text-body acans-panel-line'  itemprop=\"text\" ><p>Capacit\u00e0 di sviluppo operativo e una presenza europea coerente<\/p>\n<p>Grazie alla sua presenza in Francia, Lussemburgo, Svizzera e quest\u2019anno in Portogallo e Spagna, ACANS EURO GROUP offre ai suoi partner istituzionali una base operativa compatibile con una logica di sviluppo europeo<\/p>\n<\/div><\/section><\/p><\/div><div class='av-flex-placeholder'><\/div>\n<style type=\"text\/css\" data-created_by=\"avia_inline_auto\" id=\"style-css-av-a2ja4-af43d055d5728afa31daa8c3557b07fb\">\n.flex_column.av-a2ja4-af43d055d5728afa31daa8c3557b07fb{\nwidth:22%;\nmargin-left:0;\npadding:15px 15px 15px 15px;\nbackground-color:rgba(255,255,255,0.7);\n}\n#top .flex_column_table.av-equal-height-column-flextable.av-a2ja4-af43d055d5728afa31daa8c3557b07fb .av-flex-placeholder{\nwidth:4%;\n}\n<\/style>\n<div  class='flex_column av-a2ja4-af43d055d5728afa31daa8c3557b07fb av_one_fourth  avia-builder-el-19  el_after_av_one_fourth  avia-builder-el-last  flex_column_table_cell av-equal-height-column av-align-top av-animated-generic fade-in  '     ><p>\n<style type=\"text\/css\" data-created_by=\"avia_inline_auto\" id=\"style-css-av-qfppng-e2f1000c910740c733dc2630a6926243\">\n#top .av-special-heading.av-qfppng-e2f1000c910740c733dc2630a6926243{\nmargin:0px 0 0 0;\npadding-bottom:10px;\n}\nbody .av-special-heading.av-qfppng-e2f1000c910740c733dc2630a6926243 .av-special-heading-tag .heading-char{\nfont-size:25px;\n}\n.av-special-heading.av-qfppng-e2f1000c910740c733dc2630a6926243 .av-subheading{\nfont-size:15px;\n}\n<\/style>\n<div  class='av-special-heading av-qfppng-e2f1000c910740c733dc2630a6926243 av-special-heading-h3 blockquote modern-quote  avia-builder-el-20  el_before_av_textblock  avia-builder-el-first  acans-title-s'><h3 class='av-special-heading-tag '  itemprop=\"headline\"  >Co-costruzione<\/h3><div class=\"special-heading-border\"><div class=\"special-heading-inner-border\"><\/div><\/div><\/div><br \/>\n<section  class='av_textblock_section av-ntqnj0-c334d412669e6468217a287ac54e77e0 '   itemscope=\"itemscope\" itemtype=\"https:\/\/schema.org\/CreativeWork\" ><div class='avia_textblock acans-text-body acans-panel-line'  itemprop=\"text\" ><p>Co-costruzione delle soluzioni e strutturazione pensata per il terreno<\/p>\n<p>Lavoriamo con i nostri partner alla strutturazione di soluzioni adatte al loro settore, alla loro logica di distribuzione e alle aspettative concrete dei professionisti.<\/p>\n<\/div><\/section><\/p><\/div><\/div><!--close column table wrapper. Autoclose: 1 -->\n\n<\/div><\/div><\/div><!-- close content main div --><\/div><\/div><div id='av_section_4'  class='avia-section av-1xn62k-0c41b2881703ad6453b82902516ea9d2 main_color avia-section-default avia-no-border-styling  avia-builder-el-22  el_after_av_section  el_before_av_section  acans-section-tight acans-surface-white avia-bg-style-scroll container_wrap sidebar_right'  ><div class='container av-section-cont-open' ><div class='template-page content  av-content-small alpha units'><div class='post-entry post-entry-type-page post-entry-5299'><div class='entry-content-wrapper clearfix'>\n\n<style type=\"text\/css\" data-created_by=\"avia_inline_auto\" id=\"style-css-av-mnnhsonj-ed38194eb76502f6d83541b85c240897\">\n#top .av-special-heading.av-mnnhsonj-ed38194eb76502f6d83541b85c240897{\npadding-bottom:10px;\n}\nbody .av-special-heading.av-mnnhsonj-ed38194eb76502f6d83541b85c240897 .av-special-heading-tag .heading-char{\nfont-size:25px;\n}\n.av-special-heading.av-mnnhsonj-ed38194eb76502f6d83541b85c240897 .av-subheading{\nfont-size:15px;\n}\n<\/style>\n<div  class='av-special-heading av-mnnhsonj-ed38194eb76502f6d83541b85c240897 av-special-heading-h2 blockquote modern-quote  avia-builder-el-23  el_before_av_textblock  avia-builder-el-first '><h2 class='av-special-heading-tag '  itemprop=\"headline\"  >Una logica di selezione e supporto che consente una logica di volume<\/h2><div class=\"special-heading-border\"><div class=\"special-heading-inner-border\"><\/div><\/div><\/div>\n<section  class='av_textblock_section av-mnnhszcz-7dfc6f141e1acc2c9d7dd825242d4e33 '   itemscope=\"itemscope\" itemtype=\"https:\/\/schema.org\/CreativeWork\" ><div class='avia_textblock acans-title-xl'  itemprop=\"text\" ><p class=\"p1\">Non ragioniamo in termini di semplice accesso commerciale. Ragioniamo in termini di qualit\u00e0 della relazione, capacit\u00e0 di esecuzione e solidit\u00e0 del quadro in cui la soluzione sar\u00e0 distribuita. <\/p>\n<\/div><\/section>\n\n<\/div><\/div><\/div><!-- close content main div --><\/div><\/div>\n<style type=\"text\/css\" data-created_by=\"avia_inline_auto\" id=\"style-css-av-mnns49qy-c8f1df787d8d6c820bc1c7da5fd1ae04\">\n.avia-section.av-mnns49qy-c8f1df787d8d6c820bc1c7da5fd1ae04{\nbackground-repeat:no-repeat;\nbackground-image:url(https:\/\/acans.com\/wp-content\/uploads\/2026\/04\/BG-FINAL-OFFRES.png);\nbackground-position:50% 100%;\nbackground-attachment:fixed;\n}\n<\/style>\n<div id='av_section_5'  class='avia-section av-mnns49qy-c8f1df787d8d6c820bc1c7da5fd1ae04 main_color avia-section-default avia-no-border-styling  avia-builder-el-25  el_after_av_section  avia-builder-el-last  avia-full-stretch avia-bg-style-fixed container_wrap sidebar_right'  data-section-bg-repeat='stretch'><div class='container av-section-cont-open' ><div class='template-page content  av-content-small alpha units'><div class='post-entry post-entry-type-page post-entry-5299'><div class='entry-content-wrapper clearfix'><\/div><\/div><\/div><!-- close content main div --><\/div><\/div><div id='after_section_5'  class='main_color av_default_container_wrap container_wrap sidebar_right'  ><div class='container av-section-cont-open' ><div class='template-page content  av-content-small alpha units'><div class='post-entry post-entry-type-page post-entry-5299'><div class='entry-content-wrapper clearfix'>\n","protected":false},"excerpt":{"rendered":"","protected":false},"author":1,"featured_media":0,"parent":4774,"menu_order":0,"comment_status":"closed","ping_status":"closed","template":"","meta":{"footnotes":""},"class_list":["post-5299","page","type-page","status-publish","hentry"],"_links":{"self":[{"href":"https:\/\/acans.com\/it\/wp-json\/wp\/v2\/pages\/5299","targetHints":{"allow":["GET"]}}],"collection":[{"href":"https:\/\/acans.com\/it\/wp-json\/wp\/v2\/pages"}],"about":[{"href":"https:\/\/acans.com\/it\/wp-json\/wp\/v2\/types\/page"}],"author":[{"embeddable":true,"href":"https:\/\/acans.com\/it\/wp-json\/wp\/v2\/users\/1"}],"replies":[{"embeddable":true,"href":"https:\/\/acans.com\/it\/wp-json\/wp\/v2\/comments?post=5299"}],"version-history":[{"count":0,"href":"https:\/\/acans.com\/it\/wp-json\/wp\/v2\/pages\/5299\/revisions"}],"up":[{"embeddable":true,"href":"https:\/\/acans.com\/it\/wp-json\/wp\/v2\/pages\/4774"}],"wp:attachment":[{"href":"https:\/\/acans.com\/it\/wp-json\/wp\/v2\/media?parent=5299"}],"curies":[{"name":"wp","href":"https:\/\/api.w.org\/{rel}","templated":true}]}}