{"id":5155,"date":"2026-03-28T07:55:22","date_gmt":"2026-03-28T06:55:22","guid":{"rendered":"https:\/\/acans.com\/filiali\/acans-assurance\/"},"modified":"2026-04-12T17:53:49","modified_gmt":"2026-04-12T15:53:49","slug":"acans-assurance","status":"publish","type":"page","link":"https:\/\/acans.com\/it\/filiali\/acans-assurance\/","title":{"rendered":"Acans Assurance"},"content":{"rendered":"\n<style type=\"text\/css\" data-created_by=\"avia_inline_auto\" id=\"style-css-av-1ktcmbd-ddff591fb8091c6f16ea3209ad0d0d92\">\n.avia-section.av-1ktcmbd-ddff591fb8091c6f16ea3209ad0d0d92{\nbackground-repeat:no-repeat;\nbackground-image:url(https:\/\/acans.com\/wp-content\/uploads\/2026\/04\/BG-ACANS-ASSURANCE.png);\nbackground-position:100% 0%;\nbackground-attachment:fixed;\n}\n<\/style>\n<div id='av_section_1'  class='avia-section av-1ktcmbd-ddff591fb8091c6f16ea3209ad0d0d92 main_color avia-section-default avia-no-border-styling  avia-builder-el-0  el_before_av_section  avia-builder-el-first  acans-hero avia-full-stretch avia-bg-style-fixed av-minimum-height av-minimum-height-custom av-height-custom  container_wrap sidebar_right'  data-section-bg-repeat='stretch' data-av_minimum_height_px='400'><div class='container av-section-cont-open' style='height:400px'><main  role=\"main\" itemprop=\"mainContentOfPage\"  class='template-page content  av-content-small alpha units'><div class='post-entry post-entry-type-page post-entry-5155'><div class='entry-content-wrapper clearfix'>\n<div class='flex_column_table av-1k0rduh-266268233b33945755f9b844d1e4570e sc-av_three_fourth av-equal-height-column-flextable'><div  class='flex_column av-1k0rduh-266268233b33945755f9b844d1e4570e av_three_fourth  avia-builder-el-1  avia-builder-el-no-sibling  first flex_column_table_cell av-equal-height-column av-align-top  '     ><p>\n<style type=\"text\/css\" data-created_by=\"avia_inline_auto\" id=\"style-css-av-mnkc3x36-b4e3b7766a70a68c71a4a153bc600831\">\n#top .av-special-heading.av-mnkc3x36-b4e3b7766a70a68c71a4a153bc600831{\npadding-bottom:10px;\n}\nbody .av-special-heading.av-mnkc3x36-b4e3b7766a70a68c71a4a153bc600831 .av-special-heading-tag .heading-char{\nfont-size:25px;\n}\n.av-special-heading.av-mnkc3x36-b4e3b7766a70a68c71a4a153bc600831 .av-subheading{\nfont-size:15px;\n}\n<\/style>\n<div  class='av-special-heading av-mnkc3x36-b4e3b7766a70a68c71a4a153bc600831 av-special-heading-h3 blockquote modern-quote  avia-builder-el-2  el_before_av_textblock  avia-builder-el-first  acans-title-xl'><h3 class='av-special-heading-tag '  itemprop=\"headline\"  >ACANS ASSURANCE<\/h3><div class=\"special-heading-border\"><div class=\"special-heading-inner-border\"><\/div><\/div><\/div><br \/>\n<section  class='av_textblock_section av-mnkc4uxi-e95eafad928d65cc44d8d7f016db01f7 '   itemscope=\"itemscope\" itemtype=\"https:\/\/schema.org\/CreativeWork\" ><div class='avia_textblock acans-kicker'  itemprop=\"text\" ><p>Soluzioni assicurative su misura, in totale indipendenza<\/p>\n<\/div><\/section><br \/>\n<section  class='av_textblock_section av-mnkc5b0h-7c033a017c2a8f4e75bc0735666017dd '   itemscope=\"itemscope\" itemtype=\"https:\/\/schema.org\/CreativeWork\" ><div class='avia_textblock acans-lead'  itemprop=\"text\" ><p>Ogni situazione patrimoniale \u00e8 unica. Anche i dispositivi assicurativi che la accompagnano devono esserlo.<\/p>\n<\/div><\/section><br \/>\n\n<style type=\"text\/css\" data-created_by=\"avia_inline_auto\" id=\"style-css-av-5gg9h5-3305609eecdef6b6bac4eb6cc386704f\">\n#top .hr.hr-invisible.av-5gg9h5-3305609eecdef6b6bac4eb6cc386704f{\nheight:50px;\n}\n<\/style>\n<div  class='hr av-5gg9h5-3305609eecdef6b6bac4eb6cc386704f hr-invisible  avia-builder-el-5  el_after_av_textblock  el_before_av_buttonrow '><span class='hr-inner '><span class=\"hr-inner-style\"><\/span><\/span><\/div><br \/>\n<div  class='avia-buttonrow-wrap av-1g2laax-a34bf751d1412d9e477d298a0ab7402e avia-buttonrow-left  avia-builder-el-6  el_after_av_hr  avia-builder-el-last '>\n\n<style type=\"text\/css\" data-created_by=\"avia_inline_auto\" id=\"style-css-av-1eoly2h-5441720385fb8bf3e9de89a8fdb3d5ca\">\n#top #wrap_all .avia-button.av-1eoly2h-5441720385fb8bf3e9de89a8fdb3d5ca{\nmargin-bottom:5px;\nmargin-right:5px;\n}\n<\/style>\n<a href='https:\/\/acans.com\/it\/contatto\/'  class='avia-button av-1eoly2h-5441720385fb8bf3e9de89a8fdb3d5ca avia-icon_select-no avia-size-small avia-color-theme-color'   aria-label=\"Diventa Partner\"><span class='avia_iconbox_title' >Diventa Partner<\/span><\/a>\n\n<style type=\"text\/css\" data-created_by=\"avia_inline_auto\" id=\"style-css-av-1dkyh6h-05767bcf6756cfec973dc312b0530ab6\">\n#top #wrap_all .avia-button.av-1dkyh6h-05767bcf6756cfec973dc312b0530ab6{\nmargin-bottom:5px;\nmargin-right:5px;\n}\n<\/style>\n<a href='https:\/\/acans.com\/it\/contatto\/'  class='avia-button av-1dkyh6h-05767bcf6756cfec973dc312b0530ab6 avia-icon_select-no avia-size-small avia-color-theme-color'   aria-label=\"Accedi alle nostre offerte\"><span class='avia_iconbox_title' >Accedi alle nostre offerte<\/span><\/a>\n<\/div><\/p><\/div><\/div><!--close column table wrapper. Autoclose: 1 --><\/div><\/div><\/main><!-- close content main element --><\/div><\/div><div id='av_section_2'  class='avia-section av-16vgf2h-6c4677e8b03de2fb0c6307bd67c413b4 main_color avia-section-no-padding avia-no-border-styling  avia-builder-el-7  el_after_av_section  el_before_av_section  acans-section acans-surface-white avia-bg-style-scroll container_wrap sidebar_right'  ><div class='container av-section-cont-open' ><div class='template-page content  av-content-small alpha units'><div class='post-entry post-entry-type-page post-entry-5155'><div class='entry-content-wrapper clearfix'>\n<div  class='flex_column av-15a50nt-ce6824b14644178522aa71d8842a3903 av_one_full  avia-builder-el-8  el_before_av_one_half  avia-builder-el-first  first flex_column_div  '     ><p>\n<style type=\"text\/css\" data-created_by=\"avia_inline_auto\" id=\"style-css-av-12oe3qx-9ed95aaf40b0abfbc9aac4171ca5eb50\">\n#top .av-special-heading.av-12oe3qx-9ed95aaf40b0abfbc9aac4171ca5eb50{\npadding-bottom:10px;\n}\nbody .av-special-heading.av-12oe3qx-9ed95aaf40b0abfbc9aac4171ca5eb50 .av-special-heading-tag .heading-char{\nfont-size:25px;\n}\n.av-special-heading.av-12oe3qx-9ed95aaf40b0abfbc9aac4171ca5eb50 .av-subheading{\nfont-size:15px;\n}\n<\/style>\n<div  class='av-special-heading av-12oe3qx-9ed95aaf40b0abfbc9aac4171ca5eb50 av-special-heading-h3 blockquote modern-quote  avia-builder-el-9  el_before_av_textblock  avia-builder-el-first  acans-title-m'><h3 class='av-special-heading-tag '  itemprop=\"headline\"  >La sicurezza di un broker esperto al tuo fianco<\/h3><div class=\"special-heading-border\"><div class=\"special-heading-inner-border\"><\/div><\/div><\/div><br \/>\n<section  class='av_textblock_section av-mnkc6qg7-5e8e15fc6ddb0fcb842ff0c97144727f '   itemscope=\"itemscope\" itemtype=\"https:\/\/schema.org\/CreativeWork\" ><div class='avia_textblock acans-lead acans-lead-wide'  itemprop=\"text\" ><p>ACANS ASSURANCE affianca i professionisti del patrimonio, i privati e i dirigenti d\u2019azienda nella strutturazione di dispositivi adatti alle loro sfide finanziarie, familiari e professionali. In qualit\u00e0 di broker indipendente, ACANS ASSURANCE seleziona per ogni situazione le soluzioni pi\u00f9 pertinenti presso compagnie rigorosamente accreditate \u2014 senza gamma vincolata, senza quote per compagnia, senza conflitti di interesse. <\/p>\n<p>Il nostro approccio si basa su un\u2019analisi preventiva delle esigenze e dei rischi, per costruire risposte precise in materia di protezione, previdenza e ottimizzazione patrimoniale.<\/p>\n<\/div><\/section><\/p><\/div><div  class='flex_column av-11en5mh-ea0aecb89c5f9428cf8c9ec4550a90f0 av_one_half  avia-builder-el-11  el_after_av_one_full  el_before_av_one_half  acans-panel-line first flex_column_div  column-top-margin'     ><p>\n<style type=\"text\/css\" data-created_by=\"avia_inline_auto\" id=\"style-css-av-mnkc9fzq-6ec5e63720e809534f82b26842bad4d1\">\n#top .av-special-heading.av-mnkc9fzq-6ec5e63720e809534f82b26842bad4d1{\npadding-bottom:10px;\n}\nbody .av-special-heading.av-mnkc9fzq-6ec5e63720e809534f82b26842bad4d1 .av-special-heading-tag .heading-char{\nfont-size:25px;\n}\n.av-special-heading.av-mnkc9fzq-6ec5e63720e809534f82b26842bad4d1 .av-subheading{\nfont-size:15px;\n}\n<\/style>\n<div  class='av-special-heading av-mnkc9fzq-6ec5e63720e809534f82b26842bad4d1 av-special-heading-h3 blockquote modern-quote  avia-builder-el-12  el_before_av_textblock  avia-builder-el-first  acans-title-m'><h3 class='av-special-heading-tag '  itemprop=\"headline\"  >Un\u2019offerta per i tuoi clienti privati<\/h3><div class=\"special-heading-border\"><div class=\"special-heading-inner-border\"><\/div><\/div><\/div><br \/>\n<section  class='av_textblock_section av-mnkc7umw-aa98ae7546138d5d10d7c45ccbe3527e '   itemscope=\"itemscope\" itemtype=\"https:\/\/schema.org\/CreativeWork\" ><div class='avia_textblock'  itemprop=\"text\" ><p><strong>Assicurazioni per le persone<\/strong><\/p>\n<p>Contratti individuali, familiari o collettivi di salute e protezione sociale, costruiti in base al profilo e alla situazione di ogni cliente.<\/p>\n<p><strong>Previdenza &amp; protezione finanziaria<\/strong><\/p>\n<p>Protezione dei dirigenti, dei dipendenti e delle loro famiglie dalle conseguenze finanziarie di un infortunio, di un\u2019incapacit\u00e0 lavorativa o di un decesso.<\/p>\n<p><strong>Pensione &amp; costituzione di capitale<\/strong><\/p>\n<p>Strategie di risparmio e di costituzione di capitale costruite in base all\u2019orizzonte di investimento e agli obiettivi patrimoniali del cliente.<\/p>\n<\/div><\/section><\/p><\/div><div  class='flex_column av-zhdstl-27728429a9be3a8cb916efb8684ccfdb av_one_half  avia-builder-el-14  el_after_av_one_half  avia-builder-el-last  acans-panel-line flex_column_div  column-top-margin'     ><p>\n<style type=\"text\/css\" data-created_by=\"avia_inline_auto\" id=\"style-css-av-mnkcaggs-631d87086af1684aa28c8e4b785fc168\">\n#top .av-special-heading.av-mnkcaggs-631d87086af1684aa28c8e4b785fc168{\npadding-bottom:10px;\n}\nbody .av-special-heading.av-mnkcaggs-631d87086af1684aa28c8e4b785fc168 .av-special-heading-tag .heading-char{\nfont-size:25px;\n}\n.av-special-heading.av-mnkcaggs-631d87086af1684aa28c8e4b785fc168 .av-subheading{\nfont-size:15px;\n}\n<\/style>\n<div  class='av-special-heading av-mnkcaggs-631d87086af1684aa28c8e4b785fc168 av-special-heading-h3 blockquote modern-quote  avia-builder-el-15  el_before_av_textblock  avia-builder-el-first  acans-title-m'><h3 class='av-special-heading-tag '  itemprop=\"headline\"  >Un\u2019offerta per i tuoi clienti corporate<\/h3><div class=\"special-heading-border\"><div class=\"special-heading-inner-border\"><\/div><\/div><\/div><br \/>\n<section  class='av_textblock_section av-mnkcca9v-02ba55ec172ea6e08a18fa8be44d7cf1 '   itemscope=\"itemscope\" itemtype=\"https:\/\/schema.org\/CreativeWork\" ><div class='avia_textblock'  itemprop=\"text\" ><p><strong>Consulenza in strategia sociale d\u2019impresa<\/strong><\/p>\n<p>Strutturazione e ottimizzazione dei dispositivi di protezione sociale in una logica di attrattivit\u00e0, messa in sicurezza e coerenza nel lungo periodo.<\/p>\n<p><strong>Responsabilit\u00e0 &amp; protezione dei beni<\/strong><\/p>\n<p>Coperture di responsabilit\u00e0 civile e protezione dei beni, calibrate per limitare l\u2019esposizione finanziaria in caso di incidente o contenzioso.<\/p>\n<p><strong>Pensione &amp; assicurazioni collettive<\/strong><\/p>\n<p>Strategie di risparmio e di costituzione di capitale costruite in base all\u2019orizzonte di investimento e agli obiettivi patrimoniali del cliente.<\/p>\n<\/div><\/section><\/p><\/div>\n<\/p>\n<\/div><\/div><\/div><!-- close content main div --><\/div><\/div>\n<style type=\"text\/css\" data-created_by=\"avia_inline_auto\" id=\"style-css-av-xhus7d-a46701af58fc008b67356e14b9f729ee\">\n.avia-section.av-xhus7d-a46701af58fc008b67356e14b9f729ee{\nbackground-repeat:no-repeat;\nbackground-image:url(https:\/\/acans.com\/wp-content\/uploads\/2026\/04\/BG-ACANS-ASSURANCE.png);\nbackground-position:100% 50%;\nbackground-attachment:fixed;\n}\n<\/style>\n<div id='av_section_3'  class='avia-section av-xhus7d-a46701af58fc008b67356e14b9f729ee main_color avia-section-no-padding avia-no-border-styling  avia-builder-el-17  el_after_av_section  el_before_av_section  acans-section acans-section-divider avia-full-stretch avia-bg-style-fixed container_wrap sidebar_right'  data-section-bg-repeat='stretch'><div class='container av-section-cont-open' ><div class='template-page content  av-content-small alpha units'><div class='post-entry post-entry-type-page post-entry-5155'><div class='entry-content-wrapper clearfix'>\n<div  class='flex_column av-wwywax-4605ccf8473c7c1e085f26b2df382f46 av_one_third  avia-builder-el-18  el_before_av_one_third  avia-builder-el-first  acans-panel-line first flex_column_div  '     ><section  class='av_textblock_section av-u3wkd5-e9ad59354329d3ba3b97f793e3a774ed '   itemscope=\"itemscope\" itemtype=\"https:\/\/schema.org\/CreativeWork\" ><div class='avia_textblock'  itemprop=\"text\" ><p><strong><span style=\"color: #1b6b73;\">POSIZIONAMENTO<\/span><\/strong><\/p>\n<p class=\"text-size-chat leading-relaxed extension:leading-normal my-2\"><span class=\"_inlineMarkdown_3nxm6_25 inline-markdown text-size-chat-sm font-mono blend bg-token-text-code-block-background rounded-sm px-1.5 py-0.5 leading-none extension:bg-token-foreground\/10 electron:bg-token-list-hover-background\/60\">Un\u2019offerta chiara e leggibile, sostenuta da una specializzazione definita e dalla capacit\u00e0 di rispondere a sfide specifiche nel proprio ambito di intervento.<\/span><\/p>\n<\/div><\/section><\/div><div  class='flex_column av-sudz61-5bc83259e927da55ccdc6805c6315e9d av_one_third  avia-builder-el-20  el_after_av_one_third  el_before_av_one_third  acans-panel-line flex_column_div  '     ><section  class='av_textblock_section av-rkq12h-0fce3e7d6d383cfe3ec528c641c1ecd2 '   itemscope=\"itemscope\" itemtype=\"https:\/\/schema.org\/CreativeWork\" ><div class='avia_textblock'  itemprop=\"text\" ><p><strong><span style=\"color: #1b6b73;\">DIREZIONE<\/span><\/strong><\/p>\n<p>Un\u2019entit\u00e0 incarnata da una direzione identificata, al servizio di una visione di lungo periodo, di standard elevati operativi e dello sviluppo della filiale.<\/p>\n<\/div><\/section><\/div><div  class='flex_column av-pfxr6h-52f30ebc5e2ef1cea2b19b0214743f6b av_one_third  avia-builder-el-22  el_after_av_one_third  avia-builder-el-last  acans-panel-line flex_column_div  '     ><section  class='av_textblock_section av-no9vgp-fdab815b05ff7e1d4253d8906f0a1256 '   itemscope=\"itemscope\" itemtype=\"https:\/\/schema.org\/CreativeWork\" ><div class='avia_textblock'  itemprop=\"text\" ><p><strong><span style=\"color: #1b6b73;\">SVILUPPO<\/span><\/strong><\/p>\n<p>Una traiettoria fondata sulla coerenza strategica, sulla qualit\u00e0 dell\u2019esecuzione e sull\u2019integrazione nell\u2019ambizione europea del gruppo.<\/p>\n<\/div><\/section><\/div>\n\n<\/div><\/div><\/div><!-- close content main div --><\/div><\/div><div id='av_section_4'  class='avia-section av-m9syih-93684af2c2187e54fb2d1e64f3c89edc main_color avia-section-default avia-no-border-styling  avia-builder-el-24  el_after_av_section  el_before_av_section  acans-section-tight avia-bg-style-scroll container_wrap sidebar_right'  ><div class='container av-section-cont-open' ><div class='template-page content  av-content-small alpha units'><div class='post-entry post-entry-type-page post-entry-5155'><div class='entry-content-wrapper clearfix'>\n<div  class='flex_column av-l19iqx-cad502ee3570540117253f2749f6842f av_one_half  avia-builder-el-25  el_before_av_one_half  avia-builder-el-first  acans-panel-line first flex_column_div  '     ><section  class='av_textblock_section av-1uz4jt-5f958c5e816ff2b6bd8325a1e4ba883b '   itemscope=\"itemscope\" itemtype=\"https:\/\/schema.org\/CreativeWork\" ><div class='avia_textblock'  itemprop=\"text\" ><p>UN\u2019ORGANIZZAZIONE DI GRUPPO<\/p>\n<p>La dinamica del gruppo si basa su un\u2019articolazione chiara tra visione d\u2019insieme, expertise specializzate e radicamenti operativi.<\/p>\n<\/div><\/section><\/div><div  class='flex_column av-gwnaq1-f78f566118084c7f68422e11695d2311 av_one_half  avia-builder-el-27  el_after_av_one_half  avia-builder-el-last  acans-panel-line flex_column_div  '     ><section  class='av_textblock_section av-gckzmx-987ca139e02b47879a53c82d90ba8d37 '   itemscope=\"itemscope\" itemtype=\"https:\/\/schema.org\/CreativeWork\" ><div class='avia_textblock'  itemprop=\"text\" ><p>ENTIT\u00c0 COMPLEMENTARI<\/p>\n<p>Ogni filiale contribuisce all\u2019identit\u00e0 complessiva con il proprio posizionamento, il proprio dirigente, la propria specialit\u00e0 e la capacit\u00e0 di rispondere a sfide specifiche.<\/p>\n<\/div><\/section><\/div>\n\n<\/div><\/div><\/div><!-- close content main div --><\/div><\/div>\n<style type=\"text\/css\" data-created_by=\"avia_inline_auto\" id=\"style-css-av-dw2wk9-22af78b58be70efb3237ab9218f4c090\">\n.avia-section.av-dw2wk9-22af78b58be70efb3237ab9218f4c090{\nbackground-repeat:no-repeat;\nbackground-image:url(https:\/\/acans.com\/wp-content\/uploads\/2026\/04\/BG-ACANS-ASSURANCE.png);\nbackground-position:100% 100%;\nbackground-attachment:fixed;\n}\n<\/style>\n<div id='av_section_5'  class='avia-section av-dw2wk9-22af78b58be70efb3237ab9218f4c090 main_color avia-section-no-padding avia-no-border-styling  avia-builder-el-29  el_after_av_section  avia-builder-el-last  avia-full-stretch avia-bg-style-fixed container_wrap sidebar_right'  data-section-bg-repeat='stretch'><div class='container av-section-cont-open' ><div class='template-page content  av-content-small alpha units'><div class='post-entry post-entry-type-page post-entry-5155'><div class='entry-content-wrapper clearfix'>\n<section  class='av_textblock_section av-cd0b3t-1a9a931d793fd3e7423f03c13708a0d5 '   itemscope=\"itemscope\" itemtype=\"https:\/\/schema.org\/CreativeWork\" ><div class='avia_textblock acans-kicker'  itemprop=\"text\" ><p class=\"acans-kicker\">Contatto e attivit\u00e0<\/p>\n<\/div><\/section>\n\n<style type=\"text\/css\" data-created_by=\"avia_inline_auto\" id=\"style-css-av-ai06op-4067ebabff8db16591cedf761cfea55e\">\n#top .av-special-heading.av-ai06op-4067ebabff8db16591cedf761cfea55e{\npadding-bottom:10px;\n}\nbody .av-special-heading.av-ai06op-4067ebabff8db16591cedf761cfea55e .av-special-heading-tag .heading-char{\nfont-size:25px;\n}\n.av-special-heading.av-ai06op-4067ebabff8db16591cedf761cfea55e .av-subheading{\nfont-size:15px;\n}\n<\/style>\n<div  class='av-special-heading av-ai06op-4067ebabff8db16591cedf761cfea55e av-special-heading-h3 blockquote modern-quote  avia-builder-el-31  el_after_av_textblock  el_before_av_textblock '><h3 class='av-special-heading-tag '  itemprop=\"headline\"  >Confrontati con il team ACANS ASSURANCE<\/h3><div class=\"special-heading-border\"><div class=\"special-heading-inner-border\"><\/div><\/div><\/div>\n<section  class='av_textblock_section av-x64tl-2bd2b18ffe409b4d3e175f000a347b77 '   itemscope=\"itemscope\" itemtype=\"https:\/\/schema.org\/CreativeWork\" ><div class='avia_textblock acans-lead'  itemprop=\"text\" ><p class=\"text-size-chat leading-relaxed extension:leading-normal my-2\"><span class=\"_inlineMarkdown_3nxm6_25 inline-markdown text-size-chat-sm font-mono blend bg-token-text-code-block-background rounded-sm px-1.5 py-0.5 leading-none extension:bg-token-foreground\/10 electron:bg-token-list-hover-background\/60\">Per qualsiasi richiesta di informazioni, presentazione o introduzioni strategiche, il nostro team \u00e8 a tua disposizione.<\/span><\/p>\n<\/div><\/section>\n<div  class='avia-buttonrow-wrap av-77f2ex-e3ecb587a8583a4ef458101ddc02e137 avia-buttonrow-left  avia-builder-el-33  el_after_av_textblock  el_before_av_hr '>\n\n<style type=\"text\/css\" data-created_by=\"avia_inline_auto\" id=\"style-css-av-jjy7t-1d55f48646214ff1daf70a41d5726b04\">\n#top #wrap_all .avia-button.av-jjy7t-1d55f48646214ff1daf70a41d5726b04{\nmargin-bottom:5px;\nmargin-right:5px;\n}\n<\/style>\n<a href='https:\/\/acans.com\/it\/contatto\/'  class='avia-button av-jjy7t-1d55f48646214ff1daf70a41d5726b04 avia-icon_select-no avia-size-small avia-color-theme-color'   aria-label=\"Diventa Partner\"><span class='avia_iconbox_title' >Diventa Partner<\/span><\/a>\n\n<style type=\"text\/css\" data-created_by=\"avia_inline_auto\" id=\"style-css-av-3o4dk9-d7be99cbd417abd701d1d42cc17bae87\">\n#top #wrap_all .avia-button.av-3o4dk9-d7be99cbd417abd701d1d42cc17bae87{\nmargin-bottom:5px;\nmargin-right:5px;\n}\n<\/style>\n<a href='https:\/\/acans.com\/it\/filiali\/'  class='avia-button av-3o4dk9-d7be99cbd417abd701d1d42cc17bae87 avia-icon_select-no avia-size-small avia-color-theme-color'   aria-label=\"Altre filiali\"><span class='avia_iconbox_title' >Altre filiali<\/span><\/a>\n<\/div>\n\n<style type=\"text\/css\" data-created_by=\"avia_inline_auto\" id=\"style-css-av-341urd-85d4ee5d1a8e88a4f205f7a4894d47ef\">\n#top .hr.hr-invisible.av-341urd-85d4ee5d1a8e88a4f205f7a4894d47ef{\nheight:50px;\n}\n<\/style>\n<div  class='hr av-341urd-85d4ee5d1a8e88a4f205f7a4894d47ef hr-invisible  avia-builder-el-34  el_after_av_buttonrow  avia-builder-el-last '><span class='hr-inner '><span class=\"hr-inner-style\"><\/span><\/span><\/div>\n<\/div><\/div><\/div><!-- close content main div --><\/div><\/div><div id='after_section_5'  class='main_color av_default_container_wrap container_wrap sidebar_right'  ><div class='container av-section-cont-open' ><div class='template-page content  av-content-small alpha units'><div class='post-entry post-entry-type-page post-entry-5155'><div class='entry-content-wrapper clearfix'>\n","protected":false},"excerpt":{"rendered":"","protected":false},"author":1,"featured_media":0,"parent":5002,"menu_order":0,"comment_status":"closed","ping_status":"closed","template":"","meta":{"footnotes":""},"class_list":["post-5155","page","type-page","status-publish","hentry"],"_links":{"self":[{"href":"https:\/\/acans.com\/it\/wp-json\/wp\/v2\/pages\/5155","targetHints":{"allow":["GET"]}}],"collection":[{"href":"https:\/\/acans.com\/it\/wp-json\/wp\/v2\/pages"}],"about":[{"href":"https:\/\/acans.com\/it\/wp-json\/wp\/v2\/types\/page"}],"author":[{"embeddable":true,"href":"https:\/\/acans.com\/it\/wp-json\/wp\/v2\/users\/1"}],"replies":[{"embeddable":true,"href":"https:\/\/acans.com\/it\/wp-json\/wp\/v2\/comments?post=5155"}],"version-history":[{"count":0,"href":"https:\/\/acans.com\/it\/wp-json\/wp\/v2\/pages\/5155\/revisions"}],"up":[{"embeddable":true,"href":"https:\/\/acans.com\/it\/wp-json\/wp\/v2\/pages\/5002"}],"wp:attachment":[{"href":"https:\/\/acans.com\/it\/wp-json\/wp\/v2\/media?parent=5155"}],"curies":[{"name":"wp","href":"https:\/\/api.w.org\/{rel}","templated":true}]}}