{"id":4965,"date":"2026-03-28T07:53:48","date_gmt":"2026-03-28T06:53:48","guid":{"rendered":"https:\/\/acans.com\/acans-compliance\/"},"modified":"2026-04-12T17:52:33","modified_gmt":"2026-04-12T15:52:33","slug":"acans-compliance","status":"publish","type":"page","link":"https:\/\/acans.com\/it\/filiali\/acans-compliance\/","title":{"rendered":"Acans Compliance"},"content":{"rendered":"\n<style type=\"text\/css\" data-created_by=\"avia_inline_auto\" id=\"style-css-av-mnkadfd0-37d4c3cf1b0b28e120be46dfab6acbac\">\n.avia-section.av-mnkadfd0-37d4c3cf1b0b28e120be46dfab6acbac{\nbackground-repeat:no-repeat;\nbackground-image:url(https:\/\/acans.com\/wp-content\/uploads\/2026\/04\/BG-ACANS-COMPLIANCE.png);\nbackground-position:100% 0%;\nbackground-attachment:fixed;\n}\n<\/style>\n<div id='av_section_1'  class='avia-section av-mnkadfd0-37d4c3cf1b0b28e120be46dfab6acbac main_color avia-section-default avia-no-border-styling  avia-builder-el-0  el_before_av_section  avia-builder-el-first  acans-hero avia-full-stretch avia-bg-style-fixed av-minimum-height av-minimum-height-custom av-height-custom  container_wrap sidebar_right'  data-section-bg-repeat='stretch' data-av_minimum_height_px='400'><div class='container av-section-cont-open' style='height:400px'><main  role=\"main\" itemprop=\"mainContentOfPage\"  class='template-page content  av-content-small alpha units'><div class='post-entry post-entry-type-page post-entry-4965'><div class='entry-content-wrapper clearfix'>\n<div class='flex_column_table av-1sz4yrr-3f56e900a20cc7412fde900a2431caeb sc-av_three_fourth av-equal-height-column-flextable'>\n<style type=\"text\/css\" data-created_by=\"avia_inline_auto\" id=\"style-css-av-1sz4yrr-3f56e900a20cc7412fde900a2431caeb\">\n.flex_column.av-1sz4yrr-3f56e900a20cc7412fde900a2431caeb{\npadding:0px 0px 0px 0px;\n}\n<\/style>\n<div  class='flex_column av-1sz4yrr-3f56e900a20cc7412fde900a2431caeb av_three_fourth  avia-builder-el-1  el_before_av_one_fourth  avia-builder-el-first  first flex_column_table_cell av-equal-height-column av-align-top av-zero-column-padding  '     ><p>\n<style type=\"text\/css\" data-created_by=\"avia_inline_auto\" id=\"style-css-av-mnkacai1-19b22b049b9b374a5b6e41807647d339\">\n#top .av-special-heading.av-mnkacai1-19b22b049b9b374a5b6e41807647d339{\npadding-bottom:10px;\n}\nbody .av-special-heading.av-mnkacai1-19b22b049b9b374a5b6e41807647d339 .av-special-heading-tag .heading-char{\nfont-size:25px;\n}\n.av-special-heading.av-mnkacai1-19b22b049b9b374a5b6e41807647d339 .av-subheading{\nfont-size:15px;\n}\n<\/style>\n<div  class='av-special-heading av-mnkacai1-19b22b049b9b374a5b6e41807647d339 av-special-heading-h3 blockquote modern-quote  avia-builder-el-2  el_before_av_textblock  avia-builder-el-first  acans-title-xl'><h3 class='av-special-heading-tag '  itemprop=\"headline\"  >ACANS COMPLIANCE<\/h3><div class=\"special-heading-border\"><div class=\"special-heading-inner-border\"><\/div><\/div><\/div><br \/>\n<section  class='av_textblock_section av-1rry6jr-8f43e60ad2a64c715141db8fe2b8aa98 '   itemscope=\"itemscope\" itemtype=\"https:\/\/schema.org\/CreativeWork\" ><div class='avia_textblock acans-kicker'  itemprop=\"text\" ><p>La compliance che si governa e si difende<\/p>\n<\/div><\/section><br \/>\n<section  class='av_textblock_section av-1pt2yev-aef7c5c6ca7c90210b5d78576c5efcdb '   itemscope=\"itemscope\" itemtype=\"https:\/\/schema.org\/CreativeWork\" ><div class='avia_textblock acans-lead'  itemprop=\"text\" ><p>La vera domanda non \u00e8 pi\u00f9: \u201csei conforme?\u201d<br \/>\nOra \u00e8: \u201cpuoi dimostrare, in qualsiasi momento, perch\u00e9, come e in quale quadro hai agito?\u201d<\/p>\n<\/div><\/section><br \/>\n\n<style type=\"text\/css\" data-created_by=\"avia_inline_auto\" id=\"style-css-av-1o57e3r-5d8d82171d34d00930e45ed9ed98cb1a\">\n#top .hr.hr-invisible.av-1o57e3r-5d8d82171d34d00930e45ed9ed98cb1a{\nheight:50px;\n}\n<\/style>\n<div  class='hr av-1o57e3r-5d8d82171d34d00930e45ed9ed98cb1a hr-invisible  avia-builder-el-5  el_after_av_textblock  el_before_av_buttonrow '><span class='hr-inner '><span class=\"hr-inner-style\"><\/span><\/span><\/div><br \/>\n<div  class='avia-buttonrow-wrap av-1n6916f-b303174244c5fa0ea4431ef35c064b45 avia-buttonrow-left  avia-builder-el-6  el_after_av_hr  avia-builder-el-last '>\n\n<style type=\"text\/css\" data-created_by=\"avia_inline_auto\" id=\"style-css-av-1l0abif-269aee52925768fa63a98b22ae419172\">\n#top #wrap_all .avia-button.av-1l0abif-269aee52925768fa63a98b22ae419172{\nmargin-bottom:5px;\nmargin-right:5px;\n}\n<\/style>\n<a href='https:\/\/acans.com\/it\/contatto\/'  class='avia-button av-1l0abif-269aee52925768fa63a98b22ae419172 avia-icon_select-no avia-size-small avia-color-theme-color'   aria-label=\"Diventa Partner\"><span class='avia_iconbox_title' >Diventa Partner<\/span><\/a>\n\n<style type=\"text\/css\" data-created_by=\"avia_inline_auto\" id=\"style-css-av-1jabb5j-9578da2122f1d6943e2203571d4a5963\">\n#top #wrap_all .avia-button.av-1jabb5j-9578da2122f1d6943e2203571d4a5963{\nmargin-bottom:5px;\nmargin-right:5px;\n}\n<\/style>\n<a href='https:\/\/acans.com\/it\/contatto\/'  class='avia-button av-1jabb5j-9578da2122f1d6943e2203571d4a5963 avia-icon_select-no avia-size-small avia-color-theme-color'   aria-label=\"Accedi alle nostre offerte\"><span class='avia_iconbox_title' >Accedi alle nostre offerte<\/span><\/a>\n<\/div><\/p><\/div><div class='av-flex-placeholder'><\/div>\n<style type=\"text\/css\" data-created_by=\"avia_inline_auto\" id=\"style-css-av-1h9ga53-9fa9ac6eda73e9300fe1ee7652d2bf77\">\n.flex_column.av-1h9ga53-9fa9ac6eda73e9300fe1ee7652d2bf77{\npadding:0px 0px 0px 0px;\n}\n<\/style>\n<div  class='flex_column av-1h9ga53-9fa9ac6eda73e9300fe1ee7652d2bf77 av_one_fourth  avia-builder-el-7  el_after_av_three_fourth  avia-builder-el-last  flex_column_table_cell av-equal-height-column av-align-top av-zero-column-padding  '     ><p>\n<style type=\"text\/css\" data-created_by=\"avia_inline_auto\" id=\"style-css-av-mnkadtg1-4b3e580bc1741d406003b259beae3088\">\n.avia-image-container.av-mnkadtg1-4b3e580bc1741d406003b259beae3088 img.avia_image{\nbox-shadow:none;\n}\n.avia-image-container.av-mnkadtg1-4b3e580bc1741d406003b259beae3088 .av-image-caption-overlay-center{\ncolor:#ffffff;\n}\n<\/style>\n<div  class='avia-image-container av-mnkadtg1-4b3e580bc1741d406003b259beae3088 av-styling- avia-align-  avia-builder-el-8  el_before_av_textblock  avia-builder-el-first '   itemprop=\"image\" itemscope=\"itemscope\" itemtype=\"https:\/\/schema.org\/ImageObject\" ><div class=\"avia-image-container-inner\"><div class=\"avia-image-overlay-wrap\"><img decoding=\"async\" fetchpriority=\"high\" class='wp-image-4829 avia-img-lazy-loading-not-4829 avia_image ' src=\"https:\/\/acans.com\/wp-content\/uploads\/2026\/04\/ACANS-Group-Portraits_4-2_NB-845x684.jpg\" alt='' title='ACANS Group - Ritratti_4-2_NB'  height=\"684\" width=\"845\"  itemprop=\"thumbnailUrl\" srcset=\"https:\/\/acans.com\/wp-content\/uploads\/2026\/04\/ACANS-Group-Portraits_4-2_NB-845x684.jpg 845w, https:\/\/acans.com\/wp-content\/uploads\/2026\/04\/ACANS-Group-Portraits_4-2_NB-495x400.jpg 495w\" sizes=\"(max-width: 845px) 100vw, 845px\" \/><\/div><\/div><\/div><br \/>\n\n<style type=\"text\/css\" data-created_by=\"avia_inline_auto\" id=\"style-css-av-56wgxj-1caa5b34cc367092b4e3d3a150ac11ab\">\n.av_textblock_section.av-56wgxj-1caa5b34cc367092b4e3d3a150ac11ab{\nbackground-color:rgba(255,255,255,0.5);\n}\n<\/style>\n<section  class='av_textblock_section av-56wgxj-1caa5b34cc367092b4e3d3a150ac11ab '   itemscope=\"itemscope\" itemtype=\"https:\/\/schema.org\/CreativeWork\" ><div class='avia_textblock'  itemprop=\"text\" ><blockquote>\n<p>Thilo FIRCHOW<br \/>\nPresidente &#8211; Socio<\/p>\n<\/blockquote>\n<\/div><\/section><\/p><\/div><\/div><!--close column table wrapper. Autoclose: 1 -->\n\n<\/div><\/div><\/main><!-- close content main element --><\/div><\/div><div id='av_section_2'  class='avia-section av-1e8cdtj-ddd5ce8b72191eede4398739888e4036 main_color avia-section-no-padding avia-no-border-styling  avia-builder-el-10  el_after_av_section  el_before_av_section  acans-section acans-surface-white avia-bg-style-scroll container_wrap sidebar_right'  ><div class='container av-section-cont-open' ><div class='template-page content  av-content-small alpha units'><div class='post-entry post-entry-type-page post-entry-4965'><div class='entry-content-wrapper clearfix'>\n<div  class='flex_column av-1ckxbnb-387e71a5da450176e8166f3a1776a518 av_one_full  avia-builder-el-11  el_before_av_one_half  avia-builder-el-first  first flex_column_div  '     ><p>\n<style type=\"text\/css\" data-created_by=\"avia_inline_auto\" id=\"style-css-av-1bakihj-090a8536edcfca74b1a96ace7c96fb2a\">\n#top .av-special-heading.av-1bakihj-090a8536edcfca74b1a96ace7c96fb2a{\npadding-bottom:10px;\n}\nbody .av-special-heading.av-1bakihj-090a8536edcfca74b1a96ace7c96fb2a .av-special-heading-tag .heading-char{\nfont-size:25px;\n}\n.av-special-heading.av-1bakihj-090a8536edcfca74b1a96ace7c96fb2a .av-subheading{\nfont-size:15px;\n}\n<\/style>\n<div  class='av-special-heading av-1bakihj-090a8536edcfca74b1a96ace7c96fb2a av-special-heading-h3 blockquote modern-quote  avia-builder-el-12  el_before_av_textblock  avia-builder-el-first  acans-title-m'><h3 class='av-special-heading-tag '  itemprop=\"headline\"  >Il consolidamento strategico al servizio del tuo sviluppo<\/h3><div class=\"special-heading-border\"><div class=\"special-heading-inner-border\"><\/div><\/div><\/div><br \/>\n<section  class='av_textblock_section av-1a0iuk7-8d573894378226cb2e25abda37838641 '   itemscope=\"itemscope\" itemtype=\"https:\/\/schema.org\/CreativeWork\" ><div class='avia_textblock acans-lead acans-lead-wide'  itemprop=\"text\" ><p>In un contesto in cui POG, tracciabilit\u00e0, LCB-FT, dovere di consulenza, GDPR, DORA e la pressione probatoria espongono direttamente i professionisti, la compliance non pu\u00f2 pi\u00f9 essere decorativa. Deve essere organizzata come una capacit\u00e0 di governance e di governance operativa, costantemente richiamata dalle Autorit\u00e0 di vigilanza. <\/p>\n<p>Deontologo presso organizzazioni pubbliche e private, ACANS COMPLIANCE mette in campo una doppia competenza, accademica e giurisdizionale, che consiste nel proporre un metodo \u201criflessivo\u201d. Partiamo dalle pratiche reali degli attori per metterne in luce i punti di forza e le fragilit\u00e0, cos\u00ec da trasformarle in decisioni strutturate e giuridicamente sostenibili. <\/p>\n<blockquote>\n<p>In ACANS non ti trasmettiamo regole astratte, ma la capacit\u00e0 di pensarti in situazione<\/p>\n<\/blockquote>\n<\/div><\/section><\/p><\/div><div  class='flex_column av-18etilz-7b75e6e9c020144104e0ce86b25624e4 av_one_half  avia-builder-el-14  el_after_av_one_full  el_before_av_one_half  acans-panel-line first flex_column_div  column-top-margin'     ><p>\n<style type=\"text\/css\" data-created_by=\"avia_inline_auto\" id=\"style-css-av-169olh3-60cccb4cedf59eea9f18ffb2a114092c\">\n#top .av-special-heading.av-169olh3-60cccb4cedf59eea9f18ffb2a114092c{\npadding-bottom:10px;\n}\nbody .av-special-heading.av-169olh3-60cccb4cedf59eea9f18ffb2a114092c .av-special-heading-tag .heading-char{\nfont-size:25px;\n}\n.av-special-heading.av-169olh3-60cccb4cedf59eea9f18ffb2a114092c .av-subheading{\nfont-size:15px;\n}\n<\/style>\n<div  class='av-special-heading av-169olh3-60cccb4cedf59eea9f18ffb2a114092c av-special-heading-h3 blockquote modern-quote  avia-builder-el-15  el_before_av_textblock  avia-builder-el-first  acans-title-m'><h3 class='av-special-heading-tag '  itemprop=\"headline\"  >Un\u2019offerta <span class='special_amp'>\u201c<\/span>control ready<span class='special_amp'>\u201d<\/span><\/h3><div class=\"special-heading-border\"><div class=\"special-heading-inner-border\"><\/div><\/div><\/div><br \/>\n<section  class='av_textblock_section av-14oymo7-a8299f3965f692fc1f8dc9add2185a38 '   itemscope=\"itemscope\" itemtype=\"https:\/\/schema.org\/CreativeWork\" ><div class='avia_textblock'  itemprop=\"text\" ><p>ACANS COMPLIANCE affianca le societ\u00e0 per costruire una compliance opponibile, utile al business e sfruttabile nel tempo.<\/p>\n<p>Non ci limitiamo all\u2019audit della documentazione.<\/p>\n<p>Strutturiamo con te una mappatura viva dei rischi, procedure versionate, registri con marcatura temporale, una cassaforte probatoria, KPI orientati alle prove, una documentazione POG coerente, una logica \u201cPlan, Do, Check, Act\u201d (PDCA) di aggiornamento continuo e, quando necessario, una capacit\u00e0 di reazione immediata in situazioni sensibili.<\/p>\n<\/div><\/section><\/p><\/div><div  class='flex_column av-3yl6dj-4678105544726dd9bc674c5976127a82 av_one_half  avia-builder-el-17  el_after_av_one_half  el_before_av_textblock  acans-panel-line flex_column_div  column-top-margin'     ><p>\n<style type=\"text\/css\" data-created_by=\"avia_inline_auto\" id=\"style-css-av-10y0ip3-8a8ada6c3d8a29ace9dfd26ce49d9165\">\n#top .av-special-heading.av-10y0ip3-8a8ada6c3d8a29ace9dfd26ce49d9165{\npadding-bottom:10px;\n}\nbody .av-special-heading.av-10y0ip3-8a8ada6c3d8a29ace9dfd26ce49d9165 .av-special-heading-tag .heading-char{\nfont-size:25px;\n}\n.av-special-heading.av-10y0ip3-8a8ada6c3d8a29ace9dfd26ce49d9165 .av-subheading{\nfont-size:15px;\n}\n<\/style>\n<div  class='av-special-heading av-10y0ip3-8a8ada6c3d8a29ace9dfd26ce49d9165 av-special-heading-h3 blockquote modern-quote  avia-builder-el-18  el_before_av_textblock  avia-builder-el-first  acans-title-m'><h3 class='av-special-heading-tag '  itemprop=\"headline\"  >Cosa ci distingue<\/h3><div class=\"special-heading-border\"><div class=\"special-heading-inner-border\"><\/div><\/div><\/div><br \/>\n<section  class='av_textblock_section av-zvrmsn-b56b9736a607aff18b457a16b582f783 '   itemscope=\"itemscope\" itemtype=\"https:\/\/schema.org\/CreativeWork\" ><div class='avia_textblock'  itemprop=\"text\" ><p>Ci\u00f2 che ci distingue si riassume in quattro punti di forza:<\/p>\n<ol>\n<li>Un approccio ex ante al rischio basato sulla prova \u201cinspection ready\u201d;<\/li>\n<li>Una logica \u201ctrial process\u201d pensata per argomentare sotto controllo o in contenzioso;<\/li>\n<li>Un team di esperti di alto livello per accompagnare la tua crescita di competenze: avvocati, ex regolatori e magistrati, esperti di numeri e di digitale: \u00e8 la nostra ragion d\u2019essere: \u201cproteggere, allertare e soccorrere al servizio di una finanza sostenibile\u201d;<\/li>\n<li>Una certificazione \u201cEngag\u00e9e RSE\u201d incentrata sulla norma ISO 26000 con Afnor certification e Responsibility Europe.<\/li>\n<\/ol>\n<\/div><\/section><\/p><\/div>\n<style type=\"text\/css\" data-created_by=\"avia_inline_auto\" id=\"style-css-av-mnkb1k1g-381a6fb2d2d252bc3bf07b392c08f718\">\n#top .av_textblock_section.av-mnkb1k1g-381a6fb2d2d252bc3bf07b392c08f718 .avia_textblock{\npadding:0PX 0PX 0PX 0PX;\n}\n<\/style>\n<section  class='av_textblock_section av-mnkb1k1g-381a6fb2d2d252bc3bf07b392c08f718 '   itemscope=\"itemscope\" itemtype=\"https:\/\/schema.org\/CreativeWork\" ><div class='avia_textblock'  itemprop=\"text\" ><blockquote>\n<p>ACANS COMPLIANCE non si limita a vendere compliance. Installa un quadro di fiducia che protegge la societ\u00e0 e ne rafforza la credibilit\u00e0 presso i suoi clienti e i suoi partner. <\/p>\n<\/blockquote>\n<\/div><\/section>\n<\/div><\/div><\/div><!-- close content main div --><\/div><\/div>\n<style type=\"text\/css\" data-created_by=\"avia_inline_auto\" id=\"style-css-av-yaqb1j-b21d2da1e760d3baef881e1643c7be2e\">\n.avia-section.av-yaqb1j-b21d2da1e760d3baef881e1643c7be2e{\nbackground-repeat:no-repeat;\nbackground-image:url(https:\/\/acans.com\/wp-content\/uploads\/2026\/04\/BG-ACANS-COMPLIANCE.png);\nbackground-position:100% 50%;\nbackground-attachment:fixed;\n}\n<\/style>\n<div id='av_section_3'  class='avia-section av-yaqb1j-b21d2da1e760d3baef881e1643c7be2e main_color avia-section-no-padding avia-no-border-styling  avia-builder-el-21  el_after_av_section  el_before_av_section  acans-section acans-section-divider avia-full-stretch avia-bg-style-fixed container_wrap sidebar_right'  data-section-bg-repeat='stretch'><div class='container av-section-cont-open' ><div class='template-page content  av-content-small alpha units'><div class='post-entry post-entry-type-page post-entry-4965'><div class='entry-content-wrapper clearfix'>\n<div  class='flex_column av-ww96dj-67f43ed8265640cec1285bfef32b4970 av_one_third  avia-builder-el-22  el_before_av_one_third  avia-builder-el-first  acans-panel-line first flex_column_div  '     ><section  class='av_textblock_section av-31646v-2341259419d5835d7066f33c4e34cbab '   itemscope=\"itemscope\" itemtype=\"https:\/\/schema.org\/CreativeWork\" ><div class='avia_textblock'  itemprop=\"text\" ><p><strong><span style=\"color: #1b6b73;\">POSIZIONAMENTO<\/span><\/strong><\/p>\n<p class=\"text-size-chat leading-relaxed extension:leading-normal my-2\"><span class=\"_inlineMarkdown_3nxm6_25 inline-markdown text-size-chat-sm font-mono blend bg-token-text-code-block-background rounded-sm px-1.5 py-0.5 leading-none extension:bg-token-foreground\/10 electron:bg-token-list-hover-background\/60\">Un\u2019offerta chiara, sostenuta da una specializzazione definita e dalla capacit\u00e0 di rispondere a sfide specifiche nel proprio ambito di intervento.<\/span><\/p>\n<\/div><\/section><\/div><div  class='flex_column av-slah1j-4dc9cbbce2679741df2da7dde7f3647a av_one_third  avia-builder-el-24  el_after_av_one_third  el_before_av_one_third  acans-panel-line flex_column_div  '     ><section  class='av_textblock_section av-r436fb-59bb9e77684de7d95c8ace03bd5cc26b '   itemscope=\"itemscope\" itemtype=\"https:\/\/schema.org\/CreativeWork\" ><div class='avia_textblock'  itemprop=\"text\" ><p><strong><span style=\"color: #1b6b73;\">DIREZIONE<\/span><\/strong><\/p>\n<p>Un\u2019entit\u00e0 incarnata da una direzione identificata, al servizio di una visione di lungo periodo, di standard elevati operativi e dello sviluppo della controllata.<\/p>\n<\/div><\/section><\/div><div  class='flex_column av-q0bmxj-ebc74e9e58a38880cea62c893e837e95 av_one_third  avia-builder-el-26  el_after_av_one_third  avia-builder-el-last  acans-panel-line flex_column_div  '     ><section  class='av_textblock_section av-o9wjvb-01d46c2192e01fd486742b200d0f6e81 '   itemscope=\"itemscope\" itemtype=\"https:\/\/schema.org\/CreativeWork\" ><div class='avia_textblock'  itemprop=\"text\" ><p><strong><span style=\"color: #1b6b73;\">SVILUPPO<\/span><\/strong><\/p>\n<p>Una traiettoria fondata sulla coerenza strategica, sulla qualit\u00e0 dell\u2019esecuzione e sull\u2019integrazione nell\u2019ambizione europea del gruppo.<\/p>\n<\/div><\/section><\/div>\n<\/p>\n<\/div><\/div><\/div><!-- close content main div --><\/div><\/div><div id='av_section_4'  class='avia-section av-mhglcn-cf5c7907d5858317984f9f9b26a02ebb main_color avia-section-default avia-no-border-styling  avia-builder-el-28  el_after_av_section  el_before_av_section  acans-section-tight avia-bg-style-scroll container_wrap sidebar_right'  ><div class='container av-section-cont-open' ><div class='template-page content  av-content-small alpha units'><div class='post-entry post-entry-type-page post-entry-4965'><div class='entry-content-wrapper clearfix'>\n<div  class='flex_column av-l7u59j-358dc2d66d15b318465921fb8eea4a72 av_one_half  avia-builder-el-29  el_before_av_one_half  avia-builder-el-first  acans-panel-line first flex_column_div  '     ><section  class='av_textblock_section av-j22xnr-d2894846454cc50024a4270edfbb3759 '   itemscope=\"itemscope\" itemtype=\"https:\/\/schema.org\/CreativeWork\" ><div class='avia_textblock'  itemprop=\"text\" ><p>UN\u2019ORGANIZZAZIONE DI GRUPPO<\/p>\n<p>La dinamica del gruppo si basa su una chiara articolazione tra visione d\u2019insieme, expertise specialistiche e radicamenti operativi.<\/p>\n<\/div><\/section><\/div><div  class='flex_column av-i38v1z-070dc978d74ce5796f115e7d141f06b7 av_one_half  avia-builder-el-31  el_after_av_one_half  avia-builder-el-last  acans-panel-line flex_column_div  '     ><section  class='av_textblock_section av-fif64n-d2914d128018c3509d0254daf0f6ebf1 '   itemscope=\"itemscope\" itemtype=\"https:\/\/schema.org\/CreativeWork\" ><div class='avia_textblock'  itemprop=\"text\" ><p>ENTIT\u00c0 COMPLEMENTARI<\/p>\n<p>Ogni controllata contribuisce all\u2019identit\u00e0 complessiva con il suo posizionamento, il suo dirigente, la sua specialit\u00e0 e la sua capacit\u00e0 di rispondere a sfide specifiche.<\/p>\n<\/div><\/section><\/div>\n\n<\/div><\/div><\/div><!-- close content main div --><\/div><\/div>\n<style type=\"text\/css\" data-created_by=\"avia_inline_auto\" id=\"style-css-av-ekfymv-2d1710c3233260f13d572fc103a6e3bd\">\n.avia-section.av-ekfymv-2d1710c3233260f13d572fc103a6e3bd{\nbackground-repeat:no-repeat;\nbackground-image:url(https:\/\/acans.com\/wp-content\/uploads\/2026\/04\/BG-ACANS-COMPLIANCE.png);\nbackground-position:100% 100%;\nbackground-attachment:fixed;\n}\n<\/style>\n<div id='av_section_5'  class='avia-section av-ekfymv-2d1710c3233260f13d572fc103a6e3bd main_color avia-section-no-padding avia-no-border-styling  avia-builder-el-33  el_after_av_section  avia-builder-el-last  avia-full-stretch avia-bg-style-fixed container_wrap sidebar_right'  data-section-bg-repeat='stretch'><div class='container av-section-cont-open' ><div class='template-page content  av-content-small alpha units'><div class='post-entry post-entry-type-page post-entry-4965'><div class='entry-content-wrapper clearfix'>\n<section  class='av_textblock_section av-c5k6br-8c00feb25c159fd4f96165b906f46dae '   itemscope=\"itemscope\" itemtype=\"https:\/\/schema.org\/CreativeWork\" ><div class='avia_textblock acans-kicker'  itemprop=\"text\" ><p class=\"acans-kicker\">Contatto e attivit\u00e0<\/p>\n<\/div><\/section>\n\n<style type=\"text\/css\" data-created_by=\"avia_inline_auto\" id=\"style-css-av-bgweg7-2337a249e7103c3cdc6a7e34daefe3da\">\n#top .av-special-heading.av-bgweg7-2337a249e7103c3cdc6a7e34daefe3da{\npadding-bottom:10px;\n}\nbody .av-special-heading.av-bgweg7-2337a249e7103c3cdc6a7e34daefe3da .av-special-heading-tag .heading-char{\nfont-size:25px;\n}\n.av-special-heading.av-bgweg7-2337a249e7103c3cdc6a7e34daefe3da .av-subheading{\nfont-size:15px;\n}\n<\/style>\n<div  class='av-special-heading av-bgweg7-2337a249e7103c3cdc6a7e34daefe3da av-special-heading-h3 blockquote modern-quote  avia-builder-el-35  el_after_av_textblock  el_before_av_textblock '><h3 class='av-special-heading-tag '  itemprop=\"headline\"  >Confrontati con il team ACANS COMPLIANCE<\/h3><div class=\"special-heading-border\"><div class=\"special-heading-inner-border\"><\/div><\/div><\/div>\n<section  class='av_textblock_section av-9w306v-11aa0c6a6cb188458a88a811543966fc '   itemscope=\"itemscope\" itemtype=\"https:\/\/schema.org\/CreativeWork\" ><div class='avia_textblock acans-lead'  itemprop=\"text\" ><p class=\"text-size-chat leading-relaxed extension:leading-normal my-2\"><span class=\"_inlineMarkdown_3nxm6_25 inline-markdown text-size-chat-sm font-mono blend bg-token-text-code-block-background rounded-sm px-1.5 py-0.5 leading-none extension:bg-token-foreground\/10 electron:bg-token-list-hover-background\/60\">Per qualsiasi richiesta di informazioni, presentazione o introduzioni strategiche, il nostro team \u00e8 a tua disposizione.<\/span><\/p>\n<\/div><\/section>\n<div  class='avia-buttonrow-wrap av-6xomo7-a93508c204ca030c4904557d1974abcf avia-buttonrow-left  avia-builder-el-37  el_after_av_textblock  el_before_av_hr '>\n\n<style type=\"text\/css\" data-created_by=\"avia_inline_auto\" id=\"style-css-av-6bbdh3-9eb143ad53b9ec89eeff7043c514ce3f\">\n#top #wrap_all .avia-button.av-6bbdh3-9eb143ad53b9ec89eeff7043c514ce3f{\nmargin-bottom:5px;\nmargin-right:5px;\n}\n<\/style>\n<a href='https:\/\/acans.com\/it\/contatto\/'  class='avia-button av-6bbdh3-9eb143ad53b9ec89eeff7043c514ce3f avia-icon_select-no avia-size-small avia-color-theme-color'   aria-label=\"Diventa Partner\"><span class='avia_iconbox_title' >Diventa Partner<\/span><\/a>\n\n<style type=\"text\/css\" data-created_by=\"avia_inline_auto\" id=\"style-css-av-3s4eqv-cc1f2084c6784305cc21041574fab81d\">\n#top #wrap_all .avia-button.av-3s4eqv-cc1f2084c6784305cc21041574fab81d{\nmargin-bottom:5px;\nmargin-right:5px;\n}\n<\/style>\n<a href='https:\/\/acans.com\/it\/filiali\/'  class='avia-button av-3s4eqv-cc1f2084c6784305cc21041574fab81d avia-icon_select-no avia-size-small avia-color-theme-color'   aria-label=\"Altre filiali\"><span class='avia_iconbox_title' >Altre filiali<\/span><\/a>\n<\/div>\n\n<style type=\"text\/css\" data-created_by=\"avia_inline_auto\" id=\"style-css-av-28zvuf-ca4fc9c4784799a662ba2a9fd576e749\">\n#top .hr.hr-invisible.av-28zvuf-ca4fc9c4784799a662ba2a9fd576e749{\nheight:50px;\n}\n<\/style>\n<div  class='hr av-28zvuf-ca4fc9c4784799a662ba2a9fd576e749 hr-invisible  avia-builder-el-38  el_after_av_buttonrow  avia-builder-el-last '><span class='hr-inner '><span class=\"hr-inner-style\"><\/span><\/span><\/div>\n<\/div><\/div><\/div><!-- close content main div --><\/div><\/div><div id='after_section_5'  class='main_color av_default_container_wrap container_wrap sidebar_right'  ><div class='container av-section-cont-open' ><div class='template-page content  av-content-small alpha units'><div class='post-entry post-entry-type-page post-entry-4965'><div class='entry-content-wrapper clearfix'>\n","protected":false},"excerpt":{"rendered":"","protected":false},"author":1,"featured_media":0,"parent":5002,"menu_order":0,"comment_status":"closed","ping_status":"closed","template":"","meta":{"footnotes":""},"class_list":["post-4965","page","type-page","status-publish","hentry"],"_links":{"self":[{"href":"https:\/\/acans.com\/it\/wp-json\/wp\/v2\/pages\/4965","targetHints":{"allow":["GET"]}}],"collection":[{"href":"https:\/\/acans.com\/it\/wp-json\/wp\/v2\/pages"}],"about":[{"href":"https:\/\/acans.com\/it\/wp-json\/wp\/v2\/types\/page"}],"author":[{"embeddable":true,"href":"https:\/\/acans.com\/it\/wp-json\/wp\/v2\/users\/1"}],"replies":[{"embeddable":true,"href":"https:\/\/acans.com\/it\/wp-json\/wp\/v2\/comments?post=4965"}],"version-history":[{"count":0,"href":"https:\/\/acans.com\/it\/wp-json\/wp\/v2\/pages\/4965\/revisions"}],"up":[{"embeddable":true,"href":"https:\/\/acans.com\/it\/wp-json\/wp\/v2\/pages\/5002"}],"wp:attachment":[{"href":"https:\/\/acans.com\/it\/wp-json\/wp\/v2\/media?parent=4965"}],"curies":[{"name":"wp","href":"https:\/\/api.w.org\/{rel}","templated":true}]}}