{"id":5397,"date":"2026-03-30T17:29:46","date_gmt":"2026-03-30T15:29:46","guid":{"rendered":"https:\/\/acans.com\/grupo\/gobernanza-cumplimiento\/"},"modified":"2026-04-12T23:28:23","modified_gmt":"2026-04-12T21:28:23","slug":"gobernanza-cumplimiento","status":"publish","type":"page","link":"https:\/\/acans.com\/es\/grupo\/gobernanza-cumplimiento\/","title":{"rendered":"GOBERNANZA &amp; CUMPLIMIENTO"},"content":{"rendered":"\n<style type=\"text\/css\" data-created_by=\"avia_inline_auto\" id=\"style-css-av-1cz85vz-561fd522ae5a29fb0ef9e394b70f44b2\">\n.avia-section.av-1cz85vz-561fd522ae5a29fb0ef9e394b70f44b2{\nbackground-repeat:no-repeat;\nbackground-image:url(https:\/\/acans.com\/wp-content\/uploads\/2026\/04\/BG-ACANS-COMPLIANCE.png);\nbackground-position:0% 0%;\nbackground-attachment:fixed;\n}\n<\/style>\n<div id='av_section_1'  class='avia-section av-1cz85vz-561fd522ae5a29fb0ef9e394b70f44b2 main_color avia-section-no-padding avia-no-border-styling  avia-builder-el-0  el_before_av_three_fifth  avia-builder-el-first  avia-full-stretch avia-bg-style-fixed av-minimum-height av-minimum-height-custom av-height-custom  container_wrap sidebar_right'  data-section-bg-repeat='stretch' data-av_minimum_height_px='400'><div class='container av-section-cont-open' style='height:400px'><main  role=\"main\" itemprop=\"mainContentOfPage\"  class='template-page content  av-content-small alpha units'><div class='post-entry post-entry-type-page post-entry-5397'><div class='entry-content-wrapper clearfix'>\n\n<style type=\"text\/css\" data-created_by=\"avia_inline_auto\" id=\"style-css-av-mndchxat-79e44c0f18f10d1915e9ddfc74a0dbc3\">\n#top .av-special-heading.av-mndchxat-79e44c0f18f10d1915e9ddfc74a0dbc3{\npadding-bottom:10px;\n}\nbody .av-special-heading.av-mndchxat-79e44c0f18f10d1915e9ddfc74a0dbc3 .av-special-heading-tag .heading-char{\nfont-size:25px;\n}\n.av-special-heading.av-mndchxat-79e44c0f18f10d1915e9ddfc74a0dbc3 .av-subheading{\nfont-size:15px;\n}\n<\/style>\n<div  class='av-special-heading av-mndchxat-79e44c0f18f10d1915e9ddfc74a0dbc3 av-special-heading-h3 blockquote modern-quote  avia-builder-el-1  el_before_av_textblock  avia-builder-el-first  acans-title-l'><h3 class='av-special-heading-tag '  itemprop=\"headline\"  >Gobernanza y Cumplimiento<\/h3><div class=\"special-heading-border\"><div class=\"special-heading-inner-border\"><\/div><\/div><\/div>\n<section  class='av_textblock_section av-1btbgm7-149004ff3b4d3b334ae825647e7ca9c8 '   itemscope=\"itemscope\" itemtype=\"https:\/\/schema.org\/CreativeWork\" ><div class='avia_textblock acans-kicker'  itemprop=\"text\" ><p class=\"p1\">Unos altos est\u00e1ndares estructurantes en el coraz\u00f3n de nuestra arquitectura.<\/p>\n<\/div><\/section>\n<\/div><\/div><\/main><!-- close content main element --><\/div><\/div><div id='after_section_1'  class='main_color av_default_container_wrap container_wrap sidebar_right'  ><div class='container av-section-cont-open' ><div class='template-page content  av-content-small alpha units'><div class='post-entry post-entry-type-page post-entry-5397'><div class='entry-content-wrapper clearfix'>\n<div  class='flex_column av-47p47z-1e510cdffff395d31e913b5c941b15d1 av_three_fifth  avia-builder-el-3  el_after_av_section  el_before_av_two_fifth  avia-builder-el-first  first flex_column_div  '     ><p>\n<style type=\"text\/css\" data-created_by=\"avia_inline_auto\" id=\"style-css-av-mnle8nz9-4686bc5b66634fb882f5fb0d772c0e9c\">\nbody .av-special-heading.av-mnle8nz9-4686bc5b66634fb882f5fb0d772c0e9c .av-special-heading-tag .heading-char{\nfont-size:25px;\n}\n.av-special-heading.av-mnle8nz9-4686bc5b66634fb882f5fb0d772c0e9c .av-subheading{\nfont-size:15px;\n}\n<\/style>\n<div  class='av-special-heading av-mnle8nz9-4686bc5b66634fb882f5fb0d772c0e9c av-special-heading-h2 blockquote modern-quote  avia-builder-el-4  el_before_av_textblock  avia-builder-el-first '><h2 class='av-special-heading-tag '  itemprop=\"headline\"  >Un controlador no se interesa por las intenciones; examina las pruebas.<\/h2><div class=\"special-heading-border\"><div class=\"special-heading-inner-border\"><\/div><\/div><\/div><br \/>\n<section  class='av_textblock_section av-mnlcw6c1-744bbf3b50e11d278371b42a9538cc02 '   itemscope=\"itemscope\" itemtype=\"https:\/\/schema.org\/CreativeWork\" ><div class='avia_textblock'  itemprop=\"text\" ><p class=\"p1\">ACANS EURO GROUP ha sido construido bajo esta l\u00f3gica: documentar, versionar, trazar y asumir.<\/p>\n<p class=\"p1\">En el seno del grupo, la gobernanza rigurosa no es una limitaci\u00f3n perif\u00e9rica. Al contrario, constituye uno de los fundamentos del rendimiento sostenible, de la calidad de ejecuci\u00f3n y de la solidez de las relaciones que mantenemos con nuestros socios, nuestros clientes y nuestro ecosistema. <\/p>\n<p class=\"p1\">Estos altos est\u00e1ndares irrigan el conjunto de nuestra organizaci\u00f3n: nuestros procesos internos, la estructuraci\u00f3n de nuestras ofertas, nuestros esquemas de decisi\u00f3n, nuestros dispositivos de control y nuestra manera de interactuar con los profesionales, las instituciones y los reguladores.<\/p>\n<p class=\"p1\">Nuestro enfoque se inscribe en una lectura exigente de los principios de responsabilidad, trazabilidad y transparencia, en coherencia con las l\u00edneas directrices de la ISO 26000 y con una visi\u00f3n ESG asumida, pragm\u00e1tica y operacional.<\/p>\n<\/div><\/section><\/p><\/div>\n<div  class='flex_column av-1yu0u7-6f07def5042777670f6cb2d1b7d71dee av_two_fifth  avia-builder-el-6  el_after_av_three_fifth  el_before_av_section  avia-builder-el-last  flex_column_div  '     ><p>\n<style type=\"text\/css\" data-created_by=\"avia_inline_auto\" id=\"style-css-av-mnlekqlb-689f7d44605f17e876e7f15d01ffe84a\">\n.avia-image-container.av-mnlekqlb-689f7d44605f17e876e7f15d01ffe84a img.avia_image{\nbox-shadow:none;\n}\n.avia-image-container.av-mnlekqlb-689f7d44605f17e876e7f15d01ffe84a .av-image-caption-overlay-center{\ncolor:#ffffff;\n}\n<\/style>\n<div  class='avia-image-container av-mnlekqlb-689f7d44605f17e876e7f15d01ffe84a av-styling- avia-align-center  avia-builder-el-7  el_before_av_textblock  avia-builder-el-first '   itemprop=\"image\" itemscope=\"itemscope\" itemtype=\"https:\/\/schema.org\/ImageObject\" ><div class=\"avia-image-container-inner\"><div class=\"avia-image-overlay-wrap\"><img decoding=\"async\" fetchpriority=\"high\" class='wp-image-5398 avia-img-lazy-loading-not-5398 avia_image ' src=\"https:\/\/acans.com\/wp-content\/uploads\/2026\/03\/Groupe_3_NB-scaled.jpg\" alt='' title='Grupo_3_NB'  height=\"1707\" width=\"2560\"  itemprop=\"thumbnailUrl\" srcset=\"https:\/\/acans.com\/wp-content\/uploads\/2026\/03\/Groupe_3_NB-scaled.jpg 2560w, https:\/\/acans.com\/wp-content\/uploads\/2026\/03\/Groupe_3_NB-300x200.jpg 300w, https:\/\/acans.com\/wp-content\/uploads\/2026\/03\/Groupe_3_NB-1030x687.jpg 1030w, https:\/\/acans.com\/wp-content\/uploads\/2026\/03\/Groupe_3_NB-768x512.jpg 768w, https:\/\/acans.com\/wp-content\/uploads\/2026\/03\/Groupe_3_NB-1536x1024.jpg 1536w, https:\/\/acans.com\/wp-content\/uploads\/2026\/03\/Groupe_3_NB-2048x1366.jpg 2048w, https:\/\/acans.com\/wp-content\/uploads\/2026\/03\/Groupe_3_NB-1500x1000.jpg 1500w, https:\/\/acans.com\/wp-content\/uploads\/2026\/03\/Groupe_3_NB-705x470.jpg 705w\" sizes=\"(max-width: 2560px) 100vw, 2560px\" \/><\/div><\/div><\/div><br \/>\n<section  class='av_textblock_section av-mnlfdj0v-3f9fbffe3e1b799e4826de5e8e2b6f22 '   itemscope=\"itemscope\" itemtype=\"https:\/\/schema.org\/CreativeWork\" ><div class='avia_textblock'  itemprop=\"text\" ><p>ACANS GOBERNANZA &amp; CUMPLIMIENTO<\/p>\n<blockquote>\n<p>Julie Lhardit (DirCom) &#8211; S\u00e9bastien Baudry (DG)<br \/>\nPhilippe Di\u00e9 (Gerente) &#8211; Thilo Firchow (Compliance)<\/p>\n<\/blockquote>\n<\/div><\/section><\/p><\/div>\n<p><\/div><\/div><\/div><!-- close content main div --><\/div><\/div>\n<style type=\"text\/css\" data-created_by=\"avia_inline_auto\" id=\"style-css-av-8sojnz-85a9a6286c40eaaf003bcab07644c391\">\n.avia-section.av-8sojnz-85a9a6286c40eaaf003bcab07644c391{\nbackground-repeat:no-repeat;\nbackground-image:url(https:\/\/acans.com\/wp-content\/uploads\/2026\/04\/BG-ACANS-COMPLIANCE.png);\nbackground-position:50% 50%;\nbackground-attachment:fixed;\n}\n<\/style>\n<div id='av_section_2'  class='avia-section av-8sojnz-85a9a6286c40eaaf003bcab07644c391 main_color avia-section-default avia-no-border-styling  avia-builder-el-9  el_after_av_two_fifth  el_before_av_section  avia-bg-style-fixed container_wrap sidebar_right'  data-section-bg-repeat='no-repeat'><div class='container av-section-cont-open' ><div class='template-page content  av-content-small alpha units'><div class='post-entry post-entry-type-page post-entry-5397'><div class='entry-content-wrapper clearfix'>\n\n<style type=\"text\/css\" data-created_by=\"avia_inline_auto\" id=\"style-css-av-e21gm7-9417ad3e3ee2da1c9bf03e50f6844cef\">\n#top .av-special-heading.av-e21gm7-9417ad3e3ee2da1c9bf03e50f6844cef{\npadding-bottom:10px;\n}\nbody .av-special-heading.av-e21gm7-9417ad3e3ee2da1c9bf03e50f6844cef .av-special-heading-tag .heading-char{\nfont-size:25px;\n}\n.av-special-heading.av-e21gm7-9417ad3e3ee2da1c9bf03e50f6844cef .av-subheading{\nfont-size:15px;\n}\n<\/style>\n<div  class='av-special-heading av-e21gm7-9417ad3e3ee2da1c9bf03e50f6844cef av-special-heading-h2 blockquote modern-quote  avia-builder-el-10  el_before_av_one_fourth  avia-builder-el-first  aeg-section-title'><h2 class='av-special-heading-tag '  itemprop=\"headline\"  >Principios aplicados, no simplemente anunciados<\/h2><div class=\"special-heading-border\"><div class=\"special-heading-inner-border\"><\/div><\/div><\/div>\n<div class='flex_column_table av-81oytb-1a642ad1a95cf1b4bec7dcbe3951defd sc-av_one_fourth av-equal-height-column-flextable'>\n<style type=\"text\/css\" data-created_by=\"avia_inline_auto\" id=\"style-css-av-81oytb-1a642ad1a95cf1b4bec7dcbe3951defd\">\n.flex_column.av-81oytb-1a642ad1a95cf1b4bec7dcbe3951defd{\nwidth:22%;\nmargin-left:0;\npadding:15px 15px 15px 15px;\nbackground-color:rgba(255,255,255,0.7);\n}\n#top .flex_column_table.av-equal-height-column-flextable.av-81oytb-1a642ad1a95cf1b4bec7dcbe3951defd .av-flex-placeholder{\nwidth:4%;\n}\n<\/style>\n<div  class='flex_column av-81oytb-1a642ad1a95cf1b4bec7dcbe3951defd av_one_fourth  avia-builder-el-11  el_after_av_heading  el_before_av_one_fourth  first flex_column_table_cell av-equal-height-column av-align-top av-animated-generic fade-in  '     ><p>\n<style type=\"text\/css\" data-created_by=\"avia_inline_auto\" id=\"style-css-av-mnldymjt-aee6a306c1313778a122a37a1732ff2f\">\n#top .av-special-heading.av-mnldymjt-aee6a306c1313778a122a37a1732ff2f{\nmargin:0px 0 0 0;\npadding-bottom:10px;\n}\nbody .av-special-heading.av-mnldymjt-aee6a306c1313778a122a37a1732ff2f .av-special-heading-tag .heading-char{\nfont-size:25px;\n}\n.av-special-heading.av-mnldymjt-aee6a306c1313778a122a37a1732ff2f .av-subheading{\nfont-size:15px;\n}\n<\/style>\n<div  class='av-special-heading av-mnldymjt-aee6a306c1313778a122a37a1732ff2f av-special-heading-h3 blockquote modern-quote  avia-builder-el-12  el_before_av_textblock  avia-builder-el-first  acans-title-s'><h3 class='av-special-heading-tag '  itemprop=\"headline\"  >Independencia<\/h3><div class=\"special-heading-border\"><div class=\"special-heading-inner-border\"><\/div><\/div><\/div><br \/>\n<section  class='av_textblock_section av-mnldyz1c-14d03356cef3ad64e390e00a10620ac3 '   itemscope=\"itemscope\" itemtype=\"https:\/\/schema.org\/CreativeWork\" ><div class='avia_textblock acans-text-body acans-panel-line'  itemprop=\"text\" ><p>Nuestras recomendaciones no est\u00e1n dictadas ni por v\u00ednculos capitalistas con productores, ni por una l\u00f3gica de dependencia econ\u00f3mica.<\/p>\n<p>Defendemos un enfoque basado en el an\u00e1lisis y la coherencia en el inter\u00e9s com\u00fan de su firma y de sus clientes.<\/p>\n<\/div><\/section><\/p><\/div><div class='av-flex-placeholder'><\/div>\n<style type=\"text\/css\" data-created_by=\"avia_inline_auto\" id=\"style-css-av-m09in-48af27838c8a732aecc1f72a78d2a168\">\n.flex_column.av-m09in-48af27838c8a732aecc1f72a78d2a168{\nwidth:22%;\nmargin-left:0;\npadding:15px 15px 15px 15px;\nbackground-color:rgba(255,255,255,0.7);\n}\n#top .flex_column_table.av-equal-height-column-flextable.av-m09in-48af27838c8a732aecc1f72a78d2a168 .av-flex-placeholder{\nwidth:4%;\n}\n<\/style>\n<div  class='flex_column av-m09in-48af27838c8a732aecc1f72a78d2a168 av_one_fourth  avia-builder-el-14  el_after_av_one_fourth  el_before_av_one_fourth  flex_column_table_cell av-equal-height-column av-align-top av-animated-generic fade-in  '     ><p>\n<style type=\"text\/css\" data-created_by=\"avia_inline_auto\" id=\"style-css-av-mnldze5r-f52da77cf8d6b4890d65b57e071827aa\">\n#top .av-special-heading.av-mnldze5r-f52da77cf8d6b4890d65b57e071827aa{\nmargin:0px 0 0 0;\npadding-bottom:10px;\n}\nbody .av-special-heading.av-mnldze5r-f52da77cf8d6b4890d65b57e071827aa .av-special-heading-tag .heading-char{\nfont-size:25px;\n}\n.av-special-heading.av-mnldze5r-f52da77cf8d6b4890d65b57e071827aa .av-subheading{\nfont-size:15px;\n}\n<\/style>\n<div  class='av-special-heading av-mnldze5r-f52da77cf8d6b4890d65b57e071827aa av-special-heading-h3 blockquote modern-quote  avia-builder-el-15  el_before_av_textblock  avia-builder-el-first  acans-title-s'><h3 class='av-special-heading-tag '  itemprop=\"headline\"  >Trazabilidad<\/h3><div class=\"special-heading-border\"><div class=\"special-heading-inner-border\"><\/div><\/div><\/div><br \/>\n<section  class='av_textblock_section av-mnldzon1-998214790b19687806200f8cf1e0a62f '   itemscope=\"itemscope\" itemtype=\"https:\/\/schema.org\/CreativeWork\" ><div class='avia_textblock acans-text-body acans-panel-line'  itemprop=\"text\" ><p class=\"p2\">Aplicamos a nuestra propia organizaci\u00f3n los est\u00e1ndares de documentaci\u00f3n que promovemos ante sus firmas y nuestros socios.<\/p>\n<p class=\"p2\">Cada decisi\u00f3n estructurante, cada proceso sensible y cada relaci\u00f3n significativa se inscribe en una l\u00f3gica de formalizaci\u00f3n, documentaci\u00f3n y oponibilidad.<\/p>\n<\/div><\/section><\/p><\/div><div class='av-flex-placeholder'><\/div>\n<style type=\"text\/css\" data-created_by=\"avia_inline_auto\" id=\"style-css-av-4nqj9b-1fae97566133f6698d07ad57f5b3f809\">\n.flex_column.av-4nqj9b-1fae97566133f6698d07ad57f5b3f809{\nwidth:22%;\nmargin-left:0;\npadding:15px 15px 15px 15px;\nbackground-color:rgba(255,255,255,0.7);\n}\n#top .flex_column_table.av-equal-height-column-flextable.av-4nqj9b-1fae97566133f6698d07ad57f5b3f809 .av-flex-placeholder{\nwidth:4%;\n}\n<\/style>\n<div  class='flex_column av-4nqj9b-1fae97566133f6698d07ad57f5b3f809 av_one_fourth  avia-builder-el-17  el_after_av_one_fourth  el_before_av_one_fourth  flex_column_table_cell av-equal-height-column av-align-top av-animated-generic fade-in  '     ><p>\n<style type=\"text\/css\" data-created_by=\"avia_inline_auto\" id=\"style-css-av-mnle0567-3407c7fc6207f8b5985a1367c81a0305\">\n#top .av-special-heading.av-mnle0567-3407c7fc6207f8b5985a1367c81a0305{\nmargin:0px 0 0 0;\npadding-bottom:10px;\n}\nbody .av-special-heading.av-mnle0567-3407c7fc6207f8b5985a1367c81a0305 .av-special-heading-tag .heading-char{\nfont-size:25px;\n}\n.av-special-heading.av-mnle0567-3407c7fc6207f8b5985a1367c81a0305 .av-subheading{\nfont-size:15px;\n}\n<\/style>\n<div  class='av-special-heading av-mnle0567-3407c7fc6207f8b5985a1367c81a0305 av-special-heading-h3 blockquote modern-quote  avia-builder-el-18  el_before_av_textblock  avia-builder-el-first  acans-title-s'><h3 class='av-special-heading-tag '  itemprop=\"headline\"  >Responsabilidad<\/h3><div class=\"special-heading-border\"><div class=\"special-heading-inner-border\"><\/div><\/div><\/div><br \/>\n<section  class='av_textblock_section av-mnle0g35-22fb01b51461cd6cf1b8fc57ce2ac78e '   itemscope=\"itemscope\" itemtype=\"https:\/\/schema.org\/CreativeWork\" ><div class='avia_textblock acans-text-body acans-panel-line'  itemprop=\"text\" ><p class=\"p2\">Asumimos plenamente nuestro papel en la cadena de valor de los sectores del patrimonio, los seguros, el sector inmobiliario y el cumplimiento.<\/p>\n<p class=\"p2\">Nuestras intervenciones est\u00e1n dise\u00f1adas para reducir las zonas de riesgo, asegurar las operaciones e inscribir las relaciones en el largo plazo.<\/p>\n<\/div><\/section><\/p><\/div><div class='av-flex-placeholder'><\/div>\n<style type=\"text\/css\" data-created_by=\"avia_inline_auto\" id=\"style-css-av-2phtb3-fc9e6329c7abb558f42db31a55645af4\">\n.flex_column.av-2phtb3-fc9e6329c7abb558f42db31a55645af4{\nwidth:22%;\nmargin-left:0;\npadding:15px 15px 15px 15px;\nbackground-color:rgba(255,255,255,0.7);\n}\n#top .flex_column_table.av-equal-height-column-flextable.av-2phtb3-fc9e6329c7abb558f42db31a55645af4 .av-flex-placeholder{\nwidth:4%;\n}\n<\/style>\n<div  class='flex_column av-2phtb3-fc9e6329c7abb558f42db31a55645af4 av_one_fourth  avia-builder-el-20  el_after_av_one_fourth  avia-builder-el-last  flex_column_table_cell av-equal-height-column av-align-top av-animated-generic fade-in  '     ><p>\n<style type=\"text\/css\" data-created_by=\"avia_inline_auto\" id=\"style-css-av-mnle0z3c-ab2e8b614606b78a77d86226fb67e962\">\n#top .av-special-heading.av-mnle0z3c-ab2e8b614606b78a77d86226fb67e962{\nmargin:0px 0 0 0;\npadding-bottom:10px;\n}\nbody .av-special-heading.av-mnle0z3c-ab2e8b614606b78a77d86226fb67e962 .av-special-heading-tag .heading-char{\nfont-size:25px;\n}\n.av-special-heading.av-mnle0z3c-ab2e8b614606b78a77d86226fb67e962 .av-subheading{\nfont-size:15px;\n}\n<\/style>\n<div  class='av-special-heading av-mnle0z3c-ab2e8b614606b78a77d86226fb67e962 av-special-heading-h3 blockquote modern-quote  avia-builder-el-21  el_before_av_textblock  avia-builder-el-first  acans-title-s'><h3 class='av-special-heading-tag '  itemprop=\"headline\"  >Cumplimiento normativo<\/h3><div class=\"special-heading-border\"><div class=\"special-heading-inner-border\"><\/div><\/div><\/div><br \/>\n<section  class='av_textblock_section av-mnle1ep5-a66ae712f9a0383e045357abf5767627 '   itemscope=\"itemscope\" itemtype=\"https:\/\/schema.org\/CreativeWork\" ><div class='avia_textblock acans-text-body acans-panel-line'  itemprop=\"text\" ><p class=\"p2\">Nuestra organizaci\u00f3n est\u00e1 pensada para responder a los requisitos aplicables en las jurisdicciones donde operamos, especialmente en Francia, Luxemburgo, Suiza y Portugal.<\/p>\n<p class=\"p2\">Evoluciona permanentemente para integrar los ajustes normativos, las expectativas del mercado y las exigencias de control.<\/p>\n<\/div><\/section><\/p><\/div><\/div><!--close column table wrapper. Autoclose: 1 -->\n<\/div><\/div><\/div><!-- close content main div --><\/div><\/div><div id='av_section_3'  class='avia-section av-mnldiyci-b37215cf169393bc8ada45b0ee67eee6 main_color avia-section-default avia-no-border-styling  avia-builder-el-23  el_after_av_section  avia-builder-el-last  avia-bg-style-scroll container_wrap sidebar_right'  ><div class='container av-section-cont-open' ><div class='template-page content  av-content-small alpha units'><div class='post-entry post-entry-type-page post-entry-5397'><div class='entry-content-wrapper clearfix'>\n<div  class='flex_column av-wjraof-22276ab1865caf7c516f0ea6b8e184e6 av_one_full  avia-builder-el-24  avia-builder-el-no-sibling  first flex_column_div  '     ><p>\n<style type=\"text\/css\" data-created_by=\"avia_inline_auto\" id=\"style-css-av-mnlcze8i-2d0a9d1edf8375da35b1c5a49f02634a\">\n#top .av-special-heading.av-mnlcze8i-2d0a9d1edf8375da35b1c5a49f02634a{\npadding-bottom:10px;\n}\nbody .av-special-heading.av-mnlcze8i-2d0a9d1edf8375da35b1c5a49f02634a .av-special-heading-tag .heading-char{\nfont-size:25px;\n}\n.av-special-heading.av-mnlcze8i-2d0a9d1edf8375da35b1c5a49f02634a .av-subheading{\nfont-size:15px;\n}\n<\/style>\n<div  class='av-special-heading av-mnlcze8i-2d0a9d1edf8375da35b1c5a49f02634a av-special-heading-h2 blockquote modern-quote  avia-builder-el-25  el_before_av_textblock  avia-builder-el-first '><h2 class='av-special-heading-tag '  itemprop=\"headline\"  >Una gobernanza concebida como un activo estrat\u00e9gico<\/h2><div class=\"special-heading-border\"><div class=\"special-heading-inner-border\"><\/div><\/div><\/div><br \/>\n<section  class='av_textblock_section av-vbwi9b-549fc9e025a331fe322284099aeaf902 '   itemscope=\"itemscope\" itemtype=\"https:\/\/schema.org\/CreativeWork\" ><div class='avia_textblock'  itemprop=\"text\" ><p class=\"p1\">Para ACANS EURO GROUP, la gobernanza y el cumplimiento no son solo funciones de soporte; participan directamente en la calidad de ejecuci\u00f3n, en el control de riesgos y en la credibilidad del grupo a largo plazo.<\/p>\n<p class=\"p1\">Constituyen un marco de trabajo, un m\u00e9todo de direcci\u00f3n y un factor de confianza sostenible.<\/p>\n<p class=\"p1\">Es esta disciplina de conjunto la que nos permite estructurar nuestras actividades con altos est\u00e1ndares, acompa\u00f1ar a nuestros socios con seriedad y desarrollar el grupo sobre bases s\u00f3lidas, claras y perennes.<\/p>\n<\/div><\/section><\/p><\/div>\n<\/div><\/div><\/div><!-- close content main div --><\/div><\/div><div id='after_section_3'  class='main_color av_default_container_wrap container_wrap sidebar_right'  ><div class='container av-section-cont-open' ><div class='template-page content  av-content-small alpha units'><div class='post-entry post-entry-type-page post-entry-5397'><div class='entry-content-wrapper clearfix'><\/p>\n","protected":false},"excerpt":{"rendered":"","protected":false},"author":1,"featured_media":0,"parent":5084,"menu_order":0,"comment_status":"closed","ping_status":"closed","template":"","meta":{"footnotes":""},"class_list":["post-5397","page","type-page","status-publish","hentry"],"_links":{"self":[{"href":"https:\/\/acans.com\/es\/wp-json\/wp\/v2\/pages\/5397","targetHints":{"allow":["GET"]}}],"collection":[{"href":"https:\/\/acans.com\/es\/wp-json\/wp\/v2\/pages"}],"about":[{"href":"https:\/\/acans.com\/es\/wp-json\/wp\/v2\/types\/page"}],"author":[{"embeddable":true,"href":"https:\/\/acans.com\/es\/wp-json\/wp\/v2\/users\/1"}],"replies":[{"embeddable":true,"href":"https:\/\/acans.com\/es\/wp-json\/wp\/v2\/comments?post=5397"}],"version-history":[{"count":0,"href":"https:\/\/acans.com\/es\/wp-json\/wp\/v2\/pages\/5397\/revisions"}],"up":[{"embeddable":true,"href":"https:\/\/acans.com\/es\/wp-json\/wp\/v2\/pages\/5084"}],"wp:attachment":[{"href":"https:\/\/acans.com\/es\/wp-json\/wp\/v2\/media?parent=5397"}],"curies":[{"name":"wp","href":"https:\/\/api.w.org\/{rel}","templated":true}]}}