{"id":4969,"date":"2026-03-28T07:53:48","date_gmt":"2026-03-28T06:53:48","guid":{"rendered":"https:\/\/acans.com\/acans-cumplimiento\/"},"modified":"2026-04-12T23:29:41","modified_gmt":"2026-04-12T21:29:41","slug":"acans-cumplimiento","status":"publish","type":"page","link":"https:\/\/acans.com\/es\/filiales\/acans-cumplimiento\/","title":{"rendered":"ACANS CUMPLIMIENTO"},"content":{"rendered":"\n<style type=\"text\/css\" data-created_by=\"avia_inline_auto\" id=\"style-css-av-mnkadfd0-37d4c3cf1b0b28e120be46dfab6acbac\">\n.avia-section.av-mnkadfd0-37d4c3cf1b0b28e120be46dfab6acbac{\nbackground-repeat:no-repeat;\nbackground-image:url(https:\/\/acans.com\/wp-content\/uploads\/2026\/04\/BG-ACANS-COMPLIANCE.png);\nbackground-position:100% 0%;\nbackground-attachment:fixed;\n}\n<\/style>\n<div id='av_section_1'  class='avia-section av-mnkadfd0-37d4c3cf1b0b28e120be46dfab6acbac main_color avia-section-default avia-no-border-styling  avia-builder-el-0  el_before_av_section  avia-builder-el-first  acans-hero avia-full-stretch avia-bg-style-fixed av-minimum-height av-minimum-height-custom av-height-custom  container_wrap sidebar_right'  data-section-bg-repeat='stretch' data-av_minimum_height_px='400'><div class='container av-section-cont-open' style='height:400px'><main  role=\"main\" itemprop=\"mainContentOfPage\"  class='template-page content  av-content-small alpha units'><div class='post-entry post-entry-type-page post-entry-4969'><div class='entry-content-wrapper clearfix'>\n<div class='flex_column_table av-1sz4yrr-3f56e900a20cc7412fde900a2431caeb sc-av_three_fourth av-equal-height-column-flextable'>\n<style type=\"text\/css\" data-created_by=\"avia_inline_auto\" id=\"style-css-av-1sz4yrr-3f56e900a20cc7412fde900a2431caeb\">\n.flex_column.av-1sz4yrr-3f56e900a20cc7412fde900a2431caeb{\npadding:0px 0px 0px 0px;\n}\n<\/style>\n<div  class='flex_column av-1sz4yrr-3f56e900a20cc7412fde900a2431caeb av_three_fourth  avia-builder-el-1  el_before_av_one_fourth  avia-builder-el-first  first flex_column_table_cell av-equal-height-column av-align-top av-zero-column-padding  '     ><p>\n<style type=\"text\/css\" data-created_by=\"avia_inline_auto\" id=\"style-css-av-mnkacai1-19b22b049b9b374a5b6e41807647d339\">\n#top .av-special-heading.av-mnkacai1-19b22b049b9b374a5b6e41807647d339{\npadding-bottom:10px;\n}\nbody .av-special-heading.av-mnkacai1-19b22b049b9b374a5b6e41807647d339 .av-special-heading-tag .heading-char{\nfont-size:25px;\n}\n.av-special-heading.av-mnkacai1-19b22b049b9b374a5b6e41807647d339 .av-subheading{\nfont-size:15px;\n}\n<\/style>\n<div  class='av-special-heading av-mnkacai1-19b22b049b9b374a5b6e41807647d339 av-special-heading-h3 blockquote modern-quote  avia-builder-el-2  el_before_av_textblock  avia-builder-el-first  acans-title-xl'><h3 class='av-special-heading-tag '  itemprop=\"headline\"  >ACANS COMPLIANCE<\/h3><div class=\"special-heading-border\"><div class=\"special-heading-inner-border\"><\/div><\/div><\/div><br \/>\n<section  class='av_textblock_section av-1rry6jr-8f43e60ad2a64c715141db8fe2b8aa98 '   itemscope=\"itemscope\" itemtype=\"https:\/\/schema.org\/CreativeWork\" ><div class='avia_textblock acans-kicker'  itemprop=\"text\" ><p>El cumplimiento que se dirige y se defiende<\/p>\n<\/div><\/section><br \/>\n<section  class='av_textblock_section av-1pt2yev-aef7c5c6ca7c90210b5d78576c5efcdb '   itemscope=\"itemscope\" itemtype=\"https:\/\/schema.org\/CreativeWork\" ><div class='avia_textblock acans-lead'  itemprop=\"text\" ><p>La verdadera pregunta ya no es: \u201c\u00bfcumple usted?\u201d<br \/>\nAhora es: \u201c\u00bfpuede demostrar, en todo momento, por qu\u00e9, c\u00f3mo y en qu\u00e9 marco ha actuado?\u201d<\/p>\n<\/div><\/section><br \/>\n\n<style type=\"text\/css\" data-created_by=\"avia_inline_auto\" id=\"style-css-av-1o57e3r-5d8d82171d34d00930e45ed9ed98cb1a\">\n#top .hr.hr-invisible.av-1o57e3r-5d8d82171d34d00930e45ed9ed98cb1a{\nheight:50px;\n}\n<\/style>\n<div  class='hr av-1o57e3r-5d8d82171d34d00930e45ed9ed98cb1a hr-invisible  avia-builder-el-5  el_after_av_textblock  el_before_av_buttonrow '><span class='hr-inner '><span class=\"hr-inner-style\"><\/span><\/span><\/div><br \/>\n<div  class='avia-buttonrow-wrap av-1n6916f-b303174244c5fa0ea4431ef35c064b45 avia-buttonrow-left  avia-builder-el-6  el_after_av_hr  avia-builder-el-last '>\n\n<style type=\"text\/css\" data-created_by=\"avia_inline_auto\" id=\"style-css-av-1l0abif-817fb86f6664b398dd9418ed8bef7066\">\n#top #wrap_all .avia-button.av-1l0abif-817fb86f6664b398dd9418ed8bef7066{\nmargin-bottom:5px;\nmargin-right:5px;\n}\n<\/style>\n<a href='https:\/\/acans.com\/contact\/'  class='avia-button av-1l0abif-817fb86f6664b398dd9418ed8bef7066 avia-icon_select-no avia-size-small avia-color-theme-color'   aria-label=\"Convertirse en socio\"><span class='avia_iconbox_title' >Convertirse en socio<\/span><\/a>\n\n<style type=\"text\/css\" data-created_by=\"avia_inline_auto\" id=\"style-css-av-1jabb5j-e4fb4cbc896f84533393c5b281915b1a\">\n#top #wrap_all .avia-button.av-1jabb5j-e4fb4cbc896f84533393c5b281915b1a{\nmargin-bottom:5px;\nmargin-right:5px;\n}\n<\/style>\n<a href='https:\/\/acans.com\/contact\/'  class='avia-button av-1jabb5j-e4fb4cbc896f84533393c5b281915b1a avia-icon_select-no avia-size-small avia-color-theme-color'   aria-label=\"Acceder a nuestras ofertas\"><span class='avia_iconbox_title' >Acceder a nuestras ofertas<\/span><\/a>\n<\/div><\/p><\/div><div class='av-flex-placeholder'><\/div>\n<style type=\"text\/css\" data-created_by=\"avia_inline_auto\" id=\"style-css-av-1h9ga53-9fa9ac6eda73e9300fe1ee7652d2bf77\">\n.flex_column.av-1h9ga53-9fa9ac6eda73e9300fe1ee7652d2bf77{\npadding:0px 0px 0px 0px;\n}\n<\/style>\n<div  class='flex_column av-1h9ga53-9fa9ac6eda73e9300fe1ee7652d2bf77 av_one_fourth  avia-builder-el-7  el_after_av_three_fourth  avia-builder-el-last  flex_column_table_cell av-equal-height-column av-align-top av-zero-column-padding  '     ><p>\n<style type=\"text\/css\" data-created_by=\"avia_inline_auto\" id=\"style-css-av-mnkadtg1-39cd2e8da3c512a2afb0a65724da6acb\">\n.avia-image-container.av-mnkadtg1-39cd2e8da3c512a2afb0a65724da6acb img.avia_image{\nbox-shadow:none;\n}\n.avia-image-container.av-mnkadtg1-39cd2e8da3c512a2afb0a65724da6acb .av-image-caption-overlay-center{\ncolor:#ffffff;\n}\n<\/style>\n<div  class='avia-image-container av-mnkadtg1-39cd2e8da3c512a2afb0a65724da6acb av-styling- avia-align-  avia-builder-el-8  el_before_av_textblock  avia-builder-el-first '   itemprop=\"image\" itemscope=\"itemscope\" itemtype=\"https:\/\/schema.org\/ImageObject\" ><div class=\"avia-image-container-inner\"><div class=\"avia-image-overlay-wrap\"><img decoding=\"async\" fetchpriority=\"high\" class='wp-image-4855 avia-img-lazy-loading-not-4855 avia_image ' src=\"https:\/\/acans.com\/wp-content\/uploads\/2026\/04\/ACANS-Group-Portraits_4-2_NB-845x684.jpg\" alt='' title='ACANS Group - Portraits_4-2_NB'  height=\"684\" width=\"845\"  itemprop=\"thumbnailUrl\" srcset=\"https:\/\/acans.com\/wp-content\/uploads\/2026\/04\/ACANS-Group-Portraits_4-2_NB-845x684.jpg 845w, https:\/\/acans.com\/wp-content\/uploads\/2026\/04\/ACANS-Group-Portraits_4-2_NB-495x400.jpg 495w\" sizes=\"(max-width: 845px) 100vw, 845px\" \/><\/div><\/div><\/div><br \/>\n\n<style type=\"text\/css\" data-created_by=\"avia_inline_auto\" id=\"style-css-av-56wgxj-1caa5b34cc367092b4e3d3a150ac11ab\">\n.av_textblock_section.av-56wgxj-1caa5b34cc367092b4e3d3a150ac11ab{\nbackground-color:rgba(255,255,255,0.5);\n}\n<\/style>\n<section  class='av_textblock_section av-56wgxj-1caa5b34cc367092b4e3d3a150ac11ab '   itemscope=\"itemscope\" itemtype=\"https:\/\/schema.org\/CreativeWork\" ><div class='avia_textblock'  itemprop=\"text\" ><blockquote>\n<p>Thilo FIRCHOW<br \/>\nPresidente &#8211; Socio<\/p>\n<\/blockquote>\n<\/div><\/section><\/p><\/div><\/div><!--close column table wrapper. Autoclose: 1 -->\n\n<p><\/div><\/div><\/main><!-- close content main element --><\/div><\/div><div id='av_section_2'  class='avia-section av-1e8cdtj-ddd5ce8b72191eede4398739888e4036 main_color avia-section-no-padding avia-no-border-styling  avia-builder-el-10  el_after_av_section  el_before_av_section  acans-section acans-surface-white avia-bg-style-scroll container_wrap sidebar_right'  ><div class='container av-section-cont-open' ><div class='template-page content  av-content-small alpha units'><div class='post-entry post-entry-type-page post-entry-4969'><div class='entry-content-wrapper clearfix'>\n<div  class='flex_column av-1ckxbnb-387e71a5da450176e8166f3a1776a518 av_one_full  avia-builder-el-11  el_before_av_one_half  avia-builder-el-first  first flex_column_div  '     ><p>\n<style type=\"text\/css\" data-created_by=\"avia_inline_auto\" id=\"style-css-av-1bakihj-2dfe4336e969f7b17e8f8a2164523376\">\n#top .av-special-heading.av-1bakihj-2dfe4336e969f7b17e8f8a2164523376{\npadding-bottom:10px;\n}\nbody .av-special-heading.av-1bakihj-2dfe4336e969f7b17e8f8a2164523376 .av-special-heading-tag .heading-char{\nfont-size:25px;\n}\n.av-special-heading.av-1bakihj-2dfe4336e969f7b17e8f8a2164523376 .av-subheading{\nfont-size:15px;\n}\n<\/style>\n<div  class='av-special-heading av-1bakihj-2dfe4336e969f7b17e8f8a2164523376 av-special-heading-h3 blockquote modern-quote  avia-builder-el-12  el_before_av_textblock  avia-builder-el-first  acans-title-m'><h3 class='av-special-heading-tag '  itemprop=\"headline\"  >La consolidaci\u00f3n estrat\u00e9gica al servicio de su desarrollo<\/h3><div class=\"special-heading-border\"><div class=\"special-heading-inner-border\"><\/div><\/div><\/div><br \/>\n<section  class='av_textblock_section av-1a0iuk7-8d573894378226cb2e25abda37838641 '   itemscope=\"itemscope\" itemtype=\"https:\/\/schema.org\/CreativeWork\" ><div class='avia_textblock acans-lead acans-lead-wide'  itemprop=\"text\" ><p>En un universo creativo donde el POG, la trazabilidad, la LCB-FT, el deber de asesoramiento, el RGPD, DORA y la presi\u00f3n probatoria exponen directamente a los profesionales, el cumplimiento ya no puede ser decorativo. Debe organizarse como una capacidad de gobernanza y direcci\u00f3n, constantemente recordada por las Autoridades de supervisi\u00f3n. <\/p>\n<p>Como deont\u00f3logo para organizaciones p\u00fablicas y privadas, ACANS CUMPLIMIENTO despliega una doble experiencia, acad\u00e9mica y jurisdiccional, que consiste en proponer un m\u00e9todo \u201creflexivo\u201d. Partimos de las pr\u00e1cticas reales de los actores para revelar sus puntos fuertes y sus fragilidades, con el fin de transformarlos en decisiones estructuradas y jur\u00eddicamente sostenibles. <\/p>\n<blockquote>\n<p>En ACANS, no le transmitimos reglas abstractas, sino la capacidad de pensarse en situaci\u00f3n<\/p>\n<\/blockquote>\n<\/div><\/section><\/p><\/div><div  class='flex_column av-18etilz-7b75e6e9c020144104e0ce86b25624e4 av_one_half  avia-builder-el-14  el_after_av_one_full  el_before_av_one_half  acans-panel-line first flex_column_div  column-top-margin'     ><p>\n<style type=\"text\/css\" data-created_by=\"avia_inline_auto\" id=\"style-css-av-169olh3-143fa470ba54ad722c21556bdb4ed7e3\">\n#top .av-special-heading.av-169olh3-143fa470ba54ad722c21556bdb4ed7e3{\npadding-bottom:10px;\n}\nbody .av-special-heading.av-169olh3-143fa470ba54ad722c21556bdb4ed7e3 .av-special-heading-tag .heading-char{\nfont-size:25px;\n}\n.av-special-heading.av-169olh3-143fa470ba54ad722c21556bdb4ed7e3 .av-subheading{\nfont-size:15px;\n}\n<\/style>\n<div  class='av-special-heading av-169olh3-143fa470ba54ad722c21556bdb4ed7e3 av-special-heading-h3 blockquote modern-quote  avia-builder-el-15  el_before_av_textblock  avia-builder-el-first  acans-title-m'><h3 class='av-special-heading-tag '  itemprop=\"headline\"  >Una oferta \u2018control ready\u2019<\/h3><div class=\"special-heading-border\"><div class=\"special-heading-inner-border\"><\/div><\/div><\/div><br \/>\n<section  class='av_textblock_section av-14oymo7-a8299f3965f692fc1f8dc9add2185a38 '   itemscope=\"itemscope\" itemtype=\"https:\/\/schema.org\/CreativeWork\" ><div class='avia_textblock'  itemprop=\"text\" ><p>ACANS CUMPLIMIENTO acompa\u00f1a a las firmas para construir un cumplimiento oponible, \u00fatil para el negocio y explotable en el tiempo.<\/p>\n<p>No nos limitamos a la auditor\u00eda documental.<\/p>\n<p>Estructuramos con usted una cartograf\u00eda viva de los riesgos, procedimientos versionados, registros con marca de tiempo, una caja fuerte probatoria, KPI orientados a pruebas, una documentaci\u00f3n POG coherente, una l\u00f3gica \u201cPlan, Do, Check, Act\u201d (PDCA) de actualizaci\u00f3n continua y, cuando sea necesario, una capacidad de reacci\u00f3n inmediata en situaciones delicadas.<\/p>\n<\/div><\/section><\/p><\/div><div  class='flex_column av-3yl6dj-4678105544726dd9bc674c5976127a82 av_one_half  avia-builder-el-17  el_after_av_one_half  el_before_av_textblock  acans-panel-line flex_column_div  column-top-margin'     ><p>\n<style type=\"text\/css\" data-created_by=\"avia_inline_auto\" id=\"style-css-av-10y0ip3-62f3f0bc62bdc42635c330d8115f654e\">\n#top .av-special-heading.av-10y0ip3-62f3f0bc62bdc42635c330d8115f654e{\npadding-bottom:10px;\n}\nbody .av-special-heading.av-10y0ip3-62f3f0bc62bdc42635c330d8115f654e .av-special-heading-tag .heading-char{\nfont-size:25px;\n}\n.av-special-heading.av-10y0ip3-62f3f0bc62bdc42635c330d8115f654e .av-subheading{\nfont-size:15px;\n}\n<\/style>\n<div  class='av-special-heading av-10y0ip3-62f3f0bc62bdc42635c330d8115f654e av-special-heading-h3 blockquote modern-quote  avia-builder-el-18  el_before_av_textblock  avia-builder-el-first  acans-title-m'><h3 class='av-special-heading-tag '  itemprop=\"headline\"  >Lo que nos distingue<\/h3><div class=\"special-heading-border\"><div class=\"special-heading-inner-border\"><\/div><\/div><\/div><br \/>\n<section  class='av_textblock_section av-zvrmsn-b56b9736a607aff18b457a16b582f783 '   itemscope=\"itemscope\" itemtype=\"https:\/\/schema.org\/CreativeWork\" ><div class='avia_textblock'  itemprop=\"text\" ><p>Lo que nos distingue se resume en cuatro puntos fuertes:<\/p>\n<ol>\n<li>Un enfoque ex ante del riesgo basado en la prueba \u201cinspection ready\u201d;<\/li>\n<li>Una l\u00f3gica de \u201ctrial process\u201d dise\u00f1ada para argumentar bajo control o en litigio;<\/li>\n<li>Un equipo de expertos de alto nivel para acompa\u00f1ar su mejora de competencias: abogados, antiguos reguladores y magistrados, expertos en finanzas y digital, esta es nuestra raz\u00f3n de ser: \u201cproteger, alertar y socorrer al servicio de unas finanzas sostenibles\u201d;<\/li>\n<li>Una certificaci\u00f3n \u00abComprometida con la RSE\u00bb basada en la norma ISO 26000 con Afnor certification y Responsibility Europe.<\/li>\n<\/ol>\n<\/div><\/section><\/p><\/div>\n<style type=\"text\/css\" data-created_by=\"avia_inline_auto\" id=\"style-css-av-mnkb1k1g-381a6fb2d2d252bc3bf07b392c08f718\">\n#top .av_textblock_section.av-mnkb1k1g-381a6fb2d2d252bc3bf07b392c08f718 .avia_textblock{\npadding:0PX 0PX 0PX 0PX;\n}\n<\/style>\n<section  class='av_textblock_section av-mnkb1k1g-381a6fb2d2d252bc3bf07b392c08f718 '   itemscope=\"itemscope\" itemtype=\"https:\/\/schema.org\/CreativeWork\" ><div class='avia_textblock'  itemprop=\"text\" ><blockquote>\n<p>ACANS CUMPLIMIENTO no se limita a vender cumplimiento. Instala un marco de confianza que protege a la firma y refuerza su credibilidad ante sus clientes y sus socios. <\/p>\n<\/blockquote>\n<\/div><\/section>\n<\/div><\/div><\/div><!-- close content main div --><\/div><\/div>\n<style type=\"text\/css\" data-created_by=\"avia_inline_auto\" id=\"style-css-av-yaqb1j-b21d2da1e760d3baef881e1643c7be2e\">\n.avia-section.av-yaqb1j-b21d2da1e760d3baef881e1643c7be2e{\nbackground-repeat:no-repeat;\nbackground-image:url(https:\/\/acans.com\/wp-content\/uploads\/2026\/04\/BG-ACANS-COMPLIANCE.png);\nbackground-position:100% 50%;\nbackground-attachment:fixed;\n}\n<\/style>\n<div id='av_section_3'  class='avia-section av-yaqb1j-b21d2da1e760d3baef881e1643c7be2e main_color avia-section-no-padding avia-no-border-styling  avia-builder-el-21  el_after_av_section  el_before_av_section  acans-section acans-section-divider avia-full-stretch avia-bg-style-fixed container_wrap sidebar_right'  data-section-bg-repeat='stretch'><div class='container av-section-cont-open' ><div class='template-page content  av-content-small alpha units'><div class='post-entry post-entry-type-page post-entry-4969'><div class='entry-content-wrapper clearfix'>\n<div  class='flex_column av-ww96dj-67f43ed8265640cec1285bfef32b4970 av_one_third  avia-builder-el-22  el_before_av_one_third  avia-builder-el-first  acans-panel-line first flex_column_div  '     ><section  class='av_textblock_section av-31646v-2341259419d5835d7066f33c4e34cbab '   itemscope=\"itemscope\" itemtype=\"https:\/\/schema.org\/CreativeWork\" ><div class='avia_textblock'  itemprop=\"text\" ><p><strong><span style=\"color: #1b6b73;\">POSICIONAMIENTO<\/span><\/strong><\/p>\n<p class=\"text-size-chat leading-relaxed extension:leading-normal my-2\"><span class=\"_inlineMarkdown_3nxm6_25 inline-markdown text-size-chat-sm font-mono blend bg-token-text-code-block-background rounded-sm px-1.5 py-0.5 leading-none extension:bg-token-foreground\/10 electron:bg-token-list-hover-background\/60\">Una oferta clara, respaldada por una especializaci\u00f3n definida y una capacidad para responder a retos espec\u00edficos en su \u00e1mbito de intervenci\u00f3n.<\/span><\/p>\n<\/div><\/section><\/div><div  class='flex_column av-slah1j-4dc9cbbce2679741df2da7dde7f3647a av_one_third  avia-builder-el-24  el_after_av_one_third  el_before_av_one_third  acans-panel-line flex_column_div  '     ><section  class='av_textblock_section av-r436fb-59bb9e77684de7d95c8ace03bd5cc26b '   itemscope=\"itemscope\" itemtype=\"https:\/\/schema.org\/CreativeWork\" ><div class='avia_textblock'  itemprop=\"text\" ><p><strong><span style=\"color: #1b6b73;\">DIRECCI\u00d3N<\/span><\/strong><\/p>\n<p>Una entidad encarnada por una direcci\u00f3n identificada, al servicio de una visi\u00f3n a largo plazo, de los altos est\u00e1ndares operativos y del desarrollo de la filial.<\/p>\n<\/div><\/section><\/div><div  class='flex_column av-q0bmxj-ebc74e9e58a38880cea62c893e837e95 av_one_third  avia-builder-el-26  el_after_av_one_third  avia-builder-el-last  acans-panel-line flex_column_div  '     ><section  class='av_textblock_section av-o9wjvb-01d46c2192e01fd486742b200d0f6e81 '   itemscope=\"itemscope\" itemtype=\"https:\/\/schema.org\/CreativeWork\" ><div class='avia_textblock'  itemprop=\"text\" ><p><strong><span style=\"color: #1b6b73;\">DESARROLLO<\/span><\/strong><\/p>\n<p>Una trayectoria basada en la coherencia estrat\u00e9gica, la calidad de ejecuci\u00f3n y la integraci\u00f3n en la ambici\u00f3n europea del grupo.<\/p>\n<\/div><\/section><\/div>\n<\/p>\n<\/div><\/div><\/div><!-- close content main div --><\/div><\/div><div id='av_section_4'  class='avia-section av-mhglcn-cf5c7907d5858317984f9f9b26a02ebb main_color avia-section-default avia-no-border-styling  avia-builder-el-28  el_after_av_section  el_before_av_section  acans-section-tight avia-bg-style-scroll container_wrap sidebar_right'  ><div class='container av-section-cont-open' ><div class='template-page content  av-content-small alpha units'><div class='post-entry post-entry-type-page post-entry-4969'><div class='entry-content-wrapper clearfix'>\n<div  class='flex_column av-l7u59j-358dc2d66d15b318465921fb8eea4a72 av_one_half  avia-builder-el-29  el_before_av_one_half  avia-builder-el-first  acans-panel-line first flex_column_div  '     ><section  class='av_textblock_section av-j22xnr-d2894846454cc50024a4270edfbb3759 '   itemscope=\"itemscope\" itemtype=\"https:\/\/schema.org\/CreativeWork\" ><div class='avia_textblock'  itemprop=\"text\" ><p>UNA ORGANIZACI\u00d3N DE GRUPO<\/p>\n<p>La din\u00e1mica del grupo se basa en una articulaci\u00f3n clara entre la visi\u00f3n de conjunto, las experiencias especializadas y los anclajes operativos.<\/p>\n<\/div><\/section><\/div><div  class='flex_column av-i38v1z-070dc978d74ce5796f115e7d141f06b7 av_one_half  avia-builder-el-31  el_after_av_one_half  avia-builder-el-last  acans-panel-line flex_column_div  '     ><section  class='av_textblock_section av-fif64n-d2914d128018c3509d0254daf0f6ebf1 '   itemscope=\"itemscope\" itemtype=\"https:\/\/schema.org\/CreativeWork\" ><div class='avia_textblock'  itemprop=\"text\" ><p>ENTIDADES COMPLEMENTARIAS<\/p>\n<p>Cada filial contribuye a la identidad global mediante su posicionamiento, su directivo, su especialidad y su capacidad para responder a retos espec\u00edficos.<\/p>\n<\/div><\/section><\/div>\n\n<\/div><\/div><\/div><!-- close content main div --><\/div><\/div>\n<style type=\"text\/css\" data-created_by=\"avia_inline_auto\" id=\"style-css-av-ekfymv-2d1710c3233260f13d572fc103a6e3bd\">\n.avia-section.av-ekfymv-2d1710c3233260f13d572fc103a6e3bd{\nbackground-repeat:no-repeat;\nbackground-image:url(https:\/\/acans.com\/wp-content\/uploads\/2026\/04\/BG-ACANS-COMPLIANCE.png);\nbackground-position:100% 100%;\nbackground-attachment:fixed;\n}\n<\/style>\n<div id='av_section_5'  class='avia-section av-ekfymv-2d1710c3233260f13d572fc103a6e3bd main_color avia-section-no-padding avia-no-border-styling  avia-builder-el-33  el_after_av_section  avia-builder-el-last  avia-full-stretch avia-bg-style-fixed container_wrap sidebar_right'  data-section-bg-repeat='stretch'><div class='container av-section-cont-open' ><div class='template-page content  av-content-small alpha units'><div class='post-entry post-entry-type-page post-entry-4969'><div class='entry-content-wrapper clearfix'>\n<section  class='av_textblock_section av-c5k6br-8c00feb25c159fd4f96165b906f46dae '   itemscope=\"itemscope\" itemtype=\"https:\/\/schema.org\/CreativeWork\" ><div class='avia_textblock acans-kicker'  itemprop=\"text\" ><p class=\"acans-kicker\">Contacto y actividad<\/p>\n<\/div><\/section>\n\n<style type=\"text\/css\" data-created_by=\"avia_inline_auto\" id=\"style-css-av-bgweg7-edf4c6a2d3df3f7fed433ffaf75e0147\">\n#top .av-special-heading.av-bgweg7-edf4c6a2d3df3f7fed433ffaf75e0147{\npadding-bottom:10px;\n}\nbody .av-special-heading.av-bgweg7-edf4c6a2d3df3f7fed433ffaf75e0147 .av-special-heading-tag .heading-char{\nfont-size:25px;\n}\n.av-special-heading.av-bgweg7-edf4c6a2d3df3f7fed433ffaf75e0147 .av-subheading{\nfont-size:15px;\n}\n<\/style>\n<div  class='av-special-heading av-bgweg7-edf4c6a2d3df3f7fed433ffaf75e0147 av-special-heading-h3 blockquote modern-quote  avia-builder-el-35  el_after_av_textblock  el_before_av_textblock '><h3 class='av-special-heading-tag '  itemprop=\"headline\"  >Contactar con el equipo de ACANS CUMPLIMIENTO<\/h3><div class=\"special-heading-border\"><div class=\"special-heading-inner-border\"><\/div><\/div><\/div>\n<section  class='av_textblock_section av-9w306v-11aa0c6a6cb188458a88a811543966fc '   itemscope=\"itemscope\" itemtype=\"https:\/\/schema.org\/CreativeWork\" ><div class='avia_textblock acans-lead'  itemprop=\"text\" ><p class=\"text-size-chat leading-relaxed extension:leading-normal my-2\"><span class=\"_inlineMarkdown_3nxm6_25 inline-markdown text-size-chat-sm font-mono blend bg-token-text-code-block-background rounded-sm px-1.5 py-0.5 leading-none extension:bg-token-foreground\/10 electron:bg-token-list-hover-background\/60\">Para cualquier solicitud de informaci\u00f3n, presentaci\u00f3n o presentaciones estrat\u00e9gicas, nuestro equipo est\u00e1 a su disposici\u00f3n.<\/span><\/p>\n<\/div><\/section>\n<div  class='avia-buttonrow-wrap av-6xomo7-a93508c204ca030c4904557d1974abcf avia-buttonrow-left  avia-builder-el-37  el_after_av_textblock  el_before_av_hr '>\n\n<style type=\"text\/css\" data-created_by=\"avia_inline_auto\" id=\"style-css-av-6bbdh3-4ab9639f2713e75d07a1893ba7ee400c\">\n#top #wrap_all .avia-button.av-6bbdh3-4ab9639f2713e75d07a1893ba7ee400c{\nmargin-bottom:5px;\nmargin-right:5px;\n}\n<\/style>\n<a href='https:\/\/acans.com\/contact\/'  class='avia-button av-6bbdh3-4ab9639f2713e75d07a1893ba7ee400c avia-icon_select-no avia-size-small avia-color-theme-color'   aria-label=\"Convertirse en socio\"><span class='avia_iconbox_title' >Convertirse en socio<\/span><\/a>\n\n<style type=\"text\/css\" data-created_by=\"avia_inline_auto\" id=\"style-css-av-3s4eqv-61c85f5e77e05ad90113e114b263c4d4\">\n#top #wrap_all .avia-button.av-3s4eqv-61c85f5e77e05ad90113e114b263c4d4{\nmargin-bottom:5px;\nmargin-right:5px;\n}\n<\/style>\n<a href='https:\/\/acans.com\/filiales\/'  class='avia-button av-3s4eqv-61c85f5e77e05ad90113e114b263c4d4 avia-icon_select-no avia-size-small avia-color-theme-color'   aria-label=\"Otras filiales\"><span class='avia_iconbox_title' >Otras filiales<\/span><\/a>\n<\/div>\n\n<style type=\"text\/css\" data-created_by=\"avia_inline_auto\" id=\"style-css-av-28zvuf-ca4fc9c4784799a662ba2a9fd576e749\">\n#top .hr.hr-invisible.av-28zvuf-ca4fc9c4784799a662ba2a9fd576e749{\nheight:50px;\n}\n<\/style>\n<div  class='hr av-28zvuf-ca4fc9c4784799a662ba2a9fd576e749 hr-invisible  avia-builder-el-38  el_after_av_buttonrow  avia-builder-el-last '><span class='hr-inner '><span class=\"hr-inner-style\"><\/span><\/span><\/div>\n<\/div><\/div><\/div><!-- close content main div --><\/div><\/div><div id='after_section_5'  class='main_color av_default_container_wrap container_wrap sidebar_right'  ><div class='container av-section-cont-open' ><div class='template-page content  av-content-small alpha units'><div class='post-entry post-entry-type-page post-entry-4969'><div class='entry-content-wrapper clearfix'>\n","protected":false},"excerpt":{"rendered":"","protected":false},"author":1,"featured_media":0,"parent":5065,"menu_order":0,"comment_status":"closed","ping_status":"closed","template":"","meta":{"footnotes":""},"class_list":["post-4969","page","type-page","status-publish","hentry"],"_links":{"self":[{"href":"https:\/\/acans.com\/es\/wp-json\/wp\/v2\/pages\/4969","targetHints":{"allow":["GET"]}}],"collection":[{"href":"https:\/\/acans.com\/es\/wp-json\/wp\/v2\/pages"}],"about":[{"href":"https:\/\/acans.com\/es\/wp-json\/wp\/v2\/types\/page"}],"author":[{"embeddable":true,"href":"https:\/\/acans.com\/es\/wp-json\/wp\/v2\/users\/1"}],"replies":[{"embeddable":true,"href":"https:\/\/acans.com\/es\/wp-json\/wp\/v2\/comments?post=4969"}],"version-history":[{"count":0,"href":"https:\/\/acans.com\/es\/wp-json\/wp\/v2\/pages\/4969\/revisions"}],"up":[{"embeddable":true,"href":"https:\/\/acans.com\/es\/wp-json\/wp\/v2\/pages\/5065"}],"wp:attachment":[{"href":"https:\/\/acans.com\/es\/wp-json\/wp\/v2\/media?parent=4969"}],"curies":[{"name":"wp","href":"https:\/\/api.w.org\/{rel}","templated":true}]}}