{"id":4951,"date":"2026-03-28T07:55:22","date_gmt":"2026-03-28T06:55:22","guid":{"rendered":"https:\/\/acans.com\/acans-assurance\/"},"modified":"2026-04-12T17:52:50","modified_gmt":"2026-04-12T15:52:50","slug":"acans-assurance","status":"publish","type":"page","link":"https:\/\/acans.com\/es\/filiales\/acans-assurance\/","title":{"rendered":"Acans Assurance"},"content":{"rendered":"\n<style type=\"text\/css\" data-created_by=\"avia_inline_auto\" id=\"style-css-av-1ktcmbd-ddff591fb8091c6f16ea3209ad0d0d92\">\n.avia-section.av-1ktcmbd-ddff591fb8091c6f16ea3209ad0d0d92{\nbackground-repeat:no-repeat;\nbackground-image:url(https:\/\/acans.com\/wp-content\/uploads\/2026\/04\/BG-ACANS-ASSURANCE.png);\nbackground-position:100% 0%;\nbackground-attachment:fixed;\n}\n<\/style>\n<div id='av_section_1'  class='avia-section av-1ktcmbd-ddff591fb8091c6f16ea3209ad0d0d92 main_color avia-section-default avia-no-border-styling  avia-builder-el-0  el_before_av_section  avia-builder-el-first  acans-hero avia-full-stretch avia-bg-style-fixed av-minimum-height av-minimum-height-custom av-height-custom  container_wrap sidebar_right'  data-section-bg-repeat='stretch' data-av_minimum_height_px='400'><div class='container av-section-cont-open' style='height:400px'><main  role=\"main\" itemprop=\"mainContentOfPage\"  class='template-page content  av-content-small alpha units'><div class='post-entry post-entry-type-page post-entry-4951'><div class='entry-content-wrapper clearfix'>\n<div class='flex_column_table av-1k0rduh-266268233b33945755f9b844d1e4570e sc-av_three_fourth av-equal-height-column-flextable'><div  class='flex_column av-1k0rduh-266268233b33945755f9b844d1e4570e av_three_fourth  avia-builder-el-1  avia-builder-el-no-sibling  first flex_column_table_cell av-equal-height-column av-align-top  '     ><p>\n<style type=\"text\/css\" data-created_by=\"avia_inline_auto\" id=\"style-css-av-mnkc3x36-b4e3b7766a70a68c71a4a153bc600831\">\n#top .av-special-heading.av-mnkc3x36-b4e3b7766a70a68c71a4a153bc600831{\npadding-bottom:10px;\n}\nbody .av-special-heading.av-mnkc3x36-b4e3b7766a70a68c71a4a153bc600831 .av-special-heading-tag .heading-char{\nfont-size:25px;\n}\n.av-special-heading.av-mnkc3x36-b4e3b7766a70a68c71a4a153bc600831 .av-subheading{\nfont-size:15px;\n}\n<\/style>\n<div  class='av-special-heading av-mnkc3x36-b4e3b7766a70a68c71a4a153bc600831 av-special-heading-h3 blockquote modern-quote  avia-builder-el-2  el_before_av_textblock  avia-builder-el-first  acans-title-xl'><h3 class='av-special-heading-tag '  itemprop=\"headline\"  >ACANS ASSURANCE<\/h3><div class=\"special-heading-border\"><div class=\"special-heading-inner-border\"><\/div><\/div><\/div><br \/>\n<section  class='av_textblock_section av-mnkc4uxi-e95eafad928d65cc44d8d7f016db01f7 '   itemscope=\"itemscope\" itemtype=\"https:\/\/schema.org\/CreativeWork\" ><div class='avia_textblock acans-kicker'  itemprop=\"text\" ><p>Soluciones de seguros a medida, con total independencia<\/p>\n<\/div><\/section><br \/>\n<section  class='av_textblock_section av-mnkc5b0h-7c033a017c2a8f4e75bc0735666017dd '   itemscope=\"itemscope\" itemtype=\"https:\/\/schema.org\/CreativeWork\" ><div class='avia_textblock acans-lead'  itemprop=\"text\" ><p>Cada situaci\u00f3n patrimonial es singular. Los dispositivos de seguros que la acompa\u00f1an tambi\u00e9n deben serlo.<\/p>\n<\/div><\/section><br \/>\n\n<style type=\"text\/css\" data-created_by=\"avia_inline_auto\" id=\"style-css-av-5gg9h5-3305609eecdef6b6bac4eb6cc386704f\">\n#top .hr.hr-invisible.av-5gg9h5-3305609eecdef6b6bac4eb6cc386704f{\nheight:50px;\n}\n<\/style>\n<div  class='hr av-5gg9h5-3305609eecdef6b6bac4eb6cc386704f hr-invisible  avia-builder-el-5  el_after_av_textblock  el_before_av_buttonrow '><span class='hr-inner '><span class=\"hr-inner-style\"><\/span><\/span><\/div><br \/>\n<div  class='avia-buttonrow-wrap av-1g2laax-a34bf751d1412d9e477d298a0ab7402e avia-buttonrow-left  avia-builder-el-6  el_after_av_hr  avia-builder-el-last '>\n\n<style type=\"text\/css\" data-created_by=\"avia_inline_auto\" id=\"style-css-av-1eoly2h-1f783711a7215bebbde66a265392d620\">\n#top #wrap_all .avia-button.av-1eoly2h-1f783711a7215bebbde66a265392d620{\nmargin-bottom:5px;\nmargin-right:5px;\n}\n<\/style>\n<a href='https:\/\/acans.com\/es\/contacto\/'  class='avia-button av-1eoly2h-1f783711a7215bebbde66a265392d620 avia-icon_select-no avia-size-small avia-color-theme-color'   aria-label=\"Convertirse en socio\"><span class='avia_iconbox_title' >Convertirse en socio<\/span><\/a>\n\n<style type=\"text\/css\" data-created_by=\"avia_inline_auto\" id=\"style-css-av-1dkyh6h-a6257b074299fcbb05a364c60dc69b96\">\n#top #wrap_all .avia-button.av-1dkyh6h-a6257b074299fcbb05a364c60dc69b96{\nmargin-bottom:5px;\nmargin-right:5px;\n}\n<\/style>\n<a href='https:\/\/acans.com\/es\/contacto\/'  class='avia-button av-1dkyh6h-a6257b074299fcbb05a364c60dc69b96 avia-icon_select-no avia-size-small avia-color-theme-color'   aria-label=\"Acceder a nuestras ofertas\"><span class='avia_iconbox_title' >Acceder a nuestras ofertas<\/span><\/a>\n<\/div><\/p><\/div><\/div><!--close column table wrapper. Autoclose: 1 --><\/div><\/div><\/main><!-- close content main element --><\/div><\/div><div id='av_section_2'  class='avia-section av-16vgf2h-6c4677e8b03de2fb0c6307bd67c413b4 main_color avia-section-no-padding avia-no-border-styling  avia-builder-el-7  el_after_av_section  el_before_av_section  acans-section acans-surface-white avia-bg-style-scroll container_wrap sidebar_right'  ><div class='container av-section-cont-open' ><div class='template-page content  av-content-small alpha units'><div class='post-entry post-entry-type-page post-entry-4951'><div class='entry-content-wrapper clearfix'>\n<div  class='flex_column av-15a50nt-ce6824b14644178522aa71d8842a3903 av_one_full  avia-builder-el-8  el_before_av_one_half  avia-builder-el-first  first flex_column_div  '     ><p>\n<style type=\"text\/css\" data-created_by=\"avia_inline_auto\" id=\"style-css-av-12oe3qx-e769a7e059d8c37625c2827fa38afe1b\">\n#top .av-special-heading.av-12oe3qx-e769a7e059d8c37625c2827fa38afe1b{\npadding-bottom:10px;\n}\nbody .av-special-heading.av-12oe3qx-e769a7e059d8c37625c2827fa38afe1b .av-special-heading-tag .heading-char{\nfont-size:25px;\n}\n.av-special-heading.av-12oe3qx-e769a7e059d8c37625c2827fa38afe1b .av-subheading{\nfont-size:15px;\n}\n<\/style>\n<div  class='av-special-heading av-12oe3qx-e769a7e059d8c37625c2827fa38afe1b av-special-heading-h3 blockquote modern-quote  avia-builder-el-9  el_before_av_textblock  avia-builder-el-first  acans-title-m'><h3 class='av-special-heading-tag '  itemprop=\"headline\"  >La seguridad de un corredor experto a su lado<\/h3><div class=\"special-heading-border\"><div class=\"special-heading-inner-border\"><\/div><\/div><\/div><br \/>\n<section  class='av_textblock_section av-mnkc6qg7-5e8e15fc6ddb0fcb842ff0c97144727f '   itemscope=\"itemscope\" itemtype=\"https:\/\/schema.org\/CreativeWork\" ><div class='avia_textblock acans-lead acans-lead-wide'  itemprop=\"text\" ><p>ACANS ASSURANCE acompa\u00f1a a los profesionales del patrimonio, a los particulares y a los directivos de empresas en la estructuraci\u00f3n de dispositivos adaptados a sus retos financieros, familias y profesionales. Como corredor independiente, ACANS ASSURANCE selecciona para cada situaci\u00f3n las soluciones m\u00e1s pertinentes entre compa\u00f1\u00edas rigurosamente referenciadas, sin gama cautiva, sin cuotas de compa\u00f1\u00eda y sin conflictos de intereses. <\/p>\n<p>Nuestro enfoque se basa en un an\u00e1lisis previo de las necesidades y los riesgos para construir respuestas precisas en materia de protecci\u00f3n, previsi\u00f3n y optimizaci\u00f3n patrimonial.<\/p>\n<\/div><\/section><\/p><\/div><div  class='flex_column av-11en5mh-ea0aecb89c5f9428cf8c9ec4550a90f0 av_one_half  avia-builder-el-11  el_after_av_one_full  el_before_av_one_half  acans-panel-line first flex_column_div  column-top-margin'     ><p>\n<style type=\"text\/css\" data-created_by=\"avia_inline_auto\" id=\"style-css-av-mnkc9fzq-6796018cb06a64da0ae4da09e3cd319c\">\n#top .av-special-heading.av-mnkc9fzq-6796018cb06a64da0ae4da09e3cd319c{\npadding-bottom:10px;\n}\nbody .av-special-heading.av-mnkc9fzq-6796018cb06a64da0ae4da09e3cd319c .av-special-heading-tag .heading-char{\nfont-size:25px;\n}\n.av-special-heading.av-mnkc9fzq-6796018cb06a64da0ae4da09e3cd319c .av-subheading{\nfont-size:15px;\n}\n<\/style>\n<div  class='av-special-heading av-mnkc9fzq-6796018cb06a64da0ae4da09e3cd319c av-special-heading-h3 blockquote modern-quote  avia-builder-el-12  el_before_av_textblock  avia-builder-el-first  acans-title-m'><h3 class='av-special-heading-tag '  itemprop=\"headline\"  >Una oferta para sus clientes privados<\/h3><div class=\"special-heading-border\"><div class=\"special-heading-inner-border\"><\/div><\/div><\/div><br \/>\n<section  class='av_textblock_section av-mnkc7umw-aa98ae7546138d5d10d7c45ccbe3527e '   itemscope=\"itemscope\" itemtype=\"https:\/\/schema.org\/CreativeWork\" ><div class='avia_textblock'  itemprop=\"text\" ><p><strong>Seguros de personas<\/strong><\/p>\n<p>Contratos individuales, familias o colectivos de salud y protecci\u00f3n social, construidos seg\u00fan el perfil y la situaci\u00f3n de cada cliente.<\/p>\n<p><strong>Previsi\u00f3n y protecci\u00f3n financiera<\/strong><\/p>\n<p>Protecci\u00f3n de los directivos, de los empleados y de sus familias frente a las consecuencias financieras de un accidente, una incapacidad laboral o un fallecimiento.<\/p>\n<p><strong>Jubilaci\u00f3n y constituci\u00f3n de capital<\/strong><\/p>\n<p>Estrategias de ahorro y de constituci\u00f3n de capital construidas seg\u00fan el horizonte de inversi\u00f3n y los objetivos patrimoniales del cliente.<\/p>\n<\/div><\/section><\/p><\/div><div  class='flex_column av-zhdstl-27728429a9be3a8cb916efb8684ccfdb av_one_half  avia-builder-el-14  el_after_av_one_half  avia-builder-el-last  acans-panel-line flex_column_div  column-top-margin'     ><p>\n<style type=\"text\/css\" data-created_by=\"avia_inline_auto\" id=\"style-css-av-mnkcaggs-e78ffcc6b10bab7300797dc9454fd941\">\n#top .av-special-heading.av-mnkcaggs-e78ffcc6b10bab7300797dc9454fd941{\npadding-bottom:10px;\n}\nbody .av-special-heading.av-mnkcaggs-e78ffcc6b10bab7300797dc9454fd941 .av-special-heading-tag .heading-char{\nfont-size:25px;\n}\n.av-special-heading.av-mnkcaggs-e78ffcc6b10bab7300797dc9454fd941 .av-subheading{\nfont-size:15px;\n}\n<\/style>\n<div  class='av-special-heading av-mnkcaggs-e78ffcc6b10bab7300797dc9454fd941 av-special-heading-h3 blockquote modern-quote  avia-builder-el-15  el_before_av_textblock  avia-builder-el-first  acans-title-m'><h3 class='av-special-heading-tag '  itemprop=\"headline\"  >Una oferta para sus clientes corporativos<\/h3><div class=\"special-heading-border\"><div class=\"special-heading-inner-border\"><\/div><\/div><\/div><br \/>\n<section  class='av_textblock_section av-mnkcca9v-02ba55ec172ea6e08a18fa8be44d7cf1 '   itemscope=\"itemscope\" itemtype=\"https:\/\/schema.org\/CreativeWork\" ><div class='avia_textblock'  itemprop=\"text\" ><p><strong>Asesoramiento en estrategia social de las empresas<\/strong><\/p>\n<p>Estructuraci\u00f3n y optimizaci\u00f3n de los dispositivos de protecci\u00f3n social bajo una l\u00f3gica de atractivo, aseguramiento y coherencia a largo plazo.<\/p>\n<p><strong>Responsabilidad y protecci\u00f3n de bienes<\/strong><\/p>\n<p>Coberturas de responsabilidad civil y de protecci\u00f3n de bienes, calibradas para limitar la exposici\u00f3n financiera en caso de incidente o litigio.<\/p>\n<p><strong>Jubilaci\u00f3n y seguros colectivos<\/strong><\/p>\n<p>Estrategias de ahorro y de constituci\u00f3n de capital construidas seg\u00fan el horizonte de inversi\u00f3n y los objetivos patrimoniales del cliente.<\/p>\n<\/div><\/section><\/p><\/div>\n<\/p>\n<\/div><\/div><\/div><!-- close content main div --><\/div><\/div>\n<style type=\"text\/css\" data-created_by=\"avia_inline_auto\" id=\"style-css-av-xhus7d-a46701af58fc008b67356e14b9f729ee\">\n.avia-section.av-xhus7d-a46701af58fc008b67356e14b9f729ee{\nbackground-repeat:no-repeat;\nbackground-image:url(https:\/\/acans.com\/wp-content\/uploads\/2026\/04\/BG-ACANS-ASSURANCE.png);\nbackground-position:100% 50%;\nbackground-attachment:fixed;\n}\n<\/style>\n<div id='av_section_3'  class='avia-section av-xhus7d-a46701af58fc008b67356e14b9f729ee main_color avia-section-no-padding avia-no-border-styling  avia-builder-el-17  el_after_av_section  el_before_av_section  acans-section acans-section-divider avia-full-stretch avia-bg-style-fixed container_wrap sidebar_right'  data-section-bg-repeat='stretch'><div class='container av-section-cont-open' ><div class='template-page content  av-content-small alpha units'><div class='post-entry post-entry-type-page post-entry-4951'><div class='entry-content-wrapper clearfix'>\n<div  class='flex_column av-wwywax-4605ccf8473c7c1e085f26b2df382f46 av_one_third  avia-builder-el-18  el_before_av_one_third  avia-builder-el-first  acans-panel-line first flex_column_div  '     ><section  class='av_textblock_section av-u3wkd5-e9ad59354329d3ba3b97f793e3a774ed '   itemscope=\"itemscope\" itemtype=\"https:\/\/schema.org\/CreativeWork\" ><div class='avia_textblock'  itemprop=\"text\" ><p><strong><span style=\"color: #1b6b73;\">POSICIONAMIENTO<\/span><\/strong><\/p>\n<p class=\"text-size-chat leading-relaxed extension:leading-normal my-2\"><span class=\"_inlineMarkdown_3nxm6_25 inline-markdown text-size-chat-sm font-mono blend bg-token-text-code-block-background rounded-sm px-1.5 py-0.5 leading-none extension:bg-token-foreground\/10 electron:bg-token-list-hover-background\/60\">Una oferta legible, respaldada por una especializaci\u00f3n clara y una capacidad para responder a retos espec\u00edficos en su \u00e1mbito de intervenci\u00f3n.<\/span><\/p>\n<\/div><\/section><\/div><div  class='flex_column av-sudz61-5bc83259e927da55ccdc6805c6315e9d av_one_third  avia-builder-el-20  el_after_av_one_third  el_before_av_one_third  acans-panel-line flex_column_div  '     ><section  class='av_textblock_section av-rkq12h-0fce3e7d6d383cfe3ec528c641c1ecd2 '   itemscope=\"itemscope\" itemtype=\"https:\/\/schema.org\/CreativeWork\" ><div class='avia_textblock'  itemprop=\"text\" ><p><strong><span style=\"color: #1b6b73;\">DIRECCI\u00d3N<\/span><\/strong><\/p>\n<p>Una entidad encarnada por una direcci\u00f3n identificada, al servicio de una visi\u00f3n a largo plazo, de los altos est\u00e1ndares operativos y del desarrollo de la filial.<\/p>\n<\/div><\/section><\/div><div  class='flex_column av-pfxr6h-52f30ebc5e2ef1cea2b19b0214743f6b av_one_third  avia-builder-el-22  el_after_av_one_third  avia-builder-el-last  acans-panel-line flex_column_div  '     ><section  class='av_textblock_section av-no9vgp-fdab815b05ff7e1d4253d8906f0a1256 '   itemscope=\"itemscope\" itemtype=\"https:\/\/schema.org\/CreativeWork\" ><div class='avia_textblock'  itemprop=\"text\" ><p><strong><span style=\"color: #1b6b73;\">DESARROLLO<\/span><\/strong><\/p>\n<p>Una trayectoria basada en la coherencia estrat\u00e9gica, la calidad de ejecuci\u00f3n y la integraci\u00f3n en la ambici\u00f3n europea del grupo.<\/p>\n<\/div><\/section><\/div>\n\n<\/div><\/div><\/div><!-- close content main div --><\/div><\/div><div id='av_section_4'  class='avia-section av-m9syih-93684af2c2187e54fb2d1e64f3c89edc main_color avia-section-default avia-no-border-styling  avia-builder-el-24  el_after_av_section  el_before_av_section  acans-section-tight avia-bg-style-scroll container_wrap sidebar_right'  ><div class='container av-section-cont-open' ><div class='template-page content  av-content-small alpha units'><div class='post-entry post-entry-type-page post-entry-4951'><div class='entry-content-wrapper clearfix'>\n<div  class='flex_column av-l19iqx-cad502ee3570540117253f2749f6842f av_one_half  avia-builder-el-25  el_before_av_one_half  avia-builder-el-first  acans-panel-line first flex_column_div  '     ><section  class='av_textblock_section av-1uz4jt-5f958c5e816ff2b6bd8325a1e4ba883b '   itemscope=\"itemscope\" itemtype=\"https:\/\/schema.org\/CreativeWork\" ><div class='avia_textblock'  itemprop=\"text\" ><p>UNA ORGANIZACI\u00d3N DE GRUPO<\/p>\n<p>La din\u00e1mica del grupo se basa en una articulaci\u00f3n clara entre visi\u00f3n de conjunto, experiencia especializada y anclajes operativos.<\/p>\n<\/div><\/section><\/div><div  class='flex_column av-gwnaq1-f78f566118084c7f68422e11695d2311 av_one_half  avia-builder-el-27  el_after_av_one_half  avia-builder-el-last  acans-panel-line flex_column_div  '     ><section  class='av_textblock_section av-gckzmx-987ca139e02b47879a53c82d90ba8d37 '   itemscope=\"itemscope\" itemtype=\"https:\/\/schema.org\/CreativeWork\" ><div class='avia_textblock'  itemprop=\"text\" ><p>ENTIDADES COMPLEMENTARIAS<\/p>\n<p>Cada filial contribuye a la identidad de conjunto mediante su posicionamiento, su directivo, su especialidad y su capacidad para responder a retos espec\u00edficos.<\/p>\n<\/div><\/section><\/div>\n\n<\/div><\/div><\/div><!-- close content main div --><\/div><\/div>\n<style type=\"text\/css\" data-created_by=\"avia_inline_auto\" id=\"style-css-av-dw2wk9-22af78b58be70efb3237ab9218f4c090\">\n.avia-section.av-dw2wk9-22af78b58be70efb3237ab9218f4c090{\nbackground-repeat:no-repeat;\nbackground-image:url(https:\/\/acans.com\/wp-content\/uploads\/2026\/04\/BG-ACANS-ASSURANCE.png);\nbackground-position:100% 100%;\nbackground-attachment:fixed;\n}\n<\/style>\n<div id='av_section_5'  class='avia-section av-dw2wk9-22af78b58be70efb3237ab9218f4c090 main_color avia-section-no-padding avia-no-border-styling  avia-builder-el-29  el_after_av_section  avia-builder-el-last  avia-full-stretch avia-bg-style-fixed container_wrap sidebar_right'  data-section-bg-repeat='stretch'><div class='container av-section-cont-open' ><div class='template-page content  av-content-small alpha units'><div class='post-entry post-entry-type-page post-entry-4951'><div class='entry-content-wrapper clearfix'>\n<section  class='av_textblock_section av-cd0b3t-1a9a931d793fd3e7423f03c13708a0d5 '   itemscope=\"itemscope\" itemtype=\"https:\/\/schema.org\/CreativeWork\" ><div class='avia_textblock acans-kicker'  itemprop=\"text\" ><p class=\"acans-kicker\">Contacto y actividad<\/p>\n<\/div><\/section>\n\n<style type=\"text\/css\" data-created_by=\"avia_inline_auto\" id=\"style-css-av-ai06op-3fe6cfecebe23cab283a6db3612f5fd3\">\n#top .av-special-heading.av-ai06op-3fe6cfecebe23cab283a6db3612f5fd3{\npadding-bottom:10px;\n}\nbody .av-special-heading.av-ai06op-3fe6cfecebe23cab283a6db3612f5fd3 .av-special-heading-tag .heading-char{\nfont-size:25px;\n}\n.av-special-heading.av-ai06op-3fe6cfecebe23cab283a6db3612f5fd3 .av-subheading{\nfont-size:15px;\n}\n<\/style>\n<div  class='av-special-heading av-ai06op-3fe6cfecebe23cab283a6db3612f5fd3 av-special-heading-h3 blockquote modern-quote  avia-builder-el-31  el_after_av_textblock  el_before_av_textblock '><h3 class='av-special-heading-tag '  itemprop=\"headline\"  >Contactar con el equipo de ACANS ASSURANCE<\/h3><div class=\"special-heading-border\"><div class=\"special-heading-inner-border\"><\/div><\/div><\/div>\n<section  class='av_textblock_section av-x64tl-2bd2b18ffe409b4d3e175f000a347b77 '   itemscope=\"itemscope\" itemtype=\"https:\/\/schema.org\/CreativeWork\" ><div class='avia_textblock acans-lead'  itemprop=\"text\" ><p class=\"text-size-chat leading-relaxed extension:leading-normal my-2\"><span class=\"_inlineMarkdown_3nxm6_25 inline-markdown text-size-chat-sm font-mono blend bg-token-text-code-block-background rounded-sm px-1.5 py-0.5 leading-none extension:bg-token-foreground\/10 electron:bg-token-list-hover-background\/60\">Para cualquier solicitud de informaci\u00f3n, presentaci\u00f3n o presentaciones estrat\u00e9gicas, nuestro equipo est\u00e1 a su disposici\u00f3n.<\/span><\/p>\n<\/div><\/section>\n<div  class='avia-buttonrow-wrap av-77f2ex-e3ecb587a8583a4ef458101ddc02e137 avia-buttonrow-left  avia-builder-el-33  el_after_av_textblock  el_before_av_hr '>\n\n<style type=\"text\/css\" data-created_by=\"avia_inline_auto\" id=\"style-css-av-jjy7t-50de83ed3d37ad5db482e87c43d47a5e\">\n#top #wrap_all .avia-button.av-jjy7t-50de83ed3d37ad5db482e87c43d47a5e{\nmargin-bottom:5px;\nmargin-right:5px;\n}\n<\/style>\n<a href='https:\/\/acans.com\/es\/contacto\/'  class='avia-button av-jjy7t-50de83ed3d37ad5db482e87c43d47a5e avia-icon_select-no avia-size-small avia-color-theme-color'   aria-label=\"Convertirse en socio\"><span class='avia_iconbox_title' >Convertirse en socio<\/span><\/a>\n\n<style type=\"text\/css\" data-created_by=\"avia_inline_auto\" id=\"style-css-av-3o4dk9-ebe35d3e2f09e8eb2fd1903e148a4447\">\n#top #wrap_all .avia-button.av-3o4dk9-ebe35d3e2f09e8eb2fd1903e148a4447{\nmargin-bottom:5px;\nmargin-right:5px;\n}\n<\/style>\n<a href='https:\/\/acans.com\/filiales\/'  class='avia-button av-3o4dk9-ebe35d3e2f09e8eb2fd1903e148a4447 avia-icon_select-no avia-size-small avia-color-theme-color'   aria-label=\"Otras filiales\"><span class='avia_iconbox_title' >Otras filiales<\/span><\/a>\n<\/div>\n\n<style type=\"text\/css\" data-created_by=\"avia_inline_auto\" id=\"style-css-av-341urd-85d4ee5d1a8e88a4f205f7a4894d47ef\">\n#top .hr.hr-invisible.av-341urd-85d4ee5d1a8e88a4f205f7a4894d47ef{\nheight:50px;\n}\n<\/style>\n<div  class='hr av-341urd-85d4ee5d1a8e88a4f205f7a4894d47ef hr-invisible  avia-builder-el-34  el_after_av_buttonrow  avia-builder-el-last '><span class='hr-inner '><span class=\"hr-inner-style\"><\/span><\/span><\/div>\n<\/div><\/div><\/div><!-- close content main div --><\/div><\/div><div id='after_section_5'  class='main_color av_default_container_wrap container_wrap sidebar_right'  ><div class='container av-section-cont-open' ><div class='template-page content  av-content-small alpha units'><div class='post-entry post-entry-type-page post-entry-4951'><div class='entry-content-wrapper clearfix'>\n","protected":false},"excerpt":{"rendered":"","protected":false},"author":1,"featured_media":0,"parent":5065,"menu_order":0,"comment_status":"closed","ping_status":"closed","template":"","meta":{"footnotes":""},"class_list":["post-4951","page","type-page","status-publish","hentry"],"_links":{"self":[{"href":"https:\/\/acans.com\/es\/wp-json\/wp\/v2\/pages\/4951","targetHints":{"allow":["GET"]}}],"collection":[{"href":"https:\/\/acans.com\/es\/wp-json\/wp\/v2\/pages"}],"about":[{"href":"https:\/\/acans.com\/es\/wp-json\/wp\/v2\/types\/page"}],"author":[{"embeddable":true,"href":"https:\/\/acans.com\/es\/wp-json\/wp\/v2\/users\/1"}],"replies":[{"embeddable":true,"href":"https:\/\/acans.com\/es\/wp-json\/wp\/v2\/comments?post=4951"}],"version-history":[{"count":0,"href":"https:\/\/acans.com\/es\/wp-json\/wp\/v2\/pages\/4951\/revisions"}],"up":[{"embeddable":true,"href":"https:\/\/acans.com\/es\/wp-json\/wp\/v2\/pages\/5065"}],"wp:attachment":[{"href":"https:\/\/acans.com\/es\/wp-json\/wp\/v2\/media?parent=4951"}],"curies":[{"name":"wp","href":"https:\/\/api.w.org\/{rel}","templated":true}]}}