{"id":4843,"date":"2026-04-05T09:29:53","date_gmt":"2026-04-05T07:29:53","guid":{"rendered":"https:\/\/acans.com\/comite-de-cumplimiento\/"},"modified":"2026-04-12T23:30:48","modified_gmt":"2026-04-12T21:30:48","slug":"comite-de-cumplimiento","status":"publish","type":"page","link":"https:\/\/acans.com\/es\/comite-de-cumplimiento\/","title":{"rendered":"COMIT\u00c9 DE COMPLIMIENTO"},"content":{"rendered":"\n<style type=\"text\/css\" data-created_by=\"avia_inline_auto\" id=\"style-css-av-6i80ou-5676c0eb5626506f7792de8668a16d06\">\n.avia-section.av-6i80ou-5676c0eb5626506f7792de8668a16d06{\nbackground-repeat:no-repeat;\nbackground-image:url(https:\/\/acans.com\/wp-content\/uploads\/2026\/04\/BG2-ACANS-COMITTEE.png);\nbackground-position:100% 50%;\nbackground-attachment:fixed;\n}\n<\/style>\n<div id='av_section_1'  class='avia-section av-6i80ou-5676c0eb5626506f7792de8668a16d06 main_color avia-section-default avia-no-border-styling  avia-builder-el-0  el_before_av_section  avia-builder-el-first  acans-hero avia-full-stretch avia-bg-style-fixed av-minimum-height av-minimum-height-custom av-height-custom  container_wrap sidebar_right'  data-section-bg-repeat='stretch' data-av_minimum_height_px='400'><div class='container av-section-cont-open' style='height:400px'><main  role=\"main\" itemprop=\"mainContentOfPage\"  class='template-page content  av-content-small alpha units'><div class='post-entry post-entry-type-page post-entry-4843'><div class='entry-content-wrapper clearfix'>\n<div class='flex_column_table av-1r4ni8u-2fbdfc2b2356408069ccddc2c683e47c sc-av_one_full av-equal-height-column-flextable'><div  class='flex_column av-1r4ni8u-2fbdfc2b2356408069ccddc2c683e47c av_one_full  avia-builder-el-1  avia-builder-el-no-sibling  first flex_column_table_cell av-equal-height-column av-align-top  '     ><p>\n<style type=\"text\/css\" data-created_by=\"avia_inline_auto\" id=\"style-css-av-mnlg1qe1-c8d7a7309511387e7dd44255a1bc8747\">\n#top .av-special-heading.av-mnlg1qe1-c8d7a7309511387e7dd44255a1bc8747{\npadding-bottom:10px;\n}\nbody .av-special-heading.av-mnlg1qe1-c8d7a7309511387e7dd44255a1bc8747 .av-special-heading-tag .heading-char{\nfont-size:25px;\n}\n.av-special-heading.av-mnlg1qe1-c8d7a7309511387e7dd44255a1bc8747 .av-subheading{\nfont-size:15px;\n}\n<\/style>\n<div  class='av-special-heading av-mnlg1qe1-c8d7a7309511387e7dd44255a1bc8747 av-special-heading-h3 blockquote modern-quote  avia-builder-el-2  el_before_av_textblock  avia-builder-el-first  acans-title-hero'><h3 class='av-special-heading-tag '  itemprop=\"headline\"  >Comit\u00e9 de cumplimiento<\/h3><div class=\"special-heading-border\"><div class=\"special-heading-inner-border\"><\/div><\/div><\/div><br \/>\n<section  class='av_textblock_section av-mnlg49od-3e6517f23cf3d116f8d3478fc0b4a6cd '   itemscope=\"itemscope\" itemtype=\"https:\/\/schema.org\/CreativeWork\" ><div class='avia_textblock acans-kicker'  itemprop=\"text\" ><p class=\"p1\">Acompa\u00f1ar, proponer, controlar<\/p>\n<\/div><\/section><br \/>\n<section  class='av_textblock_section av-mnlg5wth-8c7781cdefce2f56f4a8a297523d63d0 '   itemscope=\"itemscope\" itemtype=\"https:\/\/schema.org\/CreativeWork\" ><div class='avia_textblock acans-lead'  itemprop=\"text\" ><p class=\"p1\">La funci\u00f3n de nuestro Comit\u00e9 de Cumplimiento consiste en aportar a los directivos del grupo una experiencia profunda, an\u00e1lisis rigurosos y recomendaciones basadas en datos probatorios para orientar sus decisiones estrat\u00e9gicas y operativas.<\/p>\n<\/div><\/section><\/p><\/div><\/div><!--close column table wrapper. Autoclose: 1 -->\n\n<\/div><\/div><\/main><!-- close content main element --><\/div><\/div><div id='av_section_2'  class='avia-section av-2tzuy6-5fbb407f11eaf8d4317f798ed7295cf7 main_color avia-section-default avia-no-border-styling  avia-builder-el-5  el_after_av_section  el_before_av_section  avia-bg-style-fixed container_wrap sidebar_right'  ><div class='container av-section-cont-open' ><div class='template-page content  av-content-small alpha units'><div class='post-entry post-entry-type-page post-entry-4843'><div class='entry-content-wrapper clearfix'>\n<div  class='flex_column av-1jjzem6-320136b4bd2439d2cd870713cc31f627 av_one_full  avia-builder-el-6  avia-builder-el-no-sibling  first flex_column_div  '     ><p>\n<style type=\"text\/css\" data-created_by=\"avia_inline_auto\" id=\"style-css-av-1glyj7i-800ff5501245415fcedc743eb4ff032a\">\n#top .av-special-heading.av-1glyj7i-800ff5501245415fcedc743eb4ff032a{\nmargin:0px 0px 0px 0px;\npadding-bottom:10px;\n}\nbody .av-special-heading.av-1glyj7i-800ff5501245415fcedc743eb4ff032a .av-special-heading-tag .heading-char{\nfont-size:25px;\n}\n.av-special-heading.av-1glyj7i-800ff5501245415fcedc743eb4ff032a .av-subheading{\nfont-size:15px;\n}\n<\/style>\n<div  class='av-special-heading av-1glyj7i-800ff5501245415fcedc743eb4ff032a av-special-heading-h2 blockquote modern-quote  avia-builder-el-7  el_before_av_textblock  avia-builder-el-first  acans-title-m'><h2 class='av-special-heading-tag '  itemprop=\"headline\"  >Una gobernanza de construcci\u00f3n<\/h2><div class=\"special-heading-border\"><div class=\"special-heading-inner-border\"><\/div><\/div><\/div><br \/>\n<section  class='av_textblock_section av-1dulace-28ac3e0a89c68a4793428cae2e87ed0f '   itemscope=\"itemscope\" itemtype=\"https:\/\/schema.org\/CreativeWork\" ><div class='avia_textblock acans-text-body'  itemprop=\"text\" ><p class=\"p1\">ACANS EURO GROUP re\u00fane a directivos con perfiles y experiencias complementarias, comprometidos con la estructuraci\u00f3n, el desarrollo y la supervisi\u00f3n de las actividades del grupo. Esta organizaci\u00f3n permite articular visi\u00f3n estrat\u00e9gica, direcci\u00f3n operativa y control de los equilibrios propios de cada actividad. <\/p>\n<p class=\"p1\">M\u00e1s all\u00e1 de las responsabilidades individuales, esta gobernanza se basa en una l\u00f3gica de coordinaci\u00f3n estrecha entre los directivos y las filiales, con el fin de garantizar la coherencia de las decisiones, la calidad de la ejecuci\u00f3n y la solidez del desarrollo emprendido.<\/p>\n<\/div><\/section><\/p><\/div>\n\n<\/div><\/div><\/div><!-- close content main div --><\/div><\/div>\n<style type=\"text\/css\" data-created_by=\"avia_inline_auto\" id=\"style-css-av-lr5gq6-bc3f407e3076bf21cb824b5af3223946\">\n.avia-section.av-lr5gq6-bc3f407e3076bf21cb824b5af3223946{\nbackground-repeat:no-repeat;\nbackground-image:url(https:\/\/acans.com\/wp-content\/uploads\/2026\/04\/BG2-ACANS-COMITTEE.png);\nbackground-position:100% 50%;\nbackground-attachment:fixed;\n}\n<\/style>\n<div id='av_section_3'  class='avia-section av-lr5gq6-bc3f407e3076bf21cb824b5af3223946 main_color avia-section-default avia-no-border-styling  avia-builder-el-9  el_after_av_section  el_before_av_section  avia-bg-style-fixed container_wrap sidebar_right'  data-section-bg-repeat='no-repeat'><div class='container av-section-cont-open' ><div class='template-page content  av-content-small alpha units'><div class='post-entry post-entry-type-page post-entry-4843'><div class='entry-content-wrapper clearfix'>\n<div class='flex_column_table av-ktajjy-e9d8ed2ed45e8a09439ca57eac564bf5 sc-av_one_third av-equal-height-column-flextable'>\n<style type=\"text\/css\" data-created_by=\"avia_inline_auto\" id=\"style-css-av-ktajjy-e9d8ed2ed45e8a09439ca57eac564bf5\">\n.flex_column.av-ktajjy-e9d8ed2ed45e8a09439ca57eac564bf5{\npadding:15px 15px 15px 15px;\nbackground-color:rgba(255,255,255,0.7);\n}\n<\/style>\n<div  class='flex_column av-ktajjy-e9d8ed2ed45e8a09439ca57eac564bf5 av_one_third  avia-builder-el-10  el_before_av_one_third  avia-builder-el-first  first flex_column_table_cell av-equal-height-column av-align-top  '     ><p>\n<style type=\"text\/css\" data-created_by=\"avia_inline_auto\" id=\"style-css-av-1ws33y-1c339d7989ac4b6822d2f9bf6f23698b\">\n#top .av-special-heading.av-1ws33y-1c339d7989ac4b6822d2f9bf6f23698b{\nmargin:0px 0 0 0;\npadding-bottom:10px;\n}\nbody .av-special-heading.av-1ws33y-1c339d7989ac4b6822d2f9bf6f23698b .av-special-heading-tag .heading-char{\nfont-size:25px;\n}\n.av-special-heading.av-1ws33y-1c339d7989ac4b6822d2f9bf6f23698b .av-subheading{\nfont-size:15px;\n}\n<\/style>\n<div  class='av-special-heading av-1ws33y-1c339d7989ac4b6822d2f9bf6f23698b av-special-heading-h3 blockquote modern-quote  avia-builder-el-11  el_before_av_textblock  avia-builder-el-first  acans-title-s'><h3 class='av-special-heading-tag '  itemprop=\"headline\"  >Asesoramiento estrat\u00e9gico<\/h3><div class=\"special-heading-border\"><div class=\"special-heading-inner-border\"><\/div><\/div><\/div><br \/>\n<section  class='av_textblock_section av-mnlj72sf-bc3e7f6b27506359d8ff16af5ab9b9d5 '   itemscope=\"itemscope\" itemtype=\"https:\/\/schema.org\/CreativeWork\" ><div class='avia_textblock acans-text-body acans-panel-line'  itemprop=\"text\" ><p>La funci\u00f3n de nuestro Comit\u00e9 de Cumplimiento consiste en aportar a los directivos de ACANS EURO GROUP una experiencia profunda, an\u00e1lisis rigurosos y recomendaciones basadas en datos probatorios para orientar sus decisiones estrat\u00e9gicas y operativas.<\/p>\n<\/div><\/section><\/p><\/div><div class='av-flex-placeholder'><\/div>\n<style type=\"text\/css\" data-created_by=\"avia_inline_auto\" id=\"style-css-av-az0zgu-f1b22a09f857ff18b406e54faf856ae0\">\n.flex_column.av-az0zgu-f1b22a09f857ff18b406e54faf856ae0{\npadding:15px 15px 15px 15px;\nbackground-color:rgba(255,255,255,0.7);\n}\n<\/style>\n<div  class='flex_column av-az0zgu-f1b22a09f857ff18b406e54faf856ae0 av_one_third  avia-builder-el-13  el_after_av_one_third  el_before_av_one_third  flex_column_table_cell av-equal-height-column av-align-top  '     ><p>\n<style type=\"text\/css\" data-created_by=\"avia_inline_auto\" id=\"style-css-av-8xj0u6-2f83da83b66f7c89cadf278cced9e3b8\">\n#top .av-special-heading.av-8xj0u6-2f83da83b66f7c89cadf278cced9e3b8{\npadding-bottom:10px;\n}\nbody .av-special-heading.av-8xj0u6-2f83da83b66f7c89cadf278cced9e3b8 .av-special-heading-tag .heading-char{\nfont-size:25px;\n}\n.av-special-heading.av-8xj0u6-2f83da83b66f7c89cadf278cced9e3b8 .av-subheading{\nfont-size:15px;\n}\n<\/style>\n<div  class='av-special-heading av-8xj0u6-2f83da83b66f7c89cadf278cced9e3b8 av-special-heading-h3 blockquote modern-quote  avia-builder-el-14  el_before_av_textblock  avia-builder-el-first  acans-title-s'><h3 class='av-special-heading-tag '  itemprop=\"headline\"  >Innovaci\u00f3n e Investigaci\u00f3n<\/h3><div class=\"special-heading-border\"><div class=\"special-heading-inner-border\"><\/div><\/div><\/div><br \/>\n<section  class='av_textblock_section av-7udrta-51bb5873b46e62c442e229e5001ee0f5 '   itemscope=\"itemscope\" itemtype=\"https:\/\/schema.org\/CreativeWork\" ><div class='avia_textblock acans-text-body acans-panel-line'  itemprop=\"text\" ><p>El Comit\u00e9 podr\u00e1 contribuir a la elaboraci\u00f3n de nuevos enfoques, como la integraci\u00f3n de la inteligencia artificial, participar en la elaboraci\u00f3n de los distintos modelos de evaluaci\u00f3n de riesgos, as\u00ed como en la pol\u00edtica de nuestra oferta de productos, y aportar el beneficio de una visi\u00f3n externa de primer nivel.<\/p>\n<\/div><\/section><\/p><\/div><div class='av-flex-placeholder'><\/div>\n<style type=\"text\/css\" data-created_by=\"avia_inline_auto\" id=\"style-css-av-5ac5ou-d5d8e977db8157145c8f69c3c88dc60a\">\n.flex_column.av-5ac5ou-d5d8e977db8157145c8f69c3c88dc60a{\npadding:15px 15px 15px 15px;\nbackground-color:rgba(255,255,255,0.7);\n}\n<\/style>\n<div  class='flex_column av-5ac5ou-d5d8e977db8157145c8f69c3c88dc60a av_one_third  avia-builder-el-16  el_after_av_one_third  avia-builder-el-last  flex_column_table_cell av-equal-height-column av-align-top  '     ><p>\n<style type=\"text\/css\" data-created_by=\"avia_inline_auto\" id=\"style-css-av-4isfj2-6723bef1d2995e541aea88b46c11447b\">\n#top .av-special-heading.av-4isfj2-6723bef1d2995e541aea88b46c11447b{\npadding-bottom:10px;\n}\nbody .av-special-heading.av-4isfj2-6723bef1d2995e541aea88b46c11447b .av-special-heading-tag .heading-char{\nfont-size:25px;\n}\n.av-special-heading.av-4isfj2-6723bef1d2995e541aea88b46c11447b .av-subheading{\nfont-size:15px;\n}\n<\/style>\n<div  class='av-special-heading av-4isfj2-6723bef1d2995e541aea88b46c11447b av-special-heading-h3 blockquote modern-quote  avia-builder-el-17  el_before_av_textblock  avia-builder-el-first  acans-title-s'><h3 class='av-special-heading-tag '  itemprop=\"headline\"  >Cumplimiento y Regulaci\u00f3n<\/h3><div class=\"special-heading-border\"><div class=\"special-heading-inner-border\"><\/div><\/div><\/div><br \/>\n<section  class='av_textblock_section av-24z83y-36256a0f5d845846f192555ab106171b '   itemscope=\"itemscope\" itemtype=\"https:\/\/schema.org\/CreativeWork\" ><div class='avia_textblock acans-text-body acans-panel-line'  itemprop=\"text\" ><p>El Comit\u00e9 velar\u00e1 por que las pr\u00e1cticas respeten las normas regulatorias, al tiempo que propondr\u00e1 ajustes ante las evoluciones legales o econ\u00f3micas.<\/p>\n<\/div><\/section><\/p><\/div><\/div><!--close column table wrapper. Autoclose: 1 -->\n\n<\/div><\/div><\/div><!-- close content main div --><\/div><\/div><div id='av_section_4'  class='avia-section av-1q13gta-37304b94515138084f71327c766d2248 main_color avia-section-default avia-no-border-styling  avia-builder-el-19  el_after_av_section  el_before_av_section  avia-bg-style-scroll container_wrap sidebar_right'  ><div class='container av-section-cont-open' ><div class='template-page content  av-content-small alpha units'><div class='post-entry post-entry-type-page post-entry-4843'><div class='entry-content-wrapper clearfix'>\n<div  class='flex_column av-1buhh9q-9adead58dbe2d24aa9293bdc9e5e83e0 av_one_full  avia-builder-el-20  el_before_av_one_fifth  avia-builder-el-first  first flex_column_div  '     ><style type=\"text\/css\" data-created_by=\"avia_inline_auto\" id=\"style-css-av-mnlg7wx6-1ae9a4af2e3a2fa5a05edab148f778f2\">\n#top .av-special-heading.av-mnlg7wx6-1ae9a4af2e3a2fa5a05edab148f778f2{\nmargin:0px 0px 0px 0px;\npadding-bottom:10px;\n}\nbody .av-special-heading.av-mnlg7wx6-1ae9a4af2e3a2fa5a05edab148f778f2 .av-special-heading-tag .heading-char{\nfont-size:25px;\n}\n.av-special-heading.av-mnlg7wx6-1ae9a4af2e3a2fa5a05edab148f778f2 .av-subheading{\nfont-size:15px;\n}\n<\/style>\n<div  class='av-special-heading av-mnlg7wx6-1ae9a4af2e3a2fa5a05edab148f778f2 av-special-heading-h2 blockquote modern-quote  avia-builder-el-21  avia-builder-el-no-sibling  acans-title-m'><h2 class='av-special-heading-tag '  itemprop=\"headline\"  >Miembros del Comit\u00e9<\/h2><div class=\"special-heading-border\"><div class=\"special-heading-inner-border\"><\/div><\/div><\/div><\/div><div  class='flex_column av-huo0u-2b955fd56fb72e4018cc90e787dda594 av_one_fifth  avia-builder-el-22  el_after_av_one_full  el_before_av_four_fifth  first flex_column_div  column-top-margin'     ><section  class='avia-team-member av-mnlg6xdh-92525a4eb87068f5236c07d2b125e7cb  avia-builder-el-23  avia-builder-el-no-sibling '  itemscope=\"itemscope\" itemtype=\"https:\/\/schema.org\/Person\" ><div class=\"team-img-container\"><img decoding=\"async\" fetchpriority=\"high\" class='wp-image-4855 avia-img-lazy-loading-not-4855 avia_image avia_image_team' src=\"https:\/\/acans.com\/wp-content\/uploads\/2026\/04\/ACANS-Group-Portraits_4-2_NB-scaled.jpg\" alt=''  itemprop=\"image\"   height=\"2560\" width=\"1920\" srcset=\"https:\/\/acans.com\/wp-content\/uploads\/2026\/04\/ACANS-Group-Portraits_4-2_NB-scaled.jpg 1920w, https:\/\/acans.com\/wp-content\/uploads\/2026\/04\/ACANS-Group-Portraits_4-2_NB-225x300.jpg 225w, https:\/\/acans.com\/wp-content\/uploads\/2026\/04\/ACANS-Group-Portraits_4-2_NB-773x1030.jpg 773w, https:\/\/acans.com\/wp-content\/uploads\/2026\/04\/ACANS-Group-Portraits_4-2_NB-768x1024.jpg 768w, https:\/\/acans.com\/wp-content\/uploads\/2026\/04\/ACANS-Group-Portraits_4-2_NB-1152x1536.jpg 1152w, https:\/\/acans.com\/wp-content\/uploads\/2026\/04\/ACANS-Group-Portraits_4-2_NB-1536x2048.jpg 1536w, https:\/\/acans.com\/wp-content\/uploads\/2026\/04\/ACANS-Group-Portraits_4-2_NB-1125x1500.jpg 1125w, https:\/\/acans.com\/wp-content\/uploads\/2026\/04\/ACANS-Group-Portraits_4-2_NB-529x705.jpg 529w\" sizes=\"(max-width: 1920px) 100vw, 1920px\" \/><\/div><span class='hidden team-member-affiliation'  itemprop=\"affiliation\" >AEG - Acans Euro Group<\/span><\/section><\/div><div  class='flex_column av-18cafvy-f7042e8d0dbf9bb2706646f6027963f4 av_four_fifth  avia-builder-el-24  el_after_av_one_fifth  el_before_av_one_fifth  flex_column_div  column-top-margin'     ><section  class='av_textblock_section av-mnlh6762-0eff90cd0253306472e51d975e2af923 '   itemscope=\"itemscope\" itemtype=\"https:\/\/schema.org\/CreativeWork\" ><div class='avia_textblock'  itemprop=\"text\" ><blockquote>\n<p>Thilo Firchow<br \/>\n<em>Presidente del Comit\u00e9<\/em><\/p>\n<\/blockquote>\n<p>Thilo es un antiguo magistrado reciente, alto funcionario y profesor universitario asociado.<br \/>\nDesde 2019, Thilo es consultor en RSC y compliance, y experto de alto nivel en pol\u00edticas p\u00fablicas y RSC.<br \/>\nThilo es tambi\u00e9n encargado de misi\u00f3n y asesor especial del socio director de ACANS EURO GROUP<\/p>\n<\/div><\/section><\/div><div class='flex_column_table av-m2mpa-c320f7c9048305859a13a116f6b45cb0 sc-av_one_fifth av-equal-height-column-flextable'><div  class='flex_column av-m2mpa-c320f7c9048305859a13a116f6b45cb0 av_one_fifth  avia-builder-el-26  el_after_av_four_fifth  el_before_av_one_fifth  first flex_column_table_cell av-equal-height-column av-align-top  '     ><\/div><div class='av-flex-placeholder'><\/div><div  class='flex_column av-4a0acu-7dd48c87750f72275c114abdb87878a0 av_one_fifth  avia-builder-el-27  el_after_av_one_fifth  el_before_av_three_fifth  flex_column_table_cell av-equal-height-column av-align-top  '     ><section  class='avia-team-member av-14x3utq-0643e7bf66bec993e5d023f5e00c7257  avia-builder-el-28  avia-builder-el-no-sibling '  itemscope=\"itemscope\" itemtype=\"https:\/\/schema.org\/Person\" ><div class=\"team-img-container\"><img decoding=\"async\" fetchpriority=\"high\" class='wp-image-4856 avia-img-lazy-loading-not-4856 avia_image avia_image_team' src=\"https:\/\/acans.com\/wp-content\/uploads\/2026\/04\/Charles-Rene-Tande.png\" alt=''  itemprop=\"image\"   height=\"285\" width=\"254\" \/><\/div><span class='hidden team-member-affiliation'  itemprop=\"affiliation\" >AEG - Acans Euro Group<\/span><\/section><\/div><div class='av-flex-placeholder'><\/div><div  class='flex_column av-3vvgge-0be32ba98fd954f98c3001633893abf1 av_three_fifth  avia-builder-el-29  el_after_av_one_fifth  el_before_av_one_fifth  flex_column_table_cell av-equal-height-column av-align-top  '     ><section  class='av_textblock_section av-38g1su-9f5ae22046dc59581015639454024937 '   itemscope=\"itemscope\" itemtype=\"https:\/\/schema.org\/CreativeWork\" ><div class='avia_textblock'  itemprop=\"text\" ><blockquote>\n<p>Charles-Ren\u00e9 Tand\u00e9<br \/>\n<em>Miembro permanente<\/em><\/p>\n<\/blockquote>\n<p>Presidente de la CAVEC &#8211; Caja de Seguro de Vejez de los Expertos Contables<br \/>\nPresidente de honor del Consejo Nacional del Colegio de Expertos Contables<br \/>\nPresidente de honor del Instituto Franc\u00e9s de Expertos Contables<\/p>\n<\/div><\/section><\/div><\/div><!--close column table wrapper. Autoclose: 1 --><div class='flex_column_table av-2znwmm-b113485dce0877e838b95db07c00c722 sc-av_one_fifth av-equal-height-column-flextable'><div  class='flex_column av-2znwmm-b113485dce0877e838b95db07c00c722 av_one_fifth  avia-builder-el-31  el_after_av_three_fifth  el_before_av_one_fifth  first flex_column_table_cell av-equal-height-column av-align-top  '     ><\/div><div class='av-flex-placeholder'><\/div><div  class='flex_column av-2yv6oe-74451f4a4a2338edd7256054986f8008 av_one_fifth  avia-builder-el-32  el_after_av_one_fifth  el_before_av_three_fifth  flex_column_table_cell av-equal-height-column av-align-top  '     ><section  class='avia-team-member av-2rr1zy-38d4d76a190c42719a699d54636dffd7  avia-builder-el-33  avia-builder-el-no-sibling '  itemscope=\"itemscope\" itemtype=\"https:\/\/schema.org\/Person\" ><div class=\"team-img-container\"><img decoding=\"async\" fetchpriority=\"high\" class='wp-image-4858 avia-img-lazy-loading-not-4858 avia_image avia_image_team' src=\"https:\/\/acans.com\/wp-content\/uploads\/2026\/04\/Portrait-DH-BW.png\" alt=''  itemprop=\"image\"   height=\"285\" width=\"254\" \/><\/div><span class='hidden team-member-affiliation'  itemprop=\"affiliation\" >AEG - Acans Euro Group<\/span><\/section><\/div><div class='av-flex-placeholder'><\/div><div  class='flex_column av-9uq5j2-6ceaca1f698c0a8f0a3789ea4d258813 av_three_fifth  avia-builder-el-34  el_after_av_one_fifth  el_before_av_one_fifth  flex_column_table_cell av-equal-height-column av-align-top  '     ><section  class='av_textblock_section av-mnlis05y-80e00d77010455c45bb709dd6b9e2a78 '   itemscope=\"itemscope\" itemtype=\"https:\/\/schema.org\/CreativeWork\" ><div class='avia_textblock'  itemprop=\"text\" ><blockquote>\n<p>Me Dounia Harbouche<br \/>\n<em>Miembro permanente<\/em><\/p>\n<\/blockquote>\n<p>Abogada del Colegio de Abogados de Par\u00eds<br \/>\nDerecho patrimonial y de la intermediaci\u00f3n financiera<br \/>\n<a href=\"https:\/\/dhjuris.com\">https:\/\/dhjuris.com<\/a><\/p>\n<\/div><\/section><\/div><\/div><!--close column table wrapper. Autoclose: 1 --><div class='flex_column_table av-fw5vda-a34f0b2e9d8727ac0de85059a338280a sc-av_one_fifth av-equal-height-column-flextable'><div  class='flex_column av-fw5vda-a34f0b2e9d8727ac0de85059a338280a av_one_fifth  avia-builder-el-36  el_after_av_three_fifth  el_before_av_one_fifth  first flex_column_table_cell av-equal-height-column av-align-top  '     ><\/div><div class='av-flex-placeholder'><\/div><div  class='flex_column av-74kuge-33be70e7c64c2ee6d0ebcafb9e6456f1 av_one_fifth  avia-builder-el-37  el_after_av_one_fifth  el_before_av_three_fifth  flex_column_table_cell av-equal-height-column av-align-top  '     ><section  class='avia-team-member av-j7ja6-0cb3636ea4acdbaa0400473a444bb23a  avia-builder-el-38  avia-builder-el-no-sibling '  itemscope=\"itemscope\" itemtype=\"https:\/\/schema.org\/Person\" ><div class=\"team-img-container\"><img decoding=\"async\" fetchpriority=\"high\" class='wp-image-4860 avia-img-lazy-loading-not-4860 avia_image avia_image_team' src=\"https:\/\/acans.com\/wp-content\/uploads\/2026\/04\/bruno-mineo.jpg\" alt=''  itemprop=\"image\"   height=\"285\" width=\"254\" \/><\/div><span class='hidden team-member-affiliation'  itemprop=\"affiliation\" >AEG - Acans Euro Group<\/span><\/section><\/div><div class='av-flex-placeholder'><\/div><div  class='flex_column av-3t35ce-cb6d11f3473b6c02fd8c696de2b76292 av_three_fifth  avia-builder-el-39  el_after_av_one_fifth  el_before_av_hr  flex_column_table_cell av-equal-height-column av-align-top  '     ><section  class='av_textblock_section av-mnlivznl-7c9e4b07d705d8ce5bd1bd49eac9d9dd '   itemscope=\"itemscope\" itemtype=\"https:\/\/schema.org\/CreativeWork\" ><div class='avia_textblock'  itemprop=\"text\" ><blockquote>\n<p>Me Bruno Min\u00e9o<br \/>\n<em>Miembro permanente<\/em><\/p>\n<\/blockquote>\n<p>Notario<br \/>\nPresidente de Lexgroup<br \/>\n<a href=\"https:\/\/lexgroup.notaires.fr\">https:\/\/lexgroup.notaires.fr<\/a><\/p>\n<\/div><\/section><\/div><\/div><!--close column table wrapper. Autoclose: 1 -->\n<style type=\"text\/css\" data-created_by=\"avia_inline_auto\" id=\"style-css-av-4626m6-2cbd6c78c5cb5339aee51bf8390f6a7d\">\n#top .hr.hr-invisible.av-4626m6-2cbd6c78c5cb5339aee51bf8390f6a7d{\nheight:50px;\n}\n<\/style>\n<div  class='hr av-4626m6-2cbd6c78c5cb5339aee51bf8390f6a7d hr-invisible  avia-builder-el-41  el_after_av_three_fifth  avia-builder-el-last '><span class='hr-inner '><span class=\"hr-inner-style\"><\/span><\/span><\/div>\n<\/div><\/div><\/div><!-- close content main div --><\/div><\/div>\n<style type=\"text\/css\" data-created_by=\"avia_inline_auto\" id=\"style-css-av-37j98u-2bcc0da147b61380b605dedb496e7d6e\">\n.avia-section.av-37j98u-2bcc0da147b61380b605dedb496e7d6e{\nbackground-repeat:no-repeat;\nbackground-image:url(https:\/\/acans.com\/wp-content\/uploads\/2026\/04\/BG2-ACANS-COMITTEE.png);\nbackground-position:50% 100%;\nbackground-attachment:fixed;\n}\n<\/style>\n<div id='av_section_5'  class='avia-section av-37j98u-2bcc0da147b61380b605dedb496e7d6e main_color avia-section-default avia-no-border-styling  avia-builder-el-42  el_after_av_section  avia-builder-el-last  avia-bg-style-fixed container_wrap sidebar_right'  data-section-bg-repeat='no-repeat'><div class='container av-section-cont-open' ><div class='template-page content  av-content-small alpha units'><div class='post-entry post-entry-type-page post-entry-4843'><div class='entry-content-wrapper clearfix'><\/div><\/div><\/div><!-- close content main div --><\/div><\/div><div id='after_section_5'  class='main_color av_default_container_wrap container_wrap sidebar_right'  ><div class='container av-section-cont-open' ><div class='template-page content  av-content-small alpha units'><div class='post-entry post-entry-type-page post-entry-4843'><div class='entry-content-wrapper clearfix'><\/p>\n","protected":false},"excerpt":{"rendered":"","protected":false},"author":1,"featured_media":0,"parent":0,"menu_order":0,"comment_status":"closed","ping_status":"closed","template":"","meta":{"footnotes":""},"class_list":["post-4843","page","type-page","status-publish","hentry"],"_links":{"self":[{"href":"https:\/\/acans.com\/es\/wp-json\/wp\/v2\/pages\/4843","targetHints":{"allow":["GET"]}}],"collection":[{"href":"https:\/\/acans.com\/es\/wp-json\/wp\/v2\/pages"}],"about":[{"href":"https:\/\/acans.com\/es\/wp-json\/wp\/v2\/types\/page"}],"author":[{"embeddable":true,"href":"https:\/\/acans.com\/es\/wp-json\/wp\/v2\/users\/1"}],"replies":[{"embeddable":true,"href":"https:\/\/acans.com\/es\/wp-json\/wp\/v2\/comments?post=4843"}],"version-history":[{"count":0,"href":"https:\/\/acans.com\/es\/wp-json\/wp\/v2\/pages\/4843\/revisions"}],"wp:attachment":[{"href":"https:\/\/acans.com\/es\/wp-json\/wp\/v2\/media?parent=4843"}],"curies":[{"name":"wp","href":"https:\/\/api.w.org\/{rel}","templated":true}]}}