{"id":4766,"date":"2026-04-06T19:13:12","date_gmt":"2026-04-06T17:13:12","guid":{"rendered":"https:\/\/acans.com\/ofertas\/"},"modified":"2026-04-12T17:48:02","modified_gmt":"2026-04-12T15:48:02","slug":"ofertas","status":"publish","type":"page","link":"https:\/\/acans.com\/es\/ofertas\/","title":{"rendered":"OFERTAS"},"content":{"rendered":"\n<style type=\"text\/css\" data-created_by=\"avia_inline_auto\" id=\"style-css-av-1y2nupr-52e21915e5c04c4774b9cb66a87f2682\">\n.avia-section.av-1y2nupr-52e21915e5c04c4774b9cb66a87f2682{\nbackground-repeat:no-repeat;\nbackground-image:url(https:\/\/acans.com\/wp-content\/uploads\/2026\/04\/BG-FINAL-OFFRES.png);\nbackground-position:100% 0%;\nbackground-attachment:fixed;\n}\n<\/style>\n<div id='av_section_1'  class='avia-section av-1y2nupr-52e21915e5c04c4774b9cb66a87f2682 main_color avia-section-default avia-no-border-styling  avia-builder-el-0  el_before_av_section  avia-builder-el-first  acans-hero avia-full-stretch avia-bg-style-fixed av-minimum-height av-minimum-height-custom av-height-custom  container_wrap sidebar_right'  data-section-bg-repeat='stretch' data-av_minimum_height_px='400'><div class='container av-section-cont-open' style='height:400px'><main  role=\"main\" itemprop=\"mainContentOfPage\"  class='template-page content  av-content-small alpha units'><div class='post-entry post-entry-type-page post-entry-4766'><div class='entry-content-wrapper clearfix'>\n<div class='flex_column_table av-1w9vw3j-3f109903c79ea6aef392c90edb84308b sc-av_three_fourth av-equal-height-column-flextable'><div  class='flex_column av-1w9vw3j-3f109903c79ea6aef392c90edb84308b av_three_fourth  avia-builder-el-1  el_before_av_one_fourth  avia-builder-el-first  first flex_column_table_cell av-equal-height-column av-align-top  '     ><p>\n<style type=\"text\/css\" data-created_by=\"avia_inline_auto\" id=\"style-css-av-1vs98vj-ad91173cd224198587a4d22eee2f5102\">\n#top .av-special-heading.av-1vs98vj-ad91173cd224198587a4d22eee2f5102{\npadding-bottom:10px;\n}\nbody .av-special-heading.av-1vs98vj-ad91173cd224198587a4d22eee2f5102 .av-special-heading-tag .heading-char{\nfont-size:25px;\n}\n.av-special-heading.av-1vs98vj-ad91173cd224198587a4d22eee2f5102 .av-subheading{\nfont-size:15px;\n}\n<\/style>\n<div  class='av-special-heading av-1vs98vj-ad91173cd224198587a4d22eee2f5102 av-special-heading-h3 blockquote modern-quote  avia-builder-el-2  el_before_av_textblock  avia-builder-el-first  acans-title-xl'><h3 class='av-special-heading-tag '  itemprop=\"headline\"  >Nuestras ofertas<\/h3><div class=\"special-heading-border\"><div class=\"special-heading-inner-border\"><\/div><\/div><\/div><br \/>\n<section  class='av_textblock_section av-1tgqk4v-b99a1bdc73c03f82455a829e7c06fb88 '   itemscope=\"itemscope\" itemtype=\"https:\/\/schema.org\/CreativeWork\" ><div class='avia_textblock acans-kicker'  itemprop=\"text\" ><p class=\"p1\">Soluciones dise\u00f1adas para desarrollar la actividad sin sacrificar el marco<\/p>\n<\/div><\/section><br \/>\n\n<style type=\"text\/css\" data-created_by=\"avia_inline_auto\" id=\"style-css-av-69fg7j-553d70c5c5ef43ae0a76421edcad4c65\">\n#top .hr.hr-invisible.av-69fg7j-553d70c5c5ef43ae0a76421edcad4c65{\nheight:50px;\n}\n<\/style>\n<div  class='hr av-69fg7j-553d70c5c5ef43ae0a76421edcad4c65 hr-invisible  avia-builder-el-4  el_after_av_textblock  el_before_av_buttonrow '><span class='hr-inner '><span class=\"hr-inner-style\"><\/span><\/span><\/div><br \/>\n<div  class='avia-buttonrow-wrap av-1p2jgzj-9805f2d6c78484b06f27f7c2b2ee587e avia-buttonrow-left  avia-builder-el-5  el_after_av_hr  avia-builder-el-last '>\n\n<style type=\"text\/css\" data-created_by=\"avia_inline_auto\" id=\"style-css-av-1ma3uy7-a2784f95b0fbb764dc25a0865175a2ad\">\n#top #wrap_all .avia-button.av-1ma3uy7-a2784f95b0fbb764dc25a0865175a2ad{\nmargin-bottom:5px;\nmargin-right:5px;\n}\n<\/style>\n<a href='https:\/\/acans.com\/es\/contacto\/'  class='avia-button av-1ma3uy7-a2784f95b0fbb764dc25a0865175a2ad avia-icon_select-no avia-size-small avia-color-theme-color'   aria-label=\"Convertirse en socio\"><span class='avia_iconbox_title' >Convertirse en socio<\/span><\/a>\n\n<style type=\"text\/css\" data-created_by=\"avia_inline_auto\" id=\"style-css-av-1lf18vz-5c1fe80ae02e1b895e2c27bffcbe1ee4\">\n#top #wrap_all .avia-button.av-1lf18vz-5c1fe80ae02e1b895e2c27bffcbe1ee4{\nmargin-bottom:5px;\nmargin-right:5px;\n}\n<\/style>\n<a href='https:\/\/acans.com\/es\/contacto\/'  class='avia-button av-1lf18vz-5c1fe80ae02e1b895e2c27bffcbe1ee4 avia-icon_select-no avia-size-small avia-color-theme-color'   aria-label=\"Acceder a nuestras ofertas\"><span class='avia_iconbox_title' >Acceder a nuestras ofertas<\/span><\/a>\n<\/div><\/p><\/div><div class='av-flex-placeholder'><\/div>\n<style type=\"text\/css\" data-created_by=\"avia_inline_auto\" id=\"style-css-av-1isyz0v-9f071677ad989fc03bf60ef7afce27f4\">\n.flex_column.av-1isyz0v-9f071677ad989fc03bf60ef7afce27f4{\npadding:0px 0px 0px 0px;\n}\n<\/style>\n<div  class='flex_column av-1isyz0v-9f071677ad989fc03bf60ef7afce27f4 av_one_fourth  avia-builder-el-6  el_after_av_three_fourth  avia-builder-el-last  flex_column_table_cell av-equal-height-column av-align-top av-zero-column-padding  '     ><\/div><\/div><!--close column table wrapper. Autoclose: 1 -->\n\n<\/div><\/div><\/main><!-- close content main element --><\/div><\/div><div id='av_section_2'  class='avia-section av-1dyq94f-380d97262b787cbbbfffc07a5f7f9c3c main_color avia-section-no-padding avia-no-border-styling  avia-builder-el-7  el_after_av_section  el_before_av_section  acans-section acans-surface-white avia-bg-style-scroll container_wrap sidebar_right'  ><div class='container av-section-cont-open' ><div class='template-page content  av-content-small alpha units'><div class='post-entry post-entry-type-page post-entry-4766'><div class='entry-content-wrapper clearfix'>\n<div  class='flex_column av-1cgxybz-c6ca1f44af00f72234382dfc07337594 av_three_fourth  avia-builder-el-8  el_before_av_one_fourth  avia-builder-el-first  first flex_column_div  '     ><section  class='av_textblock_section av-196jwov-c3941994e241d28a0254d9cf2c050e4a '   itemscope=\"itemscope\" itemtype=\"https:\/\/schema.org\/CreativeWork\" ><div class='avia_textblock acans-lead acans-lead-wide'  itemprop=\"text\" ><p class=\"p1\">ACANS EURO GROUP pone a disposici\u00f3n de los profesionales del patrimonio y de los socios institucionales una infraestructura pensada para conciliar desarrollo, altos est\u00e1ndares operativos y dominio del marco regulatorio.<\/p>\n<p class=\"p1\">Nuestro posicionamiento se basa en una convicci\u00f3n sencilla: una oferta solo tiene un valor sostenible si puede distribuirse, documentarse, seguirse y asumirse en el tiempo.<\/p>\n<p class=\"p1\">Es con esta l\u00f3gica que el Grupo ha estructurado dos ofertas distintas y complementarias, cada una dise\u00f1ada seg\u00fan el perfil, las expectativas y el nivel de altos est\u00e1ndares de sus destinatarios.<\/p>\n<\/div><\/section><\/div>\n<style type=\"text\/css\" data-created_by=\"avia_inline_auto\" id=\"style-css-av-1uofgv-b24ec66f948a6d190c3ffe04e213b3f0\">\n.flex_column.av-1uofgv-b24ec66f948a6d190c3ffe04e213b3f0{\npadding:0px 0px 0px 0px;\n}\n<\/style>\n<div  class='flex_column av-1uofgv-b24ec66f948a6d190c3ffe04e213b3f0 av_one_fourth  avia-builder-el-10  el_after_av_three_fourth  avia-builder-el-last  flex_column_div av-zero-column-padding  '     ><p>\n<style type=\"text\/css\" data-created_by=\"avia_inline_auto\" id=\"style-css-av-1hsqqv3-a24d2dd73450dd7e78cf143df570d26a\">\n.avia-image-container.av-1hsqqv3-a24d2dd73450dd7e78cf143df570d26a img.avia_image{\nbox-shadow:none;\n}\n.avia-image-container.av-1hsqqv3-a24d2dd73450dd7e78cf143df570d26a .av-image-caption-overlay-center{\ncolor:#ffffff;\n}\n<\/style>\n<div  class='avia-image-container av-1hsqqv3-a24d2dd73450dd7e78cf143df570d26a av-styling- avia-align-center  avia-builder-el-11  el_before_av_textblock  avia-builder-el-first '   itemprop=\"image\" itemscope=\"itemscope\" itemtype=\"https:\/\/schema.org\/ImageObject\" ><div class=\"avia-image-container-inner\"><div class=\"avia-image-overlay-wrap\"><img decoding=\"async\" fetchpriority=\"high\" class='wp-image-4767 avia-img-lazy-loading-not-4767 avia_image ' src=\"https:\/\/acans.com\/wp-content\/uploads\/2026\/03\/ACANS-Group-Portraits_8-2_NB-495x400.jpg\" alt='' title='ACANS Group - Mickael ROLLAND'  height=\"400\" width=\"495\"  itemprop=\"thumbnailUrl\" srcset=\"https:\/\/acans.com\/wp-content\/uploads\/2026\/03\/ACANS-Group-Portraits_8-2_NB-495x400.jpg 495w, https:\/\/acans.com\/wp-content\/uploads\/2026\/03\/ACANS-Group-Portraits_8-2_NB-845x684.jpg 845w\" sizes=\"(max-width: 495px) 100vw, 495px\" \/><\/div><\/div><\/div><br \/>\n\n<style type=\"text\/css\" data-created_by=\"avia_inline_auto\" id=\"style-css-av-1goyznj-67d5d52fe35d8f72dcae16bc3b850d2e\">\n.av_textblock_section.av-1goyznj-67d5d52fe35d8f72dcae16bc3b850d2e{\nbackground-color:rgba(255,255,255,0.5);\n}\n#top .av_textblock_section.av-1goyznj-67d5d52fe35d8f72dcae16bc3b850d2e .avia_textblock{\npadding:0PX 0PX 0PX 0PX;\n}\n<\/style>\n<section  class='av_textblock_section av-1goyznj-67d5d52fe35d8f72dcae16bc3b850d2e '   itemscope=\"itemscope\" itemtype=\"https:\/\/schema.org\/CreativeWork\" ><div class='avia_textblock'  itemprop=\"text\" ><blockquote>\n<p>Micka\u00ebl ROLLAND<br \/>\nACANS FRANCE, <em>Presidente<\/em><\/p>\n<\/blockquote>\n<\/div><\/section><\/p><\/div>\n\n<\/div><\/div><\/div><!-- close content main div --><\/div><\/div><div id='av_section_3'  class='avia-section av-2mv38v-b17359b7e583423b3b79b3fd025fcb28 main_color avia-section-no-padding avia-no-border-styling  avia-builder-el-13  el_after_av_section  el_before_av_section  avia-bg-style-scroll container_wrap sidebar_right'  ><div class='container av-section-cont-open' ><div class='template-page content  av-content-small alpha units'><div class='post-entry post-entry-type-page post-entry-4766'><div class='entry-content-wrapper clearfix'>\n\n<style type=\"text\/css\" data-created_by=\"avia_inline_auto\" id=\"style-css-av-mnngmmjh-08854a9f9bc574910fb5458656a908f6\">\n#top .av-special-heading.av-mnngmmjh-08854a9f9bc574910fb5458656a908f6{\npadding-bottom:10px;\n}\nbody .av-special-heading.av-mnngmmjh-08854a9f9bc574910fb5458656a908f6 .av-special-heading-tag .heading-char{\nfont-size:25px;\n}\n.av-special-heading.av-mnngmmjh-08854a9f9bc574910fb5458656a908f6 .av-subheading{\nfont-size:15px;\n}\n<\/style>\n<div  class='av-special-heading av-mnngmmjh-08854a9f9bc574910fb5458656a908f6 av-special-heading-h2 blockquote modern-quote  avia-builder-el-14  el_before_av_one_half  avia-builder-el-first '><h2 class='av-special-heading-tag '  itemprop=\"headline\"  >Dos ofertas, dos puntos de entrada<\/h2><div class=\"special-heading-border\"><div class=\"special-heading-inner-border\"><\/div><\/div><\/div>\n<div  class='flex_column av-17jpuov-3fab77c9ff16df48078c3607c2f82c0a av_one_half  avia-builder-el-15  el_after_av_heading  el_before_av_one_half  acans-panel-line first flex_column_div  '     ><section  class='av_textblock_section av-14a08of-ecdf649d3e5bda1d32742cdb34692624 '   itemscope=\"itemscope\" itemtype=\"https:\/\/schema.org\/CreativeWork\" ><div class='avia_textblock'  itemprop=\"text\" ><p><code><\/code><\/p>\n<p><code><\/code><\/p>\n<h3>Para los profesionales del asesoramiento<\/h3>\n<p><code><\/code><\/p>\n<div class=\"aeg-pillar-subtitle\">\n<blockquote>\n<p>Una infraestructura completa para estructurar la actividad, reforzar el cumplimiento y acceder a las soluciones del Grupo.<\/p>\n<\/blockquote>\n<\/div>\n<p><code><\/code><\/p>\n<div class=\"aeg-pillar-line\"><\/div>\n<p><code><\/code><\/p>\n<p>CGP, CIF, corredores: ponemos a su disposici\u00f3n un marco de trabajo m\u00e1s robusto, accesos cualificados y un acompa\u00f1amiento estructurante, con el fin de apoyar su desarrollo sin sobrecargar innecesariamente su organizaci\u00f3n.<\/p>\n<p><code><\/code><\/p>\n<p><a href=\"https:\/\/acans.com\/offres\/professionnels-du-conseil\/\">Explorar la oferta profesionales del asesoramiento<\/a><\/p>\n<p><code><br \/>\n<\/code><\/p>\n<p><code><\/code><\/p>\n<\/div><\/section><\/div><div  class='flex_column av-13hjxof-b37dcb54bb56ebd34b079536249197e2 av_one_half  avia-builder-el-17  el_after_av_one_half  avia-builder-el-last  acans-panel-line flex_column_div  '     ><section  class='av_textblock_section av-z5sxtr-66d552de0666588a183e6614d16b1c90 '   itemscope=\"itemscope\" itemtype=\"https:\/\/schema.org\/CreativeWork\" ><div class='avia_textblock'  itemprop=\"text\" ><p><code><\/code><\/p>\n<p><code><\/code><\/p>\n<h3>Para los socios institucionales<\/h3>\n<p><code><\/code><\/p>\n<div class=\"aeg-pillar-subtitle\">\n<blockquote>\n<p>Una interfaz estructurada hacia una red de profesionales seleccionados y acompa\u00f1ados.<\/p>\n<\/blockquote>\n<\/div>\n<p><code><\/code><\/p>\n<div class=\"aeg-pillar-line\"><\/div>\n<p><code><\/code><\/p>\n<p>Promotores, inversores, operadores, aseguradoras: le abrimos un acceso cualificado a un ecosistema de distribuci\u00f3n estructurado, en un marco documentado, legible y compatible con sus altos est\u00e1ndares de despliegue.<\/p>\n<p><code><\/code><\/p>\n<p><a href=\"https:\/\/acans.com\/es\/ofertas\/socios-institucionales\/\">Explorar la oferta socios institucionales<\/a><\/p>\n<p><code><br \/>\n<\/code><\/p>\n<p><code><\/code><\/p>\n<\/div><\/section><\/div>\n\n<\/div><\/div><\/div><!-- close content main div --><\/div><\/div>\n<style type=\"text\/css\" data-created_by=\"avia_inline_auto\" id=\"style-css-av-ejirdb-da5ac7470aff3dd673b26d7815f12e19\">\n.avia-section.av-ejirdb-da5ac7470aff3dd673b26d7815f12e19{\nbackground-repeat:no-repeat;\nbackground-image:url(https:\/\/acans.com\/wp-content\/uploads\/2026\/04\/BG-FINAL-OFFRES.png);\nbackground-position:100% 100%;\nbackground-attachment:fixed;\n}\n<\/style>\n<div id='av_section_4'  class='avia-section av-ejirdb-da5ac7470aff3dd673b26d7815f12e19 main_color avia-section-no-padding avia-no-border-styling  avia-builder-el-19  el_after_av_section  avia-builder-el-last  avia-full-stretch avia-bg-style-fixed container_wrap sidebar_right'  data-section-bg-repeat='stretch'><div class='container av-section-cont-open' ><div class='template-page content  av-content-small alpha units'><div class='post-entry post-entry-type-page post-entry-4766'><div class='entry-content-wrapper clearfix'>\n\n<style type=\"text\/css\" data-created_by=\"avia_inline_auto\" id=\"style-css-av-alsb3j-1f98b5cf79593b111c15741d9cda837a\">\n#top .av-special-heading.av-alsb3j-1f98b5cf79593b111c15741d9cda837a{\nmargin:20px 0 0 0;\npadding-bottom:10px;\n}\nbody .av-special-heading.av-alsb3j-1f98b5cf79593b111c15741d9cda837a .av-special-heading-tag .heading-char{\nfont-size:25px;\n}\n.av-special-heading.av-alsb3j-1f98b5cf79593b111c15741d9cda837a .av-subheading{\nfont-size:15px;\n}\n<\/style>\n<div  class='av-special-heading av-alsb3j-1f98b5cf79593b111c15741d9cda837a av-special-heading-h2 blockquote modern-quote  avia-builder-el-20  el_before_av_textblock  avia-builder-el-first '><h2 class='av-special-heading-tag '  itemprop=\"headline\"  >Los mismos altos est\u00e1ndares, sea cual sea el punto de entrada<\/h2><div class=\"special-heading-border\"><div class=\"special-heading-inner-border\"><\/div><\/div><\/div>\n<section  class='av_textblock_section av-8u3kin-aeb9232e8837129ed39da6dbac12c603 '   itemscope=\"itemscope\" itemtype=\"https:\/\/schema.org\/CreativeWork\" ><div class='avia_textblock acans-lead'  itemprop=\"text\" ><p class=\"p1\">Ya se trate de acompa\u00f1ar a un profesional del asesoramiento en la estructuraci\u00f3n de su actividad o de abrir a un socio institucional un acceso cualificado a nuestro ecosistema, ACANS EURO GROUP interviene con el mismo nivel de altos est\u00e1ndares: selecci\u00f3n, trazabilidad, cumplimiento y calidad de ejecuci\u00f3n.<\/p>\n<\/div><\/section>\n<div  class='avia-buttonrow-wrap av-7k2rgf-89fc42e829abd9969c34d729675c5f66 avia-buttonrow-left  avia-builder-el-22  el_after_av_textblock  el_before_av_hr '>\n\n<style type=\"text\/css\" data-created_by=\"avia_inline_auto\" id=\"style-css-av-5rwg5r-88ef4a65c1943656e71bfdc2f2b46af2\">\n#top #wrap_all .avia-button.av-5rwg5r-88ef4a65c1943656e71bfdc2f2b46af2{\nmargin-bottom:5px;\nmargin-right:5px;\n}\n<\/style>\n<a href='https:\/\/acans.com\/es\/contacto\/'  class='avia-button av-5rwg5r-88ef4a65c1943656e71bfdc2f2b46af2 avia-icon_select-no avia-size-small avia-color-theme-color'   aria-label=\"Convertirse en socio\"><span class='avia_iconbox_title' >Convertirse en socio<\/span><\/a>\n\n<style type=\"text\/css\" data-created_by=\"avia_inline_auto\" id=\"style-css-av-40sxgv-ca4c39923b2139ab78c4e6dadb3dd920\">\n#top #wrap_all .avia-button.av-40sxgv-ca4c39923b2139ab78c4e6dadb3dd920{\nmargin-bottom:5px;\nmargin-right:5px;\n}\n<\/style>\n<a href='https:\/\/acans.com\/filiales\/'  class='avia-button av-40sxgv-ca4c39923b2139ab78c4e6dadb3dd920 avia-icon_select-no avia-size-small avia-color-theme-color'   aria-label=\"Otras filiales\"><span class='avia_iconbox_title' >Otras filiales<\/span><\/a>\n<\/div>\n\n<style type=\"text\/css\" data-created_by=\"avia_inline_auto\" id=\"style-css-av-32xkv3-90c3a9b76165e2910fea450cf5809842\">\n#top .hr.hr-invisible.av-32xkv3-90c3a9b76165e2910fea450cf5809842{\nheight:50px;\n}\n<\/style>\n<div  class='hr av-32xkv3-90c3a9b76165e2910fea450cf5809842 hr-invisible  avia-builder-el-23  el_after_av_buttonrow  avia-builder-el-last '><span class='hr-inner '><span class=\"hr-inner-style\"><\/span><\/span><\/div>\n<\/div><\/div><\/div><!-- close content main div --><\/div><\/div><div id='after_section_4'  class='main_color av_default_container_wrap container_wrap sidebar_right'  ><div class='container av-section-cont-open' ><div class='template-page content  av-content-small alpha units'><div class='post-entry post-entry-type-page post-entry-4766'><div class='entry-content-wrapper clearfix'>\n","protected":false},"excerpt":{"rendered":"","protected":false},"author":1,"featured_media":0,"parent":0,"menu_order":0,"comment_status":"closed","ping_status":"closed","template":"","meta":{"footnotes":""},"class_list":["post-4766","page","type-page","status-publish","hentry"],"_links":{"self":[{"href":"https:\/\/acans.com\/es\/wp-json\/wp\/v2\/pages\/4766","targetHints":{"allow":["GET"]}}],"collection":[{"href":"https:\/\/acans.com\/es\/wp-json\/wp\/v2\/pages"}],"about":[{"href":"https:\/\/acans.com\/es\/wp-json\/wp\/v2\/types\/page"}],"author":[{"embeddable":true,"href":"https:\/\/acans.com\/es\/wp-json\/wp\/v2\/users\/1"}],"replies":[{"embeddable":true,"href":"https:\/\/acans.com\/es\/wp-json\/wp\/v2\/comments?post=4766"}],"version-history":[{"count":0,"href":"https:\/\/acans.com\/es\/wp-json\/wp\/v2\/pages\/4766\/revisions"}],"wp:attachment":[{"href":"https:\/\/acans.com\/es\/wp-json\/wp\/v2\/media?parent=4766"}],"curies":[{"name":"wp","href":"https:\/\/api.w.org\/{rel}","templated":true}]}}