{"id":4755,"date":"2026-04-06T19:37:32","date_gmt":"2026-04-06T17:37:32","guid":{"rendered":"https:\/\/acans.com\/socios-institucionales\/"},"modified":"2026-04-12T17:47:59","modified_gmt":"2026-04-12T15:47:59","slug":"socios-institucionales","status":"publish","type":"page","link":"https:\/\/acans.com\/es\/ofertas\/socios-institucionales\/","title":{"rendered":"socios institucionales"},"content":{"rendered":"\n<style type=\"text\/css\" data-created_by=\"avia_inline_auto\" id=\"style-css-av-h7148s-13e0416bc2e61b710e6a108906901fe4\">\n.avia-section.av-h7148s-13e0416bc2e61b710e6a108906901fe4{\nbackground-repeat:no-repeat;\nbackground-image:url(https:\/\/acans.com\/wp-content\/uploads\/2026\/04\/BG-FINAL-OFFRES.png);\nbackground-position:100% 0%;\nbackground-attachment:fixed;\n}\n<\/style>\n<div id='av_section_1'  class='avia-section av-h7148s-13e0416bc2e61b710e6a108906901fe4 main_color avia-section-default avia-no-border-styling  avia-builder-el-0  el_before_av_section  avia-builder-el-first  aeg-hero avia-full-stretch avia-bg-style-fixed av-minimum-height av-minimum-height-custom av-height-custom  container_wrap sidebar_right'  data-section-bg-repeat='stretch' data-av_minimum_height_px='700'><div class='container av-section-cont-open' style='height:700px'><main  role=\"main\" itemprop=\"mainContentOfPage\"  class='template-page content  av-content-small alpha units'><div class='post-entry post-entry-type-page post-entry-4755'><div class='entry-content-wrapper clearfix'>\n<div  class='flex_column av-f8kw8c-fe7c1ddd4a28ccd32f8b578f2901ae6d av_three_fifth  avia-builder-el-1  el_before_av_two_fifth  avia-builder-el-first  first flex_column_div  '     ><p>\n<style type=\"text\/css\" data-created_by=\"avia_inline_auto\" id=\"style-css-av-mnnhmu90-648450499e5c89f09d1b5e8224aab0b1\">\n#top .av-special-heading.av-mnnhmu90-648450499e5c89f09d1b5e8224aab0b1{\npadding-bottom:10px;\n}\nbody .av-special-heading.av-mnnhmu90-648450499e5c89f09d1b5e8224aab0b1 .av-special-heading-tag .heading-char{\nfont-size:25px;\n}\n.av-special-heading.av-mnnhmu90-648450499e5c89f09d1b5e8224aab0b1 .av-subheading{\nfont-size:15px;\n}\n<\/style>\n<div  class='av-special-heading av-mnnhmu90-648450499e5c89f09d1b5e8224aab0b1 av-special-heading-h2 blockquote modern-quote  avia-builder-el-2  el_before_av_textblock  avia-builder-el-first  acans-title-hero'><h2 class='av-special-heading-tag '  itemprop=\"headline\"  >Socios institucionales<\/h2><div class=\"special-heading-border\"><div class=\"special-heading-inner-border\"><\/div><\/div><\/div><br \/>\n<section  class='av_textblock_section av-mnnhnbe8-6905c4a28ba9d629f2db268fb01356ef '   itemscope=\"itemscope\" itemtype=\"https:\/\/schema.org\/CreativeWork\" ><div class='avia_textblock acans-kicker'  itemprop=\"text\" ><p class=\"p1\">Un socio estrat\u00e9gico para sus ambiciones institucionales<\/p>\n<\/div><\/section><br \/>\n<section  class='av_textblock_section av-mnnkqtto-216c8bd9ef267393beae424788a6d403 '   itemscope=\"itemscope\" itemtype=\"https:\/\/schema.org\/CreativeWork\" ><div class='avia_textblock'  itemprop=\"text\" ><p>Sus soluciones solo tienen valor si son respaldadas por profesionales capaces de comprenderlas, presentarlas correctamente y documentar su distribuci\u00f3n.<\/p>\n<\/div><\/section><\/p><\/div><div  class='flex_column av-4ymws-b698ea60a6b8812c1bd83e9dcc221631 av_two_fifth  avia-builder-el-5  el_after_av_three_fifth  avia-builder-el-last  flex_column_div  '     ><\/div><\/div><\/div><\/main><!-- close content main element --><\/div><\/div><div id='av_section_2'  class='avia-section av-cwzf6k-c36d92fb322bea0c2b2290f7fbd4c895 main_color avia-section-default avia-no-border-styling  avia-builder-el-6  el_after_av_section  el_before_av_section  avia-bg-style-scroll container_wrap sidebar_right'  ><div class='container av-section-cont-open' ><div class='template-page content  av-content-small alpha units'><div class='post-entry post-entry-type-page post-entry-4755'><div class='entry-content-wrapper clearfix'>\n<section  class='av_textblock_section av-mnnho8dr-59aa79cf61d94034d15f72603c0683e7 '   itemscope=\"itemscope\" itemtype=\"https:\/\/schema.org\/CreativeWork\" ><div class='avia_textblock'  itemprop=\"text\" ><p class=\"p1\">As\u00ed es como ACANS EURO GROUP construye su relaci\u00f3n con los actores institucionales. Nuestro papel es constituir una interfaz estructurada entre sus ambiciones de desarrollo y una red de profesionales del patrimonio seleccionados, con acompa\u00f1amiento y enmarcados en un contexto de legibilidad. <\/p>\n<blockquote>\n<p class=\"p1\">La oferta institucional del grupo se dirige a promotores, inversores, aseguradoras y operadores que deseen establecer alianzas de distribuci\u00f3n en un medio ambiente riguroso, documentado y sostenible.<\/p>\n<\/blockquote>\n<\/div><\/section>\n<\/p>\n<\/div><\/div><\/div><!-- close content main div --><\/div><\/div>\n<style type=\"text\/css\" data-created_by=\"avia_inline_auto\" id=\"style-css-av-1195rvg-76fbbabbbe4d203a8871b2ef60bb527f\">\n.avia-section.av-1195rvg-76fbbabbbe4d203a8871b2ef60bb527f{\nbackground-repeat:no-repeat;\nbackground-image:url(https:\/\/acans.com\/wp-content\/uploads\/2026\/04\/BG-FINAL-OFFRES.png);\nbackground-position:50% 50%;\nbackground-attachment:fixed;\n}\n<\/style>\n<div id='av_section_3'  class='avia-section av-1195rvg-76fbbabbbe4d203a8871b2ef60bb527f main_color avia-section-default avia-no-border-styling  avia-builder-el-8  el_after_av_section  el_before_av_section  avia-full-stretch avia-bg-style-fixed container_wrap sidebar_right'  data-section-bg-repeat='stretch'><div class='container av-section-cont-open' ><div class='template-page content  av-content-small alpha units'><div class='post-entry post-entry-type-page post-entry-4755'><div class='entry-content-wrapper clearfix'>\n\n<style type=\"text\/css\" data-created_by=\"avia_inline_auto\" id=\"style-css-av-mnnrho53-8cb1c23edc1155fd8b5837f8ae1c5f7b\">\n#top .av-special-heading.av-mnnrho53-8cb1c23edc1155fd8b5837f8ae1c5f7b{\npadding-bottom:10px;\n}\nbody .av-special-heading.av-mnnrho53-8cb1c23edc1155fd8b5837f8ae1c5f7b .av-special-heading-tag .heading-char{\nfont-size:25px;\n}\n.av-special-heading.av-mnnrho53-8cb1c23edc1155fd8b5837f8ae1c5f7b .av-subheading{\nfont-size:15px;\n}\n<\/style>\n<div  class='av-special-heading av-mnnrho53-8cb1c23edc1155fd8b5837f8ae1c5f7b av-special-heading-h2 blockquote modern-quote  avia-builder-el-9  el_before_av_one_fourth  avia-builder-el-first  aeg-section-title'><h2 class='av-special-heading-tag '  itemprop=\"headline\"  >Lo que representamos para usted<\/h2><div class=\"special-heading-border\"><div class=\"special-heading-inner-border\"><\/div><\/div><\/div>\n<div class='flex_column_table av-109yub0-d1e55733206284a0bc80991185e6569e sc-av_one_fourth av-equal-height-column-flextable'>\n<style type=\"text\/css\" data-created_by=\"avia_inline_auto\" id=\"style-css-av-109yub0-d1e55733206284a0bc80991185e6569e\">\n.flex_column.av-109yub0-d1e55733206284a0bc80991185e6569e{\nwidth:22%;\nmargin-left:0;\npadding:15px 15px 15px 15px;\nbackground-color:rgba(255,255,255,0.7);\n}\n#top .flex_column_table.av-equal-height-column-flextable.av-109yub0-d1e55733206284a0bc80991185e6569e .av-flex-placeholder{\nwidth:4%;\n}\n<\/style>\n<div  class='flex_column av-109yub0-d1e55733206284a0bc80991185e6569e av_one_fourth  avia-builder-el-10  el_after_av_heading  el_before_av_one_fourth  first flex_column_table_cell av-equal-height-column av-align-top av-animated-generic fade-in  '     ><p>\n<style type=\"text\/css\" data-created_by=\"avia_inline_auto\" id=\"style-css-av-mnnrkazf-1007e29e99f7f5fec7f3afc4f4286f79\">\n#top .av-special-heading.av-mnnrkazf-1007e29e99f7f5fec7f3afc4f4286f79{\nmargin:0px 0 0 0;\npadding-bottom:10px;\n}\nbody .av-special-heading.av-mnnrkazf-1007e29e99f7f5fec7f3afc4f4286f79 .av-special-heading-tag .heading-char{\nfont-size:25px;\n}\n.av-special-heading.av-mnnrkazf-1007e29e99f7f5fec7f3afc4f4286f79 .av-subheading{\nfont-size:15px;\n}\n<\/style>\n<div  class='av-special-heading av-mnnrkazf-1007e29e99f7f5fec7f3afc4f4286f79 av-special-heading-h3 blockquote modern-quote  avia-builder-el-11  el_before_av_textblock  avia-builder-el-first  acans-title-s'><h3 class='av-special-heading-tag '  itemprop=\"headline\"  >Acceso cualificado<\/h3><div class=\"special-heading-border\"><div class=\"special-heading-inner-border\"><\/div><\/div><\/div><br \/>\n<section  class='av_textblock_section av-mnnrjli4-e166bc1c42a63b90c97e7f68e5afadf2 '   itemscope=\"itemscope\" itemtype=\"https:\/\/schema.org\/CreativeWork\" ><div class='avia_textblock acans-text-body acans-panel-line'  itemprop=\"text\" ><p>Hacia profesionales de calidad, estructurados y con acompa\u00f1amiento<\/p>\n<p>Un acceso a un ecosistema de distribuci\u00f3n basado en la calidad de los profesionales, la estructuraci\u00f3n de las pr\u00e1cticas y la capacidad de establecer una relaci\u00f3n duradera.<\/p>\n<\/div><\/section><\/p><\/div><div class='av-flex-placeholder'><\/div>\n<style type=\"text\/css\" data-created_by=\"avia_inline_auto\" id=\"style-css-av-yf7pyk-60c7a55189ef7d82459cff34e87938ee\">\n.flex_column.av-yf7pyk-60c7a55189ef7d82459cff34e87938ee{\nwidth:22%;\nmargin-left:0;\npadding:15px 15px 15px 15px;\nbackground-color:rgba(255,255,255,0.7);\n}\n#top .flex_column_table.av-equal-height-column-flextable.av-yf7pyk-60c7a55189ef7d82459cff34e87938ee .av-flex-placeholder{\nwidth:4%;\n}\n<\/style>\n<div  class='flex_column av-yf7pyk-60c7a55189ef7d82459cff34e87938ee av_one_fourth  avia-builder-el-13  el_after_av_one_fourth  el_before_av_one_fourth  flex_column_table_cell av-equal-height-column av-align-top av-animated-generic fade-in  '     ><p>\n<style type=\"text\/css\" data-created_by=\"avia_inline_auto\" id=\"style-css-av-mnnroaqi-f42c29b003e162f19694e8ea69d57250\">\n#top .av-special-heading.av-mnnroaqi-f42c29b003e162f19694e8ea69d57250{\nmargin:0px 0 0 0;\npadding-bottom:10px;\n}\nbody .av-special-heading.av-mnnroaqi-f42c29b003e162f19694e8ea69d57250 .av-special-heading-tag .heading-char{\nfont-size:25px;\n}\n.av-special-heading.av-mnnroaqi-f42c29b003e162f19694e8ea69d57250 .av-subheading{\nfont-size:15px;\n}\n<\/style>\n<div  class='av-special-heading av-mnnroaqi-f42c29b003e162f19694e8ea69d57250 av-special-heading-h3 blockquote modern-quote  avia-builder-el-14  el_before_av_textblock  avia-builder-el-first  acans-title-s'><h3 class='av-special-heading-tag '  itemprop=\"headline\"  >Cumplimiento compartido<\/h3><div class=\"special-heading-border\"><div class=\"special-heading-inner-border\"><\/div><\/div><\/div><br \/>\n<section  class='av_textblock_section av-mnnrp3b3-08f4707bae9f273ae7f140f025492f9a '   itemscope=\"itemscope\" itemtype=\"https:\/\/schema.org\/CreativeWork\" ><div class='avia_textblock acans-text-body acans-panel-line'  itemprop=\"text\" ><p>Altos est\u00e1ndares documentados en cada etapa<\/p>\n<p>Un enfoque com\u00fan de los retos de trazabilidad, documentaci\u00f3n, POG y ESG seg\u00fan el caso, para asegurar las relaciones comerciales y reforzar su legibilidad.<\/p>\n<\/div><\/section><\/p><\/div><div class='av-flex-placeholder'><\/div>\n<style type=\"text\/css\" data-created_by=\"avia_inline_auto\" id=\"style-css-av-wjh0r0-a3539d1c43b90e51bddc0526591de941\">\n.flex_column.av-wjh0r0-a3539d1c43b90e51bddc0526591de941{\nwidth:22%;\nmargin-left:0;\npadding:15px 15px 15px 15px;\nbackground-color:rgba(255,255,255,0.7);\n}\n#top .flex_column_table.av-equal-height-column-flextable.av-wjh0r0-a3539d1c43b90e51bddc0526591de941 .av-flex-placeholder{\nwidth:4%;\n}\n<\/style>\n<div  class='flex_column av-wjh0r0-a3539d1c43b90e51bddc0526591de941 av_one_fourth  avia-builder-el-16  el_after_av_one_fourth  el_before_av_one_fourth  flex_column_table_cell av-equal-height-column av-align-top av-animated-generic fade-in  '     ><p>\n<style type=\"text\/css\" data-created_by=\"avia_inline_auto\" id=\"style-css-av-34n3do-7bbb2c103abb936360cec8917d6b19b9\">\n#top .av-special-heading.av-34n3do-7bbb2c103abb936360cec8917d6b19b9{\nmargin:0px 0 0 0;\npadding-bottom:10px;\n}\nbody .av-special-heading.av-34n3do-7bbb2c103abb936360cec8917d6b19b9 .av-special-heading-tag .heading-char{\nfont-size:25px;\n}\n.av-special-heading.av-34n3do-7bbb2c103abb936360cec8917d6b19b9 .av-subheading{\nfont-size:15px;\n}\n<\/style>\n<div  class='av-special-heading av-34n3do-7bbb2c103abb936360cec8917d6b19b9 av-special-heading-h3 blockquote modern-quote  avia-builder-el-17  el_before_av_textblock  avia-builder-el-first  acans-title-s'><h3 class='av-special-heading-tag '  itemprop=\"headline\"  >Grupo europeo<\/h3><div class=\"special-heading-border\"><div class=\"special-heading-inner-border\"><\/div><\/div><\/div><br \/>\n<section  class='av_textblock_section av-tk9huk-10f4df1bc0ba8bfe169083f890556c1b '   itemscope=\"itemscope\" itemtype=\"https:\/\/schema.org\/CreativeWork\" ><div class='avia_textblock acans-text-body acans-panel-line'  itemprop=\"text\" ><p>Una capacidad de despliegue y una presencia europea operativa coherente<\/p>\n<p>Por su presencia en Francia, Luxemburgo, Suiza y este a\u00f1o en Portugal y Espa\u00f1a, ACANS EURO GROUP ofrece a sus socios institucionales una base operativa compatible con una l\u00f3gica de desarrollo europeo.<\/p>\n<\/div><\/section><\/p><\/div><div class='av-flex-placeholder'><\/div>\n<style type=\"text\/css\" data-created_by=\"avia_inline_auto\" id=\"style-css-av-a2ja4-af43d055d5728afa31daa8c3557b07fb\">\n.flex_column.av-a2ja4-af43d055d5728afa31daa8c3557b07fb{\nwidth:22%;\nmargin-left:0;\npadding:15px 15px 15px 15px;\nbackground-color:rgba(255,255,255,0.7);\n}\n#top .flex_column_table.av-equal-height-column-flextable.av-a2ja4-af43d055d5728afa31daa8c3557b07fb .av-flex-placeholder{\nwidth:4%;\n}\n<\/style>\n<div  class='flex_column av-a2ja4-af43d055d5728afa31daa8c3557b07fb av_one_fourth  avia-builder-el-19  el_after_av_one_fourth  avia-builder-el-last  flex_column_table_cell av-equal-height-column av-align-top av-animated-generic fade-in  '     ><p>\n<style type=\"text\/css\" data-created_by=\"avia_inline_auto\" id=\"style-css-av-qfppng-d67c8f28dd23fb1e03b5e94aa9663bc4\">\n#top .av-special-heading.av-qfppng-d67c8f28dd23fb1e03b5e94aa9663bc4{\nmargin:0px 0 0 0;\npadding-bottom:10px;\n}\nbody .av-special-heading.av-qfppng-d67c8f28dd23fb1e03b5e94aa9663bc4 .av-special-heading-tag .heading-char{\nfont-size:25px;\n}\n.av-special-heading.av-qfppng-d67c8f28dd23fb1e03b5e94aa9663bc4 .av-subheading{\nfont-size:15px;\n}\n<\/style>\n<div  class='av-special-heading av-qfppng-d67c8f28dd23fb1e03b5e94aa9663bc4 av-special-heading-h3 blockquote modern-quote  avia-builder-el-20  el_before_av_textblock  avia-builder-el-first  acans-title-s'><h3 class='av-special-heading-tag '  itemprop=\"headline\"  >Co-construcci\u00f3n<\/h3><div class=\"special-heading-border\"><div class=\"special-heading-inner-border\"><\/div><\/div><\/div><br \/>\n<section  class='av_textblock_section av-ntqnj0-c334d412669e6468217a287ac54e77e0 '   itemscope=\"itemscope\" itemtype=\"https:\/\/schema.org\/CreativeWork\" ><div class='avia_textblock acans-text-body acans-panel-line'  itemprop=\"text\" ><p>Co-construcci\u00f3n de soluciones y estructuraci\u00f3n pensada para el terreno<\/p>\n<p>Trabajamos con nuestros socios en la estructuraci\u00f3n de soluciones adaptadas a su sector, a su l\u00f3gica de distribuci\u00f3n y a las expectativas concretas de los profesionales.<\/p>\n<\/div><\/section><\/p><\/div><\/div><!--close column table wrapper. Autoclose: 1 -->\n\n<\/div><\/div><\/div><!-- close content main div --><\/div><\/div><div id='av_section_4'  class='avia-section av-1xn62k-0c41b2881703ad6453b82902516ea9d2 main_color avia-section-default avia-no-border-styling  avia-builder-el-22  el_after_av_section  el_before_av_section  acans-section-tight acans-surface-white avia-bg-style-scroll container_wrap sidebar_right'  ><div class='container av-section-cont-open' ><div class='template-page content  av-content-small alpha units'><div class='post-entry post-entry-type-page post-entry-4755'><div class='entry-content-wrapper clearfix'>\n\n<style type=\"text\/css\" data-created_by=\"avia_inline_auto\" id=\"style-css-av-mnnhsonj-91f1ba95a4dc37490fc196e270fe6f5f\">\n#top .av-special-heading.av-mnnhsonj-91f1ba95a4dc37490fc196e270fe6f5f{\npadding-bottom:10px;\n}\nbody .av-special-heading.av-mnnhsonj-91f1ba95a4dc37490fc196e270fe6f5f .av-special-heading-tag .heading-char{\nfont-size:25px;\n}\n.av-special-heading.av-mnnhsonj-91f1ba95a4dc37490fc196e270fe6f5f .av-subheading{\nfont-size:15px;\n}\n<\/style>\n<div  class='av-special-heading av-mnnhsonj-91f1ba95a4dc37490fc196e270fe6f5f av-special-heading-h2 blockquote modern-quote  avia-builder-el-23  el_before_av_textblock  avia-builder-el-first '><h2 class='av-special-heading-tag '  itemprop=\"headline\"  >Una l\u00f3gica de selecci\u00f3n y acompa\u00f1amiento que permite una l\u00f3gica de volumen<\/h2><div class=\"special-heading-border\"><div class=\"special-heading-inner-border\"><\/div><\/div><\/div>\n<section  class='av_textblock_section av-mnnhszcz-7dfc6f141e1acc2c9d7dd825242d4e33 '   itemscope=\"itemscope\" itemtype=\"https:\/\/schema.org\/CreativeWork\" ><div class='avia_textblock acans-title-xl'  itemprop=\"text\" ><p class=\"p1\">No pensamos en un simple acceso comercial. Pensamos en la calidad de la relaci\u00f3n, en la capacidad de ejecuci\u00f3n y en la solidez del marco en el que se distribuir\u00e1 la soluci\u00f3n. <\/p>\n<\/div><\/section>\n\n<\/div><\/div><\/div><!-- close content main div --><\/div><\/div>\n<style type=\"text\/css\" data-created_by=\"avia_inline_auto\" id=\"style-css-av-mnns49qy-c8f1df787d8d6c820bc1c7da5fd1ae04\">\n.avia-section.av-mnns49qy-c8f1df787d8d6c820bc1c7da5fd1ae04{\nbackground-repeat:no-repeat;\nbackground-image:url(https:\/\/acans.com\/wp-content\/uploads\/2026\/04\/BG-FINAL-OFFRES.png);\nbackground-position:50% 100%;\nbackground-attachment:fixed;\n}\n<\/style>\n<div id='av_section_5'  class='avia-section av-mnns49qy-c8f1df787d8d6c820bc1c7da5fd1ae04 main_color avia-section-default avia-no-border-styling  avia-builder-el-25  el_after_av_section  avia-builder-el-last  avia-full-stretch avia-bg-style-fixed container_wrap sidebar_right'  data-section-bg-repeat='stretch'><div class='container av-section-cont-open' ><div class='template-page content  av-content-small alpha units'><div class='post-entry post-entry-type-page post-entry-4755'><div class='entry-content-wrapper clearfix'><\/div><\/div><\/div><!-- close content main div --><\/div><\/div><div id='after_section_5'  class='main_color av_default_container_wrap container_wrap sidebar_right'  ><div class='container av-section-cont-open' ><div class='template-page content  av-content-small alpha units'><div class='post-entry post-entry-type-page post-entry-4755'><div class='entry-content-wrapper clearfix'>\n","protected":false},"excerpt":{"rendered":"","protected":false},"author":1,"featured_media":0,"parent":4766,"menu_order":0,"comment_status":"closed","ping_status":"closed","template":"","meta":{"footnotes":""},"class_list":["post-4755","page","type-page","status-publish","hentry"],"_links":{"self":[{"href":"https:\/\/acans.com\/es\/wp-json\/wp\/v2\/pages\/4755","targetHints":{"allow":["GET"]}}],"collection":[{"href":"https:\/\/acans.com\/es\/wp-json\/wp\/v2\/pages"}],"about":[{"href":"https:\/\/acans.com\/es\/wp-json\/wp\/v2\/types\/page"}],"author":[{"embeddable":true,"href":"https:\/\/acans.com\/es\/wp-json\/wp\/v2\/users\/1"}],"replies":[{"embeddable":true,"href":"https:\/\/acans.com\/es\/wp-json\/wp\/v2\/comments?post=4755"}],"version-history":[{"count":0,"href":"https:\/\/acans.com\/es\/wp-json\/wp\/v2\/pages\/4755\/revisions"}],"up":[{"embeddable":true,"href":"https:\/\/acans.com\/es\/wp-json\/wp\/v2\/pages\/4766"}],"wp:attachment":[{"href":"https:\/\/acans.com\/es\/wp-json\/wp\/v2\/media?parent=4755"}],"curies":[{"name":"wp","href":"https:\/\/api.w.org\/{rel}","templated":true}]}}