{"id":4714,"date":"2026-03-25T12:25:32","date_gmt":"2026-03-25T11:25:32","guid":{"rendered":"https:\/\/acans.com\/contacto\/"},"modified":"2026-04-13T14:27:28","modified_gmt":"2026-04-13T12:27:28","slug":"contacto","status":"publish","type":"page","link":"https:\/\/acans.com\/es\/contacto\/","title":{"rendered":"CONTACTO"},"content":{"rendered":"\n<style type=\"text\/css\" data-created_by=\"avia_inline_auto\" id=\"style-css-av-55at8g-5286f6680737b2a070963bc9d9f29935\">\n.avia-section.av-55at8g-5286f6680737b2a070963bc9d9f29935{\nbackground-repeat:no-repeat;\nbackground-image:url(https:\/\/acans.com\/wp-content\/uploads\/2026\/04\/espresso_bg_nb_light-scaled.jpg);\nbackground-position:100% 50%;\nbackground-attachment:scroll;\n}\n.avia-section.av-55at8g-5286f6680737b2a070963bc9d9f29935 .av-section-color-overlay{\nopacity:0.5;\nbackground-color:#ffffff;\n}\n<\/style>\n<div id='av_section_1'  class='avia-section av-55at8g-5286f6680737b2a070963bc9d9f29935 main_color avia-section-default avia-no-border-styling  avia-builder-el-0  el_before_av_textblock  avia-builder-el-first  avia-full-stretch avia-bg-style-scroll av-section-color-overlay-active container_wrap sidebar_right'  data-section-bg-repeat='stretch'><div class=\"av-section-color-overlay-wrap\"><div class=\"av-section-color-overlay\"><\/div><div class='container av-section-cont-open' ><main  role=\"main\" itemprop=\"mainContentOfPage\"  class='template-page content  av-content-small alpha units'><div class='post-entry post-entry-type-page post-entry-4714'><div class='entry-content-wrapper clearfix'>\n<div  class='flex_column av-4ss2ds-095453966c30094cd4a5c881ecaa851e av_two_third  avia-builder-el-1  el_before_av_one_third  avia-builder-el-first  first flex_column_div  '     ><p>\n<style type=\"text\/css\" data-created_by=\"avia_inline_auto\" id=\"style-css-av-mnndt411-ad7b77874d439075aa447caac9f39d28\">\n#top .av-special-heading.av-mnndt411-ad7b77874d439075aa447caac9f39d28{\npadding-bottom:10px;\n}\nbody .av-special-heading.av-mnndt411-ad7b77874d439075aa447caac9f39d28 .av-special-heading-tag .heading-char{\nfont-size:25px;\n}\n.av-special-heading.av-mnndt411-ad7b77874d439075aa447caac9f39d28 .av-subheading{\nfont-size:15px;\n}\n<\/style>\n<div  class='av-special-heading av-mnndt411-ad7b77874d439075aa447caac9f39d28 av-special-heading-h1 blockquote modern-quote  avia-builder-el-2  el_before_av_textblock  avia-builder-el-first  acans-title-xl'><h1 class='av-special-heading-tag '  itemprop=\"headline\"  >Contacto<\/h1><div class=\"special-heading-border\"><div class=\"special-heading-inner-border\"><\/div><\/div><\/div><br \/>\n<section  class='av_textblock_section av-mnnftbg2-e6326715694f21edc554fec917ab01c0 '   itemscope=\"itemscope\" itemtype=\"https:\/\/schema.org\/CreativeWork\" ><div class='avia_textblock acans-kicker'  itemprop=\"text\" ><p class=\"p1\">Ponerse en contacto con ACANS EURO GROUP<\/p>\n<\/div><\/section><br \/>\n<section  class='av_textblock_section av-mnnfu5jv-08406d9aaab5ef4010365a4eba79b1c0 '   itemscope=\"itemscope\" itemtype=\"https:\/\/schema.org\/CreativeWork\" ><div class='avia_textblock'  itemprop=\"text\" ><p class=\"p1\">El grupo gestiona las solicitudes con altos est\u00e1ndares, discreci\u00f3n y diligencia, respetando sus est\u00e1ndares de confidencialidad y calidad de ejecuci\u00f3n.<\/p>\n<\/div><\/section><\/p><\/div><div  class='flex_column av-2dguio-7bd96864040d4cfa8afadcb838efe779 av_one_third  avia-builder-el-5  el_after_av_two_third  avia-builder-el-last  flex_column_div  '     ><\/div>\n<\/div><\/div><\/main><!-- close content main element --><\/div><\/div><\/div><div id='after_section_1'  class='main_color av_default_container_wrap container_wrap sidebar_right'  ><div class='container av-section-cont-open' ><div class='template-page content  av-content-small alpha units'><div class='post-entry post-entry-type-page post-entry-4714'><div class='entry-content-wrapper clearfix'>\n<section  class='av_textblock_section av-mnnfofm6-79325c675d40c3122007f012ef319e0d '   itemscope=\"itemscope\" itemtype=\"https:\/\/schema.org\/CreativeWork\" ><div class='avia_textblock'  itemprop=\"text\" >\t<div class=\"acans-contact-premium-shell\">\n\t\t<div class=\"acans-contact-premium\">\n\t\t\t<div class=\"acans-contact-premium__summary\">\n\t\t\t\t<article class=\"acans-contact-premium__card acans-contact-premium__card--summary\">\n\t\t\t\t\t<p class=\"acans-contact-premium__eyebrow\">Contacto general<\/p>\n\t\t\t\t\t<p class=\"acans-contact-premium__lead\">Para cualquier solicitud institucional, operativa o de coordinacion, nuestro equipo dirigira su mensaje al contacto adecuado.<\/p>\n\t\t\t\t\t<a class=\"acans-contact-premium__link\" href=\"mailto:contact@acans.com\">\n\t\t\t\t\t\tcontact@acans.com\t\t\t\t\t<\/a>\n\t\t\t\t<\/article>\n\n\t\t\t\t<article class=\"acans-contact-premium__card acans-contact-premium__card--summary\">\n\t\t\t\t\t<p class=\"acans-contact-premium__eyebrow\">Horario<\/p>\n\t\t\t\t\t<p class=\"acans-contact-premium__lead\">De lunes a viernes<\/p>\n\t\t\t\t\t<p class=\"acans-contact-premium__meta\">de 9:00 a 12:00 y de 14:00 a 18:00<\/p>\n\t\t\t\t<\/article>\n\n\t\t\t\t<article class=\"acans-contact-premium__card acans-contact-premium__card--summary\">\n\t\t\t\t\t<p class=\"acans-contact-premium__eyebrow\">Privacidad<\/p>\n\t\t\t\t\t<p class=\"acans-contact-premium__meta\">Sus datos se tratan exclusivamente para gestionar su solicitud.<\/p>\n\t\t\t\t\t<a class=\"acans-contact-premium__link\" href=\"https:\/\/acans.com\/es\/privacy-policy\/\">\n\t\t\t\t\t\tVer politica de privacidad\t\t\t\t\t<\/a>\n\t\t\t\t<\/article>\n\t\t\t<\/div>\n\n\t\t\t<div class=\"acans-contact-premium__main\">\n\t\t\t\t<aside class=\"acans-contact-premium__aside\">\n\t\t\t\t\t<section class=\"acans-contact-premium__card\">\n\t\t\t\t\t\t<p class=\"acans-contact-premium__eyebrow\">Contactos clave<\/p>\n\n\t\t\t\t\t\t<div class=\"acans-contact-premium__routing-list\">\n\t\t\t\t\t\t\t<div class=\"acans-contact-premium__routing-item\">\n\t\t\t\t\t\t\t\t<h4>Grupo y gobernanza<\/h4>\n\t\t\t\t\t\t\t\t<p>Cuestiones institucionales, estructuracion, gobernanza y coordinacion del Grupo.<\/p>\n\t\t\t\t\t\t\t<\/div>\n\n\t\t\t\t\t\t\t<div class=\"acans-contact-premium__routing-item\">\n\t\t\t\t\t\t\t\t<h4>Partenariados<\/h4>\n\t\t\t\t\t\t\t\t<p>Solicitudes de presentacion, cooperacion, desarrollo u oportunidades de partenariado.<\/p>\n\t\t\t\t\t\t\t<\/div>\n\n\t\t\t\t\t\t\t<div class=\"acans-contact-premium__routing-item\">\n\t\t\t\t\t\t\t\t<h4>Comunicacion<\/h4>\n\t\t\t\t\t\t\t\t<p>Prensa, imagen, contenidos, declaraciones p\u00fablicas y coordinaci\u00f3n de marketing y comunicaci\u00f3n.<\/p>\n\t\t\t\t\t\t\t<\/div>\n\n\t\t\t\t\t\t\t<div class=\"acans-contact-premium__routing-item\">\n\t\t\t\t\t\t\t\t<h4>Proteccion de datos<\/h4>\n\t\t\t\t\t\t\t\t<p>Solicitudes relativas a privacidad, RGPD y al ejercicio de los derechos de los interesados.<\/p>\n\t\t\t\t\t\t\t<\/div>\n\t\t\t\t\t\t<\/div>\n\t\t\t\t\t<\/section>\n\n\t\t\t\t\t<section class=\"acans-contact-premium__card\">\n\t\t\t\t\t\t<p class=\"acans-contact-premium__eyebrow\">Informacion util<\/p>\n\n\t\t\t\t\t\t<ul class=\"acans-contact-premium__info-list\">\n\t\t\t\t\t\t\t<li>\n\t\t\t\t\t\t\t\t<span>Correo principal<\/span>\n\t\t\t\t\t\t\t\t<a href=\"mailto:contact@acans.com\">contact@acans.com<\/a>\n\t\t\t\t\t\t\t<\/li>\n\t\t\t\t\t\t\t\t\t\t\t\t\t\t\t<li>\n\t\t\t\t\t\t\t\t\t<span>Telefono<\/span>\n\t\t\t\t\t\t\t\t\t<a href=\"tel:+35227865718\">+352 27 86 57 18<\/a>\n\t\t\t\t\t\t\t\t<\/li>\n\t\t\t\t\t\t\t\t\t\t\t\t\t\t<li>\n\t\t\t\t\t\t\t\t<span>Privacidad<\/span>\n\t\t\t\t\t\t\t\t<p>La informacion enviada a traves de este formulario se utiliza exclusivamente para tramitar su solicitud.<\/p>\n\t\t\t\t\t\t\t\t<a href=\"https:\/\/acans.com\/es\/privacy-policy\/\">Politica de privacidad<\/a>\n\t\t\t\t\t\t\t<\/li>\n\t\t\t\t\t\t<\/ul>\n\t\t\t\t\t<\/section>\n\t\t\t\t<\/aside>\n\n\t\t\t\t<section class=\"acans-contact-premium__card acans-contact-premium__card--form\">\n\t\t\t\t\t\t\t\t\t\t\t<h3 class=\"acans-contact-premium__title\">Escribanos<\/h3>\n\t\t\t\t\t\t\t\t\t\t<p class=\"acans-contact-premium__note\">Le rogamos que precise el objeto de su solicitud para que pueda orientarse hacia la persona de contacto adecuada.<\/p>\n\n\t\t\t\t\t<form class=\"acans-contact-premium__form\" id=\"acans-contact-form-B6TpUY\" novalidate>\n\t\t\t\t\t\t<div class=\"acans-contact-premium__grid\">\n\t\t\t\t\t\t\t<div class=\"acans-contact-premium__field\">\n\t\t\t\t\t\t\t\t<label for=\"acans-contact-form-B6TpUY-name\">\n\t\t\t\t\t\t\t\t\tNombre <span aria-hidden=\"true\">*<\/span>\n\t\t\t\t\t\t\t\t<\/label>\n\t\t\t\t\t\t\t\t<input\n\t\t\t\t\t\t\t\t\tid=\"acans-contact-form-B6TpUY-name\"\n\t\t\t\t\t\t\t\t\tname=\"name\"\n\t\t\t\t\t\t\t\t\ttype=\"text\"\n\t\t\t\t\t\t\t\t\tautocomplete=\"name\"\n\t\t\t\t\t\t\t\t\trequired\n\t\t\t\t\t\t\t\t\tplaceholder=\"Su nombre\"\n\t\t\t\t\t\t\t\t>\n\t\t\t\t\t\t\t<\/div>\n\n\t\t\t\t\t\t\t<div class=\"acans-contact-premium__field\">\n\t\t\t\t\t\t\t\t<label for=\"acans-contact-form-B6TpUY-company\">\n\t\t\t\t\t\t\t\t\tEmpresa\t\t\t\t\t\t\t\t<\/label>\n\t\t\t\t\t\t\t\t<input\n\t\t\t\t\t\t\t\t\tid=\"acans-contact-form-B6TpUY-company\"\n\t\t\t\t\t\t\t\t\tname=\"company\"\n\t\t\t\t\t\t\t\t\ttype=\"text\"\n\t\t\t\t\t\t\t\t\tautocomplete=\"organization\"\n\t\t\t\t\t\t\t\t\tplaceholder=\"Su empresa\"\n\t\t\t\t\t\t\t\t>\n\t\t\t\t\t\t\t<\/div>\n\n\t\t\t\t\t\t\t<div class=\"acans-contact-premium__field\">\n\t\t\t\t\t\t\t\t<label for=\"acans-contact-form-B6TpUY-email\">\n\t\t\t\t\t\t\t\t\tCorreo electronico <span aria-hidden=\"true\">*<\/span>\n\t\t\t\t\t\t\t\t<\/label>\n\t\t\t\t\t\t\t\t<input\n\t\t\t\t\t\t\t\t\tid=\"acans-contact-form-B6TpUY-email\"\n\t\t\t\t\t\t\t\t\tname=\"email\"\n\t\t\t\t\t\t\t\t\ttype=\"email\"\n\t\t\t\t\t\t\t\t\tautocomplete=\"email\"\n\t\t\t\t\t\t\t\t\trequired\n\t\t\t\t\t\t\t\t\tplaceholder=\"su@email.com\"\n\t\t\t\t\t\t\t\t>\n\t\t\t\t\t\t\t<\/div>\n\n\t\t\t\t\t\t\t<div class=\"acans-contact-premium__field\">\n\t\t\t\t\t\t\t\t<label for=\"acans-contact-form-B6TpUY-phone\">\n\t\t\t\t\t\t\t\t\tTelefono\t\t\t\t\t\t\t\t<\/label>\n\t\t\t\t\t\t\t\t<input\n\t\t\t\t\t\t\t\t\tid=\"acans-contact-form-B6TpUY-phone\"\n\t\t\t\t\t\t\t\t\tname=\"phone\"\n\t\t\t\t\t\t\t\t\ttype=\"tel\"\n\t\t\t\t\t\t\t\t\tautocomplete=\"tel\"\n\t\t\t\t\t\t\t\t\tplaceholder=\"+33 \/ +352\"\n\t\t\t\t\t\t\t\t>\n\t\t\t\t\t\t\t<\/div>\n\n\t\t\t\t\t\t\t<div class=\"acans-contact-premium__field\">\n\t\t\t\t\t\t\t\t<label for=\"acans-contact-form-B6TpUY-topic\">\n\t\t\t\t\t\t\t\t\tOrientacion <span aria-hidden=\"true\">*<\/span>\n\t\t\t\t\t\t\t\t<\/label>\n\t\t\t\t\t\t\t\t<select id=\"acans-contact-form-B6TpUY-topic\" name=\"topic\" required>\n\t\t\t\t\t\t\t\t\t\t\t\t\t\t\t\t\t\t\t<option value=\"\">\n\t\t\t\t\t\t\t\t\t\t\tSeleccionar\t\t\t\t\t\t\t\t\t\t<\/option>\n\t\t\t\t\t\t\t\t\t\t\t\t\t\t\t\t\t\t\t<option value=\"institutional\">\n\t\t\t\t\t\t\t\t\t\t\tContacto institucional\t\t\t\t\t\t\t\t\t\t<\/option>\n\t\t\t\t\t\t\t\t\t\t\t\t\t\t\t\t\t\t\t<option value=\"partnership\">\n\t\t\t\t\t\t\t\t\t\t\tPartenariado\t\t\t\t\t\t\t\t\t\t<\/option>\n\t\t\t\t\t\t\t\t\t\t\t\t\t\t\t\t\t\t\t<option value=\"subsidiaries\">\n\t\t\t\t\t\t\t\t\t\t\tFiliales\t\t\t\t\t\t\t\t\t\t<\/option>\n\t\t\t\t\t\t\t\t\t\t\t\t\t\t\t\t\t\t\t<option value=\"compliance\">\n\t\t\t\t\t\t\t\t\t\t\tCompliance\t\t\t\t\t\t\t\t\t\t<\/option>\n\t\t\t\t\t\t\t\t\t\t\t\t\t\t\t\t\t\t\t<option value=\"insurance\">\n\t\t\t\t\t\t\t\t\t\t\tSeguros\t\t\t\t\t\t\t\t\t\t<\/option>\n\t\t\t\t\t\t\t\t\t\t\t\t\t\t\t\t\t\t\t<option value=\"real_estate\">\n\t\t\t\t\t\t\t\t\t\t\tInmobiliario\t\t\t\t\t\t\t\t\t\t<\/option>\n\t\t\t\t\t\t\t\t\t\t\t\t\t\t\t\t\t\t\t<option value=\"communication\">\n\t\t\t\t\t\t\t\t\t\t\tComunicacion\t\t\t\t\t\t\t\t\t\t<\/option>\n\t\t\t\t\t\t\t\t\t\t\t\t\t\t\t\t\t\t\t<option value=\"data_protection\">\n\t\t\t\t\t\t\t\t\t\t\tProteccion de datos\t\t\t\t\t\t\t\t\t\t<\/option>\n\t\t\t\t\t\t\t\t\t\t\t\t\t\t\t\t\t<\/select>\n\t\t\t\t\t\t\t<\/div>\n\n\t\t\t\t\t\t\t<div class=\"acans-contact-premium__field\">\n\t\t\t\t\t\t\t\t<label for=\"acans-contact-form-B6TpUY-subject\">\n\t\t\t\t\t\t\t\t\tAsunto <span aria-hidden=\"true\">*<\/span>\n\t\t\t\t\t\t\t\t<\/label>\n\t\t\t\t\t\t\t\t<input\n\t\t\t\t\t\t\t\t\tid=\"acans-contact-form-B6TpUY-subject\"\n\t\t\t\t\t\t\t\t\tname=\"subject\"\n\t\t\t\t\t\t\t\t\ttype=\"text\"\n\t\t\t\t\t\t\t\t\tautocomplete=\"off\"\n\t\t\t\t\t\t\t\t\trequired\n\t\t\t\t\t\t\t\t\tplaceholder=\"Asunto de su solicitud\"\n\t\t\t\t\t\t\t\t>\n\t\t\t\t\t\t\t<\/div>\n\t\t\t\t\t\t<\/div>\n\n\t\t\t\t\t\t<div class=\"acans-contact-premium__field acans-contact-premium__field--full\">\n\t\t\t\t\t\t\t<label for=\"acans-contact-form-B6TpUY-message\">\n\t\t\t\t\t\t\t\tMensaje <span aria-hidden=\"true\">*<\/span>\n\t\t\t\t\t\t\t<\/label>\n\t\t\t\t\t\t\t<textarea\n\t\t\t\t\t\t\t\tid=\"acans-contact-form-B6TpUY-message\"\n\t\t\t\t\t\t\t\tname=\"message\"\n\t\t\t\t\t\t\t\trows=\"7\"\n\t\t\t\t\t\t\t\trequired\n\t\t\t\t\t\t\t\tplaceholder=\"Describa su necesidad en unas pocas l\u00edneas.\"\n\t\t\t\t\t\t\t><\/textarea>\n\t\t\t\t\t\t<\/div>\n\n\t\t\t\t\t\t<div class=\"acans-contact-premium__hp\" aria-hidden=\"true\">\n\t\t\t\t\t\t\t<label for=\"acans-contact-form-B6TpUY-website\">Sitio web<\/label>\n\t\t\t\t\t\t\t<input id=\"acans-contact-form-B6TpUY-website\" name=\"website\" type=\"text\" tabindex=\"-1\" autocomplete=\"off\">\n\t\t\t\t\t\t<\/div>\n\n\t\t\t\t\t\t<div class=\"acans-contact-premium__actions\">\n\t\t\t\t\t\t\t<button type=\"submit\" class=\"acans-contact-premium__submit\">\n\t\t\t\t\t\t\t\t<span class=\"acans-contact-premium__submit-label\">Enviar<\/span>\n\t\t\t\t\t\t\t\t<span class=\"acans-contact-premium__submit-spinner\" aria-hidden=\"true\"><\/span>\n\t\t\t\t\t\t\t<\/button>\n\n\t\t\t\t\t\t\t<p class=\"acans-contact-premium__privacy\">\n\t\t\t\t\t\t\t\tSus datos se tratan exclusivamente para gestionar su solicitud.\t\t\t\t\t\t\t\t<a href=\"https:\/\/acans.com\/es\/privacy-policy\/\">Ver politica de privacidad<\/a>.\n\t\t\t\t\t\t\t<\/p>\n\t\t\t\t\t\t<\/div>\n\n\t\t\t\t\t\t<div class=\"acans-contact-premium__status\" id=\"acans-contact-form-B6TpUY-status\" aria-live=\"polite\"><\/div>\n\t\t\t\t\t<\/form>\n\t\t\t\t<\/section>\n\t\t\t<\/div>\n\t\t<\/div>\n\t<\/div>\n\t<script>\n\t(function(){\n\t\tconst form = document.getElementById(\"acans-contact-form-B6TpUY\");\n\t\tif (!form || form.dataset.acansBound === \"true\") return;\n\t\tform.dataset.acansBound = \"true\";\n\n\t\tconst i18n = {\"error_required\":\"Por favor, complete todos los campos obligatorios.\",\"error_send\":\"Error de envio.\",\"success_sent\":\"Mensaje enviado. Nos pondremos en contacto con usted en breve.\"};\n\t\tconst status = document.getElementById(\"acans-contact-form-B6TpUY-status\");\n\t\tconst button = form.querySelector('.acans-contact-premium__submit');\n\t\tconst topic = form.querySelector('[name=\"topic\"]');\n\t\tconst subject = form.querySelector('[name=\"subject\"]');\n\n\t\tfunction setStatus(type, message) {\n\t\t\tif (!status) return;\n\t\t\tstatus.classList.remove('is-error', 'is-success');\n\t\t\tif (type) status.classList.add(type === 'error' ? 'is-error' : 'is-success');\n\t\t\tstatus.textContent = message || '';\n\t\t}\n\n\t\tfunction setLoading(loading) {\n\t\t\tbutton.disabled = !!loading;\n\t\t\tbutton.classList.toggle('is-loading', !!loading);\n\t\t}\n\n\t\tif (subject) {\n\t\t\tsubject.addEventListener('input', function() {\n\t\t\t\tsubject.dataset.userEdited = subject.value.trim() !== '' ? 'true' : '';\n\t\t\t});\n\t\t}\n\n\t\tif (topic && subject) {\n\t\t\ttopic.addEventListener('change', function() {\n\t\t\t\tconst selected = topic.options[topic.selectedIndex];\n\t\t\t\tif (!selected || !selected.value) return;\n\t\t\t\tif (subject.dataset.userEdited === 'true' && subject.value.trim() !== '') return;\n\t\t\t\tsubject.value = selected.textContent.trim();\n\t\t\t});\n\t\t}\n\n\t\tform.addEventListener('submit', async function(event) {\n\t\t\tevent.preventDefault();\n\t\t\tsetStatus(null, '');\n\n\t\t\tconst payload = new FormData(form);\n\n\t\t\tif (!payload.get('name') || !payload.get('email') || !payload.get('topic') || !payload.get('subject') || !payload.get('message')) {\n\t\t\t\tsetStatus('error', i18n.error_required);\n\t\t\t\treturn;\n\t\t\t}\n\n\t\t\ttry {\n\t\t\t\tsetLoading(true);\n\t\t\t\tpayload.append('action', 'acans_contact_form_submit');\n\t\t\t\tpayload.append('nonce', \"874eefd443\");\n\n\t\t\t\tconst response = await fetch(\"https:\\\/\\\/acans.com\\\/wp-admin\\\/admin-ajax.php\", {\n\t\t\t\t\tmethod: 'POST',\n\t\t\t\t\tbody: payload,\n\t\t\t\t\tcredentials: 'same-origin'\n\t\t\t\t});\n\n\t\t\t\tconst result = await response.json();\n\t\t\t\tif (!result || !result.success) {\n\t\t\t\t\tthrow new Error(result && result.data && result.data.message ? result.data.message : i18n.error_send);\n\t\t\t\t}\n\n\t\t\t\tform.reset();\n\t\t\t\tif (subject) subject.dataset.userEdited = '';\n\t\t\t\tsetStatus('success', result.data.message || i18n.success_sent);\n\t\t\t} catch (error) {\n\t\t\t\tsetStatus('error', error.message || i18n.error_send);\n\t\t\t} finally {\n\t\t\t\tsetLoading(false);\n\t\t\t}\n\t\t});\n\t})();\n\t<\/script>\n\t\n<\/div><\/section>\n","protected":false},"excerpt":{"rendered":"","protected":false},"author":1,"featured_media":0,"parent":0,"menu_order":0,"comment_status":"closed","ping_status":"closed","template":"","meta":{"footnotes":""},"class_list":["post-4714","page","type-page","status-publish","hentry"],"_links":{"self":[{"href":"https:\/\/acans.com\/es\/wp-json\/wp\/v2\/pages\/4714","targetHints":{"allow":["GET"]}}],"collection":[{"href":"https:\/\/acans.com\/es\/wp-json\/wp\/v2\/pages"}],"about":[{"href":"https:\/\/acans.com\/es\/wp-json\/wp\/v2\/types\/page"}],"author":[{"embeddable":true,"href":"https:\/\/acans.com\/es\/wp-json\/wp\/v2\/users\/1"}],"replies":[{"embeddable":true,"href":"https:\/\/acans.com\/es\/wp-json\/wp\/v2\/comments?post=4714"}],"version-history":[{"count":0,"href":"https:\/\/acans.com\/es\/wp-json\/wp\/v2\/pages\/4714\/revisions"}],"wp:attachment":[{"href":"https:\/\/acans.com\/es\/wp-json\/wp\/v2\/media?parent=4714"}],"curies":[{"name":"wp","href":"https:\/\/api.w.org\/{rel}","templated":true}]}}