{"id":5365,"date":"2026-03-30T17:29:46","date_gmt":"2026-03-30T15:29:46","guid":{"rendered":"https:\/\/acans.com\/gruppe\/governance-compliance\/"},"modified":"2026-04-12T18:00:37","modified_gmt":"2026-04-12T16:00:37","slug":"governance-compliance","status":"publish","type":"page","link":"https:\/\/acans.com\/de\/gruppe\/governance-compliance\/","title":{"rendered":"GOVERNANCE &amp; COMPLIANCE"},"content":{"rendered":"\n<style type=\"text\/css\" data-created_by=\"avia_inline_auto\" id=\"style-css-av-1cz85vz-561fd522ae5a29fb0ef9e394b70f44b2\">\n.avia-section.av-1cz85vz-561fd522ae5a29fb0ef9e394b70f44b2{\nbackground-repeat:no-repeat;\nbackground-image:url(https:\/\/acans.com\/wp-content\/uploads\/2026\/04\/BG-ACANS-COMPLIANCE.png);\nbackground-position:0% 0%;\nbackground-attachment:fixed;\n}\n<\/style>\n<div id='av_section_1'  class='avia-section av-1cz85vz-561fd522ae5a29fb0ef9e394b70f44b2 main_color avia-section-no-padding avia-no-border-styling  avia-builder-el-0  el_before_av_three_fifth  avia-builder-el-first  avia-full-stretch avia-bg-style-fixed av-minimum-height av-minimum-height-custom av-height-custom  container_wrap sidebar_right'  data-section-bg-repeat='stretch' data-av_minimum_height_px='400'><div class='container av-section-cont-open' style='height:400px'><main  role=\"main\" itemprop=\"mainContentOfPage\"  class='template-page content  av-content-small alpha units'><div class='post-entry post-entry-type-page post-entry-5365'><div class='entry-content-wrapper clearfix'>\n\n<style type=\"text\/css\" data-created_by=\"avia_inline_auto\" id=\"style-css-av-mndchxat-09ccf218792cbcb0e3ea5592bf9fe338\">\n#top .av-special-heading.av-mndchxat-09ccf218792cbcb0e3ea5592bf9fe338{\npadding-bottom:10px;\n}\nbody .av-special-heading.av-mndchxat-09ccf218792cbcb0e3ea5592bf9fe338 .av-special-heading-tag .heading-char{\nfont-size:25px;\n}\n.av-special-heading.av-mndchxat-09ccf218792cbcb0e3ea5592bf9fe338 .av-subheading{\nfont-size:15px;\n}\n<\/style>\n<div  class='av-special-heading av-mndchxat-09ccf218792cbcb0e3ea5592bf9fe338 av-special-heading-h3 blockquote modern-quote  avia-builder-el-1  el_before_av_textblock  avia-builder-el-first  acans-title-l'><h3 class='av-special-heading-tag '  itemprop=\"headline\"  >Governance und Compliance<\/h3><div class=\"special-heading-border\"><div class=\"special-heading-inner-border\"><\/div><\/div><\/div>\n<section  class='av_textblock_section av-1btbgm7-149004ff3b4d3b334ae825647e7ca9c8 '   itemscope=\"itemscope\" itemtype=\"https:\/\/schema.org\/CreativeWork\" ><div class='avia_textblock acans-kicker'  itemprop=\"text\" ><p class=\"p1\">Hohe Standards als strukturierender Anspruch im Zentrum unserer Architektur.<\/p>\n<\/div><\/section>\n<\/div><\/div><\/main><!-- close content main element --><\/div><\/div><div id='after_section_1'  class='main_color av_default_container_wrap container_wrap sidebar_right'  ><div class='container av-section-cont-open' ><div class='template-page content  av-content-small alpha units'><div class='post-entry post-entry-type-page post-entry-5365'><div class='entry-content-wrapper clearfix'>\n<div  class='flex_column av-47p47z-1e510cdffff395d31e913b5c941b15d1 av_three_fifth  avia-builder-el-3  el_after_av_section  el_before_av_two_fifth  avia-builder-el-first  first flex_column_div  '     ><p>\n<style type=\"text\/css\" data-created_by=\"avia_inline_auto\" id=\"style-css-av-mnle8nz9-bbca8e6b125f0d4b820c8d55dd927a40\">\nbody .av-special-heading.av-mnle8nz9-bbca8e6b125f0d4b820c8d55dd927a40 .av-special-heading-tag .heading-char{\nfont-size:25px;\n}\n.av-special-heading.av-mnle8nz9-bbca8e6b125f0d4b820c8d55dd927a40 .av-subheading{\nfont-size:15px;\n}\n<\/style>\n<div  class='av-special-heading av-mnle8nz9-bbca8e6b125f0d4b820c8d55dd927a40 av-special-heading-h2 blockquote modern-quote  avia-builder-el-4  el_before_av_textblock  avia-builder-el-first '><h2 class='av-special-heading-tag '  itemprop=\"headline\"  >Ein Pr\u00fcfer interessiert sich nicht f\u00fcr Absichten; er pr\u00fcft Nachweise.<\/h2><div class=\"special-heading-border\"><div class=\"special-heading-inner-border\"><\/div><\/div><\/div><br \/>\n<section  class='av_textblock_section av-mnlcw6c1-744bbf3b50e11d278371b42a9538cc02 '   itemscope=\"itemscope\" itemtype=\"https:\/\/schema.org\/CreativeWork\" ><div class='avia_textblock'  itemprop=\"text\" ><p class=\"p1\">ACANS EURO GROUP wurde nach dieser Logik aufgebaut: dokumentieren, versionieren, nachverfolgen und Verantwortung \u00fcbernehmen.<\/p>\n<p class=\"p1\">Innerhalb der Gruppe ist eine rigorose Governance keine Randbedingung. Sie ist vielmehr eine der Grundlagen f\u00fcr nachhaltige Performance, Ausf\u00fchrungsqualit\u00e4t und die Stabilit\u00e4t der Beziehungen, die wir mit unseren Partnern, unseren Mandanten und unserem \u00d6kosystem pflegen. <\/p>\n<p class=\"p1\">Dieser Anspruch durchdringt unsere gesamte Organisation: unsere internen Prozesse, die Strukturierung unserer Angebote, unsere Entscheidungswege, unsere Kontrollmechanismen und unsere Art der Interaktion mit Fachleuten, Institutionen und Aufsichtsbeh\u00f6rden.<\/p>\n<p class=\"p1\">Unser Ansatz basiert auf einer anspruchsvollen Auslegung der Prinzipien von Verantwortung, Nachvollziehbarkeit und Transparenz, in Koh\u00e4renz mit den Leitlinien der ISO 26000 und mit einer klar vertretenen, pragmatischen und operativen ESG-Vision.<\/p>\n<\/div><\/section><\/p><\/div>\n<div  class='flex_column av-1yu0u7-6f07def5042777670f6cb2d1b7d71dee av_two_fifth  avia-builder-el-6  el_after_av_three_fifth  el_before_av_section  avia-builder-el-last  flex_column_div  '     ><p>\n<style type=\"text\/css\" data-created_by=\"avia_inline_auto\" id=\"style-css-av-mnlekqlb-9996990d27d1feac75a8f783d6e25fb7\">\n.avia-image-container.av-mnlekqlb-9996990d27d1feac75a8f783d6e25fb7 img.avia_image{\nbox-shadow:none;\n}\n.avia-image-container.av-mnlekqlb-9996990d27d1feac75a8f783d6e25fb7 .av-image-caption-overlay-center{\ncolor:#ffffff;\n}\n<\/style>\n<div  class='avia-image-container av-mnlekqlb-9996990d27d1feac75a8f783d6e25fb7 av-styling- avia-align-center  avia-builder-el-7  el_before_av_textblock  avia-builder-el-first '   itemprop=\"image\" itemscope=\"itemscope\" itemtype=\"https:\/\/schema.org\/ImageObject\" ><div class=\"avia-image-container-inner\"><div class=\"avia-image-overlay-wrap\"><img decoding=\"async\" fetchpriority=\"high\" class='wp-image-5366 avia-img-lazy-loading-not-5366 avia_image ' src=\"https:\/\/acans.com\/wp-content\/uploads\/2026\/03\/Groupe_3_NB-scaled.jpg\" alt='' title='Gruppe_3_NB'  height=\"1707\" width=\"2560\"  itemprop=\"thumbnailUrl\" srcset=\"https:\/\/acans.com\/wp-content\/uploads\/2026\/03\/Groupe_3_NB-scaled.jpg 2560w, https:\/\/acans.com\/wp-content\/uploads\/2026\/03\/Groupe_3_NB-300x200.jpg 300w, https:\/\/acans.com\/wp-content\/uploads\/2026\/03\/Groupe_3_NB-1030x687.jpg 1030w, https:\/\/acans.com\/wp-content\/uploads\/2026\/03\/Groupe_3_NB-768x512.jpg 768w, https:\/\/acans.com\/wp-content\/uploads\/2026\/03\/Groupe_3_NB-1536x1024.jpg 1536w, https:\/\/acans.com\/wp-content\/uploads\/2026\/03\/Groupe_3_NB-2048x1366.jpg 2048w, https:\/\/acans.com\/wp-content\/uploads\/2026\/03\/Groupe_3_NB-1500x1000.jpg 1500w, https:\/\/acans.com\/wp-content\/uploads\/2026\/03\/Groupe_3_NB-705x470.jpg 705w\" sizes=\"(max-width: 2560px) 100vw, 2560px\" \/><\/div><\/div><\/div><br \/>\n<section  class='av_textblock_section av-mnlfdj0v-3f9fbffe3e1b799e4826de5e8e2b6f22 '   itemscope=\"itemscope\" itemtype=\"https:\/\/schema.org\/CreativeWork\" ><div class='avia_textblock'  itemprop=\"text\" ><p>ACANS GOVERNANCE &amp; COMPLIANCE<\/p>\n<blockquote>\n<p>Julie Lhardit (DirCom) \u2013 S\u00e9bastien Baudry (DG)<br \/>\nPhilippe Di\u00e9 (Gesch\u00e4ftsf\u00fchrer) \u2013 Thilo Firchow (Compliance)<\/p>\n<\/blockquote>\n<\/div><\/section><\/p><\/div>\n<\/div><\/div><\/div><!-- close content main div --><\/div><\/div>\n<style type=\"text\/css\" data-created_by=\"avia_inline_auto\" id=\"style-css-av-8sojnz-85a9a6286c40eaaf003bcab07644c391\">\n.avia-section.av-8sojnz-85a9a6286c40eaaf003bcab07644c391{\nbackground-repeat:no-repeat;\nbackground-image:url(https:\/\/acans.com\/wp-content\/uploads\/2026\/04\/BG-ACANS-COMPLIANCE.png);\nbackground-position:50% 50%;\nbackground-attachment:fixed;\n}\n<\/style>\n<div id='av_section_2'  class='avia-section av-8sojnz-85a9a6286c40eaaf003bcab07644c391 main_color avia-section-default avia-no-border-styling  avia-builder-el-9  el_after_av_two_fifth  el_before_av_section  avia-bg-style-fixed container_wrap sidebar_right'  data-section-bg-repeat='no-repeat'><div class='container av-section-cont-open' ><div class='template-page content  av-content-small alpha units'><div class='post-entry post-entry-type-page post-entry-5365'><div class='entry-content-wrapper clearfix'>\n\n<style type=\"text\/css\" data-created_by=\"avia_inline_auto\" id=\"style-css-av-e21gm7-4c249809ee7c879f89eef17d8ff1c80e\">\n#top .av-special-heading.av-e21gm7-4c249809ee7c879f89eef17d8ff1c80e{\npadding-bottom:10px;\n}\nbody .av-special-heading.av-e21gm7-4c249809ee7c879f89eef17d8ff1c80e .av-special-heading-tag .heading-char{\nfont-size:25px;\n}\n.av-special-heading.av-e21gm7-4c249809ee7c879f89eef17d8ff1c80e .av-subheading{\nfont-size:15px;\n}\n<\/style>\n<div  class='av-special-heading av-e21gm7-4c249809ee7c879f89eef17d8ff1c80e av-special-heading-h2 blockquote modern-quote  avia-builder-el-10  el_before_av_one_fourth  avia-builder-el-first  aeg-section-title'><h2 class='av-special-heading-tag '  itemprop=\"headline\"  >Angewandte Prinzipien, nicht nur kommuniziert<\/h2><div class=\"special-heading-border\"><div class=\"special-heading-inner-border\"><\/div><\/div><\/div>\n<div class='flex_column_table av-81oytb-1a642ad1a95cf1b4bec7dcbe3951defd sc-av_one_fourth av-equal-height-column-flextable'>\n<style type=\"text\/css\" data-created_by=\"avia_inline_auto\" id=\"style-css-av-81oytb-1a642ad1a95cf1b4bec7dcbe3951defd\">\n.flex_column.av-81oytb-1a642ad1a95cf1b4bec7dcbe3951defd{\nwidth:22%;\nmargin-left:0;\npadding:15px 15px 15px 15px;\nbackground-color:rgba(255,255,255,0.7);\n}\n#top .flex_column_table.av-equal-height-column-flextable.av-81oytb-1a642ad1a95cf1b4bec7dcbe3951defd .av-flex-placeholder{\nwidth:4%;\n}\n<\/style>\n<div  class='flex_column av-81oytb-1a642ad1a95cf1b4bec7dcbe3951defd av_one_fourth  avia-builder-el-11  el_after_av_heading  el_before_av_one_fourth  first flex_column_table_cell av-equal-height-column av-align-top av-animated-generic fade-in  '     ><p>\n<style type=\"text\/css\" data-created_by=\"avia_inline_auto\" id=\"style-css-av-mnldymjt-b16f25c4d54f69c9b8b413c97b320a8d\">\n#top .av-special-heading.av-mnldymjt-b16f25c4d54f69c9b8b413c97b320a8d{\nmargin:0px 0 0 0;\npadding-bottom:10px;\n}\nbody .av-special-heading.av-mnldymjt-b16f25c4d54f69c9b8b413c97b320a8d .av-special-heading-tag .heading-char{\nfont-size:25px;\n}\n.av-special-heading.av-mnldymjt-b16f25c4d54f69c9b8b413c97b320a8d .av-subheading{\nfont-size:15px;\n}\n<\/style>\n<div  class='av-special-heading av-mnldymjt-b16f25c4d54f69c9b8b413c97b320a8d av-special-heading-h3 blockquote modern-quote  avia-builder-el-12  el_before_av_textblock  avia-builder-el-first  acans-title-s'><h3 class='av-special-heading-tag '  itemprop=\"headline\"  >Unabh\u00e4ngigkeit<\/h3><div class=\"special-heading-border\"><div class=\"special-heading-inner-border\"><\/div><\/div><\/div><br \/>\n<section  class='av_textblock_section av-mnldyz1c-14d03356cef3ad64e390e00a10620ac3 '   itemscope=\"itemscope\" itemtype=\"https:\/\/schema.org\/CreativeWork\" ><div class='avia_textblock acans-text-body acans-panel-line'  itemprop=\"text\" ><p>Unsere Empfehlungen werden weder durch kapitalm\u00e4\u00dfige Verflechtungen mit Produktanbietern noch durch eine Logik wirtschaftlicher Abh\u00e4ngigkeit bestimmt.<\/p>\n<p>Wir vertreten einen Ansatz, der auf Analyse und Koh\u00e4renz im gemeinsamen Interesse Ihres Unternehmens und Ihrer Mandanten beruht.<\/p>\n<\/div><\/section><\/p><\/div><div class='av-flex-placeholder'><\/div>\n<style type=\"text\/css\" data-created_by=\"avia_inline_auto\" id=\"style-css-av-m09in-48af27838c8a732aecc1f72a78d2a168\">\n.flex_column.av-m09in-48af27838c8a732aecc1f72a78d2a168{\nwidth:22%;\nmargin-left:0;\npadding:15px 15px 15px 15px;\nbackground-color:rgba(255,255,255,0.7);\n}\n#top .flex_column_table.av-equal-height-column-flextable.av-m09in-48af27838c8a732aecc1f72a78d2a168 .av-flex-placeholder{\nwidth:4%;\n}\n<\/style>\n<div  class='flex_column av-m09in-48af27838c8a732aecc1f72a78d2a168 av_one_fourth  avia-builder-el-14  el_after_av_one_fourth  el_before_av_one_fourth  flex_column_table_cell av-equal-height-column av-align-top av-animated-generic fade-in  '     ><p>\n<style type=\"text\/css\" data-created_by=\"avia_inline_auto\" id=\"style-css-av-mnldze5r-afc2d82ee23d70dd914def060ac57aab\">\n#top .av-special-heading.av-mnldze5r-afc2d82ee23d70dd914def060ac57aab{\nmargin:0px 0 0 0;\npadding-bottom:10px;\n}\nbody .av-special-heading.av-mnldze5r-afc2d82ee23d70dd914def060ac57aab .av-special-heading-tag .heading-char{\nfont-size:25px;\n}\n.av-special-heading.av-mnldze5r-afc2d82ee23d70dd914def060ac57aab .av-subheading{\nfont-size:15px;\n}\n<\/style>\n<div  class='av-special-heading av-mnldze5r-afc2d82ee23d70dd914def060ac57aab av-special-heading-h3 blockquote modern-quote  avia-builder-el-15  el_before_av_textblock  avia-builder-el-first  acans-title-s'><h3 class='av-special-heading-tag '  itemprop=\"headline\"  >Nachvollziehbarkeit<\/h3><div class=\"special-heading-border\"><div class=\"special-heading-inner-border\"><\/div><\/div><\/div><br \/>\n<section  class='av_textblock_section av-mnldzon1-998214790b19687806200f8cf1e0a62f '   itemscope=\"itemscope\" itemtype=\"https:\/\/schema.org\/CreativeWork\" ><div class='avia_textblock acans-text-body acans-panel-line'  itemprop=\"text\" ><p class=\"p2\">Wir wenden auf unsere eigene Organisation die Standards der Dokumentation an, die wir bei Ihren Unternehmen und unseren Partnern f\u00f6rdern.<\/p>\n<p class=\"p2\">Jede strukturierende Entscheidung, jeder sensible Prozess, jede wesentliche Beziehung folgt einer Logik der Formalisierung, Dokumentation und rechtlichen Durchsetzbarkeit.<\/p>\n<\/div><\/section><\/p><\/div><div class='av-flex-placeholder'><\/div>\n<style type=\"text\/css\" data-created_by=\"avia_inline_auto\" id=\"style-css-av-4nqj9b-1fae97566133f6698d07ad57f5b3f809\">\n.flex_column.av-4nqj9b-1fae97566133f6698d07ad57f5b3f809{\nwidth:22%;\nmargin-left:0;\npadding:15px 15px 15px 15px;\nbackground-color:rgba(255,255,255,0.7);\n}\n#top .flex_column_table.av-equal-height-column-flextable.av-4nqj9b-1fae97566133f6698d07ad57f5b3f809 .av-flex-placeholder{\nwidth:4%;\n}\n<\/style>\n<div  class='flex_column av-4nqj9b-1fae97566133f6698d07ad57f5b3f809 av_one_fourth  avia-builder-el-17  el_after_av_one_fourth  el_before_av_one_fourth  flex_column_table_cell av-equal-height-column av-align-top av-animated-generic fade-in  '     ><p>\n<style type=\"text\/css\" data-created_by=\"avia_inline_auto\" id=\"style-css-av-mnle0567-4defe7da8ba2732d56a9af05228135c3\">\n#top .av-special-heading.av-mnle0567-4defe7da8ba2732d56a9af05228135c3{\nmargin:0px 0 0 0;\npadding-bottom:10px;\n}\nbody .av-special-heading.av-mnle0567-4defe7da8ba2732d56a9af05228135c3 .av-special-heading-tag .heading-char{\nfont-size:25px;\n}\n.av-special-heading.av-mnle0567-4defe7da8ba2732d56a9af05228135c3 .av-subheading{\nfont-size:15px;\n}\n<\/style>\n<div  class='av-special-heading av-mnle0567-4defe7da8ba2732d56a9af05228135c3 av-special-heading-h3 blockquote modern-quote  avia-builder-el-18  el_before_av_textblock  avia-builder-el-first  acans-title-s'><h3 class='av-special-heading-tag '  itemprop=\"headline\"  >Verantwortung<\/h3><div class=\"special-heading-border\"><div class=\"special-heading-inner-border\"><\/div><\/div><\/div><br \/>\n<section  class='av_textblock_section av-mnle0g35-22fb01b51461cd6cf1b8fc57ce2ac78e '   itemscope=\"itemscope\" itemtype=\"https:\/\/schema.org\/CreativeWork\" ><div class='avia_textblock acans-text-body acans-panel-line'  itemprop=\"text\" ><p class=\"p2\">Wir \u00fcbernehmen vollumf\u00e4nglich unsere Rolle in der Wertsch\u00f6pfungskette der Bereiche Verm\u00f6gensmanagement, Versicherung, Immobilien und Compliance.<\/p>\n<p class=\"p2\">Unsere Leistungen sind darauf ausgelegt, Risikozonen zu reduzieren, Transaktionen abzusichern und Beziehungen langfristig zu verankern.<\/p>\n<\/div><\/section><\/p><\/div><div class='av-flex-placeholder'><\/div>\n<style type=\"text\/css\" data-created_by=\"avia_inline_auto\" id=\"style-css-av-2phtb3-fc9e6329c7abb558f42db31a55645af4\">\n.flex_column.av-2phtb3-fc9e6329c7abb558f42db31a55645af4{\nwidth:22%;\nmargin-left:0;\npadding:15px 15px 15px 15px;\nbackground-color:rgba(255,255,255,0.7);\n}\n#top .flex_column_table.av-equal-height-column-flextable.av-2phtb3-fc9e6329c7abb558f42db31a55645af4 .av-flex-placeholder{\nwidth:4%;\n}\n<\/style>\n<div  class='flex_column av-2phtb3-fc9e6329c7abb558f42db31a55645af4 av_one_fourth  avia-builder-el-20  el_after_av_one_fourth  avia-builder-el-last  flex_column_table_cell av-equal-height-column av-align-top av-animated-generic fade-in  '     ><p>\n<style type=\"text\/css\" data-created_by=\"avia_inline_auto\" id=\"style-css-av-mnle0z3c-cdb146345e9ae90f76c74393683440a5\">\n#top .av-special-heading.av-mnle0z3c-cdb146345e9ae90f76c74393683440a5{\nmargin:0px 0 0 0;\npadding-bottom:10px;\n}\nbody .av-special-heading.av-mnle0z3c-cdb146345e9ae90f76c74393683440a5 .av-special-heading-tag .heading-char{\nfont-size:25px;\n}\n.av-special-heading.av-mnle0z3c-cdb146345e9ae90f76c74393683440a5 .av-subheading{\nfont-size:15px;\n}\n<\/style>\n<div  class='av-special-heading av-mnle0z3c-cdb146345e9ae90f76c74393683440a5 av-special-heading-h3 blockquote modern-quote  avia-builder-el-21  el_before_av_textblock  avia-builder-el-first  acans-title-s'><h3 class='av-special-heading-tag '  itemprop=\"headline\"  >Regulatorische Compliance<\/h3><div class=\"special-heading-border\"><div class=\"special-heading-inner-border\"><\/div><\/div><\/div><br \/>\n<section  class='av_textblock_section av-mnle1ep5-a66ae712f9a0383e045357abf5767627 '   itemscope=\"itemscope\" itemtype=\"https:\/\/schema.org\/CreativeWork\" ><div class='avia_textblock acans-text-body acans-panel-line'  itemprop=\"text\" ><p class=\"p2\">Unsere Organisation ist darauf ausgerichtet, die in den Jurisdiktionen, in denen wir t\u00e4tig sind, geltenden hohen Standards zu erf\u00fcllen, insbesondere in Frankreich, Luxemburg, der Schweiz und Portugal.<\/p>\n<p class=\"p2\">Sie entwickelt sich kontinuierlich weiter, um normative Anpassungen, Markterwartungen und Kontrollanforderungen zu integrieren.<\/p>\n<\/div><\/section><\/p><\/div><\/div><!--close column table wrapper. Autoclose: 1 --><\/div><\/div><\/div><!-- close content main div --><\/div><\/div><div id='av_section_3'  class='avia-section av-mnldiyci-b37215cf169393bc8ada45b0ee67eee6 main_color avia-section-default avia-no-border-styling  avia-builder-el-23  el_after_av_section  avia-builder-el-last  avia-bg-style-scroll container_wrap sidebar_right'  ><div class='container av-section-cont-open' ><div class='template-page content  av-content-small alpha units'><div class='post-entry post-entry-type-page post-entry-5365'><div class='entry-content-wrapper clearfix'>\n<div  class='flex_column av-wjraof-22276ab1865caf7c516f0ea6b8e184e6 av_one_full  avia-builder-el-24  avia-builder-el-no-sibling  first flex_column_div  '     ><p>\n<style type=\"text\/css\" data-created_by=\"avia_inline_auto\" id=\"style-css-av-mnlcze8i-75c5ab9f883a933ebd15c732d3456527\">\n#top .av-special-heading.av-mnlcze8i-75c5ab9f883a933ebd15c732d3456527{\npadding-bottom:10px;\n}\nbody .av-special-heading.av-mnlcze8i-75c5ab9f883a933ebd15c732d3456527 .av-special-heading-tag .heading-char{\nfont-size:25px;\n}\n.av-special-heading.av-mnlcze8i-75c5ab9f883a933ebd15c732d3456527 .av-subheading{\nfont-size:15px;\n}\n<\/style>\n<div  class='av-special-heading av-mnlcze8i-75c5ab9f883a933ebd15c732d3456527 av-special-heading-h2 blockquote modern-quote  avia-builder-el-25  el_before_av_textblock  avia-builder-el-first '><h2 class='av-special-heading-tag '  itemprop=\"headline\"  >Eine Governance, die als strategischer Verm\u00f6genswert konzipiert ist<\/h2><div class=\"special-heading-border\"><div class=\"special-heading-inner-border\"><\/div><\/div><\/div><br \/>\n<section  class='av_textblock_section av-vbwi9b-549fc9e025a331fe322284099aeaf902 '   itemscope=\"itemscope\" itemtype=\"https:\/\/schema.org\/CreativeWork\" ><div class='avia_textblock'  itemprop=\"text\" ><p class=\"p1\">F\u00fcr ACANS EURO GROUP sind Governance und Compliance nicht nur Supportfunktionen; sie tragen direkt zur Ausf\u00fchrungsqualit\u00e4t, zur Risikosteuerung und zur langfristigen Glaubw\u00fcrdigkeit der Gruppe bei.<\/p>\n<p class=\"p1\">Sie bilden einen Arbeitsrahmen, eine Methode der Steuerung und einen Faktor nachhaltigen Vertrauens.<\/p>\n<p class=\"p1\">Diese \u00fcbergreifende Disziplin erm\u00f6glicht es uns, unsere Aktivit\u00e4ten mit hohen Standards zu strukturieren, unsere Partner mit Seriosit\u00e4t zu begleiten und die Gruppe auf soliden, nachvollziehbaren und dauerhaften Grundlagen weiterzuentwickeln.<\/p>\n<\/div><\/section><\/p><\/div>\n<\/div><\/div><\/div><!-- close content main div --><\/div><\/div><div id='after_section_3'  class='main_color av_default_container_wrap container_wrap sidebar_right'  ><div class='container av-section-cont-open' ><div class='template-page content  av-content-small alpha units'><div class='post-entry post-entry-type-page post-entry-5365'><div class='entry-content-wrapper clearfix'><\/p>\n","protected":false},"excerpt":{"rendered":"","protected":false},"author":1,"featured_media":0,"parent":4736,"menu_order":0,"comment_status":"closed","ping_status":"closed","template":"","meta":{"footnotes":""},"class_list":["post-5365","page","type-page","status-publish","hentry"],"_links":{"self":[{"href":"https:\/\/acans.com\/de\/wp-json\/wp\/v2\/pages\/5365","targetHints":{"allow":["GET"]}}],"collection":[{"href":"https:\/\/acans.com\/de\/wp-json\/wp\/v2\/pages"}],"about":[{"href":"https:\/\/acans.com\/de\/wp-json\/wp\/v2\/types\/page"}],"author":[{"embeddable":true,"href":"https:\/\/acans.com\/de\/wp-json\/wp\/v2\/users\/1"}],"replies":[{"embeddable":true,"href":"https:\/\/acans.com\/de\/wp-json\/wp\/v2\/comments?post=5365"}],"version-history":[{"count":0,"href":"https:\/\/acans.com\/de\/wp-json\/wp\/v2\/pages\/5365\/revisions"}],"up":[{"embeddable":true,"href":"https:\/\/acans.com\/de\/wp-json\/wp\/v2\/pages\/4736"}],"wp:attachment":[{"href":"https:\/\/acans.com\/de\/wp-json\/wp\/v2\/media?parent=5365"}],"curies":[{"name":"wp","href":"https:\/\/api.w.org\/{rel}","templated":true}]}}