{"id":5278,"date":"2026-04-06T19:37:32","date_gmt":"2026-04-06T17:37:32","guid":{"rendered":"https:\/\/acans.com\/angebote\/institutionelle-partner\/"},"modified":"2026-04-12T17:57:20","modified_gmt":"2026-04-12T15:57:20","slug":"institutionelle-partner","status":"publish","type":"page","link":"https:\/\/acans.com\/de\/angebote\/institutionelle-partner\/","title":{"rendered":"institutionelle Partner"},"content":{"rendered":"\n<style type=\"text\/css\" data-created_by=\"avia_inline_auto\" id=\"style-css-av-h7148s-13e0416bc2e61b710e6a108906901fe4\">\n.avia-section.av-h7148s-13e0416bc2e61b710e6a108906901fe4{\nbackground-repeat:no-repeat;\nbackground-image:url(https:\/\/acans.com\/wp-content\/uploads\/2026\/04\/BG-FINAL-OFFRES.png);\nbackground-position:100% 0%;\nbackground-attachment:fixed;\n}\n<\/style>\n<div id='av_section_1'  class='avia-section av-h7148s-13e0416bc2e61b710e6a108906901fe4 main_color avia-section-default avia-no-border-styling  avia-builder-el-0  el_before_av_section  avia-builder-el-first  aeg-hero avia-full-stretch avia-bg-style-fixed av-minimum-height av-minimum-height-custom av-height-custom  container_wrap sidebar_right'  data-section-bg-repeat='stretch' data-av_minimum_height_px='700'><div class='container av-section-cont-open' style='height:700px'><main  role=\"main\" itemprop=\"mainContentOfPage\"  class='template-page content  av-content-small alpha units'><div class='post-entry post-entry-type-page post-entry-5278'><div class='entry-content-wrapper clearfix'>\n<div  class='flex_column av-f8kw8c-fe7c1ddd4a28ccd32f8b578f2901ae6d av_three_fifth  avia-builder-el-1  el_before_av_two_fifth  avia-builder-el-first  first flex_column_div  '     ><p>\n<style type=\"text\/css\" data-created_by=\"avia_inline_auto\" id=\"style-css-av-mnnhmu90-b0ad3a23eca6513f0cd9a69b7bb9b70e\">\n#top .av-special-heading.av-mnnhmu90-b0ad3a23eca6513f0cd9a69b7bb9b70e{\npadding-bottom:10px;\n}\nbody .av-special-heading.av-mnnhmu90-b0ad3a23eca6513f0cd9a69b7bb9b70e .av-special-heading-tag .heading-char{\nfont-size:25px;\n}\n.av-special-heading.av-mnnhmu90-b0ad3a23eca6513f0cd9a69b7bb9b70e .av-subheading{\nfont-size:15px;\n}\n<\/style>\n<div  class='av-special-heading av-mnnhmu90-b0ad3a23eca6513f0cd9a69b7bb9b70e av-special-heading-h2 blockquote modern-quote  avia-builder-el-2  el_before_av_textblock  avia-builder-el-first  acans-title-hero'><h2 class='av-special-heading-tag '  itemprop=\"headline\"  >Institutionelle Partner<\/h2><div class=\"special-heading-border\"><div class=\"special-heading-inner-border\"><\/div><\/div><\/div><br \/>\n<section  class='av_textblock_section av-mnnhnbe8-6905c4a28ba9d629f2db268fb01356ef '   itemscope=\"itemscope\" itemtype=\"https:\/\/schema.org\/CreativeWork\" ><div class='avia_textblock acans-kicker'  itemprop=\"text\" ><p class=\"p1\">Ein strategischer Partner f\u00fcr Ihre institutionellen Ambitionen<\/p>\n<\/div><\/section><br \/>\n<section  class='av_textblock_section av-mnnkqtto-216c8bd9ef267393beae424788a6d403 '   itemscope=\"itemscope\" itemtype=\"https:\/\/schema.org\/CreativeWork\" ><div class='avia_textblock'  itemprop=\"text\" ><p>Ihre L\u00f6sungen haben nur dann einen Wert, wenn sie von Fachleuten getragen werden, die in der Lage sind, sie zu verstehen, korrekt zu pr\u00e4sentieren und ihre Distribution zu dokumentieren.<\/p>\n<\/div><\/section><\/p><\/div><div  class='flex_column av-4ymws-b698ea60a6b8812c1bd83e9dcc221631 av_two_fifth  avia-builder-el-5  el_after_av_three_fifth  avia-builder-el-last  flex_column_div  '     ><\/div><\/div><\/div><\/main><!-- close content main element --><\/div><\/div><div id='av_section_2'  class='avia-section av-cwzf6k-c36d92fb322bea0c2b2290f7fbd4c895 main_color avia-section-default avia-no-border-styling  avia-builder-el-6  el_after_av_section  el_before_av_section  avia-bg-style-scroll container_wrap sidebar_right'  ><div class='container av-section-cont-open' ><div class='template-page content  av-content-small alpha units'><div class='post-entry post-entry-type-page post-entry-5278'><div class='entry-content-wrapper clearfix'>\n<section  class='av_textblock_section av-mnnho8dr-59aa79cf61d94034d15f72603c0683e7 '   itemscope=\"itemscope\" itemtype=\"https:\/\/schema.org\/CreativeWork\" ><div class='avia_textblock'  itemprop=\"text\" ><p class=\"p1\">Auf diese Weise gestaltet ACANS EURO GROUP die Beziehung zu institutionellen Akteuren. Unsere Aufgabe ist es, eine strukturierte Schnittstelle zwischen Ihren Entwicklungsambitionen und einem Netzwerk ausgew\u00e4hlter, begleiteten Verm\u00f6gensprofis zu schaffen, die in einen Rahmen mit hoher Lesbarkeit eingebunden sind. <\/p>\n<blockquote>\n<p class=\"p1\">Das institutionelle Angebot der Gruppe richtet sich an Projektentwickler, Investoren, Versicherer und Betreiber, die Vertriebspartnerschaften in einem anspruchsvollen, dokumentierten und nachhaltigen Umfeld eingehen m\u00f6chten.<\/p>\n<\/blockquote>\n<\/div><\/section>\n<\/p>\n<\/div><\/div><\/div><!-- close content main div --><\/div><\/div>\n<style type=\"text\/css\" data-created_by=\"avia_inline_auto\" id=\"style-css-av-1195rvg-76fbbabbbe4d203a8871b2ef60bb527f\">\n.avia-section.av-1195rvg-76fbbabbbe4d203a8871b2ef60bb527f{\nbackground-repeat:no-repeat;\nbackground-image:url(https:\/\/acans.com\/wp-content\/uploads\/2026\/04\/BG-FINAL-OFFRES.png);\nbackground-position:50% 50%;\nbackground-attachment:fixed;\n}\n<\/style>\n<div id='av_section_3'  class='avia-section av-1195rvg-76fbbabbbe4d203a8871b2ef60bb527f main_color avia-section-default avia-no-border-styling  avia-builder-el-8  el_after_av_section  el_before_av_section  avia-full-stretch avia-bg-style-fixed container_wrap sidebar_right'  data-section-bg-repeat='stretch'><div class='container av-section-cont-open' ><div class='template-page content  av-content-small alpha units'><div class='post-entry post-entry-type-page post-entry-5278'><div class='entry-content-wrapper clearfix'>\n\n<style type=\"text\/css\" data-created_by=\"avia_inline_auto\" id=\"style-css-av-mnnrho53-f08d7f9575e5f66f88c98a2f0eaf501e\">\n#top .av-special-heading.av-mnnrho53-f08d7f9575e5f66f88c98a2f0eaf501e{\npadding-bottom:10px;\n}\nbody .av-special-heading.av-mnnrho53-f08d7f9575e5f66f88c98a2f0eaf501e .av-special-heading-tag .heading-char{\nfont-size:25px;\n}\n.av-special-heading.av-mnnrho53-f08d7f9575e5f66f88c98a2f0eaf501e .av-subheading{\nfont-size:15px;\n}\n<\/style>\n<div  class='av-special-heading av-mnnrho53-f08d7f9575e5f66f88c98a2f0eaf501e av-special-heading-h2 blockquote modern-quote  avia-builder-el-9  el_before_av_one_fourth  avia-builder-el-first  aeg-section-title'><h2 class='av-special-heading-tag '  itemprop=\"headline\"  >Was wir f\u00fcr Sie darstellen<\/h2><div class=\"special-heading-border\"><div class=\"special-heading-inner-border\"><\/div><\/div><\/div>\n<div class='flex_column_table av-109yub0-d1e55733206284a0bc80991185e6569e sc-av_one_fourth av-equal-height-column-flextable'>\n<style type=\"text\/css\" data-created_by=\"avia_inline_auto\" id=\"style-css-av-109yub0-d1e55733206284a0bc80991185e6569e\">\n.flex_column.av-109yub0-d1e55733206284a0bc80991185e6569e{\nwidth:22%;\nmargin-left:0;\npadding:15px 15px 15px 15px;\nbackground-color:rgba(255,255,255,0.7);\n}\n#top .flex_column_table.av-equal-height-column-flextable.av-109yub0-d1e55733206284a0bc80991185e6569e .av-flex-placeholder{\nwidth:4%;\n}\n<\/style>\n<div  class='flex_column av-109yub0-d1e55733206284a0bc80991185e6569e av_one_fourth  avia-builder-el-10  el_after_av_heading  el_before_av_one_fourth  first flex_column_table_cell av-equal-height-column av-align-top av-animated-generic fade-in  '     ><p>\n<style type=\"text\/css\" data-created_by=\"avia_inline_auto\" id=\"style-css-av-mnnrkazf-4b5a6844d90e6aadd1603254994ee5fe\">\n#top .av-special-heading.av-mnnrkazf-4b5a6844d90e6aadd1603254994ee5fe{\nmargin:0px 0 0 0;\npadding-bottom:10px;\n}\nbody .av-special-heading.av-mnnrkazf-4b5a6844d90e6aadd1603254994ee5fe .av-special-heading-tag .heading-char{\nfont-size:25px;\n}\n.av-special-heading.av-mnnrkazf-4b5a6844d90e6aadd1603254994ee5fe .av-subheading{\nfont-size:15px;\n}\n<\/style>\n<div  class='av-special-heading av-mnnrkazf-4b5a6844d90e6aadd1603254994ee5fe av-special-heading-h3 blockquote modern-quote  avia-builder-el-11  el_before_av_textblock  avia-builder-el-first  acans-title-s'><h3 class='av-special-heading-tag '  itemprop=\"headline\"  >Qualifizierter Zugang<\/h3><div class=\"special-heading-border\"><div class=\"special-heading-inner-border\"><\/div><\/div><\/div><br \/>\n<section  class='av_textblock_section av-mnnrjli4-e166bc1c42a63b90c97e7f68e5afadf2 '   itemscope=\"itemscope\" itemtype=\"https:\/\/schema.org\/CreativeWork\" ><div class='avia_textblock acans-text-body acans-panel-line'  itemprop=\"text\" ><p>Zu hochwertigen, strukturierten und begleiteten Fachleuten<\/p>\n<p>Zugang zu einem Vertriebs\u00f6kosystem, das auf der Qualit\u00e4t der Praktiker, der Strukturierung der Praktiken und der F\u00e4higkeit basiert, die Beziehung langfristig zu verankern.<\/p>\n<\/div><\/section><\/p><\/div><div class='av-flex-placeholder'><\/div>\n<style type=\"text\/css\" data-created_by=\"avia_inline_auto\" id=\"style-css-av-yf7pyk-60c7a55189ef7d82459cff34e87938ee\">\n.flex_column.av-yf7pyk-60c7a55189ef7d82459cff34e87938ee{\nwidth:22%;\nmargin-left:0;\npadding:15px 15px 15px 15px;\nbackground-color:rgba(255,255,255,0.7);\n}\n#top .flex_column_table.av-equal-height-column-flextable.av-yf7pyk-60c7a55189ef7d82459cff34e87938ee .av-flex-placeholder{\nwidth:4%;\n}\n<\/style>\n<div  class='flex_column av-yf7pyk-60c7a55189ef7d82459cff34e87938ee av_one_fourth  avia-builder-el-13  el_after_av_one_fourth  el_before_av_one_fourth  flex_column_table_cell av-equal-height-column av-align-top av-animated-generic fade-in  '     ><p>\n<style type=\"text\/css\" data-created_by=\"avia_inline_auto\" id=\"style-css-av-mnnroaqi-7ac203b24f7750453a42d0dcf0658702\">\n#top .av-special-heading.av-mnnroaqi-7ac203b24f7750453a42d0dcf0658702{\nmargin:0px 0 0 0;\npadding-bottom:10px;\n}\nbody .av-special-heading.av-mnnroaqi-7ac203b24f7750453a42d0dcf0658702 .av-special-heading-tag .heading-char{\nfont-size:25px;\n}\n.av-special-heading.av-mnnroaqi-7ac203b24f7750453a42d0dcf0658702 .av-subheading{\nfont-size:15px;\n}\n<\/style>\n<div  class='av-special-heading av-mnnroaqi-7ac203b24f7750453a42d0dcf0658702 av-special-heading-h3 blockquote modern-quote  avia-builder-el-14  el_before_av_textblock  avia-builder-el-first  acans-title-s'><h3 class='av-special-heading-tag '  itemprop=\"headline\"  >Geteilte Compliance<\/h3><div class=\"special-heading-border\"><div class=\"special-heading-inner-border\"><\/div><\/div><\/div><br \/>\n<section  class='av_textblock_section av-mnnrp3b3-08f4707bae9f273ae7f140f025492f9a '   itemscope=\"itemscope\" itemtype=\"https:\/\/schema.org\/CreativeWork\" ><div class='avia_textblock acans-text-body acans-panel-line'  itemprop=\"text\" ><p>Dokumentierte hohe Standards in jeder Phase<\/p>\n<p>Ein gemeinsamer Ansatz zu den Herausforderungen der R\u00fcckverfolgbarkeit, der Dokumentation sowie je nach Fall von POG und ESG, um Gesch\u00e4ftsbeziehungen abzusichern und ihre Lesbarkeit zu erh\u00f6hen.<\/p>\n<\/div><\/section><\/p><\/div><div class='av-flex-placeholder'><\/div>\n<style type=\"text\/css\" data-created_by=\"avia_inline_auto\" id=\"style-css-av-wjh0r0-a3539d1c43b90e51bddc0526591de941\">\n.flex_column.av-wjh0r0-a3539d1c43b90e51bddc0526591de941{\nwidth:22%;\nmargin-left:0;\npadding:15px 15px 15px 15px;\nbackground-color:rgba(255,255,255,0.7);\n}\n#top .flex_column_table.av-equal-height-column-flextable.av-wjh0r0-a3539d1c43b90e51bddc0526591de941 .av-flex-placeholder{\nwidth:4%;\n}\n<\/style>\n<div  class='flex_column av-wjh0r0-a3539d1c43b90e51bddc0526591de941 av_one_fourth  avia-builder-el-16  el_after_av_one_fourth  el_before_av_one_fourth  flex_column_table_cell av-equal-height-column av-align-top av-animated-generic fade-in  '     ><p>\n<style type=\"text\/css\" data-created_by=\"avia_inline_auto\" id=\"style-css-av-34n3do-105b4aba4fffebaa31395deef3bcd83c\">\n#top .av-special-heading.av-34n3do-105b4aba4fffebaa31395deef3bcd83c{\nmargin:0px 0 0 0;\npadding-bottom:10px;\n}\nbody .av-special-heading.av-34n3do-105b4aba4fffebaa31395deef3bcd83c .av-special-heading-tag .heading-char{\nfont-size:25px;\n}\n.av-special-heading.av-34n3do-105b4aba4fffebaa31395deef3bcd83c .av-subheading{\nfont-size:15px;\n}\n<\/style>\n<div  class='av-special-heading av-34n3do-105b4aba4fffebaa31395deef3bcd83c av-special-heading-h3 blockquote modern-quote  avia-builder-el-17  el_before_av_textblock  avia-builder-el-first  acans-title-s'><h3 class='av-special-heading-tag '  itemprop=\"headline\"  >Europ\u00e4ische Gruppe<\/h3><div class=\"special-heading-border\"><div class=\"special-heading-inner-border\"><\/div><\/div><\/div><br \/>\n<section  class='av_textblock_section av-tk9huk-10f4df1bc0ba8bfe169083f890556c1b '   itemscope=\"itemscope\" itemtype=\"https:\/\/schema.org\/CreativeWork\" ><div class='avia_textblock acans-text-body acans-panel-line'  itemprop=\"text\" ><p>Rollout-F\u00e4higkeit und eine koh\u00e4rente operative europ\u00e4ische Pr\u00e4senz<\/p>\n<p>Durch seine Pr\u00e4senz in Frankreich, Luxemburg, der Schweiz sowie in diesem Jahr in Portugal und Spanien bietet ACANS EURO GROUP seinen institutionellen Partnern eine operative Basis, die mit einer europ\u00e4ischen Entwicklungslogik kompatibel ist.<\/p>\n<\/div><\/section><\/p><\/div><div class='av-flex-placeholder'><\/div>\n<style type=\"text\/css\" data-created_by=\"avia_inline_auto\" id=\"style-css-av-a2ja4-af43d055d5728afa31daa8c3557b07fb\">\n.flex_column.av-a2ja4-af43d055d5728afa31daa8c3557b07fb{\nwidth:22%;\nmargin-left:0;\npadding:15px 15px 15px 15px;\nbackground-color:rgba(255,255,255,0.7);\n}\n#top .flex_column_table.av-equal-height-column-flextable.av-a2ja4-af43d055d5728afa31daa8c3557b07fb .av-flex-placeholder{\nwidth:4%;\n}\n<\/style>\n<div  class='flex_column av-a2ja4-af43d055d5728afa31daa8c3557b07fb av_one_fourth  avia-builder-el-19  el_after_av_one_fourth  avia-builder-el-last  flex_column_table_cell av-equal-height-column av-align-top av-animated-generic fade-in  '     ><p>\n<style type=\"text\/css\" data-created_by=\"avia_inline_auto\" id=\"style-css-av-qfppng-2ef3aee4d3a21ee292782192fe1d8c45\">\n#top .av-special-heading.av-qfppng-2ef3aee4d3a21ee292782192fe1d8c45{\nmargin:0px 0 0 0;\npadding-bottom:10px;\n}\nbody .av-special-heading.av-qfppng-2ef3aee4d3a21ee292782192fe1d8c45 .av-special-heading-tag .heading-char{\nfont-size:25px;\n}\n.av-special-heading.av-qfppng-2ef3aee4d3a21ee292782192fe1d8c45 .av-subheading{\nfont-size:15px;\n}\n<\/style>\n<div  class='av-special-heading av-qfppng-2ef3aee4d3a21ee292782192fe1d8c45 av-special-heading-h3 blockquote modern-quote  avia-builder-el-20  el_before_av_textblock  avia-builder-el-first  acans-title-s'><h3 class='av-special-heading-tag '  itemprop=\"headline\"  >Ko-Konstruktion<\/h3><div class=\"special-heading-border\"><div class=\"special-heading-inner-border\"><\/div><\/div><\/div><br \/>\n<section  class='av_textblock_section av-ntqnj0-c334d412669e6468217a287ac54e77e0 '   itemscope=\"itemscope\" itemtype=\"https:\/\/schema.org\/CreativeWork\" ><div class='avia_textblock acans-text-body acans-panel-line'  itemprop=\"text\" ><p>Ko-Konstruktion von L\u00f6sungen und eine auf die Praxis ausgerichtete Strukturierung<\/p>\n<p>Wir arbeiten mit unseren Partnern an der Strukturierung von L\u00f6sungen, die auf ihren Sektor, ihre Vertriebslogik und die konkreten Erwartungen der Fachleute zugeschnitten sind.<\/p>\n<\/div><\/section><\/p><\/div><\/div><!--close column table wrapper. Autoclose: 1 -->\n\n<\/div><\/div><\/div><!-- close content main div --><\/div><\/div><div id='av_section_4'  class='avia-section av-1xn62k-0c41b2881703ad6453b82902516ea9d2 main_color avia-section-default avia-no-border-styling  avia-builder-el-22  el_after_av_section  el_before_av_section  acans-section-tight acans-surface-white avia-bg-style-scroll container_wrap sidebar_right'  ><div class='container av-section-cont-open' ><div class='template-page content  av-content-small alpha units'><div class='post-entry post-entry-type-page post-entry-5278'><div class='entry-content-wrapper clearfix'>\n\n<style type=\"text\/css\" data-created_by=\"avia_inline_auto\" id=\"style-css-av-mnnhsonj-9bbdd728f76b78ea03fa87441814a845\">\n#top .av-special-heading.av-mnnhsonj-9bbdd728f76b78ea03fa87441814a845{\npadding-bottom:10px;\n}\nbody .av-special-heading.av-mnnhsonj-9bbdd728f76b78ea03fa87441814a845 .av-special-heading-tag .heading-char{\nfont-size:25px;\n}\n.av-special-heading.av-mnnhsonj-9bbdd728f76b78ea03fa87441814a845 .av-subheading{\nfont-size:15px;\n}\n<\/style>\n<div  class='av-special-heading av-mnnhsonj-9bbdd728f76b78ea03fa87441814a845 av-special-heading-h2 blockquote modern-quote  avia-builder-el-23  el_before_av_textblock  avia-builder-el-first '><h2 class='av-special-heading-tag '  itemprop=\"headline\"  >Eine Logik der Auswahl und Begleitung, die eine Volumenlogik erm\u00f6glicht<\/h2><div class=\"special-heading-border\"><div class=\"special-heading-inner-border\"><\/div><\/div><\/div>\n<section  class='av_textblock_section av-mnnhszcz-7dfc6f141e1acc2c9d7dd825242d4e33 '   itemscope=\"itemscope\" itemtype=\"https:\/\/schema.org\/CreativeWork\" ><div class='avia_textblock acans-title-xl'  itemprop=\"text\" ><p class=\"p1\">Wir denken nicht in einfachem kommerziellem Zugang. Wir denken in Beziehungsqualit\u00e4t, in Umsetzungskapazit\u00e4t und in der Robustheit des Rahmens, in dem die L\u00f6sung vertrieben wird. <\/p>\n<\/div><\/section>\n\n<\/div><\/div><\/div><!-- close content main div --><\/div><\/div>\n<style type=\"text\/css\" data-created_by=\"avia_inline_auto\" id=\"style-css-av-mnns49qy-c8f1df787d8d6c820bc1c7da5fd1ae04\">\n.avia-section.av-mnns49qy-c8f1df787d8d6c820bc1c7da5fd1ae04{\nbackground-repeat:no-repeat;\nbackground-image:url(https:\/\/acans.com\/wp-content\/uploads\/2026\/04\/BG-FINAL-OFFRES.png);\nbackground-position:50% 100%;\nbackground-attachment:fixed;\n}\n<\/style>\n<div id='av_section_5'  class='avia-section av-mnns49qy-c8f1df787d8d6c820bc1c7da5fd1ae04 main_color avia-section-default avia-no-border-styling  avia-builder-el-25  el_after_av_section  avia-builder-el-last  avia-full-stretch avia-bg-style-fixed container_wrap sidebar_right'  data-section-bg-repeat='stretch'><div class='container av-section-cont-open' ><div class='template-page content  av-content-small alpha units'><div class='post-entry post-entry-type-page post-entry-5278'><div class='entry-content-wrapper clearfix'><\/div><\/div><\/div><!-- close content main div --><\/div><\/div><div id='after_section_5'  class='main_color av_default_container_wrap container_wrap sidebar_right'  ><div class='container av-section-cont-open' ><div class='template-page content  av-content-small alpha units'><div class='post-entry post-entry-type-page post-entry-5278'><div class='entry-content-wrapper clearfix'>\n","protected":false},"excerpt":{"rendered":"","protected":false},"author":1,"featured_media":0,"parent":4795,"menu_order":0,"comment_status":"closed","ping_status":"closed","template":"","meta":{"footnotes":""},"class_list":["post-5278","page","type-page","status-publish","hentry"],"_links":{"self":[{"href":"https:\/\/acans.com\/de\/wp-json\/wp\/v2\/pages\/5278","targetHints":{"allow":["GET"]}}],"collection":[{"href":"https:\/\/acans.com\/de\/wp-json\/wp\/v2\/pages"}],"about":[{"href":"https:\/\/acans.com\/de\/wp-json\/wp\/v2\/types\/page"}],"author":[{"embeddable":true,"href":"https:\/\/acans.com\/de\/wp-json\/wp\/v2\/users\/1"}],"replies":[{"embeddable":true,"href":"https:\/\/acans.com\/de\/wp-json\/wp\/v2\/comments?post=5278"}],"version-history":[{"count":0,"href":"https:\/\/acans.com\/de\/wp-json\/wp\/v2\/pages\/5278\/revisions"}],"up":[{"embeddable":true,"href":"https:\/\/acans.com\/de\/wp-json\/wp\/v2\/pages\/4795"}],"wp:attachment":[{"href":"https:\/\/acans.com\/de\/wp-json\/wp\/v2\/media?parent=5278"}],"curies":[{"name":"wp","href":"https:\/\/api.w.org\/{rel}","templated":true}]}}