{"id":5126,"date":"2026-03-28T07:55:22","date_gmt":"2026-03-28T06:55:22","guid":{"rendered":"https:\/\/acans.com\/tochtergesellschaften\/acans-versicherung\/"},"modified":"2026-04-12T17:53:25","modified_gmt":"2026-04-12T15:53:25","slug":"acans-versicherung","status":"publish","type":"page","link":"https:\/\/acans.com\/de\/tochtergesellschaften\/acans-versicherung\/","title":{"rendered":"ACANS Versicherung"},"content":{"rendered":"\n<style type=\"text\/css\" data-created_by=\"avia_inline_auto\" id=\"style-css-av-1ktcmbd-ddff591fb8091c6f16ea3209ad0d0d92\">\n.avia-section.av-1ktcmbd-ddff591fb8091c6f16ea3209ad0d0d92{\nbackground-repeat:no-repeat;\nbackground-image:url(https:\/\/acans.com\/wp-content\/uploads\/2026\/04\/BG-ACANS-ASSURANCE.png);\nbackground-position:100% 0%;\nbackground-attachment:fixed;\n}\n<\/style>\n<div id='av_section_1'  class='avia-section av-1ktcmbd-ddff591fb8091c6f16ea3209ad0d0d92 main_color avia-section-default avia-no-border-styling  avia-builder-el-0  el_before_av_section  avia-builder-el-first  acans-hero avia-full-stretch avia-bg-style-fixed av-minimum-height av-minimum-height-custom av-height-custom  container_wrap sidebar_right'  data-section-bg-repeat='stretch' data-av_minimum_height_px='400'><div class='container av-section-cont-open' style='height:400px'><main  role=\"main\" itemprop=\"mainContentOfPage\"  class='template-page content  av-content-small alpha units'><div class='post-entry post-entry-type-page post-entry-5126'><div class='entry-content-wrapper clearfix'>\n<div class='flex_column_table av-1k0rduh-266268233b33945755f9b844d1e4570e sc-av_three_fourth av-equal-height-column-flextable'><div  class='flex_column av-1k0rduh-266268233b33945755f9b844d1e4570e av_three_fourth  avia-builder-el-1  avia-builder-el-no-sibling  first flex_column_table_cell av-equal-height-column av-align-top  '     ><p>\n<style type=\"text\/css\" data-created_by=\"avia_inline_auto\" id=\"style-css-av-mnkc3x36-b4e3b7766a70a68c71a4a153bc600831\">\n#top .av-special-heading.av-mnkc3x36-b4e3b7766a70a68c71a4a153bc600831{\npadding-bottom:10px;\n}\nbody .av-special-heading.av-mnkc3x36-b4e3b7766a70a68c71a4a153bc600831 .av-special-heading-tag .heading-char{\nfont-size:25px;\n}\n.av-special-heading.av-mnkc3x36-b4e3b7766a70a68c71a4a153bc600831 .av-subheading{\nfont-size:15px;\n}\n<\/style>\n<div  class='av-special-heading av-mnkc3x36-b4e3b7766a70a68c71a4a153bc600831 av-special-heading-h3 blockquote modern-quote  avia-builder-el-2  el_before_av_textblock  avia-builder-el-first  acans-title-xl'><h3 class='av-special-heading-tag '  itemprop=\"headline\"  >ACANS ASSURANCE<\/h3><div class=\"special-heading-border\"><div class=\"special-heading-inner-border\"><\/div><\/div><\/div><br \/>\n<section  class='av_textblock_section av-mnkc4uxi-e95eafad928d65cc44d8d7f016db01f7 '   itemscope=\"itemscope\" itemtype=\"https:\/\/schema.org\/CreativeWork\" ><div class='avia_textblock acans-kicker'  itemprop=\"text\" ><p>Ma\u00dfgeschneiderte Versicherungsl\u00f6sungen, in v\u00f6lliger Unabh\u00e4ngigkeit<\/p>\n<\/div><\/section><br \/>\n<section  class='av_textblock_section av-mnkc5b0h-7c033a017c2a8f4e75bc0735666017dd '   itemscope=\"itemscope\" itemtype=\"https:\/\/schema.org\/CreativeWork\" ><div class='avia_textblock acans-lead'  itemprop=\"text\" ><p>Jede Verm\u00f6genssituation ist einzigartig. Die dazugeh\u00f6rigen Versicherungsl\u00f6sungen m\u00fcssen es auch sein.<\/p>\n<\/div><\/section><br \/>\n\n<style type=\"text\/css\" data-created_by=\"avia_inline_auto\" id=\"style-css-av-5gg9h5-3305609eecdef6b6bac4eb6cc386704f\">\n#top .hr.hr-invisible.av-5gg9h5-3305609eecdef6b6bac4eb6cc386704f{\nheight:50px;\n}\n<\/style>\n<div  class='hr av-5gg9h5-3305609eecdef6b6bac4eb6cc386704f hr-invisible  avia-builder-el-5  el_after_av_textblock  el_before_av_buttonrow '><span class='hr-inner '><span class=\"hr-inner-style\"><\/span><\/span><\/div><br \/>\n<div  class='avia-buttonrow-wrap av-1g2laax-a34bf751d1412d9e477d298a0ab7402e avia-buttonrow-left  avia-builder-el-6  el_after_av_hr  avia-builder-el-last '>\n\n<style type=\"text\/css\" data-created_by=\"avia_inline_auto\" id=\"style-css-av-1eoly2h-364458286ae44ae62ddef4f4b22f868f\">\n#top #wrap_all .avia-button.av-1eoly2h-364458286ae44ae62ddef4f4b22f868f{\nmargin-bottom:5px;\nmargin-right:5px;\n}\n<\/style>\n<a href='https:\/\/acans.com\/de\/kontakt\/'  class='avia-button av-1eoly2h-364458286ae44ae62ddef4f4b22f868f avia-icon_select-no avia-size-small avia-color-theme-color'   aria-label=\"Partner werden\"><span class='avia_iconbox_title' >Partner werden<\/span><\/a>\n\n<style type=\"text\/css\" data-created_by=\"avia_inline_auto\" id=\"style-css-av-1dkyh6h-adc5e55f3fa55cb0739406dd9f101521\">\n#top #wrap_all .avia-button.av-1dkyh6h-adc5e55f3fa55cb0739406dd9f101521{\nmargin-bottom:5px;\nmargin-right:5px;\n}\n<\/style>\n<a href='https:\/\/acans.com\/de\/kontakt\/'  class='avia-button av-1dkyh6h-adc5e55f3fa55cb0739406dd9f101521 avia-icon_select-no avia-size-small avia-color-theme-color'   aria-label=\"Zu unseren Angeboten\"><span class='avia_iconbox_title' >Zu unseren Angeboten<\/span><\/a>\n<\/div><\/p><\/div><\/div><!--close column table wrapper. Autoclose: 1 --><\/div><\/div><\/main><!-- close content main element --><\/div><\/div><div id='av_section_2'  class='avia-section av-16vgf2h-6c4677e8b03de2fb0c6307bd67c413b4 main_color avia-section-no-padding avia-no-border-styling  avia-builder-el-7  el_after_av_section  el_before_av_section  acans-section acans-surface-white avia-bg-style-scroll container_wrap sidebar_right'  ><div class='container av-section-cont-open' ><div class='template-page content  av-content-small alpha units'><div class='post-entry post-entry-type-page post-entry-5126'><div class='entry-content-wrapper clearfix'>\n<div  class='flex_column av-15a50nt-ce6824b14644178522aa71d8842a3903 av_one_full  avia-builder-el-8  el_before_av_one_half  avia-builder-el-first  first flex_column_div  '     ><p>\n<style type=\"text\/css\" data-created_by=\"avia_inline_auto\" id=\"style-css-av-12oe3qx-5b91a94a76454177fbad621ae08c95ae\">\n#top .av-special-heading.av-12oe3qx-5b91a94a76454177fbad621ae08c95ae{\npadding-bottom:10px;\n}\nbody .av-special-heading.av-12oe3qx-5b91a94a76454177fbad621ae08c95ae .av-special-heading-tag .heading-char{\nfont-size:25px;\n}\n.av-special-heading.av-12oe3qx-5b91a94a76454177fbad621ae08c95ae .av-subheading{\nfont-size:15px;\n}\n<\/style>\n<div  class='av-special-heading av-12oe3qx-5b91a94a76454177fbad621ae08c95ae av-special-heading-h3 blockquote modern-quote  avia-builder-el-9  el_before_av_textblock  avia-builder-el-first  acans-title-m'><h3 class='av-special-heading-tag '  itemprop=\"headline\"  >Die Sicherheit eines erfahrenen Maklers an Ihrer Seite<\/h3><div class=\"special-heading-border\"><div class=\"special-heading-inner-border\"><\/div><\/div><\/div><br \/>\n<section  class='av_textblock_section av-mnkc6qg7-5e8e15fc6ddb0fcb842ff0c97144727f '   itemscope=\"itemscope\" itemtype=\"https:\/\/schema.org\/CreativeWork\" ><div class='avia_textblock acans-lead acans-lead-wide'  itemprop=\"text\" ><p>ACANS VERSICHERUNG begleitet Verm\u00f6gensprofis, Privatpersonen und F\u00fchrungskr\u00e4fte bei der Strukturierung von L\u00f6sungen, die auf ihre finanziellen, famili\u00e4ren und beruflichen Herausforderungen zugeschnitten sind. Als unabh\u00e4ngiger Makler w\u00e4hlt ACANS VERSICHERUNG f\u00fcr jede Situation die relevantesten L\u00f6sungen von streng referenzierten Compagnien aus \u2014 ohne gebundene Produktpalette, ohne Quotenbindung an Compagnien, ohne Interessenkonflikte. <\/p>\n<p>Unser Ansatz basiert auf einer vorgelagerten Analyse der Bed\u00fcrfnisse und Risiken, um pr\u00e4zise Antworten in Bezug auf Schutz, Vorsorge und Verm\u00f6gensoptimierung zu entwickeln.<\/p>\n<\/div><\/section><\/p><\/div><div  class='flex_column av-11en5mh-ea0aecb89c5f9428cf8c9ec4550a90f0 av_one_half  avia-builder-el-11  el_after_av_one_full  el_before_av_one_half  acans-panel-line first flex_column_div  column-top-margin'     ><p>\n<style type=\"text\/css\" data-created_by=\"avia_inline_auto\" id=\"style-css-av-mnkc9fzq-d42278f90a9a54ed6c741a19aa80ca14\">\n#top .av-special-heading.av-mnkc9fzq-d42278f90a9a54ed6c741a19aa80ca14{\npadding-bottom:10px;\n}\nbody .av-special-heading.av-mnkc9fzq-d42278f90a9a54ed6c741a19aa80ca14 .av-special-heading-tag .heading-char{\nfont-size:25px;\n}\n.av-special-heading.av-mnkc9fzq-d42278f90a9a54ed6c741a19aa80ca14 .av-subheading{\nfont-size:15px;\n}\n<\/style>\n<div  class='av-special-heading av-mnkc9fzq-d42278f90a9a54ed6c741a19aa80ca14 av-special-heading-h3 blockquote modern-quote  avia-builder-el-12  el_before_av_textblock  avia-builder-el-first  acans-title-m'><h3 class='av-special-heading-tag '  itemprop=\"headline\"  >Ein Angebot f\u00fcr Ihre Privatkunden<\/h3><div class=\"special-heading-border\"><div class=\"special-heading-inner-border\"><\/div><\/div><\/div><br \/>\n<section  class='av_textblock_section av-mnkc7umw-aa98ae7546138d5d10d7c45ccbe3527e '   itemscope=\"itemscope\" itemtype=\"https:\/\/schema.org\/CreativeWork\" ><div class='avia_textblock'  itemprop=\"text\" ><p><strong>Personenversicherung<\/strong><\/p>\n<p>Individuelle, Familien- oder Kollektivvertr\u00e4ge f\u00fcr Kranken- und Sozialschutz, zugeschnitten auf das Profil und die Situation jedes Mandanten.<\/p>\n<p><strong>Vorsorge &amp; finanzieller Schutz<\/strong><\/p>\n<p>Schutz von F\u00fchrungskr\u00e4ften, Mitarbeitern und ihren Familien vor den finanziellen Folgen eines Unfalls, einer Arbeitsunf\u00e4higkeit oder eines Todesfalls.<\/p>\n<p><strong>Altersvorsorge &amp; Kapitalaufbau<\/strong><\/p>\n<p>Spar- und Kapitalaufbaustrategien, die auf den Anlagehorizont und die Verm\u00f6gensziele des Mandanten abgestimmt sind.<\/p>\n<\/div><\/section><\/p><\/div><div  class='flex_column av-zhdstl-27728429a9be3a8cb916efb8684ccfdb av_one_half  avia-builder-el-14  el_after_av_one_half  avia-builder-el-last  acans-panel-line flex_column_div  column-top-margin'     ><p>\n<style type=\"text\/css\" data-created_by=\"avia_inline_auto\" id=\"style-css-av-mnkcaggs-d6a5732aa3997a06e39b820f8ba9e8e8\">\n#top .av-special-heading.av-mnkcaggs-d6a5732aa3997a06e39b820f8ba9e8e8{\npadding-bottom:10px;\n}\nbody .av-special-heading.av-mnkcaggs-d6a5732aa3997a06e39b820f8ba9e8e8 .av-special-heading-tag .heading-char{\nfont-size:25px;\n}\n.av-special-heading.av-mnkcaggs-d6a5732aa3997a06e39b820f8ba9e8e8 .av-subheading{\nfont-size:15px;\n}\n<\/style>\n<div  class='av-special-heading av-mnkcaggs-d6a5732aa3997a06e39b820f8ba9e8e8 av-special-heading-h3 blockquote modern-quote  avia-builder-el-15  el_before_av_textblock  avia-builder-el-first  acans-title-m'><h3 class='av-special-heading-tag '  itemprop=\"headline\"  >Ein Angebot f\u00fcr Ihre Firmenkunden<\/h3><div class=\"special-heading-border\"><div class=\"special-heading-inner-border\"><\/div><\/div><\/div><br \/>\n<section  class='av_textblock_section av-mnkcca9v-02ba55ec172ea6e08a18fa8be44d7cf1 '   itemscope=\"itemscope\" itemtype=\"https:\/\/schema.org\/CreativeWork\" ><div class='avia_textblock'  itemprop=\"text\" ><p><strong>Beratung zur sozialen Unternehmensstrategie<\/strong><\/p>\n<p>Strukturierung und Optimierung von Sozialschutzsystemen im Hinblick auf Attraktivit\u00e4t, Absicherung und langfristige Koh\u00e4renz.<\/p>\n<p><strong>Verantwortung &amp; Sachschutz<\/strong><\/p>\n<p>Haftpflicht- und Sachschutzversicherungen, die darauf ausgelegt sind, das finanzielle Risiko im Falle eines Vorfalls oder Rechtsstreits zu begrenzen.<\/p>\n<p><strong>Altersvorsorge &amp; Kollektivversicherungen<\/strong><\/p>\n<p>Spar- und Kapitalaufbaustrategien, die auf den Anlagehorizont und die Verm\u00f6gensziele des Mandanten abgestimmt sind.<\/p>\n<\/div><\/section><\/p><\/div>\n<\/p>\n<\/div><\/div><\/div><!-- close content main div --><\/div><\/div>\n<style type=\"text\/css\" data-created_by=\"avia_inline_auto\" id=\"style-css-av-xhus7d-a46701af58fc008b67356e14b9f729ee\">\n.avia-section.av-xhus7d-a46701af58fc008b67356e14b9f729ee{\nbackground-repeat:no-repeat;\nbackground-image:url(https:\/\/acans.com\/wp-content\/uploads\/2026\/04\/BG-ACANS-ASSURANCE.png);\nbackground-position:100% 50%;\nbackground-attachment:fixed;\n}\n<\/style>\n<div id='av_section_3'  class='avia-section av-xhus7d-a46701af58fc008b67356e14b9f729ee main_color avia-section-no-padding avia-no-border-styling  avia-builder-el-17  el_after_av_section  el_before_av_section  acans-section acans-section-divider avia-full-stretch avia-bg-style-fixed container_wrap sidebar_right'  data-section-bg-repeat='stretch'><div class='container av-section-cont-open' ><div class='template-page content  av-content-small alpha units'><div class='post-entry post-entry-type-page post-entry-5126'><div class='entry-content-wrapper clearfix'>\n<div  class='flex_column av-wwywax-4605ccf8473c7c1e085f26b2df382f46 av_one_third  avia-builder-el-18  el_before_av_one_third  avia-builder-el-first  acans-panel-line first flex_column_div  '     ><section  class='av_textblock_section av-u3wkd5-e9ad59354329d3ba3b97f793e3a774ed '   itemscope=\"itemscope\" itemtype=\"https:\/\/schema.org\/CreativeWork\" ><div class='avia_textblock'  itemprop=\"text\" ><p><strong><span style=\"color: #1b6b73;\">POSITIONIERUNG<\/span><\/strong><\/p>\n<p class=\"text-size-chat leading-relaxed extension:leading-normal my-2\"><span class=\"_inlineMarkdown_3nxm6_25 inline-markdown text-size-chat-sm font-mono blend bg-token-text-code-block-background rounded-sm px-1.5 py-0.5 leading-none extension:bg-token-foreground\/10 electron:bg-token-list-hover-background\/60\">Ein klares Angebot, getragen von einer eindeutigen Spezialisierung und der F\u00e4higkeit, spezifische Herausforderungen in seinem Interventionsbereich zu meistern.<\/span><\/p>\n<\/div><\/section><\/div><div  class='flex_column av-sudz61-5bc83259e927da55ccdc6805c6315e9d av_one_third  avia-builder-el-20  el_after_av_one_third  el_before_av_one_third  acans-panel-line flex_column_div  '     ><section  class='av_textblock_section av-rkq12h-0fce3e7d6d383cfe3ec528c641c1ecd2 '   itemscope=\"itemscope\" itemtype=\"https:\/\/schema.org\/CreativeWork\" ><div class='avia_textblock'  itemprop=\"text\" ><p><strong><span style=\"color: #1b6b73;\">F\u00dcHRUNG<\/span><\/strong><\/p>\n<p>Eine Einheit, die von einer identifizierten F\u00fchrung verk\u00f6rpert wird, im Dienste einer langfristigen Vision, operativer hohe Standards und der Entwicklung der Tochtergesellschaft.<\/p>\n<\/div><\/section><\/div><div  class='flex_column av-pfxr6h-52f30ebc5e2ef1cea2b19b0214743f6b av_one_third  avia-builder-el-22  el_after_av_one_third  avia-builder-el-last  acans-panel-line flex_column_div  '     ><section  class='av_textblock_section av-no9vgp-fdab815b05ff7e1d4253d8906f0a1256 '   itemscope=\"itemscope\" itemtype=\"https:\/\/schema.org\/CreativeWork\" ><div class='avia_textblock'  itemprop=\"text\" ><p><strong><span style=\"color: #1b6b73;\">ENTWICKLUNG<\/span><\/strong><\/p>\n<p>Ein Entwicklungspfad, der auf strategischer Koh\u00e4renz, Ausf\u00fchrungsqualit\u00e4t und der Integration in die europ\u00e4ische Ambition der Gruppe basiert.<\/p>\n<\/div><\/section><\/div>\n\n<\/div><\/div><\/div><!-- close content main div --><\/div><\/div><div id='av_section_4'  class='avia-section av-m9syih-93684af2c2187e54fb2d1e64f3c89edc main_color avia-section-default avia-no-border-styling  avia-builder-el-24  el_after_av_section  el_before_av_section  acans-section-tight avia-bg-style-scroll container_wrap sidebar_right'  ><div class='container av-section-cont-open' ><div class='template-page content  av-content-small alpha units'><div class='post-entry post-entry-type-page post-entry-5126'><div class='entry-content-wrapper clearfix'>\n<div  class='flex_column av-l19iqx-cad502ee3570540117253f2749f6842f av_one_half  avia-builder-el-25  el_before_av_one_half  avia-builder-el-first  acans-panel-line first flex_column_div  '     ><section  class='av_textblock_section av-1uz4jt-5f958c5e816ff2b6bd8325a1e4ba883b '   itemscope=\"itemscope\" itemtype=\"https:\/\/schema.org\/CreativeWork\" ><div class='avia_textblock'  itemprop=\"text\" ><p>EINE GRUPPENORGANISATION<\/p>\n<p>Die Dynamik der Gruppe beruht auf einer klaren Verbindung zwischen Gesamtvision, spezialisierten Expertisen und operativen Verankerungen.<\/p>\n<\/div><\/section><\/div><div  class='flex_column av-gwnaq1-f78f566118084c7f68422e11695d2311 av_one_half  avia-builder-el-27  el_after_av_one_half  avia-builder-el-last  acans-panel-line flex_column_div  '     ><section  class='av_textblock_section av-gckzmx-987ca139e02b47879a53c82d90ba8d37 '   itemscope=\"itemscope\" itemtype=\"https:\/\/schema.org\/CreativeWork\" ><div class='avia_textblock'  itemprop=\"text\" ><p>KOMPLEMENT\u00c4RE EINHEITEN<\/p>\n<p>Jede Tochtergesellschaft tr\u00e4gt durch ihre Positionierung, ihre F\u00fchrungskr\u00e4fte, ihre Spezialit\u00e4t und ihre F\u00e4higkeit, spezifische Herausforderungen zu meistern, zur Gesamtidentit\u00e4t bei.<\/p>\n<\/div><\/section><\/div>\n\n<\/div><\/div><\/div><!-- close content main div --><\/div><\/div>\n<style type=\"text\/css\" data-created_by=\"avia_inline_auto\" id=\"style-css-av-dw2wk9-22af78b58be70efb3237ab9218f4c090\">\n.avia-section.av-dw2wk9-22af78b58be70efb3237ab9218f4c090{\nbackground-repeat:no-repeat;\nbackground-image:url(https:\/\/acans.com\/wp-content\/uploads\/2026\/04\/BG-ACANS-ASSURANCE.png);\nbackground-position:100% 100%;\nbackground-attachment:fixed;\n}\n<\/style>\n<div id='av_section_5'  class='avia-section av-dw2wk9-22af78b58be70efb3237ab9218f4c090 main_color avia-section-no-padding avia-no-border-styling  avia-builder-el-29  el_after_av_section  avia-builder-el-last  avia-full-stretch avia-bg-style-fixed container_wrap sidebar_right'  data-section-bg-repeat='stretch'><div class='container av-section-cont-open' ><div class='template-page content  av-content-small alpha units'><div class='post-entry post-entry-type-page post-entry-5126'><div class='entry-content-wrapper clearfix'>\n<section  class='av_textblock_section av-cd0b3t-1a9a931d793fd3e7423f03c13708a0d5 '   itemscope=\"itemscope\" itemtype=\"https:\/\/schema.org\/CreativeWork\" ><div class='avia_textblock acans-kicker'  itemprop=\"text\" ><p class=\"acans-kicker\">Kontakt und Aktivit\u00e4ten<\/p>\n<\/div><\/section>\n\n<style type=\"text\/css\" data-created_by=\"avia_inline_auto\" id=\"style-css-av-ai06op-e6242089d3b438f9589d542b26b305ce\">\n#top .av-special-heading.av-ai06op-e6242089d3b438f9589d542b26b305ce{\npadding-bottom:10px;\n}\nbody .av-special-heading.av-ai06op-e6242089d3b438f9589d542b26b305ce .av-special-heading-tag .heading-char{\nfont-size:25px;\n}\n.av-special-heading.av-ai06op-e6242089d3b438f9589d542b26b305ce .av-subheading{\nfont-size:15px;\n}\n<\/style>\n<div  class='av-special-heading av-ai06op-e6242089d3b438f9589d542b26b305ce av-special-heading-h3 blockquote modern-quote  avia-builder-el-31  el_after_av_textblock  el_before_av_textblock '><h3 class='av-special-heading-tag '  itemprop=\"headline\"  >Sprechen Sie mit dem ACANS VERSICHERUNG Team<\/h3><div class=\"special-heading-border\"><div class=\"special-heading-inner-border\"><\/div><\/div><\/div>\n<section  class='av_textblock_section av-x64tl-2bd2b18ffe409b4d3e175f000a347b77 '   itemscope=\"itemscope\" itemtype=\"https:\/\/schema.org\/CreativeWork\" ><div class='avia_textblock acans-lead'  itemprop=\"text\" ><p class=\"text-size-chat leading-relaxed extension:leading-normal my-2\"><span class=\"_inlineMarkdown_3nxm6_25 inline-markdown text-size-chat-sm font-mono blend bg-token-text-code-block-background rounded-sm px-1.5 py-0.5 leading-none extension:bg-token-foreground\/10 electron:bg-token-list-hover-background\/60\">F\u00fcr jede Anfrage nach Informationen, Pr\u00e4sentation oder strategische Kontakte steht Ihnen unser Team gerne zur Verf\u00fcgung.<\/span><\/p>\n<\/div><\/section>\n<div  class='avia-buttonrow-wrap av-77f2ex-e3ecb587a8583a4ef458101ddc02e137 avia-buttonrow-left  avia-builder-el-33  el_after_av_textblock  el_before_av_hr '>\n\n<style type=\"text\/css\" data-created_by=\"avia_inline_auto\" id=\"style-css-av-jjy7t-562cfe2941cdff0c96d02b164f729427\">\n#top #wrap_all .avia-button.av-jjy7t-562cfe2941cdff0c96d02b164f729427{\nmargin-bottom:5px;\nmargin-right:5px;\n}\n<\/style>\n<a href='https:\/\/acans.com\/de\/kontakt\/'  class='avia-button av-jjy7t-562cfe2941cdff0c96d02b164f729427 avia-icon_select-no avia-size-small avia-color-theme-color'   aria-label=\"Partner werden\"><span class='avia_iconbox_title' >Partner werden<\/span><\/a>\n\n<style type=\"text\/css\" data-created_by=\"avia_inline_auto\" id=\"style-css-av-3o4dk9-c6ec9c69a68fb158084574ee877d3026\">\n#top #wrap_all .avia-button.av-3o4dk9-c6ec9c69a68fb158084574ee877d3026{\nmargin-bottom:5px;\nmargin-right:5px;\n}\n<\/style>\n<a href='https:\/\/acans.com\/de\/tochtergesellschaften\/'  class='avia-button av-3o4dk9-c6ec9c69a68fb158084574ee877d3026 avia-icon_select-no avia-size-small avia-color-theme-color'   aria-label=\"Andere Tochtergesellschaften\"><span class='avia_iconbox_title' >Andere Tochtergesellschaften<\/span><\/a>\n<\/div>\n\n<style type=\"text\/css\" data-created_by=\"avia_inline_auto\" id=\"style-css-av-341urd-85d4ee5d1a8e88a4f205f7a4894d47ef\">\n#top .hr.hr-invisible.av-341urd-85d4ee5d1a8e88a4f205f7a4894d47ef{\nheight:50px;\n}\n<\/style>\n<div  class='hr av-341urd-85d4ee5d1a8e88a4f205f7a4894d47ef hr-invisible  avia-builder-el-34  el_after_av_buttonrow  avia-builder-el-last '><span class='hr-inner '><span class=\"hr-inner-style\"><\/span><\/span><\/div>\n<\/div><\/div><\/div><!-- close content main div --><\/div><\/div><div id='after_section_5'  class='main_color av_default_container_wrap container_wrap sidebar_right'  ><div class='container av-section-cont-open' ><div class='template-page content  av-content-small alpha units'><div class='post-entry post-entry-type-page post-entry-5126'><div class='entry-content-wrapper clearfix'>\n","protected":false},"excerpt":{"rendered":"","protected":false},"author":1,"featured_media":0,"parent":5012,"menu_order":0,"comment_status":"closed","ping_status":"closed","template":"","meta":{"footnotes":""},"class_list":["post-5126","page","type-page","status-publish","hentry"],"_links":{"self":[{"href":"https:\/\/acans.com\/de\/wp-json\/wp\/v2\/pages\/5126","targetHints":{"allow":["GET"]}}],"collection":[{"href":"https:\/\/acans.com\/de\/wp-json\/wp\/v2\/pages"}],"about":[{"href":"https:\/\/acans.com\/de\/wp-json\/wp\/v2\/types\/page"}],"author":[{"embeddable":true,"href":"https:\/\/acans.com\/de\/wp-json\/wp\/v2\/users\/1"}],"replies":[{"embeddable":true,"href":"https:\/\/acans.com\/de\/wp-json\/wp\/v2\/comments?post=5126"}],"version-history":[{"count":0,"href":"https:\/\/acans.com\/de\/wp-json\/wp\/v2\/pages\/5126\/revisions"}],"up":[{"embeddable":true,"href":"https:\/\/acans.com\/de\/wp-json\/wp\/v2\/pages\/5012"}],"wp:attachment":[{"href":"https:\/\/acans.com\/de\/wp-json\/wp\/v2\/media?parent=5126"}],"curies":[{"name":"wp","href":"https:\/\/api.w.org\/{rel}","templated":true}]}}