{"id":4961,"date":"2026-03-28T07:53:48","date_gmt":"2026-03-28T06:53:48","guid":{"rendered":"https:\/\/acans.com\/acans-compliance\/"},"modified":"2026-04-12T17:52:34","modified_gmt":"2026-04-12T15:52:34","slug":"acans-compliance","status":"publish","type":"page","link":"https:\/\/acans.com\/de\/tochtergesellschaften\/acans-compliance\/","title":{"rendered":"ACANS Compliance"},"content":{"rendered":"\n<style type=\"text\/css\" data-created_by=\"avia_inline_auto\" id=\"style-css-av-mnkadfd0-37d4c3cf1b0b28e120be46dfab6acbac\">\n.avia-section.av-mnkadfd0-37d4c3cf1b0b28e120be46dfab6acbac{\nbackground-repeat:no-repeat;\nbackground-image:url(https:\/\/acans.com\/wp-content\/uploads\/2026\/04\/BG-ACANS-COMPLIANCE.png);\nbackground-position:100% 0%;\nbackground-attachment:fixed;\n}\n<\/style>\n<div id='av_section_1'  class='avia-section av-mnkadfd0-37d4c3cf1b0b28e120be46dfab6acbac main_color avia-section-default avia-no-border-styling  avia-builder-el-0  el_before_av_section  avia-builder-el-first  acans-hero avia-full-stretch avia-bg-style-fixed av-minimum-height av-minimum-height-custom av-height-custom  container_wrap sidebar_right'  data-section-bg-repeat='stretch' data-av_minimum_height_px='400'><div class='container av-section-cont-open' style='height:400px'><main  role=\"main\" itemprop=\"mainContentOfPage\"  class='template-page content  av-content-small alpha units'><div class='post-entry post-entry-type-page post-entry-4961'><div class='entry-content-wrapper clearfix'>\n<div class='flex_column_table av-1sz4yrr-3f56e900a20cc7412fde900a2431caeb sc-av_three_fourth av-equal-height-column-flextable'>\n<style type=\"text\/css\" data-created_by=\"avia_inline_auto\" id=\"style-css-av-1sz4yrr-3f56e900a20cc7412fde900a2431caeb\">\n.flex_column.av-1sz4yrr-3f56e900a20cc7412fde900a2431caeb{\npadding:0px 0px 0px 0px;\n}\n<\/style>\n<div  class='flex_column av-1sz4yrr-3f56e900a20cc7412fde900a2431caeb av_three_fourth  avia-builder-el-1  el_before_av_one_fourth  avia-builder-el-first  first flex_column_table_cell av-equal-height-column av-align-top av-zero-column-padding  '     ><p>\n<style type=\"text\/css\" data-created_by=\"avia_inline_auto\" id=\"style-css-av-mnkacai1-19b22b049b9b374a5b6e41807647d339\">\n#top .av-special-heading.av-mnkacai1-19b22b049b9b374a5b6e41807647d339{\npadding-bottom:10px;\n}\nbody .av-special-heading.av-mnkacai1-19b22b049b9b374a5b6e41807647d339 .av-special-heading-tag .heading-char{\nfont-size:25px;\n}\n.av-special-heading.av-mnkacai1-19b22b049b9b374a5b6e41807647d339 .av-subheading{\nfont-size:15px;\n}\n<\/style>\n<div  class='av-special-heading av-mnkacai1-19b22b049b9b374a5b6e41807647d339 av-special-heading-h3 blockquote modern-quote  avia-builder-el-2  el_before_av_textblock  avia-builder-el-first  acans-title-xl'><h3 class='av-special-heading-tag '  itemprop=\"headline\"  >ACANS COMPLIANCE<\/h3><div class=\"special-heading-border\"><div class=\"special-heading-inner-border\"><\/div><\/div><\/div><br \/>\n<section  class='av_textblock_section av-1rry6jr-8f43e60ad2a64c715141db8fe2b8aa98 '   itemscope=\"itemscope\" itemtype=\"https:\/\/schema.org\/CreativeWork\" ><div class='avia_textblock acans-kicker'  itemprop=\"text\" ><p>Compliance, die gesteuert und verteidigt wird<\/p>\n<\/div><\/section><br \/>\n<section  class='av_textblock_section av-1pt2yev-aef7c5c6ca7c90210b5d78576c5efcdb '   itemscope=\"itemscope\" itemtype=\"https:\/\/schema.org\/CreativeWork\" ><div class='avia_textblock acans-lead'  itemprop=\"text\" ><p>Die wahre Frage ist nicht mehr: \u201eSind Sie compliant?\u201c<br \/>\nSie lautet nun: \u201eK\u00f6nnen Sie jederzeit darlegen, warum, wie und in welchem Rahmen Sie gehandelt haben?\u201c<\/p>\n<\/div><\/section><br \/>\n\n<style type=\"text\/css\" data-created_by=\"avia_inline_auto\" id=\"style-css-av-1o57e3r-5d8d82171d34d00930e45ed9ed98cb1a\">\n#top .hr.hr-invisible.av-1o57e3r-5d8d82171d34d00930e45ed9ed98cb1a{\nheight:50px;\n}\n<\/style>\n<div  class='hr av-1o57e3r-5d8d82171d34d00930e45ed9ed98cb1a hr-invisible  avia-builder-el-5  el_after_av_textblock  el_before_av_buttonrow '><span class='hr-inner '><span class=\"hr-inner-style\"><\/span><\/span><\/div><br \/>\n<div  class='avia-buttonrow-wrap av-1n6916f-b303174244c5fa0ea4431ef35c064b45 avia-buttonrow-left  avia-builder-el-6  el_after_av_hr  avia-builder-el-last '>\n\n<style type=\"text\/css\" data-created_by=\"avia_inline_auto\" id=\"style-css-av-1l0abif-335264589b91c33a3579cee6af8b8ab5\">\n#top #wrap_all .avia-button.av-1l0abif-335264589b91c33a3579cee6af8b8ab5{\nmargin-bottom:5px;\nmargin-right:5px;\n}\n<\/style>\n<a href='https:\/\/acans.com\/de\/kontakt\/'  class='avia-button av-1l0abif-335264589b91c33a3579cee6af8b8ab5 avia-icon_select-no avia-size-small avia-color-theme-color'   aria-label=\"Partner werden\"><span class='avia_iconbox_title' >Partner werden<\/span><\/a>\n\n<style type=\"text\/css\" data-created_by=\"avia_inline_auto\" id=\"style-css-av-1jabb5j-12a654ffa1786039afe18621b8e05c8a\">\n#top #wrap_all .avia-button.av-1jabb5j-12a654ffa1786039afe18621b8e05c8a{\nmargin-bottom:5px;\nmargin-right:5px;\n}\n<\/style>\n<a href='https:\/\/acans.com\/de\/kontakt\/'  class='avia-button av-1jabb5j-12a654ffa1786039afe18621b8e05c8a avia-icon_select-no avia-size-small avia-color-theme-color'   aria-label=\"Zu unseren Angeboten\"><span class='avia_iconbox_title' >Zu unseren Angeboten<\/span><\/a>\n<\/div><\/p><\/div><div class='av-flex-placeholder'><\/div>\n<style type=\"text\/css\" data-created_by=\"avia_inline_auto\" id=\"style-css-av-1h9ga53-9fa9ac6eda73e9300fe1ee7652d2bf77\">\n.flex_column.av-1h9ga53-9fa9ac6eda73e9300fe1ee7652d2bf77{\npadding:0px 0px 0px 0px;\n}\n<\/style>\n<div  class='flex_column av-1h9ga53-9fa9ac6eda73e9300fe1ee7652d2bf77 av_one_fourth  avia-builder-el-7  el_after_av_three_fourth  avia-builder-el-last  flex_column_table_cell av-equal-height-column av-align-top av-zero-column-padding  '     ><p>\n<style type=\"text\/css\" data-created_by=\"avia_inline_auto\" id=\"style-css-av-mnkadtg1-e6fa4ee9e6f71f3b44a615d59092bfa5\">\n.avia-image-container.av-mnkadtg1-e6fa4ee9e6f71f3b44a615d59092bfa5 img.avia_image{\nbox-shadow:none;\n}\n.avia-image-container.av-mnkadtg1-e6fa4ee9e6f71f3b44a615d59092bfa5 .av-image-caption-overlay-center{\ncolor:#ffffff;\n}\n<\/style>\n<div  class='avia-image-container av-mnkadtg1-e6fa4ee9e6f71f3b44a615d59092bfa5 av-styling- avia-align-  avia-builder-el-8  el_before_av_textblock  avia-builder-el-first '   itemprop=\"image\" itemscope=\"itemscope\" itemtype=\"https:\/\/schema.org\/ImageObject\" ><div class=\"avia-image-container-inner\"><div class=\"avia-image-overlay-wrap\"><img decoding=\"async\" fetchpriority=\"high\" class='wp-image-4845 avia-img-lazy-loading-not-4845 avia_image ' src=\"https:\/\/acans.com\/wp-content\/uploads\/2026\/04\/ACANS-Group-Portraits_4-2_NB-845x684.jpg\" alt='' title='ACANS Group - Portraits_4-2_NB'  height=\"684\" width=\"845\"  itemprop=\"thumbnailUrl\" srcset=\"https:\/\/acans.com\/wp-content\/uploads\/2026\/04\/ACANS-Group-Portraits_4-2_NB-845x684.jpg 845w, https:\/\/acans.com\/wp-content\/uploads\/2026\/04\/ACANS-Group-Portraits_4-2_NB-495x400.jpg 495w\" sizes=\"(max-width: 845px) 100vw, 845px\" \/><\/div><\/div><\/div><br \/>\n\n<style type=\"text\/css\" data-created_by=\"avia_inline_auto\" id=\"style-css-av-56wgxj-1caa5b34cc367092b4e3d3a150ac11ab\">\n.av_textblock_section.av-56wgxj-1caa5b34cc367092b4e3d3a150ac11ab{\nbackground-color:rgba(255,255,255,0.5);\n}\n<\/style>\n<section  class='av_textblock_section av-56wgxj-1caa5b34cc367092b4e3d3a150ac11ab '   itemscope=\"itemscope\" itemtype=\"https:\/\/schema.org\/CreativeWork\" ><div class='avia_textblock'  itemprop=\"text\" ><blockquote>\n<p>Thilo FIRCHOW<br \/>\nPr\u00e4sident \u2013 Gesellschafter<\/p>\n<\/blockquote>\n<\/div><\/section><\/p><\/div><\/div><!--close column table wrapper. Autoclose: 1 -->\n\n<\/div><\/div><\/main><!-- close content main element --><\/div><\/div><div id='av_section_2'  class='avia-section av-1e8cdtj-ddd5ce8b72191eede4398739888e4036 main_color avia-section-no-padding avia-no-border-styling  avia-builder-el-10  el_after_av_section  el_before_av_section  acans-section acans-surface-white avia-bg-style-scroll container_wrap sidebar_right'  ><div class='container av-section-cont-open' ><div class='template-page content  av-content-small alpha units'><div class='post-entry post-entry-type-page post-entry-4961'><div class='entry-content-wrapper clearfix'>\n<div  class='flex_column av-1ckxbnb-387e71a5da450176e8166f3a1776a518 av_one_full  avia-builder-el-11  el_before_av_one_half  avia-builder-el-first  first flex_column_div  '     ><p>\n<style type=\"text\/css\" data-created_by=\"avia_inline_auto\" id=\"style-css-av-1bakihj-5d6e44e876f65da3f9565289a28bdfa4\">\n#top .av-special-heading.av-1bakihj-5d6e44e876f65da3f9565289a28bdfa4{\npadding-bottom:10px;\n}\nbody .av-special-heading.av-1bakihj-5d6e44e876f65da3f9565289a28bdfa4 .av-special-heading-tag .heading-char{\nfont-size:25px;\n}\n.av-special-heading.av-1bakihj-5d6e44e876f65da3f9565289a28bdfa4 .av-subheading{\nfont-size:15px;\n}\n<\/style>\n<div  class='av-special-heading av-1bakihj-5d6e44e876f65da3f9565289a28bdfa4 av-special-heading-h3 blockquote modern-quote  avia-builder-el-12  el_before_av_textblock  avia-builder-el-first  acans-title-m'><h3 class='av-special-heading-tag '  itemprop=\"headline\"  >Strategische Konsolidierung im Dienste Ihrer Entwicklung<\/h3><div class=\"special-heading-border\"><div class=\"special-heading-inner-border\"><\/div><\/div><\/div><br \/>\n<section  class='av_textblock_section av-1a0iuk7-8d573894378226cb2e25abda37838641 '   itemscope=\"itemscope\" itemtype=\"https:\/\/schema.org\/CreativeWork\" ><div class='avia_textblock acans-lead acans-lead-wide'  itemprop=\"text\" ><p>In einem Umfeld, in dem POG, R\u00fcckverfolgbarkeit, Geldw\u00e4schebek\u00e4mpfung und Terrorismusfinanzierung (LCB-FT), Beratungspflicht, DSGVO, DORA und der Beweisdruck Fachleute direkt exponieren, kann Compliance nicht l\u00e4nger nur dekorativ sein. Sie muss als Governance- und Steuerungsf\u00e4higkeit organisiert werden, die von den Aufsichtsbeh\u00f6rden st\u00e4ndig eingefordert wird. <\/p>\n<p>Als Ethikbeauftragter f\u00fcr \u00f6ffentliche und private Organisationen entfaltet ACANS COMPLIANCE eine doppelte Kompetenz, akademisch und juristisch, die darin besteht, eine \u201ereflexive\u201c Methode anzubieten. Wir gehen von den tats\u00e4chlichen Praktiken der Akteure aus, um deren St\u00e4rken und Schw\u00e4chen aufzudecken und sie in strukturierte und rechtlich haltbare Entscheidungen umzuwandeln. <\/p>\n<blockquote>\n<p>Bei ACANS vermitteln wir Ihnen keine abstrakten Regeln, sondern die F\u00e4higkeit, sich in einer Situation zu positionieren<\/p>\n<\/blockquote>\n<\/div><\/section><\/p><\/div><div  class='flex_column av-18etilz-7b75e6e9c020144104e0ce86b25624e4 av_one_half  avia-builder-el-14  el_after_av_one_full  el_before_av_one_half  acans-panel-line first flex_column_div  column-top-margin'     ><p>\n<style type=\"text\/css\" data-created_by=\"avia_inline_auto\" id=\"style-css-av-169olh3-9e3f5b73c79871d89d97046f29105a67\">\n#top .av-special-heading.av-169olh3-9e3f5b73c79871d89d97046f29105a67{\npadding-bottom:10px;\n}\nbody .av-special-heading.av-169olh3-9e3f5b73c79871d89d97046f29105a67 .av-special-heading-tag .heading-char{\nfont-size:25px;\n}\n.av-special-heading.av-169olh3-9e3f5b73c79871d89d97046f29105a67 .av-subheading{\nfont-size:15px;\n}\n<\/style>\n<div  class='av-special-heading av-169olh3-9e3f5b73c79871d89d97046f29105a67 av-special-heading-h3 blockquote modern-quote  avia-builder-el-15  el_before_av_textblock  avia-builder-el-first  acans-title-m'><h3 class='av-special-heading-tag '  itemprop=\"headline\"  >Ein <span class='special_amp'>\u201e<\/span>control ready<span class='special_amp'>\u201c<\/span>-Angebot<\/h3><div class=\"special-heading-border\"><div class=\"special-heading-inner-border\"><\/div><\/div><\/div><br \/>\n<section  class='av_textblock_section av-14oymo7-a8299f3965f692fc1f8dc9add2185a38 '   itemscope=\"itemscope\" itemtype=\"https:\/\/schema.org\/CreativeWork\" ><div class='avia_textblock'  itemprop=\"text\" ><p>ACANS COMPLIANCE unterst\u00fctzt Unternehmen dabei, eine durchsetzbare Compliance aufzubauen, die gesch\u00e4ftsf\u00f6rdernd und langfristig nutzbar ist.<\/p>\n<p>Wir beschr\u00e4nken uns nicht auf die Dokumentenpr\u00fcfung.<\/p>\n<p>Wir strukturieren mit Ihnen eine lebendige Risikokartierung, versionierte Verfahren, zeitgestempelte Register, einen beweiskr\u00e4ftigen Safe, beweisorientierte KPIs, eine koh\u00e4rente POG-Dokumentation, eine \u201ePlan, Do, Check, Act\u201c (PDCA)-Logik f\u00fcr kontinuierliche Aktualisierung und, falls erforderlich, eine sofortige Reaktionsf\u00e4higkeit in sensiblen Situationen.<\/p>\n<\/div><\/section><\/p><\/div><div  class='flex_column av-3yl6dj-4678105544726dd9bc674c5976127a82 av_one_half  avia-builder-el-17  el_after_av_one_half  el_before_av_textblock  acans-panel-line flex_column_div  column-top-margin'     ><p>\n<style type=\"text\/css\" data-created_by=\"avia_inline_auto\" id=\"style-css-av-10y0ip3-208377ae7c353a1679840f451020fd0f\">\n#top .av-special-heading.av-10y0ip3-208377ae7c353a1679840f451020fd0f{\npadding-bottom:10px;\n}\nbody .av-special-heading.av-10y0ip3-208377ae7c353a1679840f451020fd0f .av-special-heading-tag .heading-char{\nfont-size:25px;\n}\n.av-special-heading.av-10y0ip3-208377ae7c353a1679840f451020fd0f .av-subheading{\nfont-size:15px;\n}\n<\/style>\n<div  class='av-special-heading av-10y0ip3-208377ae7c353a1679840f451020fd0f av-special-heading-h3 blockquote modern-quote  avia-builder-el-18  el_before_av_textblock  avia-builder-el-first  acans-title-m'><h3 class='av-special-heading-tag '  itemprop=\"headline\"  >Was uns auszeichnet<\/h3><div class=\"special-heading-border\"><div class=\"special-heading-inner-border\"><\/div><\/div><\/div><br \/>\n<section  class='av_textblock_section av-zvrmsn-b56b9736a607aff18b457a16b582f783 '   itemscope=\"itemscope\" itemtype=\"https:\/\/schema.org\/CreativeWork\" ><div class='avia_textblock'  itemprop=\"text\" ><p>Was uns auszeichnet, sind vier St\u00e4rken:<\/p>\n<ol>\n<li>Ein Ex-ante-Risikoansatz, der auf dem \u201einspection ready\u201c-Nachweis basiert;<\/li>\n<li>Eine \u201etrial process\u201c-Logik, die f\u00fcr die Argumentation unter Kontrolle oder in Rechtsstreitigkeiten konzipiert ist;<\/li>\n<li>Ein Team hochrangiger Experten zur Unterst\u00fctzung Ihrer Kompetenzentwicklung: Anw\u00e4lte, ehemalige Regulierungsbeh\u00f6rden und Richter, Finanz- und Digitalexperten \u2013 das ist unser Daseinszweck: \u201eSchutz, Warnung und Hilfe im Dienste einer nachhaltigen Finanzwirtschaft\u201c;<\/li>\n<li>Eine \u201eEngag\u00e9e RSE\u201c-Zertifizierung nach ISO 26000 mit Afnor Certification und Responsibility Europe.<\/li>\n<\/ol>\n<\/div><\/section><\/p><\/div>\n<style type=\"text\/css\" data-created_by=\"avia_inline_auto\" id=\"style-css-av-mnkb1k1g-381a6fb2d2d252bc3bf07b392c08f718\">\n#top .av_textblock_section.av-mnkb1k1g-381a6fb2d2d252bc3bf07b392c08f718 .avia_textblock{\npadding:0PX 0PX 0PX 0PX;\n}\n<\/style>\n<section  class='av_textblock_section av-mnkb1k1g-381a6fb2d2d252bc3bf07b392c08f718 '   itemscope=\"itemscope\" itemtype=\"https:\/\/schema.org\/CreativeWork\" ><div class='avia_textblock'  itemprop=\"text\" ><blockquote>\n<p>ACANS COMPLIANCE verkauft nicht nur Compliance. Sie schafft einen Vertrauensrahmen, der das Unternehmen sch\u00fctzt und seine Glaubw\u00fcrdigkeit bei seinen Mandanten und Partnern st\u00e4rkt. <\/p>\n<\/blockquote>\n<\/div><\/section>\n<\/div><\/div><\/div><!-- close content main div --><\/div><\/div>\n<style type=\"text\/css\" data-created_by=\"avia_inline_auto\" id=\"style-css-av-yaqb1j-b21d2da1e760d3baef881e1643c7be2e\">\n.avia-section.av-yaqb1j-b21d2da1e760d3baef881e1643c7be2e{\nbackground-repeat:no-repeat;\nbackground-image:url(https:\/\/acans.com\/wp-content\/uploads\/2026\/04\/BG-ACANS-COMPLIANCE.png);\nbackground-position:100% 50%;\nbackground-attachment:fixed;\n}\n<\/style>\n<div id='av_section_3'  class='avia-section av-yaqb1j-b21d2da1e760d3baef881e1643c7be2e main_color avia-section-no-padding avia-no-border-styling  avia-builder-el-21  el_after_av_section  el_before_av_section  acans-section acans-section-divider avia-full-stretch avia-bg-style-fixed container_wrap sidebar_right'  data-section-bg-repeat='stretch'><div class='container av-section-cont-open' ><div class='template-page content  av-content-small alpha units'><div class='post-entry post-entry-type-page post-entry-4961'><div class='entry-content-wrapper clearfix'>\n<div  class='flex_column av-ww96dj-67f43ed8265640cec1285bfef32b4970 av_one_third  avia-builder-el-22  el_before_av_one_third  avia-builder-el-first  acans-panel-line first flex_column_div  '     ><section  class='av_textblock_section av-31646v-2341259419d5835d7066f33c4e34cbab '   itemscope=\"itemscope\" itemtype=\"https:\/\/schema.org\/CreativeWork\" ><div class='avia_textblock'  itemprop=\"text\" ><p><strong><span style=\"color: #1b6b73;\">POSITIONIERUNG<\/span><\/strong><\/p>\n<p class=\"text-size-chat leading-relaxed extension:leading-normal my-2\"><span class=\"_inlineMarkdown_3nxm6_25 inline-markdown text-size-chat-sm font-mono blend bg-token-text-code-block-background rounded-sm px-1.5 py-0.5 leading-none extension:bg-token-foreground\/10 electron:bg-token-list-hover-background\/60\">Ein klares Angebot, getragen von einer klaren Spezialisierung und der F\u00e4higkeit, spezifische Herausforderungen in ihrem T\u00e4tigkeitsbereich zu bew\u00e4ltigen.<\/span><\/p>\n<\/div><\/section><\/div><div  class='flex_column av-slah1j-4dc9cbbce2679741df2da7dde7f3647a av_one_third  avia-builder-el-24  el_after_av_one_third  el_before_av_one_third  acans-panel-line flex_column_div  '     ><section  class='av_textblock_section av-r436fb-59bb9e77684de7d95c8ace03bd5cc26b '   itemscope=\"itemscope\" itemtype=\"https:\/\/schema.org\/CreativeWork\" ><div class='avia_textblock'  itemprop=\"text\" ><p><strong><span style=\"color: #1b6b73;\">F\u00dcHRUNG<\/span><\/strong><\/p>\n<p>Eine Einheit, die von einer identifizierten F\u00fchrung verk\u00f6rpert wird, im Dienste einer langfristigen Vision, hoher operativer Standards und der Entwicklung der Tochtergesellschaft.<\/p>\n<\/div><\/section><\/div><div  class='flex_column av-q0bmxj-ebc74e9e58a38880cea62c893e837e95 av_one_third  avia-builder-el-26  el_after_av_one_third  avia-builder-el-last  acans-panel-line flex_column_div  '     ><section  class='av_textblock_section av-o9wjvb-01d46c2192e01fd486742b200d0f6e81 '   itemscope=\"itemscope\" itemtype=\"https:\/\/schema.org\/CreativeWork\" ><div class='avia_textblock'  itemprop=\"text\" ><p><strong><span style=\"color: #1b6b73;\">ENTWICKLUNG<\/span><\/strong><\/p>\n<p>Ein Entwicklungspfad, der auf strategischer Koh\u00e4renz, Ausf\u00fchrungsqualit\u00e4t und der Integration in die europ\u00e4ische Ambition der Gruppe basiert.<\/p>\n<\/div><\/section><\/div>\n<\/p>\n<\/div><\/div><\/div><!-- close content main div --><\/div><\/div><div id='av_section_4'  class='avia-section av-mhglcn-cf5c7907d5858317984f9f9b26a02ebb main_color avia-section-default avia-no-border-styling  avia-builder-el-28  el_after_av_section  el_before_av_section  acans-section-tight avia-bg-style-scroll container_wrap sidebar_right'  ><div class='container av-section-cont-open' ><div class='template-page content  av-content-small alpha units'><div class='post-entry post-entry-type-page post-entry-4961'><div class='entry-content-wrapper clearfix'>\n<div  class='flex_column av-l7u59j-358dc2d66d15b318465921fb8eea4a72 av_one_half  avia-builder-el-29  el_before_av_one_half  avia-builder-el-first  acans-panel-line first flex_column_div  '     ><section  class='av_textblock_section av-j22xnr-d2894846454cc50024a4270edfbb3759 '   itemscope=\"itemscope\" itemtype=\"https:\/\/schema.org\/CreativeWork\" ><div class='avia_textblock'  itemprop=\"text\" ><p>EINE GRUPPENORGANISATION<\/p>\n<p>Die Dynamik der Gruppe beruht auf einer klaren Verbindung zwischen Gesamtvision, spezialisierten Expertisen und operativen Verankerungen.<\/p>\n<\/div><\/section><\/div><div  class='flex_column av-i38v1z-070dc978d74ce5796f115e7d141f06b7 av_one_half  avia-builder-el-31  el_after_av_one_half  avia-builder-el-last  acans-panel-line flex_column_div  '     ><section  class='av_textblock_section av-fif64n-d2914d128018c3509d0254daf0f6ebf1 '   itemscope=\"itemscope\" itemtype=\"https:\/\/schema.org\/CreativeWork\" ><div class='avia_textblock'  itemprop=\"text\" ><p>KOMPLEMENT\u00c4RE EINHEITEN<\/p>\n<p>Jede Tochtergesellschaft tr\u00e4gt durch ihre Positionierung, ihre F\u00fchrungskr\u00e4fte, ihre Spezialit\u00e4t und ihre F\u00e4higkeit, spezifische Herausforderungen zu bew\u00e4ltigen, zur Gesamtidentit\u00e4t bei.<\/p>\n<\/div><\/section><\/div>\n\n<\/div><\/div><\/div><!-- close content main div --><\/div><\/div>\n<style type=\"text\/css\" data-created_by=\"avia_inline_auto\" id=\"style-css-av-ekfymv-2d1710c3233260f13d572fc103a6e3bd\">\n.avia-section.av-ekfymv-2d1710c3233260f13d572fc103a6e3bd{\nbackground-repeat:no-repeat;\nbackground-image:url(https:\/\/acans.com\/wp-content\/uploads\/2026\/04\/BG-ACANS-COMPLIANCE.png);\nbackground-position:100% 100%;\nbackground-attachment:fixed;\n}\n<\/style>\n<div id='av_section_5'  class='avia-section av-ekfymv-2d1710c3233260f13d572fc103a6e3bd main_color avia-section-no-padding avia-no-border-styling  avia-builder-el-33  el_after_av_section  avia-builder-el-last  avia-full-stretch avia-bg-style-fixed container_wrap sidebar_right'  data-section-bg-repeat='stretch'><div class='container av-section-cont-open' ><div class='template-page content  av-content-small alpha units'><div class='post-entry post-entry-type-page post-entry-4961'><div class='entry-content-wrapper clearfix'>\n<section  class='av_textblock_section av-c5k6br-8c00feb25c159fd4f96165b906f46dae '   itemscope=\"itemscope\" itemtype=\"https:\/\/schema.org\/CreativeWork\" ><div class='avia_textblock acans-kicker'  itemprop=\"text\" ><p class=\"acans-kicker\">Kontakt und Aktivit\u00e4ten<\/p>\n<\/div><\/section>\n\n<style type=\"text\/css\" data-created_by=\"avia_inline_auto\" id=\"style-css-av-bgweg7-3f66b30b7627236e13a861c8455e1da9\">\n#top .av-special-heading.av-bgweg7-3f66b30b7627236e13a861c8455e1da9{\npadding-bottom:10px;\n}\nbody .av-special-heading.av-bgweg7-3f66b30b7627236e13a861c8455e1da9 .av-special-heading-tag .heading-char{\nfont-size:25px;\n}\n.av-special-heading.av-bgweg7-3f66b30b7627236e13a861c8455e1da9 .av-subheading{\nfont-size:15px;\n}\n<\/style>\n<div  class='av-special-heading av-bgweg7-3f66b30b7627236e13a861c8455e1da9 av-special-heading-h3 blockquote modern-quote  avia-builder-el-35  el_after_av_textblock  el_before_av_textblock '><h3 class='av-special-heading-tag '  itemprop=\"headline\"  >Austausch mit dem ACANS COMPLIANCE Team<\/h3><div class=\"special-heading-border\"><div class=\"special-heading-inner-border\"><\/div><\/div><\/div>\n<section  class='av_textblock_section av-9w306v-11aa0c6a6cb188458a88a811543966fc '   itemscope=\"itemscope\" itemtype=\"https:\/\/schema.org\/CreativeWork\" ><div class='avia_textblock acans-lead'  itemprop=\"text\" ><p class=\"text-size-chat leading-relaxed extension:leading-normal my-2\"><span class=\"_inlineMarkdown_3nxm6_25 inline-markdown text-size-chat-sm font-mono blend bg-token-text-code-block-background rounded-sm px-1.5 py-0.5 leading-none extension:bg-token-foreground\/10 electron:bg-token-list-hover-background\/60\">F\u00fcr jede Anfrage nach Informationen, Pr\u00e4sentationen oder strategischen Kontakten steht Ihnen unser Team zur Verf\u00fcgung.<\/span><\/p>\n<\/div><\/section>\n<div  class='avia-buttonrow-wrap av-6xomo7-a93508c204ca030c4904557d1974abcf avia-buttonrow-left  avia-builder-el-37  el_after_av_textblock  el_before_av_hr '>\n\n<style type=\"text\/css\" data-created_by=\"avia_inline_auto\" id=\"style-css-av-6bbdh3-9e5786004beaa6887904765a20bfe3dd\">\n#top #wrap_all .avia-button.av-6bbdh3-9e5786004beaa6887904765a20bfe3dd{\nmargin-bottom:5px;\nmargin-right:5px;\n}\n<\/style>\n<a href='https:\/\/acans.com\/de\/kontakt\/'  class='avia-button av-6bbdh3-9e5786004beaa6887904765a20bfe3dd avia-icon_select-no avia-size-small avia-color-theme-color'   aria-label=\"Partner werden\"><span class='avia_iconbox_title' >Partner werden<\/span><\/a>\n\n<style type=\"text\/css\" data-created_by=\"avia_inline_auto\" id=\"style-css-av-3s4eqv-bfe7de799f57f45cd7422c5f55d4490d\">\n#top #wrap_all .avia-button.av-3s4eqv-bfe7de799f57f45cd7422c5f55d4490d{\nmargin-bottom:5px;\nmargin-right:5px;\n}\n<\/style>\n<a href='https:\/\/acans.com\/de\/tochtergesellschaften\/'  class='avia-button av-3s4eqv-bfe7de799f57f45cd7422c5f55d4490d avia-icon_select-no avia-size-small avia-color-theme-color'   aria-label=\"Andere Tochtergesellschaften\"><span class='avia_iconbox_title' >Andere Tochtergesellschaften<\/span><\/a>\n<\/div>\n\n<style type=\"text\/css\" data-created_by=\"avia_inline_auto\" id=\"style-css-av-28zvuf-ca4fc9c4784799a662ba2a9fd576e749\">\n#top .hr.hr-invisible.av-28zvuf-ca4fc9c4784799a662ba2a9fd576e749{\nheight:50px;\n}\n<\/style>\n<div  class='hr av-28zvuf-ca4fc9c4784799a662ba2a9fd576e749 hr-invisible  avia-builder-el-38  el_after_av_buttonrow  avia-builder-el-last '><span class='hr-inner '><span class=\"hr-inner-style\"><\/span><\/span><\/div>\n<\/div><\/div><\/div><!-- close content main div --><\/div><\/div><div id='after_section_5'  class='main_color av_default_container_wrap container_wrap sidebar_right'  ><div class='container av-section-cont-open' ><div class='template-page content  av-content-small alpha units'><div class='post-entry post-entry-type-page post-entry-4961'><div class='entry-content-wrapper clearfix'>\n","protected":false},"excerpt":{"rendered":"","protected":false},"author":1,"featured_media":0,"parent":5012,"menu_order":0,"comment_status":"closed","ping_status":"closed","template":"","meta":{"footnotes":""},"class_list":["post-4961","page","type-page","status-publish","hentry"],"_links":{"self":[{"href":"https:\/\/acans.com\/de\/wp-json\/wp\/v2\/pages\/4961","targetHints":{"allow":["GET"]}}],"collection":[{"href":"https:\/\/acans.com\/de\/wp-json\/wp\/v2\/pages"}],"about":[{"href":"https:\/\/acans.com\/de\/wp-json\/wp\/v2\/types\/page"}],"author":[{"embeddable":true,"href":"https:\/\/acans.com\/de\/wp-json\/wp\/v2\/users\/1"}],"replies":[{"embeddable":true,"href":"https:\/\/acans.com\/de\/wp-json\/wp\/v2\/comments?post=4961"}],"version-history":[{"count":0,"href":"https:\/\/acans.com\/de\/wp-json\/wp\/v2\/pages\/4961\/revisions"}],"up":[{"embeddable":true,"href":"https:\/\/acans.com\/de\/wp-json\/wp\/v2\/pages\/5012"}],"wp:attachment":[{"href":"https:\/\/acans.com\/de\/wp-json\/wp\/v2\/media?parent=4961"}],"curies":[{"name":"wp","href":"https:\/\/api.w.org\/{rel}","templated":true}]}}