{"id":4835,"date":"2026-04-05T09:29:53","date_gmt":"2026-04-05T07:29:53","guid":{"rendered":"https:\/\/acans.com\/compliance-ausschuss\/"},"modified":"2026-04-12T17:49:08","modified_gmt":"2026-04-12T15:49:08","slug":"compliance-ausschuss","status":"publish","type":"page","link":"https:\/\/acans.com\/de\/compliance-ausschuss\/","title":{"rendered":"Compliance-Ausschuss"},"content":{"rendered":"\n<style type=\"text\/css\" data-created_by=\"avia_inline_auto\" id=\"style-css-av-6i80ou-5676c0eb5626506f7792de8668a16d06\">\n.avia-section.av-6i80ou-5676c0eb5626506f7792de8668a16d06{\nbackground-repeat:no-repeat;\nbackground-image:url(https:\/\/acans.com\/wp-content\/uploads\/2026\/04\/BG2-ACANS-COMITTEE.png);\nbackground-position:100% 50%;\nbackground-attachment:fixed;\n}\n<\/style>\n<div id='av_section_1'  class='avia-section av-6i80ou-5676c0eb5626506f7792de8668a16d06 main_color avia-section-default avia-no-border-styling  avia-builder-el-0  el_before_av_section  avia-builder-el-first  acans-hero avia-full-stretch avia-bg-style-fixed av-minimum-height av-minimum-height-custom av-height-custom  container_wrap sidebar_right'  data-section-bg-repeat='stretch' data-av_minimum_height_px='400'><div class='container av-section-cont-open' style='height:400px'><main  role=\"main\" itemprop=\"mainContentOfPage\"  class='template-page content  av-content-small alpha units'><div class='post-entry post-entry-type-page post-entry-4835'><div class='entry-content-wrapper clearfix'>\n<div class='flex_column_table av-1r4ni8u-2fbdfc2b2356408069ccddc2c683e47c sc-av_one_full av-equal-height-column-flextable'><div  class='flex_column av-1r4ni8u-2fbdfc2b2356408069ccddc2c683e47c av_one_full  avia-builder-el-1  avia-builder-el-no-sibling  first flex_column_table_cell av-equal-height-column av-align-top  '     ><p>\n<style type=\"text\/css\" data-created_by=\"avia_inline_auto\" id=\"style-css-av-mnlg1qe1-6f78237f56a26734eda92e4f4d769a5e\">\n#top .av-special-heading.av-mnlg1qe1-6f78237f56a26734eda92e4f4d769a5e{\npadding-bottom:10px;\n}\nbody .av-special-heading.av-mnlg1qe1-6f78237f56a26734eda92e4f4d769a5e .av-special-heading-tag .heading-char{\nfont-size:25px;\n}\n.av-special-heading.av-mnlg1qe1-6f78237f56a26734eda92e4f4d769a5e .av-subheading{\nfont-size:15px;\n}\n<\/style>\n<div  class='av-special-heading av-mnlg1qe1-6f78237f56a26734eda92e4f4d769a5e av-special-heading-h3 blockquote modern-quote  avia-builder-el-2  el_before_av_textblock  avia-builder-el-first  acans-title-hero'><h3 class='av-special-heading-tag '  itemprop=\"headline\"  >Compliance-Ausschuss<\/h3><div class=\"special-heading-border\"><div class=\"special-heading-inner-border\"><\/div><\/div><\/div><br \/>\n<section  class='av_textblock_section av-mnlg49od-3e6517f23cf3d116f8d3478fc0b4a6cd '   itemscope=\"itemscope\" itemtype=\"https:\/\/schema.org\/CreativeWork\" ><div class='avia_textblock acans-kicker'  itemprop=\"text\" ><p class=\"p1\">Begleiten, vorschlagen, kontrollieren<\/p>\n<\/div><\/section><br \/>\n<section  class='av_textblock_section av-mnlg5wth-8c7781cdefce2f56f4a8a297523d63d0 '   itemscope=\"itemscope\" itemtype=\"https:\/\/schema.org\/CreativeWork\" ><div class='avia_textblock acans-lead'  itemprop=\"text\" ><p class=\"p1\">Die Rolle unseres Compliance-Ausschusses besteht darin, den F\u00fchrungskr\u00e4ften der Gruppe fundierte Expertise, pr\u00e4zise Analysen und evidenzbasierte Empfehlungen zur Verf\u00fcgung zu stellen, um ihre strategischen und operativen Entscheidungen zu steuern.<\/p>\n<\/div><\/section><\/p><\/div><\/div><!--close column table wrapper. Autoclose: 1 -->\n\n<\/div><\/div><\/main><!-- close content main element --><\/div><\/div><div id='av_section_2'  class='avia-section av-2tzuy6-5fbb407f11eaf8d4317f798ed7295cf7 main_color avia-section-default avia-no-border-styling  avia-builder-el-5  el_after_av_section  el_before_av_section  avia-bg-style-fixed container_wrap sidebar_right'  ><div class='container av-section-cont-open' ><div class='template-page content  av-content-small alpha units'><div class='post-entry post-entry-type-page post-entry-4835'><div class='entry-content-wrapper clearfix'>\n<div  class='flex_column av-1jjzem6-320136b4bd2439d2cd870713cc31f627 av_one_full  avia-builder-el-6  avia-builder-el-no-sibling  first flex_column_div  '     ><p>\n<style type=\"text\/css\" data-created_by=\"avia_inline_auto\" id=\"style-css-av-1glyj7i-61a1a84f403bf43263ac7e678c9a04fc\">\n#top .av-special-heading.av-1glyj7i-61a1a84f403bf43263ac7e678c9a04fc{\nmargin:0px 0px 0px 0px;\npadding-bottom:10px;\n}\nbody .av-special-heading.av-1glyj7i-61a1a84f403bf43263ac7e678c9a04fc .av-special-heading-tag .heading-char{\nfont-size:25px;\n}\n.av-special-heading.av-1glyj7i-61a1a84f403bf43263ac7e678c9a04fc .av-subheading{\nfont-size:15px;\n}\n<\/style>\n<div  class='av-special-heading av-1glyj7i-61a1a84f403bf43263ac7e678c9a04fc av-special-heading-h2 blockquote modern-quote  avia-builder-el-7  el_before_av_textblock  avia-builder-el-first  acans-title-m'><h2 class='av-special-heading-tag '  itemprop=\"headline\"  >Eine Governance des Aufbaus<\/h2><div class=\"special-heading-border\"><div class=\"special-heading-inner-border\"><\/div><\/div><\/div><br \/>\n<section  class='av_textblock_section av-1dulace-28ac3e0a89c68a4793428cae2e87ed0f '   itemscope=\"itemscope\" itemtype=\"https:\/\/schema.org\/CreativeWork\" ><div class='avia_textblock acans-text-body'  itemprop=\"text\" ><p class=\"p1\">ACANS EURO GROUP vereint F\u00fchrungskr\u00e4fte mit komplement\u00e4ren Profilen und Expertisen, die sich f\u00fcr die Strukturierung, Entwicklung und \u00dcberwachung der Aktivit\u00e4ten der Gruppe einsetzen. Diese Organisation erm\u00f6glicht die Verkn\u00fcpfung von strategischer Vision, operativer Steuerung und der Beherrschung der f\u00fcr jedes Gesch\u00e4ftsfeld spezifischen Gleichgewichte. <\/p>\n<p class=\"p1\">\u00dcber die individuellen Verantwortungen hinaus basiert diese Governance auf einer Logik der engen Koordination zwischen den F\u00fchrungskr\u00e4ften und den Tochtergesellschaften, um die Koh\u00e4renz der Entscheidungen, die Qualit\u00e4t der Ausf\u00fchrung und die Solidit\u00e4t der eingeleiteten Entwicklung zu gew\u00e4hrleisten.<\/p>\n<\/div><\/section><\/p><\/div>\n\n<\/div><\/div><\/div><!-- close content main div --><\/div><\/div>\n<style type=\"text\/css\" data-created_by=\"avia_inline_auto\" id=\"style-css-av-lr5gq6-bc3f407e3076bf21cb824b5af3223946\">\n.avia-section.av-lr5gq6-bc3f407e3076bf21cb824b5af3223946{\nbackground-repeat:no-repeat;\nbackground-image:url(https:\/\/acans.com\/wp-content\/uploads\/2026\/04\/BG2-ACANS-COMITTEE.png);\nbackground-position:100% 50%;\nbackground-attachment:fixed;\n}\n<\/style>\n<div id='av_section_3'  class='avia-section av-lr5gq6-bc3f407e3076bf21cb824b5af3223946 main_color avia-section-default avia-no-border-styling  avia-builder-el-9  el_after_av_section  el_before_av_section  avia-bg-style-fixed container_wrap sidebar_right'  data-section-bg-repeat='no-repeat'><div class='container av-section-cont-open' ><div class='template-page content  av-content-small alpha units'><div class='post-entry post-entry-type-page post-entry-4835'><div class='entry-content-wrapper clearfix'>\n<div class='flex_column_table av-ktajjy-e9d8ed2ed45e8a09439ca57eac564bf5 sc-av_one_third av-equal-height-column-flextable'>\n<style type=\"text\/css\" data-created_by=\"avia_inline_auto\" id=\"style-css-av-ktajjy-e9d8ed2ed45e8a09439ca57eac564bf5\">\n.flex_column.av-ktajjy-e9d8ed2ed45e8a09439ca57eac564bf5{\npadding:15px 15px 15px 15px;\nbackground-color:rgba(255,255,255,0.7);\n}\n<\/style>\n<div  class='flex_column av-ktajjy-e9d8ed2ed45e8a09439ca57eac564bf5 av_one_third  avia-builder-el-10  el_before_av_one_third  avia-builder-el-first  first flex_column_table_cell av-equal-height-column av-align-top  '     ><p>\n<style type=\"text\/css\" data-created_by=\"avia_inline_auto\" id=\"style-css-av-1ws33y-50306c10323fea96c5d9b4028f81c907\">\n#top .av-special-heading.av-1ws33y-50306c10323fea96c5d9b4028f81c907{\nmargin:0px 0 0 0;\npadding-bottom:10px;\n}\nbody .av-special-heading.av-1ws33y-50306c10323fea96c5d9b4028f81c907 .av-special-heading-tag .heading-char{\nfont-size:25px;\n}\n.av-special-heading.av-1ws33y-50306c10323fea96c5d9b4028f81c907 .av-subheading{\nfont-size:15px;\n}\n<\/style>\n<div  class='av-special-heading av-1ws33y-50306c10323fea96c5d9b4028f81c907 av-special-heading-h3 blockquote modern-quote  avia-builder-el-11  el_before_av_textblock  avia-builder-el-first  acans-title-s'><h3 class='av-special-heading-tag '  itemprop=\"headline\"  >Strategische Beratung<\/h3><div class=\"special-heading-border\"><div class=\"special-heading-inner-border\"><\/div><\/div><\/div><br \/>\n<section  class='av_textblock_section av-mnlj72sf-bc3e7f6b27506359d8ff16af5ab9b9d5 '   itemscope=\"itemscope\" itemtype=\"https:\/\/schema.org\/CreativeWork\" ><div class='avia_textblock acans-text-body acans-panel-line'  itemprop=\"text\" ><p>Die Rolle unseres Compliance-Ausschusses besteht darin, den F\u00fchrungskr\u00e4ften der ACANS EURO GROUP fundierte Expertise, pr\u00e4zise Analysen und evidenzbasierte Empfehlungen zur Verf\u00fcgung zu stellen, um ihre strategischen und operativen Entscheidungen zu steuern.<\/p>\n<\/div><\/section><\/p><\/div><div class='av-flex-placeholder'><\/div>\n<style type=\"text\/css\" data-created_by=\"avia_inline_auto\" id=\"style-css-av-az0zgu-f1b22a09f857ff18b406e54faf856ae0\">\n.flex_column.av-az0zgu-f1b22a09f857ff18b406e54faf856ae0{\npadding:15px 15px 15px 15px;\nbackground-color:rgba(255,255,255,0.7);\n}\n<\/style>\n<div  class='flex_column av-az0zgu-f1b22a09f857ff18b406e54faf856ae0 av_one_third  avia-builder-el-13  el_after_av_one_third  el_before_av_one_third  flex_column_table_cell av-equal-height-column av-align-top  '     ><p>\n<style type=\"text\/css\" data-created_by=\"avia_inline_auto\" id=\"style-css-av-8xj0u6-159b4590b1786c361c64c810c571f74f\">\n#top .av-special-heading.av-8xj0u6-159b4590b1786c361c64c810c571f74f{\npadding-bottom:10px;\n}\nbody .av-special-heading.av-8xj0u6-159b4590b1786c361c64c810c571f74f .av-special-heading-tag .heading-char{\nfont-size:25px;\n}\n.av-special-heading.av-8xj0u6-159b4590b1786c361c64c810c571f74f .av-subheading{\nfont-size:15px;\n}\n<\/style>\n<div  class='av-special-heading av-8xj0u6-159b4590b1786c361c64c810c571f74f av-special-heading-h3 blockquote modern-quote  avia-builder-el-14  el_before_av_textblock  avia-builder-el-first  acans-title-s'><h3 class='av-special-heading-tag '  itemprop=\"headline\"  >Innovation und Forschung<\/h3><div class=\"special-heading-border\"><div class=\"special-heading-inner-border\"><\/div><\/div><\/div><br \/>\n<section  class='av_textblock_section av-7udrta-51bb5873b46e62c442e229e5001ee0f5 '   itemscope=\"itemscope\" itemtype=\"https:\/\/schema.org\/CreativeWork\" ><div class='avia_textblock acans-text-body acans-panel-line'  itemprop=\"text\" ><p>Der Ausschuss kann zur Erarbeitung neuer Ans\u00e4tze beitragen, wie etwa der Integration k\u00fcnstlicher Intelligenz, sich an der Entwicklung verschiedener Risikobewertungsmodelle sowie an der Politik unseres Produktangebots beteiligen und den Nutzen einer erstklassigen Au\u00dfenansicht einbringen.<\/p>\n<\/div><\/section><\/p><\/div><div class='av-flex-placeholder'><\/div>\n<style type=\"text\/css\" data-created_by=\"avia_inline_auto\" id=\"style-css-av-5ac5ou-d5d8e977db8157145c8f69c3c88dc60a\">\n.flex_column.av-5ac5ou-d5d8e977db8157145c8f69c3c88dc60a{\npadding:15px 15px 15px 15px;\nbackground-color:rgba(255,255,255,0.7);\n}\n<\/style>\n<div  class='flex_column av-5ac5ou-d5d8e977db8157145c8f69c3c88dc60a av_one_third  avia-builder-el-16  el_after_av_one_third  avia-builder-el-last  flex_column_table_cell av-equal-height-column av-align-top  '     ><p>\n<style type=\"text\/css\" data-created_by=\"avia_inline_auto\" id=\"style-css-av-4isfj2-9fffc3074f423347004ab5266549c62f\">\n#top .av-special-heading.av-4isfj2-9fffc3074f423347004ab5266549c62f{\npadding-bottom:10px;\n}\nbody .av-special-heading.av-4isfj2-9fffc3074f423347004ab5266549c62f .av-special-heading-tag .heading-char{\nfont-size:25px;\n}\n.av-special-heading.av-4isfj2-9fffc3074f423347004ab5266549c62f .av-subheading{\nfont-size:15px;\n}\n<\/style>\n<div  class='av-special-heading av-4isfj2-9fffc3074f423347004ab5266549c62f av-special-heading-h3 blockquote modern-quote  avia-builder-el-17  el_before_av_textblock  avia-builder-el-first  acans-title-s'><h3 class='av-special-heading-tag '  itemprop=\"headline\"  >Compliance und Regulierung<\/h3><div class=\"special-heading-border\"><div class=\"special-heading-inner-border\"><\/div><\/div><\/div><br \/>\n<section  class='av_textblock_section av-24z83y-36256a0f5d845846f192555ab106171b '   itemscope=\"itemscope\" itemtype=\"https:\/\/schema.org\/CreativeWork\" ><div class='avia_textblock acans-text-body acans-panel-line'  itemprop=\"text\" ><p>Der Ausschuss wird darauf achten, dass die Praktiken die regulatorischen Normen einhalten, und gleichzeitig Anpassungen an rechtliche oder wirtschaftliche Entwicklungen vorschlagen.<\/p>\n<\/div><\/section><\/p><\/div><\/div><!--close column table wrapper. Autoclose: 1 -->\n\n<\/div><\/div><\/div><!-- close content main div --><\/div><\/div><div id='av_section_4'  class='avia-section av-1q13gta-37304b94515138084f71327c766d2248 main_color avia-section-default avia-no-border-styling  avia-builder-el-19  el_after_av_section  el_before_av_section  avia-bg-style-scroll container_wrap sidebar_right'  ><div class='container av-section-cont-open' ><div class='template-page content  av-content-small alpha units'><div class='post-entry post-entry-type-page post-entry-4835'><div class='entry-content-wrapper clearfix'>\n<div  class='flex_column av-1buhh9q-9adead58dbe2d24aa9293bdc9e5e83e0 av_one_full  avia-builder-el-20  el_before_av_one_fifth  avia-builder-el-first  first flex_column_div  '     ><style type=\"text\/css\" data-created_by=\"avia_inline_auto\" id=\"style-css-av-mnlg7wx6-0b12d8e7c23361751e2093104b454e39\">\n#top .av-special-heading.av-mnlg7wx6-0b12d8e7c23361751e2093104b454e39{\nmargin:0px 0px 0px 0px;\npadding-bottom:10px;\n}\nbody .av-special-heading.av-mnlg7wx6-0b12d8e7c23361751e2093104b454e39 .av-special-heading-tag .heading-char{\nfont-size:25px;\n}\n.av-special-heading.av-mnlg7wx6-0b12d8e7c23361751e2093104b454e39 .av-subheading{\nfont-size:15px;\n}\n<\/style>\n<div  class='av-special-heading av-mnlg7wx6-0b12d8e7c23361751e2093104b454e39 av-special-heading-h2 blockquote modern-quote  avia-builder-el-21  avia-builder-el-no-sibling  acans-title-m'><h2 class='av-special-heading-tag '  itemprop=\"headline\"  >Mitglieder des Ausschusses<\/h2><div class=\"special-heading-border\"><div class=\"special-heading-inner-border\"><\/div><\/div><\/div><\/div><div  class='flex_column av-huo0u-2b955fd56fb72e4018cc90e787dda594 av_one_fifth  avia-builder-el-22  el_after_av_one_full  el_before_av_four_fifth  first flex_column_div  column-top-margin'     ><section  class='avia-team-member av-mnlg6xdh-1df9ba25eca9dcac8c184bfaa3f9fe9e  avia-builder-el-23  avia-builder-el-no-sibling '  itemscope=\"itemscope\" itemtype=\"https:\/\/schema.org\/Person\" ><div class=\"team-img-container\"><img decoding=\"async\" fetchpriority=\"high\" class='wp-image-4845 avia-img-lazy-loading-not-4845 avia_image avia_image_team' src=\"https:\/\/acans.com\/wp-content\/uploads\/2026\/04\/ACANS-Group-Portraits_4-2_NB-scaled.jpg\" alt=''  itemprop=\"image\"   height=\"2560\" width=\"1920\" srcset=\"https:\/\/acans.com\/wp-content\/uploads\/2026\/04\/ACANS-Group-Portraits_4-2_NB-scaled.jpg 1920w, https:\/\/acans.com\/wp-content\/uploads\/2026\/04\/ACANS-Group-Portraits_4-2_NB-225x300.jpg 225w, https:\/\/acans.com\/wp-content\/uploads\/2026\/04\/ACANS-Group-Portraits_4-2_NB-773x1030.jpg 773w, https:\/\/acans.com\/wp-content\/uploads\/2026\/04\/ACANS-Group-Portraits_4-2_NB-768x1024.jpg 768w, https:\/\/acans.com\/wp-content\/uploads\/2026\/04\/ACANS-Group-Portraits_4-2_NB-1152x1536.jpg 1152w, https:\/\/acans.com\/wp-content\/uploads\/2026\/04\/ACANS-Group-Portraits_4-2_NB-1536x2048.jpg 1536w, https:\/\/acans.com\/wp-content\/uploads\/2026\/04\/ACANS-Group-Portraits_4-2_NB-1125x1500.jpg 1125w, https:\/\/acans.com\/wp-content\/uploads\/2026\/04\/ACANS-Group-Portraits_4-2_NB-529x705.jpg 529w\" sizes=\"(max-width: 1920px) 100vw, 1920px\" \/><\/div><span class='hidden team-member-affiliation'  itemprop=\"affiliation\" >AEG - Acans Euro Group<\/span><\/section><\/div><div  class='flex_column av-18cafvy-f7042e8d0dbf9bb2706646f6027963f4 av_four_fifth  avia-builder-el-24  el_after_av_one_fifth  el_before_av_one_fifth  flex_column_div  column-top-margin'     ><section  class='av_textblock_section av-mnlh6762-0eff90cd0253306472e51d975e2af923 '   itemscope=\"itemscope\" itemtype=\"https:\/\/schema.org\/CreativeWork\" ><div class='avia_textblock'  itemprop=\"text\" ><blockquote>\n<p>Thilo Firchow<br \/>\n<em>Vorsitzender des Ausschusses<\/em><\/p>\n<\/blockquote>\n<p>Thilo ist ein ehemaliger Richter, hoher Beamter und assoziierter Universit\u00e4tsprofessor.<br \/>\nSeit 2019 ist Thilo Berater f\u00fcr CSR und Compliance sowie hochrangiger Experte f\u00fcr \u00f6ffentliche Politik und CSR.<br \/>\nThilo ist zudem Beauftragter und Sonderberater des gesch\u00e4ftsf\u00fchrenden Gesellschafters der ACANS EURO GROUP.<\/p>\n<\/div><\/section><\/div><div class='flex_column_table av-m2mpa-c320f7c9048305859a13a116f6b45cb0 sc-av_one_fifth av-equal-height-column-flextable'><div  class='flex_column av-m2mpa-c320f7c9048305859a13a116f6b45cb0 av_one_fifth  avia-builder-el-26  el_after_av_four_fifth  el_before_av_one_fifth  first flex_column_table_cell av-equal-height-column av-align-top  '     ><\/div><div class='av-flex-placeholder'><\/div><div  class='flex_column av-4a0acu-7dd48c87750f72275c114abdb87878a0 av_one_fifth  avia-builder-el-27  el_after_av_one_fifth  el_before_av_three_fifth  flex_column_table_cell av-equal-height-column av-align-top  '     ><section  class='avia-team-member av-14x3utq-72da706cbc5635e5d14b7367140a5bb2  avia-builder-el-28  avia-builder-el-no-sibling '  itemscope=\"itemscope\" itemtype=\"https:\/\/schema.org\/Person\" ><div class=\"team-img-container\"><img decoding=\"async\" fetchpriority=\"high\" class='wp-image-4841 avia-img-lazy-loading-not-4841 avia_image avia_image_team' src=\"https:\/\/acans.com\/wp-content\/uploads\/2026\/04\/Charles-Rene-Tande.png\" alt=''  itemprop=\"image\"   height=\"285\" width=\"254\" \/><\/div><span class='hidden team-member-affiliation'  itemprop=\"affiliation\" >AEG - Acans Euro Group<\/span><\/section><\/div><div class='av-flex-placeholder'><\/div><div  class='flex_column av-3vvgge-0be32ba98fd954f98c3001633893abf1 av_three_fifth  avia-builder-el-29  el_after_av_one_fifth  el_before_av_one_fifth  flex_column_table_cell av-equal-height-column av-align-top  '     ><section  class='av_textblock_section av-38g1su-9f5ae22046dc59581015639454024937 '   itemscope=\"itemscope\" itemtype=\"https:\/\/schema.org\/CreativeWork\" ><div class='avia_textblock'  itemprop=\"text\" ><blockquote>\n<p>Charles-Ren\u00e9 Tand\u00e9<br \/>\n<em>St\u00e4ndiges Mitglied<\/em><\/p>\n<\/blockquote>\n<p>Pr\u00e4sident der CAVEC &#8211; Altersvorsorgekasse f\u00fcr Wirtschaftspr\u00fcfer<br \/>\nEhrenpr\u00e4sident des Nationalrats der Kammer der Wirtschaftspr\u00fcfer<br \/>\nEhrenpr\u00e4sident des Franz\u00f6sischen Instituts der Wirtschaftspr\u00fcfer<\/p>\n<\/div><\/section><\/div><\/div><!--close column table wrapper. Autoclose: 1 --><div class='flex_column_table av-2znwmm-b113485dce0877e838b95db07c00c722 sc-av_one_fifth av-equal-height-column-flextable'><div  class='flex_column av-2znwmm-b113485dce0877e838b95db07c00c722 av_one_fifth  avia-builder-el-31  el_after_av_three_fifth  el_before_av_one_fifth  first flex_column_table_cell av-equal-height-column av-align-top  '     ><\/div><div class='av-flex-placeholder'><\/div><div  class='flex_column av-2yv6oe-74451f4a4a2338edd7256054986f8008 av_one_fifth  avia-builder-el-32  el_after_av_one_fifth  el_before_av_three_fifth  flex_column_table_cell av-equal-height-column av-align-top  '     ><section  class='avia-team-member av-2rr1zy-d784234585ea8276f5bbfb592086ac4b  avia-builder-el-33  avia-builder-el-no-sibling '  itemscope=\"itemscope\" itemtype=\"https:\/\/schema.org\/Person\" ><div class=\"team-img-container\"><img decoding=\"async\" fetchpriority=\"high\" class='wp-image-4839 avia-img-lazy-loading-not-4839 avia_image avia_image_team' src=\"https:\/\/acans.com\/wp-content\/uploads\/2026\/04\/Portrait-DH-BW.png\" alt=''  itemprop=\"image\"   height=\"285\" width=\"254\" \/><\/div><span class='hidden team-member-affiliation'  itemprop=\"affiliation\" >AEG - Acans Euro Group<\/span><\/section><\/div><div class='av-flex-placeholder'><\/div><div  class='flex_column av-9uq5j2-6ceaca1f698c0a8f0a3789ea4d258813 av_three_fifth  avia-builder-el-34  el_after_av_one_fifth  el_before_av_one_fifth  flex_column_table_cell av-equal-height-column av-align-top  '     ><section  class='av_textblock_section av-mnlis05y-80e00d77010455c45bb709dd6b9e2a78 '   itemscope=\"itemscope\" itemtype=\"https:\/\/schema.org\/CreativeWork\" ><div class='avia_textblock'  itemprop=\"text\" ><blockquote>\n<p>RA Dounia Harbouche<br \/>\n<em>St\u00e4ndiges Mitglied<\/em><\/p>\n<\/blockquote>\n<p>Rechtsanw\u00e4ltin bei der Pariser Anwaltskammer<br \/>\nVerm\u00f6gensrecht und Finanzintermediation<br \/>\n<a href=\"https:\/\/dhjuris.com\">https:\/\/dhjuris.com<\/a><\/p>\n<\/div><\/section><\/div><\/div><!--close column table wrapper. Autoclose: 1 --><div class='flex_column_table av-fw5vda-a34f0b2e9d8727ac0de85059a338280a sc-av_one_fifth av-equal-height-column-flextable'><div  class='flex_column av-fw5vda-a34f0b2e9d8727ac0de85059a338280a av_one_fifth  avia-builder-el-36  el_after_av_three_fifth  el_before_av_one_fifth  first flex_column_table_cell av-equal-height-column av-align-top  '     ><\/div><div class='av-flex-placeholder'><\/div><div  class='flex_column av-74kuge-33be70e7c64c2ee6d0ebcafb9e6456f1 av_one_fifth  avia-builder-el-37  el_after_av_one_fifth  el_before_av_three_fifth  flex_column_table_cell av-equal-height-column av-align-top  '     ><section  class='avia-team-member av-j7ja6-8d807738029504693084bfefe22ac638  avia-builder-el-38  avia-builder-el-no-sibling '  itemscope=\"itemscope\" itemtype=\"https:\/\/schema.org\/Person\" ><div class=\"team-img-container\"><img decoding=\"async\" fetchpriority=\"high\" class='wp-image-4844 avia-img-lazy-loading-not-4844 avia_image avia_image_team' src=\"https:\/\/acans.com\/wp-content\/uploads\/2026\/04\/bruno-mineo.jpg\" alt=''  itemprop=\"image\"   height=\"285\" width=\"254\" \/><\/div><span class='hidden team-member-affiliation'  itemprop=\"affiliation\" >AEG - Acans Euro Group<\/span><\/section><\/div><div class='av-flex-placeholder'><\/div><div  class='flex_column av-3t35ce-cb6d11f3473b6c02fd8c696de2b76292 av_three_fifth  avia-builder-el-39  el_after_av_one_fifth  el_before_av_hr  flex_column_table_cell av-equal-height-column av-align-top  '     ><section  class='av_textblock_section av-mnlivznl-7c9e4b07d705d8ce5bd1bd49eac9d9dd '   itemscope=\"itemscope\" itemtype=\"https:\/\/schema.org\/CreativeWork\" ><div class='avia_textblock'  itemprop=\"text\" ><blockquote>\n<p>Notar Bruno Min\u00e9o<br \/>\n<em>St\u00e4ndiges Mitglied<\/em><\/p>\n<\/blockquote>\n<p>Notar<br \/>\nPr\u00e4sident von Lexgroup<br \/>\n<a href=\"https:\/\/lexgroup.notaires.fr\">https:\/\/lexgroup.notaires.fr<\/a><\/p>\n<\/div><\/section><\/div><\/div><!--close column table wrapper. Autoclose: 1 -->\n<style type=\"text\/css\" data-created_by=\"avia_inline_auto\" id=\"style-css-av-4626m6-2cbd6c78c5cb5339aee51bf8390f6a7d\">\n#top .hr.hr-invisible.av-4626m6-2cbd6c78c5cb5339aee51bf8390f6a7d{\nheight:50px;\n}\n<\/style>\n<div  class='hr av-4626m6-2cbd6c78c5cb5339aee51bf8390f6a7d hr-invisible  avia-builder-el-41  el_after_av_three_fifth  avia-builder-el-last '><span class='hr-inner '><span class=\"hr-inner-style\"><\/span><\/span><\/div>\n<\/div><\/div><\/div><!-- close content main div --><\/div><\/div>\n<style type=\"text\/css\" data-created_by=\"avia_inline_auto\" id=\"style-css-av-37j98u-2bcc0da147b61380b605dedb496e7d6e\">\n.avia-section.av-37j98u-2bcc0da147b61380b605dedb496e7d6e{\nbackground-repeat:no-repeat;\nbackground-image:url(https:\/\/acans.com\/wp-content\/uploads\/2026\/04\/BG2-ACANS-COMITTEE.png);\nbackground-position:50% 100%;\nbackground-attachment:fixed;\n}\n<\/style>\n<div id='av_section_5'  class='avia-section av-37j98u-2bcc0da147b61380b605dedb496e7d6e main_color avia-section-default avia-no-border-styling  avia-builder-el-42  el_after_av_section  avia-builder-el-last  avia-bg-style-fixed container_wrap sidebar_right'  data-section-bg-repeat='no-repeat'><div class='container av-section-cont-open' ><div class='template-page content  av-content-small alpha units'><div class='post-entry post-entry-type-page post-entry-4835'><div class='entry-content-wrapper clearfix'><\/div><\/div><\/div><!-- close content main div --><\/div><\/div><div id='after_section_5'  class='main_color av_default_container_wrap container_wrap sidebar_right'  ><div class='container av-section-cont-open' ><div class='template-page content  av-content-small alpha units'><div class='post-entry post-entry-type-page post-entry-4835'><div class='entry-content-wrapper clearfix'><\/p>\n","protected":false},"excerpt":{"rendered":"","protected":false},"author":1,"featured_media":0,"parent":0,"menu_order":0,"comment_status":"closed","ping_status":"closed","template":"","meta":{"footnotes":""},"class_list":["post-4835","page","type-page","status-publish","hentry"],"_links":{"self":[{"href":"https:\/\/acans.com\/de\/wp-json\/wp\/v2\/pages\/4835","targetHints":{"allow":["GET"]}}],"collection":[{"href":"https:\/\/acans.com\/de\/wp-json\/wp\/v2\/pages"}],"about":[{"href":"https:\/\/acans.com\/de\/wp-json\/wp\/v2\/types\/page"}],"author":[{"embeddable":true,"href":"https:\/\/acans.com\/de\/wp-json\/wp\/v2\/users\/1"}],"replies":[{"embeddable":true,"href":"https:\/\/acans.com\/de\/wp-json\/wp\/v2\/comments?post=4835"}],"version-history":[{"count":0,"href":"https:\/\/acans.com\/de\/wp-json\/wp\/v2\/pages\/4835\/revisions"}],"wp:attachment":[{"href":"https:\/\/acans.com\/de\/wp-json\/wp\/v2\/media?parent=4835"}],"curies":[{"name":"wp","href":"https:\/\/api.w.org\/{rel}","templated":true}]}}