{"id":4795,"date":"2026-04-06T19:13:12","date_gmt":"2026-04-06T17:13:12","guid":{"rendered":"https:\/\/acans.com\/angebote\/"},"modified":"2026-04-12T17:48:31","modified_gmt":"2026-04-12T15:48:31","slug":"angebote","status":"publish","type":"page","link":"https:\/\/acans.com\/de\/angebote\/","title":{"rendered":"ANGEBOTE"},"content":{"rendered":"\n<style type=\"text\/css\" data-created_by=\"avia_inline_auto\" id=\"style-css-av-1y2nupr-52e21915e5c04c4774b9cb66a87f2682\">\n.avia-section.av-1y2nupr-52e21915e5c04c4774b9cb66a87f2682{\nbackground-repeat:no-repeat;\nbackground-image:url(https:\/\/acans.com\/wp-content\/uploads\/2026\/04\/BG-FINAL-OFFRES.png);\nbackground-position:100% 0%;\nbackground-attachment:fixed;\n}\n<\/style>\n<div id='av_section_1'  class='avia-section av-1y2nupr-52e21915e5c04c4774b9cb66a87f2682 main_color avia-section-default avia-no-border-styling  avia-builder-el-0  el_before_av_section  avia-builder-el-first  acans-hero avia-full-stretch avia-bg-style-fixed av-minimum-height av-minimum-height-custom av-height-custom  container_wrap sidebar_right'  data-section-bg-repeat='stretch' data-av_minimum_height_px='400'><div class='container av-section-cont-open' style='height:400px'><main  role=\"main\" itemprop=\"mainContentOfPage\"  class='template-page content  av-content-small alpha units'><div class='post-entry post-entry-type-page post-entry-4795'><div class='entry-content-wrapper clearfix'>\n<div class='flex_column_table av-1w9vw3j-3f109903c79ea6aef392c90edb84308b sc-av_three_fourth av-equal-height-column-flextable'><div  class='flex_column av-1w9vw3j-3f109903c79ea6aef392c90edb84308b av_three_fourth  avia-builder-el-1  el_before_av_one_fourth  avia-builder-el-first  first flex_column_table_cell av-equal-height-column av-align-top  '     ><p>\n<style type=\"text\/css\" data-created_by=\"avia_inline_auto\" id=\"style-css-av-1vs98vj-ae1efc992cef4aa9f33bbf02850b2da3\">\n#top .av-special-heading.av-1vs98vj-ae1efc992cef4aa9f33bbf02850b2da3{\npadding-bottom:10px;\n}\nbody .av-special-heading.av-1vs98vj-ae1efc992cef4aa9f33bbf02850b2da3 .av-special-heading-tag .heading-char{\nfont-size:25px;\n}\n.av-special-heading.av-1vs98vj-ae1efc992cef4aa9f33bbf02850b2da3 .av-subheading{\nfont-size:15px;\n}\n<\/style>\n<div  class='av-special-heading av-1vs98vj-ae1efc992cef4aa9f33bbf02850b2da3 av-special-heading-h3 blockquote modern-quote  avia-builder-el-2  el_before_av_textblock  avia-builder-el-first  acans-title-xl'><h3 class='av-special-heading-tag '  itemprop=\"headline\"  >Unsere Angebote<\/h3><div class=\"special-heading-border\"><div class=\"special-heading-inner-border\"><\/div><\/div><\/div><br \/>\n<section  class='av_textblock_section av-1tgqk4v-b99a1bdc73c03f82455a829e7c06fb88 '   itemscope=\"itemscope\" itemtype=\"https:\/\/schema.org\/CreativeWork\" ><div class='avia_textblock acans-kicker'  itemprop=\"text\" ><p class=\"p1\">L\u00f6sungen, die entwickelt wurden, um das Gesch\u00e4ft auszubauen, ohne den Rahmen zu opfern<\/p>\n<\/div><\/section><br \/>\n\n<style type=\"text\/css\" data-created_by=\"avia_inline_auto\" id=\"style-css-av-69fg7j-553d70c5c5ef43ae0a76421edcad4c65\">\n#top .hr.hr-invisible.av-69fg7j-553d70c5c5ef43ae0a76421edcad4c65{\nheight:50px;\n}\n<\/style>\n<div  class='hr av-69fg7j-553d70c5c5ef43ae0a76421edcad4c65 hr-invisible  avia-builder-el-4  el_after_av_textblock  el_before_av_buttonrow '><span class='hr-inner '><span class=\"hr-inner-style\"><\/span><\/span><\/div><br \/>\n<div  class='avia-buttonrow-wrap av-1p2jgzj-9805f2d6c78484b06f27f7c2b2ee587e avia-buttonrow-left  avia-builder-el-5  el_after_av_hr  avia-builder-el-last '>\n\n<style type=\"text\/css\" data-created_by=\"avia_inline_auto\" id=\"style-css-av-1ma3uy7-b690359d2bad8222fbd617a04acba7f6\">\n#top #wrap_all .avia-button.av-1ma3uy7-b690359d2bad8222fbd617a04acba7f6{\nmargin-bottom:5px;\nmargin-right:5px;\n}\n<\/style>\n<a href='https:\/\/acans.com\/de\/kontakt\/'  class='avia-button av-1ma3uy7-b690359d2bad8222fbd617a04acba7f6 avia-icon_select-no avia-size-small avia-color-theme-color'   aria-label=\"Partner werden\"><span class='avia_iconbox_title' >Partner werden<\/span><\/a>\n\n<style type=\"text\/css\" data-created_by=\"avia_inline_auto\" id=\"style-css-av-1lf18vz-53abb17b6c35f155958b944a741aa40c\">\n#top #wrap_all .avia-button.av-1lf18vz-53abb17b6c35f155958b944a741aa40c{\nmargin-bottom:5px;\nmargin-right:5px;\n}\n<\/style>\n<a href='https:\/\/acans.com\/de\/kontakt\/'  class='avia-button av-1lf18vz-53abb17b6c35f155958b944a741aa40c avia-icon_select-no avia-size-small avia-color-theme-color'   aria-label=\"Zu unseren Angeboten\"><span class='avia_iconbox_title' >Zu unseren Angeboten<\/span><\/a>\n<\/div><\/p><\/div><div class='av-flex-placeholder'><\/div>\n<style type=\"text\/css\" data-created_by=\"avia_inline_auto\" id=\"style-css-av-1isyz0v-9f071677ad989fc03bf60ef7afce27f4\">\n.flex_column.av-1isyz0v-9f071677ad989fc03bf60ef7afce27f4{\npadding:0px 0px 0px 0px;\n}\n<\/style>\n<div  class='flex_column av-1isyz0v-9f071677ad989fc03bf60ef7afce27f4 av_one_fourth  avia-builder-el-6  el_after_av_three_fourth  avia-builder-el-last  flex_column_table_cell av-equal-height-column av-align-top av-zero-column-padding  '     ><\/div><\/div><!--close column table wrapper. Autoclose: 1 -->\n\n<\/div><\/div><\/main><!-- close content main element --><\/div><\/div><div id='av_section_2'  class='avia-section av-1dyq94f-380d97262b787cbbbfffc07a5f7f9c3c main_color avia-section-no-padding avia-no-border-styling  avia-builder-el-7  el_after_av_section  el_before_av_section  acans-section acans-surface-white avia-bg-style-scroll container_wrap sidebar_right'  ><div class='container av-section-cont-open' ><div class='template-page content  av-content-small alpha units'><div class='post-entry post-entry-type-page post-entry-4795'><div class='entry-content-wrapper clearfix'>\n<div  class='flex_column av-1cgxybz-c6ca1f44af00f72234382dfc07337594 av_three_fourth  avia-builder-el-8  el_before_av_one_fourth  avia-builder-el-first  first flex_column_div  '     ><section  class='av_textblock_section av-196jwov-c3941994e241d28a0254d9cf2c050e4a '   itemscope=\"itemscope\" itemtype=\"https:\/\/schema.org\/CreativeWork\" ><div class='avia_textblock acans-lead acans-lead-wide'  itemprop=\"text\" ><p class=\"p1\">ACANS EURO GROUP stellt Verm\u00f6gensberatern und institutionellen Partnern eine Infrastruktur zur Verf\u00fcgung, die darauf ausgelegt ist, Entwicklung, operative hohe Standards und die Beherrschung des regulatorischen Rahmens miteinander zu vereinbaren.<\/p>\n<p class=\"p1\">Unsere Positionierung beruht auf einer einfachen \u00dcberzeugung: Ein Angebot hat nur dann nachhaltigen Wert, wenn es vertrieben, dokumentiert, nachverfolgt und langfristig verantwortet werden kann.<\/p>\n<p class=\"p1\">In dieser Logik hat die Gruppe zwei unterschiedliche und sich erg\u00e4nzende Angebote strukturiert, die jeweils auf das Profil, die Erwartungen und die hohen Standards ihrer Adressaten zugeschnitten sind.<\/p>\n<\/div><\/section><\/div>\n<style type=\"text\/css\" data-created_by=\"avia_inline_auto\" id=\"style-css-av-1uofgv-b24ec66f948a6d190c3ffe04e213b3f0\">\n.flex_column.av-1uofgv-b24ec66f948a6d190c3ffe04e213b3f0{\npadding:0px 0px 0px 0px;\n}\n<\/style>\n<div  class='flex_column av-1uofgv-b24ec66f948a6d190c3ffe04e213b3f0 av_one_fourth  avia-builder-el-10  el_after_av_three_fourth  avia-builder-el-last  flex_column_div av-zero-column-padding  '     ><p>\n<style type=\"text\/css\" data-created_by=\"avia_inline_auto\" id=\"style-css-av-1hsqqv3-5afa3767aafb1757629df02059e1a991\">\n.avia-image-container.av-1hsqqv3-5afa3767aafb1757629df02059e1a991 img.avia_image{\nbox-shadow:none;\n}\n.avia-image-container.av-1hsqqv3-5afa3767aafb1757629df02059e1a991 .av-image-caption-overlay-center{\ncolor:#ffffff;\n}\n<\/style>\n<div  class='avia-image-container av-1hsqqv3-5afa3767aafb1757629df02059e1a991 av-styling- avia-align-center  avia-builder-el-11  el_before_av_textblock  avia-builder-el-first '   itemprop=\"image\" itemscope=\"itemscope\" itemtype=\"https:\/\/schema.org\/ImageObject\" ><div class=\"avia-image-container-inner\"><div class=\"avia-image-overlay-wrap\"><img decoding=\"async\" fetchpriority=\"high\" class='wp-image-4798 avia-img-lazy-loading-not-4798 avia_image ' src=\"https:\/\/acans.com\/wp-content\/uploads\/2026\/03\/ACANS-Group-Portraits_8-2_NB-495x400.jpg\" alt='' title='ACANS Group - Mickael ROLLAND'  height=\"400\" width=\"495\"  itemprop=\"thumbnailUrl\" srcset=\"https:\/\/acans.com\/wp-content\/uploads\/2026\/03\/ACANS-Group-Portraits_8-2_NB-495x400.jpg 495w, https:\/\/acans.com\/wp-content\/uploads\/2026\/03\/ACANS-Group-Portraits_8-2_NB-845x684.jpg 845w\" sizes=\"(max-width: 495px) 100vw, 495px\" \/><\/div><\/div><\/div><br \/>\n\n<style type=\"text\/css\" data-created_by=\"avia_inline_auto\" id=\"style-css-av-1goyznj-67d5d52fe35d8f72dcae16bc3b850d2e\">\n.av_textblock_section.av-1goyznj-67d5d52fe35d8f72dcae16bc3b850d2e{\nbackground-color:rgba(255,255,255,0.5);\n}\n#top .av_textblock_section.av-1goyznj-67d5d52fe35d8f72dcae16bc3b850d2e .avia_textblock{\npadding:0PX 0PX 0PX 0PX;\n}\n<\/style>\n<section  class='av_textblock_section av-1goyznj-67d5d52fe35d8f72dcae16bc3b850d2e '   itemscope=\"itemscope\" itemtype=\"https:\/\/schema.org\/CreativeWork\" ><div class='avia_textblock'  itemprop=\"text\" ><blockquote>\n<p>Micka\u00ebl ROLLAND<br \/>\nACANS FRANCE, <em>Pr\u00e4sident<\/em><\/p>\n<\/blockquote>\n<\/div><\/section><\/p><\/div>\n\n<\/div><\/div><\/div><!-- close content main div --><\/div><\/div><div id='av_section_3'  class='avia-section av-2mv38v-b17359b7e583423b3b79b3fd025fcb28 main_color avia-section-no-padding avia-no-border-styling  avia-builder-el-13  el_after_av_section  el_before_av_section  avia-bg-style-scroll container_wrap sidebar_right'  ><div class='container av-section-cont-open' ><div class='template-page content  av-content-small alpha units'><div class='post-entry post-entry-type-page post-entry-4795'><div class='entry-content-wrapper clearfix'>\n\n<style type=\"text\/css\" data-created_by=\"avia_inline_auto\" id=\"style-css-av-mnngmmjh-4eea6cdc2889c4fbd2fbf7ee0e2bf9a0\">\n#top .av-special-heading.av-mnngmmjh-4eea6cdc2889c4fbd2fbf7ee0e2bf9a0{\npadding-bottom:10px;\n}\nbody .av-special-heading.av-mnngmmjh-4eea6cdc2889c4fbd2fbf7ee0e2bf9a0 .av-special-heading-tag .heading-char{\nfont-size:25px;\n}\n.av-special-heading.av-mnngmmjh-4eea6cdc2889c4fbd2fbf7ee0e2bf9a0 .av-subheading{\nfont-size:15px;\n}\n<\/style>\n<div  class='av-special-heading av-mnngmmjh-4eea6cdc2889c4fbd2fbf7ee0e2bf9a0 av-special-heading-h2 blockquote modern-quote  avia-builder-el-14  el_before_av_one_half  avia-builder-el-first '><h2 class='av-special-heading-tag '  itemprop=\"headline\"  >Zwei Angebote, zwei Einstiegspunkte<\/h2><div class=\"special-heading-border\"><div class=\"special-heading-inner-border\"><\/div><\/div><\/div>\n<div  class='flex_column av-17jpuov-3fab77c9ff16df48078c3607c2f82c0a av_one_half  avia-builder-el-15  el_after_av_heading  el_before_av_one_half  acans-panel-line first flex_column_div  '     ><section  class='av_textblock_section av-14a08of-ecdf649d3e5bda1d32742cdb34692624 '   itemscope=\"itemscope\" itemtype=\"https:\/\/schema.org\/CreativeWork\" ><div class='avia_textblock'  itemprop=\"text\" ><p><code><\/code><\/p>\n<p><code><\/code><\/p>\n<h3>F\u00fcr Beratungsprofis<\/h3>\n<p><code><\/code><\/p>\n<div class=\"aeg-pillar-subtitle\">\n<blockquote>\n<p>Eine vollst\u00e4ndige Infrastruktur zur Strukturierung der Gesch\u00e4ftst\u00e4tigkeit, St\u00e4rkung der Compliance und zum Zugang zu den L\u00f6sungen der Gruppe.<\/p>\n<\/blockquote>\n<\/div>\n<p><code><\/code><\/p>\n<div class=\"aeg-pillar-line\"><\/div>\n<p><code><\/code><\/p>\n<p>Verm\u00f6gensberater, Anlageberater, Makler: Wir stellen Ihnen einen robusteren Arbeitsrahmen, qualifizierte Zug\u00e4nge und eine strukturierende Begleitung zur Verf\u00fcgung, um Ihre Entwicklung zu unterst\u00fctzen, ohne Ihre Organisation unn\u00f6tig zu belasten.<\/p>\n<p><code><\/code><\/p>\n<p><a href=\"https:\/\/acans.com\/offres\/professionnels-du-conseil\/\">Angebot f\u00fcr Beratungsprofis entdecken<\/a><\/p>\n<p><code><br \/>\n<\/code><\/p>\n<p><code><\/code><\/p>\n<\/div><\/section><\/div><div  class='flex_column av-13hjxof-b37dcb54bb56ebd34b079536249197e2 av_one_half  avia-builder-el-17  el_after_av_one_half  avia-builder-el-last  acans-panel-line flex_column_div  '     ><section  class='av_textblock_section av-z5sxtr-66d552de0666588a183e6614d16b1c90 '   itemscope=\"itemscope\" itemtype=\"https:\/\/schema.org\/CreativeWork\" ><div class='avia_textblock'  itemprop=\"text\" ><p><code><\/code><\/p>\n<p><code><\/code><\/p>\n<h3>F\u00fcr institutionelle Partner<\/h3>\n<p><code><\/code><\/p>\n<div class=\"aeg-pillar-subtitle\">\n<blockquote>\n<p>Eine strukturierte Schnittstelle zu einem Netzwerk ausgew\u00e4hlter und begleiteter Fachleute.<\/p>\n<\/blockquote>\n<\/div>\n<p><code><\/code><\/p>\n<div class=\"aeg-pillar-line\"><\/div>\n<p><code><\/code><\/p>\n<p>Projektentwickler, Investoren, Betreiber, Versicherer: Wir er\u00f6ffnen Ihnen einen qualifizierten Zugang zu einem strukturierten Vertriebs\u00f6kosystem in einem dokumentierten, transparenten Rahmen, der mit Ihren Rollout-Anforderungen kompatibel ist.<\/p>\n<p><code><\/code><\/p>\n<p><a href=\"https:\/\/acans.com\/offres\/partenaires-institutionnels\/\">Angebot f\u00fcr institutionelle Partner entdecken<\/a><\/p>\n<p><code><br \/>\n<\/code><\/p>\n<p><code><\/code><\/p>\n<\/div><\/section><\/div>\n\n<\/div><\/div><\/div><!-- close content main div --><\/div><\/div>\n<style type=\"text\/css\" data-created_by=\"avia_inline_auto\" id=\"style-css-av-ejirdb-da5ac7470aff3dd673b26d7815f12e19\">\n.avia-section.av-ejirdb-da5ac7470aff3dd673b26d7815f12e19{\nbackground-repeat:no-repeat;\nbackground-image:url(https:\/\/acans.com\/wp-content\/uploads\/2026\/04\/BG-FINAL-OFFRES.png);\nbackground-position:100% 100%;\nbackground-attachment:fixed;\n}\n<\/style>\n<div id='av_section_4'  class='avia-section av-ejirdb-da5ac7470aff3dd673b26d7815f12e19 main_color avia-section-no-padding avia-no-border-styling  avia-builder-el-19  el_after_av_section  avia-builder-el-last  avia-full-stretch avia-bg-style-fixed container_wrap sidebar_right'  data-section-bg-repeat='stretch'><div class='container av-section-cont-open' ><div class='template-page content  av-content-small alpha units'><div class='post-entry post-entry-type-page post-entry-4795'><div class='entry-content-wrapper clearfix'>\n\n<style type=\"text\/css\" data-created_by=\"avia_inline_auto\" id=\"style-css-av-alsb3j-0c1b21ab76fc3006b45f88518be25a66\">\n#top .av-special-heading.av-alsb3j-0c1b21ab76fc3006b45f88518be25a66{\nmargin:20px 0 0 0;\npadding-bottom:10px;\n}\nbody .av-special-heading.av-alsb3j-0c1b21ab76fc3006b45f88518be25a66 .av-special-heading-tag .heading-char{\nfont-size:25px;\n}\n.av-special-heading.av-alsb3j-0c1b21ab76fc3006b45f88518be25a66 .av-subheading{\nfont-size:15px;\n}\n<\/style>\n<div  class='av-special-heading av-alsb3j-0c1b21ab76fc3006b45f88518be25a66 av-special-heading-h2 blockquote modern-quote  avia-builder-el-20  el_before_av_textblock  avia-builder-el-first '><h2 class='av-special-heading-tag '  itemprop=\"headline\"  >Dieselben hohen Standards, unabh\u00e4ngig vom Einstiegspunkt<\/h2><div class=\"special-heading-border\"><div class=\"special-heading-inner-border\"><\/div><\/div><\/div>\n<section  class='av_textblock_section av-8u3kin-aeb9232e8837129ed39da6dbac12c603 '   itemscope=\"itemscope\" itemtype=\"https:\/\/schema.org\/CreativeWork\" ><div class='avia_textblock acans-lead'  itemprop=\"text\" ><p class=\"p1\">Ob es darum geht, einen Beratungsprofi bei der Strukturierung seiner T\u00e4tigkeit zu begleiten oder einem institutionellen Partner einen qualifizierten Zugang zu unserem \u00d6kosystem zu er\u00f6ffnen \u2013 ACANS EURO GROUP agiert mit denselben hohen Standards: Auswahl, Nachvollziehbarkeit, Compliance und Ausf\u00fchrungsqualit\u00e4t.<\/p>\n<\/div><\/section>\n<div  class='avia-buttonrow-wrap av-7k2rgf-89fc42e829abd9969c34d729675c5f66 avia-buttonrow-left  avia-builder-el-22  el_after_av_textblock  el_before_av_hr '>\n\n<style type=\"text\/css\" data-created_by=\"avia_inline_auto\" id=\"style-css-av-5rwg5r-ecc27a2aca7f8121fdde3b0ac4eafd71\">\n#top #wrap_all .avia-button.av-5rwg5r-ecc27a2aca7f8121fdde3b0ac4eafd71{\nmargin-bottom:5px;\nmargin-right:5px;\n}\n<\/style>\n<a href='https:\/\/acans.com\/de\/kontakt\/'  class='avia-button av-5rwg5r-ecc27a2aca7f8121fdde3b0ac4eafd71 avia-icon_select-no avia-size-small avia-color-theme-color'   aria-label=\"Partner werden\"><span class='avia_iconbox_title' >Partner werden<\/span><\/a>\n\n<style type=\"text\/css\" data-created_by=\"avia_inline_auto\" id=\"style-css-av-40sxgv-1f1b6fc6cc0096c75e2ee6a938772fe0\">\n#top #wrap_all .avia-button.av-40sxgv-1f1b6fc6cc0096c75e2ee6a938772fe0{\nmargin-bottom:5px;\nmargin-right:5px;\n}\n<\/style>\n<a href='https:\/\/acans.com\/filiales\/'  class='avia-button av-40sxgv-1f1b6fc6cc0096c75e2ee6a938772fe0 avia-icon_select-no avia-size-small avia-color-theme-color'   aria-label=\"Weitere Tochtergesellschaften\"><span class='avia_iconbox_title' >Weitere Tochtergesellschaften<\/span><\/a>\n<\/div>\n\n<style type=\"text\/css\" data-created_by=\"avia_inline_auto\" id=\"style-css-av-32xkv3-90c3a9b76165e2910fea450cf5809842\">\n#top .hr.hr-invisible.av-32xkv3-90c3a9b76165e2910fea450cf5809842{\nheight:50px;\n}\n<\/style>\n<div  class='hr av-32xkv3-90c3a9b76165e2910fea450cf5809842 hr-invisible  avia-builder-el-23  el_after_av_buttonrow  avia-builder-el-last '><span class='hr-inner '><span class=\"hr-inner-style\"><\/span><\/span><\/div>\n<\/div><\/div><\/div><!-- close content main div --><\/div><\/div><div id='after_section_4'  class='main_color av_default_container_wrap container_wrap sidebar_right'  ><div class='container av-section-cont-open' ><div class='template-page content  av-content-small alpha units'><div class='post-entry post-entry-type-page post-entry-4795'><div class='entry-content-wrapper clearfix'>\n","protected":false},"excerpt":{"rendered":"","protected":false},"author":1,"featured_media":0,"parent":0,"menu_order":0,"comment_status":"closed","ping_status":"closed","template":"","meta":{"footnotes":""},"class_list":["post-4795","page","type-page","status-publish","hentry"],"_links":{"self":[{"href":"https:\/\/acans.com\/de\/wp-json\/wp\/v2\/pages\/4795","targetHints":{"allow":["GET"]}}],"collection":[{"href":"https:\/\/acans.com\/de\/wp-json\/wp\/v2\/pages"}],"about":[{"href":"https:\/\/acans.com\/de\/wp-json\/wp\/v2\/types\/page"}],"author":[{"embeddable":true,"href":"https:\/\/acans.com\/de\/wp-json\/wp\/v2\/users\/1"}],"replies":[{"embeddable":true,"href":"https:\/\/acans.com\/de\/wp-json\/wp\/v2\/comments?post=4795"}],"version-history":[{"count":0,"href":"https:\/\/acans.com\/de\/wp-json\/wp\/v2\/pages\/4795\/revisions"}],"wp:attachment":[{"href":"https:\/\/acans.com\/de\/wp-json\/wp\/v2\/media?parent=4795"}],"curies":[{"name":"wp","href":"https:\/\/api.w.org\/{rel}","templated":true}]}}